{"id":40943,"date":"2026-04-29T16:06:39","date_gmt":"2026-04-29T16:06:39","guid":{"rendered":"https:\/\/ranchosantana.com\/?page_id=40943"},"modified":"2026-05-05T08:56:56","modified_gmt":"2026-05-05T08:56:56","slug":"disfruta-de-mas-hasta-us1000-de-credito","status":"publish","type":"page","link":"https:\/\/ranchosantana.com\/es\/disfruta-de-mas-hasta-us1000-de-credito\/","title":{"rendered":"Disfruta de M\u00e1s: hasta US$1000 de cr\u00e9dito"},"content":{"rendered":"\n<div class=\"wp-block-media-text is-stacked-on-mobile is-vertically-aligned-center\" style=\"grid-template-columns:41% auto\"><figure class=\"wp-block-media-text__media\"><img decoding=\"async\" width=\"626\" height=\"1024\" src=\"https:\/\/ranchosantana.com\/wp-content\/uploads\/2026\/05\/DSC09824-scaled-e1777970651663-626x1024.jpg\" alt=\"\" class=\"wp-image-40951 size-full\" srcset=\"https:\/\/ranchosantana.com\/wp-content\/uploads\/2026\/05\/DSC09824-scaled-e1777970651663-626x1024.jpg 626w, https:\/\/ranchosantana.com\/wp-content\/uploads\/2026\/05\/DSC09824-scaled-e1777970651663-183x300.jpg 183w, https:\/\/ranchosantana.com\/wp-content\/uploads\/2026\/05\/DSC09824-scaled-e1777970651663-768x1256.jpg 768w, https:\/\/ranchosantana.com\/wp-content\/uploads\/2026\/05\/DSC09824-scaled-e1777970651663-939x1536.jpg 939w, https:\/\/ranchosantana.com\/wp-content\/uploads\/2026\/05\/DSC09824-scaled-e1777970651663-150x245.jpg 150w, https:\/\/ranchosantana.com\/wp-content\/uploads\/2026\/05\/DSC09824-scaled-e1777970651663.jpg 1044w\" sizes=\"(max-width: 626px) 100vw, 626px\" \/><\/figure><div class=\"wp-block-media-text__content\">\n<h2 class=\"wp-block-heading\" id=\"h-quedate-mas-tiempo-5-\u00aa-noche-gratis\">Qu\u00e9date M\u00e1s Tiempo: 5.\u00aa Noche Gratis<\/h2>\n\n\n\n<p id=\"h-quedate-mas-tiempo-5-\u00aa-noche-gratisexperience-the-wonders-of-the-emerald-coast-with-an-extra-night-on-us-unwind-explore-and-make-the-most-of-your-stay-at-the-ranch\">Experimenta las maravillas de la Costa Esmeralda con una noche adicional por nuestra cuenta. Rel\u00e1jate, explora y aprovecha al m\u00e1ximo tu estad\u00eda en El Ranch.<br>&#8211; 5.\u00aa noche gratis por cada 4 noches consecutivas pagadas en todas las acomodaciones<br>&#8211; Desayuno diario incluido<br>&#8211; Un traslado ida y vuelta desde el Aeropuerto de Managua o Liberia<br>&#8211; El pago total debe realizarse al momento de la reserva<br>&#8211; Las modificaciones o cancelaciones realizadas 14 d\u00edas o m\u00e1s antes de la llegada no tendr\u00e1n penalizaci\u00f3n, pero s\u00ed un cargo de $25 por gastos administrativos. Esto aplica tanto para modificaciones parciales como para cancelaciones totales<br><em>&#8211; En caso de no presentarse, se perder\u00e1 el 100% del importe de la reserva<br><\/em>&#8211; <em>Fechas de viaje: del 1 de junio al 31 de octubre de 2026<\/em><br>&#8211; <em>Per\u00edodo de reserva: del 1 de junio al 25 de octubre de 2026<\/em><br>&#8211; <em>No se puede combinar con otras ofertas especiales o promociones. No aplica para reservas de grupos.<\/em><\/p>\n\n\n\n<div class=\"wp-block-buttons is-layout-flex wp-block-buttons-is-layout-flex\">\n<div class=\"wp-block-button\"><a class=\"wp-block-button__link wp-element-button\" href=\"https:\/\/be.synxis.com\/?Hotel=30943&amp;Chain=10237&amp;Dest=1NI&amp;locale=en-US&amp;arrive=2026-10-16&amp;depart=2026-10-21&amp;adult=2&amp;child=0&amp;promo=Stay5\">Reservar<\/a><\/div>\n<\/div>\n<\/div><\/div>\n\n\n\n<div class=\"wp-block-media-text has-media-on-the-right is-vertically-aligned-center\" style=\"grid-template-columns:auto 35%\"><div class=\"wp-block-media-text__content\">\n<p><\/p>\n<\/div><figure class=\"wp-block-media-text__media\"><img decoding=\"async\" width=\"585\" height=\"316\" src=\"https:\/\/ranchosantana.com\/wp-content\/uploads\/2022\/10\/block-illustration-1.svg\" alt=\"Block illustration with abstract shapes and lines.\" class=\"wp-image-156 size-full\"\/><\/figure><\/div>\n\n\n\n\n\n<section id=\"block_a9a212c3788085fc9060250233a33f84\" class=\"no-slider\"> \n    \n    <div class=\"holder-wide\">\n        \n        \n\t\t\t<hgroup class=\"no-slider-intro\">\n\t\t\t\t<h2>M\u00e1s Ofertas<\/h2>\n\t\t\t<\/hgroup>\n\n\t\t\t<div class=\"post-grid post-grid-vertical mobile-slider\">\n\t\t\t\t\t\t\t\t\t\t\t\t\t\t <article>\n                        <div>\n                            <a href=\"https:\/\/ranchosantana.com\/exclusive-offers\/seasonal-offers\/\">\n                                <hgroup>\n                                    <h3>Ofertas de Temporada<\/h3>\n                                    <span class=\"more\">\n                                        <p><p>Vive Rancho Santana a trav\u00e9s de momentos en constante cambio, inspirados en la naturaleza, la cultura y el ritmo de las estaciones.<\/p>\n<\/p>\n                                        <p><u>Explorar<\/u><\/p>\n                                    <\/span>\n                                <\/hgroup>\n                                <figure>\n                                    <span class=\"img-holder\" style=\"background-image: url(https:\/\/ranchosantana.com\/wp-content\/uploads\/2024\/10\/DSC03432-1024x683.jpg)\" ><\/span>\n                                <\/figure>\n                            <\/a>\n                        <\/div>\n                    <\/article>\n\t\t\t\t\t\t\t\t\t\t <article>\n                        <div>\n                            <a href=\"https:\/\/ranchosantana.com\/exclusive-offers\/group-experiences\/\">\n                                <hgroup>\n                                    <h3>Experiencias para Grupos\u00a0<\/h3>\n                                    <span class=\"more\">\n                                        <p><p><span class=\"TextRun SCXW55110068 BCX0\" lang=\"ES-ES\" xml:lang=\"ES-ES\" data-contrast=\"auto\"><span class=\"NormalTextRun SCXW55110068 BCX0\">Re\u00fananse, celebren y conecten a trav\u00e9s de experiencias personalizadas, dise\u00f1adas para unir a las personas en un entorno verdaderamente significativo.<\/span><\/span><span class=\"EOP Selected SCXW55110068 BCX0\" data-ccp-props=\"{&quot;134233117&quot;:false,&quot;134233118&quot;:false,&quot;335551550&quot;:6,&quot;335551620&quot;:6,&quot;335559738&quot;:240,&quot;335559739&quot;:240}\">\u00a0<\/span><\/p>\n<\/p>\n                                        <p><u>Explorar<\/u><\/p>\n                                    <\/span>\n                                <\/hgroup>\n                                <figure>\n                                    <span class=\"img-holder\" style=\"background-image: url(https:\/\/ranchosantana.com\/wp-content\/uploads\/2026\/04\/NicaDay2-8362.jpg)\" ><\/span>\n                                <\/figure>\n                            <\/a>\n                        <\/div>\n                    <\/article>\n\t\t\t\t\t\t\t\t\t\t <article>\n                        <div>\n                            <a href=\"https:\/\/ranchosantana.com\/exclusive-offers\/vacation-packages\/\">\n                                <hgroup>\n                                    <h3>Paquetes Vacacionales<\/h3>\n                                    <span class=\"more\">\n                                        <p><p>Sum\u00e9rgete en experiencias cuidadosamente dise\u00f1adas para enriquecer tu estad\u00eda y profundizar tu conexi\u00f3n con Rancho Santana.<\/p>\n<\/p>\n                                        <p><u>Explorar<\/u><\/p>\n                                    <\/span>\n                                <\/hgroup>\n                                <figure>\n                                    <span class=\"img-holder\" style=\"background-image: url(https:\/\/ranchosantana.com\/wp-content\/uploads\/2026\/04\/7P8A8382copy-1024x683.jpg)\" ><\/span>\n                                <\/figure>\n                            <\/a>\n                        <\/div>\n                    <\/article>\n\t\t\t\t\t\t\t\t\t\t\t\t<\/div>\n            <div class=\"slider-counter\"><\/div>\n\n\t\t\n\t\t\n    <\/div>\n<\/section>","protected":false},"excerpt":{"rendered":"","protected":false},"author":4,"featured_media":0,"parent":0,"menu_order":0,"comment_status":"closed","ping_status":"closed","template":"","meta":{"_acf_changed":false,"inline_featured_image":false,"footnotes":""},"class_list":["post-40943","page","type-page","status-publish","hentry"],"acf":[],"yoast_head":"<!-- This site is optimized with the Yoast SEO Premium plugin v26.4 (Yoast SEO v26.4) - https:\/\/yoast.com\/wordpress\/plugins\/seo\/ -->\n<title>Disfruta de M\u00e1s: hasta US$1000 de cr\u00e9dito | Rancho Santana<\/title>\n<meta name=\"description\" content=\"Experimenta las maravillas de la Costa Esmeralda con una noche adicional por nuestra cuenta. Reservar ahora.\" \/>\n<meta name=\"robots\" content=\"index, follow, max-snippet:-1, max-image-preview:large, max-video-preview:-1\" \/>\n<link rel=\"canonical\" href=\"https:\/\/ranchosantana.com\/es\/disfruta-de-mas-hasta-us1000-de-credito\/\" \/>\n<meta property=\"og:locale\" content=\"es_ES\" \/>\n<meta property=\"og:type\" content=\"article\" \/>\n<meta property=\"og:title\" content=\"Disfruta de M\u00e1s: hasta US$1000 de cr\u00e9dito\" \/>\n<meta property=\"og:description\" content=\"Experimenta las maravillas de la Costa Esmeralda con una noche adicional por nuestra cuenta. Reservar ahora.\" \/>\n<meta property=\"og:url\" content=\"https:\/\/ranchosantana.com\/es\/disfruta-de-mas-hasta-us1000-de-credito\/\" \/>\n<meta property=\"og:site_name\" content=\"Rancho Santana\" \/>\n<meta property=\"article:publisher\" content=\"https:\/\/www.facebook.com\/RanchoSantana\/\" \/>\n<meta property=\"article:modified_time\" content=\"2026-05-05T08:56:56+00:00\" \/>\n<meta property=\"og:image\" content=\"https:\/\/ranchosantana.com\/wp-content\/uploads\/2026\/05\/DSC09824-scaled-e1777970651663.jpg\" \/>\n\t<meta property=\"og:image:width\" content=\"1044\" \/>\n\t<meta property=\"og:image:height\" content=\"1707\" \/>\n\t<meta property=\"og:image:type\" content=\"image\/jpeg\" \/>\n<meta name=\"twitter:card\" content=\"summary_large_image\" \/>\n<meta name=\"twitter:label1\" content=\"Tiempo de lectura\" \/>\n\t<meta name=\"twitter:data1\" content=\"2 minutos\" \/>\n<script type=\"application\/ld+json\" class=\"yoast-schema-graph\">{\"@context\":\"https:\/\/schema.org\",\"@graph\":[{\"@type\":\"WebPage\",\"@id\":\"https:\/\/ranchosantana.com\/es\/disfruta-de-mas-hasta-us1000-de-credito\/\",\"url\":\"https:\/\/ranchosantana.com\/es\/disfruta-de-mas-hasta-us1000-de-credito\/\",\"name\":\"Disfruta de M\u00e1s: hasta US$1000 de cr\u00e9dito | Rancho Santana\",\"isPartOf\":{\"@id\":\"https:\/\/ranchosantana.com\/es\/#website\"},\"primaryImageOfPage\":{\"@id\":\"https:\/\/ranchosantana.com\/es\/disfruta-de-mas-hasta-us1000-de-credito\/#primaryimage\"},\"image\":{\"@id\":\"https:\/\/ranchosantana.com\/es\/disfruta-de-mas-hasta-us1000-de-credito\/#primaryimage\"},\"thumbnailUrl\":\"https:\/\/ranchosantana.com\/wp-content\/uploads\/2026\/05\/DSC09824-scaled-e1777970651663-626x1024.jpg\",\"datePublished\":\"2026-04-29T16:06:39+00:00\",\"dateModified\":\"2026-05-05T08:56:56+00:00\",\"description\":\"Experimenta las maravillas de la Costa Esmeralda con una noche adicional por nuestra cuenta. Reservar ahora.\",\"breadcrumb\":{\"@id\":\"https:\/\/ranchosantana.com\/es\/disfruta-de-mas-hasta-us1000-de-credito\/#breadcrumb\"},\"inLanguage\":\"es\",\"potentialAction\":[{\"@type\":\"ReadAction\",\"target\":[\"https:\/\/ranchosantana.com\/es\/disfruta-de-mas-hasta-us1000-de-credito\/\"]}]},{\"@type\":\"ImageObject\",\"inLanguage\":\"es\",\"@id\":\"https:\/\/ranchosantana.com\/es\/disfruta-de-mas-hasta-us1000-de-credito\/#primaryimage\",\"url\":\"https:\/\/ranchosantana.com\/wp-content\/uploads\/2026\/05\/DSC09824-scaled-e1777970651663-626x1024.jpg\",\"contentUrl\":\"https:\/\/ranchosantana.com\/wp-content\/uploads\/2026\/05\/DSC09824-scaled-e1777970651663-626x1024.jpg\"},{\"@type\":\"BreadcrumbList\",\"@id\":\"https:\/\/ranchosantana.com\/es\/disfruta-de-mas-hasta-us1000-de-credito\/#breadcrumb\",\"itemListElement\":[{\"@type\":\"ListItem\",\"position\":1,\"name\":\"Home\",\"item\":\"https:\/\/ranchosantana.com\/es\/\"},{\"@type\":\"ListItem\",\"position\":2,\"name\":\"Disfruta de M\u00e1s: hasta US$1000 de cr\u00e9dito\"}]},{\"@type\":\"WebSite\",\"@id\":\"https:\/\/ranchosantana.com\/es\/#website\",\"url\":\"https:\/\/ranchosantana.com\/es\/\",\"name\":\"Rancho Santana\",\"description\":\"A Sprawling Coastal Escape\",\"publisher\":{\"@id\":\"https:\/\/ranchosantana.com\/es\/#organization\"},\"potentialAction\":[{\"@type\":\"SearchAction\",\"target\":{\"@type\":\"EntryPoint\",\"urlTemplate\":\"https:\/\/ranchosantana.com\/es\/?s={search_term_string}\"},\"query-input\":{\"@type\":\"PropertyValueSpecification\",\"valueRequired\":true,\"valueName\":\"search_term_string\"}}],\"inLanguage\":\"es\"},{\"@type\":\"Organization\",\"@id\":\"https:\/\/ranchosantana.com\/es\/#organization\",\"name\":\"Rancho Santana\",\"url\":\"https:\/\/ranchosantana.com\/es\/\",\"logo\":{\"@type\":\"ImageObject\",\"inLanguage\":\"es\",\"@id\":\"https:\/\/ranchosantana.com\/es\/#\/schema\/logo\/image\/\",\"url\":\"https:\/\/ranchosantana.com\/wp-content\/uploads\/2023\/08\/logo-dark.png\",\"contentUrl\":\"https:\/\/ranchosantana.com\/wp-content\/uploads\/2023\/08\/logo-dark.png\",\"width\":111,\"height\":56,\"caption\":\"Rancho Santana\"},\"image\":{\"@id\":\"https:\/\/ranchosantana.com\/es\/#\/schema\/logo\/image\/\"},\"sameAs\":[\"https:\/\/www.facebook.com\/RanchoSantana\/\",\"https:\/\/www.instagram.com\/ranchosantana_nicaragua\/\"]}]}<\/script>\n<!-- \/ Yoast SEO Premium plugin. -->","yoast_head_json":{"title":"Disfruta de M\u00e1s: hasta US$1000 de cr\u00e9dito | Rancho Santana","description":"Experimenta las maravillas de la Costa Esmeralda con una noche adicional por nuestra cuenta. Reservar ahora.","robots":{"index":"index","follow":"follow","max-snippet":"max-snippet:-1","max-image-preview":"max-image-preview:large","max-video-preview":"max-video-preview:-1"},"canonical":"https:\/\/ranchosantana.com\/es\/disfruta-de-mas-hasta-us1000-de-credito\/","og_locale":"es_ES","og_type":"article","og_title":"Disfruta de M\u00e1s: hasta US$1000 de cr\u00e9dito","og_description":"Experimenta las maravillas de la Costa Esmeralda con una noche adicional por nuestra cuenta. Reservar ahora.","og_url":"https:\/\/ranchosantana.com\/es\/disfruta-de-mas-hasta-us1000-de-credito\/","og_site_name":"Rancho Santana","article_publisher":"https:\/\/www.facebook.com\/RanchoSantana\/","article_modified_time":"2026-05-05T08:56:56+00:00","og_image":[{"width":1044,"height":1707,"url":"https:\/\/ranchosantana.com\/wp-content\/uploads\/2026\/05\/DSC09824-scaled-e1777970651663.jpg","type":"image\/jpeg"}],"twitter_card":"summary_large_image","twitter_misc":{"Tiempo de lectura":"2 minutos"},"schema":{"@context":"https:\/\/schema.org","@graph":[{"@type":"WebPage","@id":"https:\/\/ranchosantana.com\/es\/disfruta-de-mas-hasta-us1000-de-credito\/","url":"https:\/\/ranchosantana.com\/es\/disfruta-de-mas-hasta-us1000-de-credito\/","name":"Disfruta de M\u00e1s: hasta US$1000 de cr\u00e9dito | Rancho Santana","isPartOf":{"@id":"https:\/\/ranchosantana.com\/es\/#website"},"primaryImageOfPage":{"@id":"https:\/\/ranchosantana.com\/es\/disfruta-de-mas-hasta-us1000-de-credito\/#primaryimage"},"image":{"@id":"https:\/\/ranchosantana.com\/es\/disfruta-de-mas-hasta-us1000-de-credito\/#primaryimage"},"thumbnailUrl":"https:\/\/ranchosantana.com\/wp-content\/uploads\/2026\/05\/DSC09824-scaled-e1777970651663-626x1024.jpg","datePublished":"2026-04-29T16:06:39+00:00","dateModified":"2026-05-05T08:56:56+00:00","description":"Experimenta las maravillas de la Costa Esmeralda con una noche adicional por nuestra cuenta. Reservar ahora.","breadcrumb":{"@id":"https:\/\/ranchosantana.com\/es\/disfruta-de-mas-hasta-us1000-de-credito\/#breadcrumb"},"inLanguage":"es","potentialAction":[{"@type":"ReadAction","target":["https:\/\/ranchosantana.com\/es\/disfruta-de-mas-hasta-us1000-de-credito\/"]}]},{"@type":"ImageObject","inLanguage":"es","@id":"https:\/\/ranchosantana.com\/es\/disfruta-de-mas-hasta-us1000-de-credito\/#primaryimage","url":"https:\/\/ranchosantana.com\/wp-content\/uploads\/2026\/05\/DSC09824-scaled-e1777970651663-626x1024.jpg","contentUrl":"https:\/\/ranchosantana.com\/wp-content\/uploads\/2026\/05\/DSC09824-scaled-e1777970651663-626x1024.jpg"},{"@type":"BreadcrumbList","@id":"https:\/\/ranchosantana.com\/es\/disfruta-de-mas-hasta-us1000-de-credito\/#breadcrumb","itemListElement":[{"@type":"ListItem","position":1,"name":"Home","item":"https:\/\/ranchosantana.com\/es\/"},{"@type":"ListItem","position":2,"name":"Disfruta de M\u00e1s: hasta US$1000 de cr\u00e9dito"}]},{"@type":"WebSite","@id":"https:\/\/ranchosantana.com\/es\/#website","url":"https:\/\/ranchosantana.com\/es\/","name":"Rancho Santana","description":"A Sprawling Coastal Escape","publisher":{"@id":"https:\/\/ranchosantana.com\/es\/#organization"},"potentialAction":[{"@type":"SearchAction","target":{"@type":"EntryPoint","urlTemplate":"https:\/\/ranchosantana.com\/es\/?s={search_term_string}"},"query-input":{"@type":"PropertyValueSpecification","valueRequired":true,"valueName":"search_term_string"}}],"inLanguage":"es"},{"@type":"Organization","@id":"https:\/\/ranchosantana.com\/es\/#organization","name":"Rancho Santana","url":"https:\/\/ranchosantana.com\/es\/","logo":{"@type":"ImageObject","inLanguage":"es","@id":"https:\/\/ranchosantana.com\/es\/#\/schema\/logo\/image\/","url":"https:\/\/ranchosantana.com\/wp-content\/uploads\/2023\/08\/logo-dark.png","contentUrl":"https:\/\/ranchosantana.com\/wp-content\/uploads\/2023\/08\/logo-dark.png","width":111,"height":56,"caption":"Rancho Santana"},"image":{"@id":"https:\/\/ranchosantana.com\/es\/#\/schema\/logo\/image\/"},"sameAs":["https:\/\/www.facebook.com\/RanchoSantana\/","https:\/\/www.instagram.com\/ranchosantana_nicaragua\/"]}]}},"_links":{"self":[{"href":"https:\/\/ranchosantana.com\/es\/wp-json\/wp\/v2\/pages\/40943","targetHints":{"allow":["GET"]}}],"collection":[{"href":"https:\/\/ranchosantana.com\/es\/wp-json\/wp\/v2\/pages"}],"about":[{"href":"https:\/\/ranchosantana.com\/es\/wp-json\/wp\/v2\/types\/page"}],"author":[{"embeddable":true,"href":"https:\/\/ranchosantana.com\/es\/wp-json\/wp\/v2\/users\/4"}],"replies":[{"embeddable":true,"href":"https:\/\/ranchosantana.com\/es\/wp-json\/wp\/v2\/comments?post=40943"}],"version-history":[{"count":4,"href":"https:\/\/ranchosantana.com\/es\/wp-json\/wp\/v2\/pages\/40943\/revisions"}],"predecessor-version":[{"id":40959,"href":"https:\/\/ranchosantana.com\/es\/wp-json\/wp\/v2\/pages\/40943\/revisions\/40959"}],"wp:attachment":[{"href":"https:\/\/ranchosantana.com\/es\/wp-json\/wp\/v2\/media?parent=40943"}],"curies":[{"name":"wp","href":"https:\/\/api.w.org\/{rel}","templated":true}]}}