{"id":3585,"date":"2022-12-09T17:17:32","date_gmt":"2022-12-09T17:17:32","guid":{"rendered":"https:\/\/dev.ranchosantana.com\/?page_id=3585"},"modified":"2025-09-30T09:35:09","modified_gmt":"2025-09-30T09:35:09","slug":"escuela-de-rancho-santana-in-situ","status":"publish","type":"page","link":"https:\/\/ranchosantana.com\/es\/bienes-raices\/escuela-de-rancho-santana-in-situ\/","title":{"rendered":"Escuela de Rancho Santana In Situ"},"content":{"rendered":"\n<section id=\"block_53c8bd3597f3d1c3ebdf076473a01e6f\" class=\"page-hero type-default \">\n    \n        \n    <div class=\"holder\">\n        <hgroup>\n            <h1>Escuela In Situ<\/h1>\n<p>Qu\u00e9dese a largo plazo en Rancho Santana y br\u00edndele a su hijo la mejor educaci\u00f3n en nuestra escuela en el lugar.<\/p>\n        <\/hgroup>\n        <ul class=\"hero-info\">\n                        <li><a href=\"tel:(310) 299-7550\"><span class=\"phone-label\">Tel\u00e9fono<\/span>(310) 299-7550<\/a><\/li>\n                    <\/ul>\n    <\/div>\n    \n        \n    <span class=\"media-overlay\"><\/span>\n        <div class=\"page-hero-background\">\n                <span style=\"background-image:url(https:\/\/ranchosantana.com\/wp-content\/uploads\/2023\/01\/thumbnail_image1-1.jpeg)\"><\/span>\n            <\/div>\n    \n        \n<\/section>\n\n\n<section id=\"block_3f35bfad7353c6ed287e775f6088faba\" class=\"content-editor-outer\">\n    \n    <div class=\"holder-wide\">\n        <article class=\"entry\">\n            <div class=\"acf-innerblocks-container\">\n\n<h2 class=\"wp-block-heading\">Descripci\u00f3n General<\/h2>\n\n\n\n<p>Qu\u00e9dese a largo plazo en Rancho Santana y br\u00edndele a su hijo la mejor educaci\u00f3n en nuestra escuela en el lugar, Escuela Santa Ana. Aprender\u00e1n junto a estudiantes de todo el mundo y explorar\u00e1n en un aula ubicada entre playas, bosques salvajes y una granja en funcionamiento.<\/p>\n\n\n<div class=\"wp-block-image\">\n<figure class=\"aligncenter size-large\"><img decoding=\"async\" width=\"1024\" height=\"720\" src=\"https:\/\/ranchosantana.com\/wp-content\/uploads\/2022\/12\/WIL_3632-1024x720.jpg\" alt=\"view of kids at the on-site school of rancho santana\" class=\"wp-image-3586\" srcset=\"https:\/\/ranchosantana.com\/wp-content\/uploads\/2022\/12\/WIL_3632-1024x720.jpg 1024w, https:\/\/ranchosantana.com\/wp-content\/uploads\/2022\/12\/WIL_3632-300x211.jpg 300w, https:\/\/ranchosantana.com\/wp-content\/uploads\/2022\/12\/WIL_3632-768x540.jpg 768w, https:\/\/ranchosantana.com\/wp-content\/uploads\/2022\/12\/WIL_3632-1536x1080.jpg 1536w, https:\/\/ranchosantana.com\/wp-content\/uploads\/2022\/12\/WIL_3632-2048x1440.jpg 2048w\" sizes=\"(max-width: 1024px) 100vw, 1024px\" \/><\/figure>\n<\/div>\n\n\n<h2 class=\"wp-block-heading\">Nuestras Misiones<\/h2>\n\n\n\n<p>Escuela Santa Ana es una escuela independiente, no sectaria y de d\u00eda comprometida con la excelencia acad\u00e9mica. Nuestra misi\u00f3n es educar a nuestros estudiantes para que sean ciudadanos globales solidarios, equilibrados, responsables y comprometidos que apliquen las habilidades que aprenden para ser pensadores cr\u00edticos innovadores con un amor por el aprendizaje de por vida. Adem\u00e1s de nuestros programas acad\u00e9micos, se le da un gran valor al aprendizaje ambiental, f\u00edsico y socioemocional. Nuestros programas fomentan la independencia, la creatividad, la acci\u00f3n, la reflexi\u00f3n y el liderazgo.<\/p>\n\n\n<div class=\"wp-block-image\">\n<figure class=\"aligncenter size-full\"><img decoding=\"async\" width=\"1000\" height=\"667\" src=\"https:\/\/ranchosantana.com\/wp-content\/uploads\/2022\/12\/7P8A3932copy-2.jpg\" alt=\"\" class=\"wp-image-3588\" srcset=\"https:\/\/ranchosantana.com\/wp-content\/uploads\/2022\/12\/7P8A3932copy-2.jpg 1000w, https:\/\/ranchosantana.com\/wp-content\/uploads\/2022\/12\/7P8A3932copy-2-300x200.jpg 300w, https:\/\/ranchosantana.com\/wp-content\/uploads\/2022\/12\/7P8A3932copy-2-768x512.jpg 768w\" sizes=\"(max-width: 1000px) 100vw, 1000px\" \/><\/figure>\n<\/div>\n\n\n<h2 class=\"wp-block-heading\">Nuestra Comunidad<\/h2>\n\n\n\n<p>Escuela Santa Ana es una peque\u00f1a escuela ubicada dentro de las puertas de Rancho Santana. Nuestra peque\u00f1a escuela se encuentra a solo unos pasos de algunas de las mejores olas de Am\u00e9rica Central, dentro de las puertas de uno de los mejores resorts de la zona. La comunidad es ideal para familias y las oportunidades para practicar surf y estar al aire libre son de lo mejor. Estamos rodeados por 2700 acres de bosque tropical seco, con m\u00e1s de 21 km de senderos y acceso a 5 playas privadas; es realmente un lugar muy especial para vivir y criar ni\u00f1os. Nuestra comunidad es realmente especial; brinda espacio para que los ni\u00f1os aprendan y crezcan en un entorno que fomenta el amor por la naturaleza, la actividad, la conexi\u00f3n y la protecci\u00f3n de las alegr\u00edas de la infancia.<\/p>\n\n\n<div class=\"wp-block-image\">\n<figure class=\"aligncenter size-full\"><img decoding=\"async\" width=\"1000\" height=\"667\" src=\"https:\/\/ranchosantana.com\/wp-content\/uploads\/2022\/12\/kids2_63-2.jpg\" alt=\"view of kids playing on the beach resort rancho santana\" class=\"wp-image-3590\" srcset=\"https:\/\/ranchosantana.com\/wp-content\/uploads\/2022\/12\/kids2_63-2.jpg 1000w, https:\/\/ranchosantana.com\/wp-content\/uploads\/2022\/12\/kids2_63-2-300x200.jpg 300w, https:\/\/ranchosantana.com\/wp-content\/uploads\/2022\/12\/kids2_63-2-768x512.jpg 768w\" sizes=\"(max-width: 1000px) 100vw, 1000px\" \/><\/figure>\n<\/div>\n\n\n<h2 class=\"wp-block-heading\">Nuestros Programas<\/h2>\n\n\n\n<p>La Escuela Santa Ana atiende a ni\u00f1os peque\u00f1os desde los 18 meses hasta el 12 grado. Operamos aulas de varios niveles tanto en la escuela primaria como en la secundaria. Mantenemos clases de tama\u00f1o reducido para una instrucci\u00f3n m\u00e1s individualizada y limitamos el espacio de inscripci\u00f3n para lograrlo. Utilizamos una variedad de planes de estudio impresos y en l\u00ednea dise\u00f1ados para niveles de grado espec\u00edficos y aulas de varias edades. Nuestro plan de estudios b\u00e1sico est\u00e1 acreditado por la Junta de Educaci\u00f3n de Pensilvania, lo que permite una transici\u00f3n segura entre los planes de estudio internacionales y lo que hacemos aqu\u00ed en la ESA.<\/p>\n\n\n<div class=\"wp-block-image\">\n<figure class=\"aligncenter size-full\"><img decoding=\"async\" width=\"960\" height=\"720\" src=\"https:\/\/ranchosantana.com\/wp-content\/uploads\/2023\/01\/thumbnail_image0.jpeg\" alt=\"view of the kids in escuela santa ana at rancho santana\" class=\"wp-image-6852\" srcset=\"https:\/\/ranchosantana.com\/wp-content\/uploads\/2023\/01\/thumbnail_image0.jpeg 960w, https:\/\/ranchosantana.com\/wp-content\/uploads\/2023\/01\/thumbnail_image0-300x225.jpeg 300w, https:\/\/ranchosantana.com\/wp-content\/uploads\/2023\/01\/thumbnail_image0-768x576.jpeg 768w\" sizes=\"(max-width: 960px) 100vw, 960px\" \/><\/figure>\n<\/div>\n\n\n<h2 class=\"wp-block-heading\">Idioma<\/h2>\n\n\n\n<p>Nuestra poblaci\u00f3n estudiantil es multiling\u00fce: ingl\u00e9s, espa\u00f1ol y franc\u00e9s. Nuestro idioma de ense\u00f1anza es el ingl\u00e9s y tambi\u00e9n ofrecemos instrucci\u00f3n formal e informal a diario en espa\u00f1ol. Valoramos el biling\u00fcismo en nuestro personal y estudiantes, as\u00ed como la participaci\u00f3n en las ricas oportunidades culturales que rodean el rancho.<\/p>\n\n\n<div class=\"wp-block-image\">\n<figure class=\"aligncenter size-large\"><img decoding=\"async\" width=\"1024\" height=\"683\" src=\"https:\/\/ranchosantana.com\/wp-content\/uploads\/2022\/11\/RS_016_Kids_Club_Playground_Cam_A_Nov_13_2015_CC_HERO-1024x683.jpg\" alt=\"Kids Club Playground\" class=\"wp-image-4374\" srcset=\"https:\/\/ranchosantana.com\/wp-content\/uploads\/2022\/11\/RS_016_Kids_Club_Playground_Cam_A_Nov_13_2015_CC_HERO-1024x683.jpg 1024w, https:\/\/ranchosantana.com\/wp-content\/uploads\/2022\/11\/RS_016_Kids_Club_Playground_Cam_A_Nov_13_2015_CC_HERO-300x200.jpg 300w, https:\/\/ranchosantana.com\/wp-content\/uploads\/2022\/11\/RS_016_Kids_Club_Playground_Cam_A_Nov_13_2015_CC_HERO-768x512.jpg 768w, https:\/\/ranchosantana.com\/wp-content\/uploads\/2022\/11\/RS_016_Kids_Club_Playground_Cam_A_Nov_13_2015_CC_HERO-1536x1024.jpg 1536w, https:\/\/ranchosantana.com\/wp-content\/uploads\/2022\/11\/RS_016_Kids_Club_Playground_Cam_A_Nov_13_2015_CC_HERO-2048x1365.jpg 2048w\" sizes=\"(max-width: 1024px) 100vw, 1024px\" \/><\/figure>\n<\/div>\n\n\n<h2 class=\"wp-block-heading\">Nuestro Personal Docente y Administrativo<\/h2>\n\n\n\n<p>Nuestro personal multinacional y altamente calificado comparte el amor por guiar a los ni\u00f1os, inculcarles el amor por el aprendizaje y cuidar el crecimiento integral del ni\u00f1o. Actualmente, empleamos a 4 maestros a tiempo completo, 1 asistente a tiempo completo y un administrador escolar. Contamos con una variedad de maestros de enriquecimiento que complementan nuestra oferta acad\u00e9mica con m\u00fasica, arte, danza, educaci\u00f3n f\u00edsica y espa\u00f1ol.<\/p>\n\n\n<div class=\"wp-block-image\">\n<figure class=\"aligncenter size-large\"><img decoding=\"async\" width=\"1024\" height=\"683\" src=\"https:\/\/ranchosantana.com\/wp-content\/uploads\/2022\/11\/RS_019_Kids_Club_Playground_Cam_B_Nov_13_2015_CC_HERO-1024x683.jpg\" alt=\"Kids Club Playground\" class=\"wp-image-4376\" srcset=\"https:\/\/ranchosantana.com\/wp-content\/uploads\/2022\/11\/RS_019_Kids_Club_Playground_Cam_B_Nov_13_2015_CC_HERO-1024x683.jpg 1024w, https:\/\/ranchosantana.com\/wp-content\/uploads\/2022\/11\/RS_019_Kids_Club_Playground_Cam_B_Nov_13_2015_CC_HERO-300x200.jpg 300w, https:\/\/ranchosantana.com\/wp-content\/uploads\/2022\/11\/RS_019_Kids_Club_Playground_Cam_B_Nov_13_2015_CC_HERO-768x512.jpg 768w, https:\/\/ranchosantana.com\/wp-content\/uploads\/2022\/11\/RS_019_Kids_Club_Playground_Cam_B_Nov_13_2015_CC_HERO-1536x1024.jpg 1536w, https:\/\/ranchosantana.com\/wp-content\/uploads\/2022\/11\/RS_019_Kids_Club_Playground_Cam_B_Nov_13_2015_CC_HERO-2048x1365.jpg 2048w\" sizes=\"(max-width: 1024px) 100vw, 1024px\" \/><\/figure>\n<\/div>\n\n\n<div class=\"wp-block-buttons is-content-justification-center is-layout-flex wp-container-core-buttons-is-layout-16018d1d wp-block-buttons-is-layout-flex\">\n<div class=\"wp-block-button\"><a class=\"wp-block-button__link wp-element-button\" href=\"mailto:larasarris.esa@gmail.com\">Contacte a nuestro director escolar para conocer m\u00e1s sobre Escuela Santa Ana<\/a><\/div>\n<\/div>\n\n<\/div>        <\/article>\n    <\/div>\n\n<\/section>\n\n\n\n<section id=\"block_f4a709b96c07319972fbe0e9db891c94\" class=\"featured-content-outer\">\n    \n    <div class=\"holder-wide\">\n        \n                <div class=\"title-holder with-actions responsive-button-below\">\n            <h2>Ver Propiedades<\/h2>\n                            <a class=\"btn ghost\" href=\"https:\/\/ranchosantana.com\/real-estate\/property-listings\/\" target=\"_self\">Property Listings<\/a>\n                    <\/div>\n                \n        \n                        <div class=\"responsive-post-grid-outer\">\n                <div class=\"post-grid post-grid-vertical\">\n                                    <article>\n                        <a href=\"https:\/\/ranchosantana.com\/es\/?post_type=property&#038;p=8222\">\n                            <hgroup>\n                                <small>\n                                                                            Casitas    \n                                     \/ Garden View Casita V-7                                <\/small>\n                                <h3>Price: $389,000<\/h3>\n                                <span class=\"more\">\n                                    <p><u>Explorar<\/u><\/p>\n                                <\/span>\n                            <\/hgroup>\n                            <figure>\n                                <span class=\"img-holder\" style=\"background-image: url(https:\/\/ranchosantana.com\/wp-content\/uploads\/2022\/10\/DSC02809-copia-scaled-1.jpg)\" ><\/span>\n                            <\/figure>\n                        <\/a>\n                    <\/article>\n                                    <article>\n                        <a href=\"https:\/\/ranchosantana.com\/es\/property\/lot-p-3\/\">\n                            <hgroup>\n                                <small>\n                                                                            Lot    \n                                     \/ Lot P-3                                <\/small>\n                                <h3>Price: $60,000<\/h3>\n                                <span class=\"more\">\n                                    <p><u>Explorar<\/u><\/p>\n                                <\/span>\n                            <\/hgroup>\n                            <figure>\n                                <span class=\"img-holder\" style=\"background-image: url(https:\/\/ranchosantana.com\/wp-content\/uploads\/2023\/01\/DSC3748-HDR-1024x678.jpg)\" ><\/span>\n                            <\/figure>\n                        <\/a>\n                    <\/article>\n                                    <article>\n                        <a href=\"https:\/\/ranchosantana.com\/es\/property\/lote-lp-55\/\">\n                            <hgroup>\n                                <small>\n                                                                            Lot    \n                                     \/ Lote LP-55                                <\/small>\n                                <h3>Price: $179,000<\/h3>\n                                <span class=\"more\">\n                                    <p><u>Explorar<\/u><\/p>\n                                <\/span>\n                            <\/hgroup>\n                            <figure>\n                                <span class=\"img-holder\" style=\"background-image: url(https:\/\/ranchosantana.com\/wp-content\/uploads\/2023\/01\/DSC_6587-1536x1024-1-1024x683.jpg)\" ><\/span>\n                            <\/figure>\n                        <\/a>\n                    <\/article>\n                                <\/div>\n            <\/div>\n                        \n                \n    <\/div>\n\n<\/section>\n","protected":false},"excerpt":{"rendered":"","protected":false},"author":4,"featured_media":3591,"parent":3229,"menu_order":40,"comment_status":"closed","ping_status":"closed","template":"","meta":{"_acf_changed":false,"inline_featured_image":false,"footnotes":""},"class_list":["post-3585","page","type-page","status-publish","has-post-thumbnail","hentry"],"acf":[],"yoast_head":"<!-- This site is optimized with the Yoast SEO Premium plugin v26.4 (Yoast SEO v26.4) - https:\/\/yoast.com\/wordpress\/plugins\/seo\/ -->\n<title>Escuela de Rancho Santana In Situ | Rancho Santana<\/title>\n<meta name=\"robots\" content=\"index, follow, max-snippet:-1, max-image-preview:large, max-video-preview:-1\" \/>\n<link rel=\"canonical\" href=\"https:\/\/ranchosantana.com\/es\/bienes-raices\/escuela-de-rancho-santana-in-situ\/\" \/>\n<meta property=\"og:locale\" content=\"es_ES\" \/>\n<meta property=\"og:type\" content=\"article\" \/>\n<meta property=\"og:title\" content=\"Escuela de Rancho Santana In Situ\" \/>\n<meta property=\"og:url\" content=\"https:\/\/ranchosantana.com\/es\/bienes-raices\/escuela-de-rancho-santana-in-situ\/\" \/>\n<meta property=\"og:site_name\" content=\"Rancho Santana\" \/>\n<meta property=\"article:publisher\" content=\"https:\/\/www.facebook.com\/RanchoSantana\/\" \/>\n<meta property=\"article:modified_time\" content=\"2025-09-30T09:35:09+00:00\" \/>\n<meta property=\"og:image\" content=\"https:\/\/ranchosantana.com\/wp-content\/uploads\/2022\/12\/kids2_63-2.jpg\" \/>\n\t<meta property=\"og:image:width\" content=\"1000\" \/>\n\t<meta property=\"og:image:height\" content=\"667\" \/>\n\t<meta property=\"og:image:type\" content=\"image\/jpeg\" \/>\n<meta name=\"twitter:card\" content=\"summary_large_image\" \/>\n<meta name=\"twitter:label1\" content=\"Tiempo de lectura\" \/>\n\t<meta name=\"twitter:data1\" content=\"4 minutos\" \/>\n<script type=\"application\/ld+json\" class=\"yoast-schema-graph\">{\"@context\":\"https:\/\/schema.org\",\"@graph\":[{\"@type\":\"WebPage\",\"@id\":\"https:\/\/ranchosantana.com\/es\/bienes-raices\/escuela-de-rancho-santana-in-situ\/\",\"url\":\"https:\/\/ranchosantana.com\/es\/bienes-raices\/escuela-de-rancho-santana-in-situ\/\",\"name\":\"Escuela de Rancho Santana In Situ | Rancho Santana\",\"isPartOf\":{\"@id\":\"https:\/\/ranchosantana.com\/es\/#website\"},\"primaryImageOfPage\":{\"@id\":\"https:\/\/ranchosantana.com\/es\/bienes-raices\/escuela-de-rancho-santana-in-situ\/#primaryimage\"},\"image\":{\"@id\":\"https:\/\/ranchosantana.com\/es\/bienes-raices\/escuela-de-rancho-santana-in-situ\/#primaryimage\"},\"thumbnailUrl\":\"https:\/\/ranchosantana.com\/wp-content\/uploads\/2022\/12\/kids2_63-2.jpg\",\"datePublished\":\"2022-12-09T17:17:32+00:00\",\"dateModified\":\"2025-09-30T09:35:09+00:00\",\"breadcrumb\":{\"@id\":\"https:\/\/ranchosantana.com\/es\/bienes-raices\/escuela-de-rancho-santana-in-situ\/#breadcrumb\"},\"inLanguage\":\"es\",\"potentialAction\":[{\"@type\":\"ReadAction\",\"target\":[\"https:\/\/ranchosantana.com\/es\/bienes-raices\/escuela-de-rancho-santana-in-situ\/\"]}]},{\"@type\":\"ImageObject\",\"inLanguage\":\"es\",\"@id\":\"https:\/\/ranchosantana.com\/es\/bienes-raices\/escuela-de-rancho-santana-in-situ\/#primaryimage\",\"url\":\"https:\/\/ranchosantana.com\/wp-content\/uploads\/2022\/12\/kids2_63-2.jpg\",\"contentUrl\":\"https:\/\/ranchosantana.com\/wp-content\/uploads\/2022\/12\/kids2_63-2.jpg\",\"width\":1000,\"height\":667,\"caption\":\"view of kids playing on the beach resort rancho santana\"},{\"@type\":\"BreadcrumbList\",\"@id\":\"https:\/\/ranchosantana.com\/es\/bienes-raices\/escuela-de-rancho-santana-in-situ\/#breadcrumb\",\"itemListElement\":[{\"@type\":\"ListItem\",\"position\":1,\"name\":\"Home\",\"item\":\"https:\/\/ranchosantana.com\/es\/\"},{\"@type\":\"ListItem\",\"position\":2,\"name\":\"Bienes Ra\u00edces\",\"item\":\"https:\/\/ranchosantana.com\/es\/bienes-raices\/\"},{\"@type\":\"ListItem\",\"position\":3,\"name\":\"Escuela de Rancho Santana In Situ\"}]},{\"@type\":\"WebSite\",\"@id\":\"https:\/\/ranchosantana.com\/es\/#website\",\"url\":\"https:\/\/ranchosantana.com\/es\/\",\"name\":\"Rancho Santana\",\"description\":\"A Sprawling Coastal Escape\",\"publisher\":{\"@id\":\"https:\/\/ranchosantana.com\/es\/#organization\"},\"potentialAction\":[{\"@type\":\"SearchAction\",\"target\":{\"@type\":\"EntryPoint\",\"urlTemplate\":\"https:\/\/ranchosantana.com\/es\/?s={search_term_string}\"},\"query-input\":{\"@type\":\"PropertyValueSpecification\",\"valueRequired\":true,\"valueName\":\"search_term_string\"}}],\"inLanguage\":\"es\"},{\"@type\":\"Organization\",\"@id\":\"https:\/\/ranchosantana.com\/es\/#organization\",\"name\":\"Rancho Santana\",\"url\":\"https:\/\/ranchosantana.com\/es\/\",\"logo\":{\"@type\":\"ImageObject\",\"inLanguage\":\"es\",\"@id\":\"https:\/\/ranchosantana.com\/es\/#\/schema\/logo\/image\/\",\"url\":\"https:\/\/ranchosantana.com\/wp-content\/uploads\/2023\/08\/logo-dark.png\",\"contentUrl\":\"https:\/\/ranchosantana.com\/wp-content\/uploads\/2023\/08\/logo-dark.png\",\"width\":111,\"height\":56,\"caption\":\"Rancho Santana\"},\"image\":{\"@id\":\"https:\/\/ranchosantana.com\/es\/#\/schema\/logo\/image\/\"},\"sameAs\":[\"https:\/\/www.facebook.com\/RanchoSantana\/\",\"https:\/\/www.instagram.com\/ranchosantana_nicaragua\/\"]}]}<\/script>\n<!-- \/ Yoast SEO Premium plugin. -->","yoast_head_json":{"title":"Escuela de Rancho Santana In Situ | Rancho Santana","robots":{"index":"index","follow":"follow","max-snippet":"max-snippet:-1","max-image-preview":"max-image-preview:large","max-video-preview":"max-video-preview:-1"},"canonical":"https:\/\/ranchosantana.com\/es\/bienes-raices\/escuela-de-rancho-santana-in-situ\/","og_locale":"es_ES","og_type":"article","og_title":"Escuela de Rancho Santana In Situ","og_url":"https:\/\/ranchosantana.com\/es\/bienes-raices\/escuela-de-rancho-santana-in-situ\/","og_site_name":"Rancho Santana","article_publisher":"https:\/\/www.facebook.com\/RanchoSantana\/","article_modified_time":"2025-09-30T09:35:09+00:00","og_image":[{"width":1000,"height":667,"url":"https:\/\/ranchosantana.com\/wp-content\/uploads\/2022\/12\/kids2_63-2.jpg","type":"image\/jpeg"}],"twitter_card":"summary_large_image","twitter_misc":{"Tiempo de lectura":"4 minutos"},"schema":{"@context":"https:\/\/schema.org","@graph":[{"@type":"WebPage","@id":"https:\/\/ranchosantana.com\/es\/bienes-raices\/escuela-de-rancho-santana-in-situ\/","url":"https:\/\/ranchosantana.com\/es\/bienes-raices\/escuela-de-rancho-santana-in-situ\/","name":"Escuela de Rancho Santana In Situ | Rancho Santana","isPartOf":{"@id":"https:\/\/ranchosantana.com\/es\/#website"},"primaryImageOfPage":{"@id":"https:\/\/ranchosantana.com\/es\/bienes-raices\/escuela-de-rancho-santana-in-situ\/#primaryimage"},"image":{"@id":"https:\/\/ranchosantana.com\/es\/bienes-raices\/escuela-de-rancho-santana-in-situ\/#primaryimage"},"thumbnailUrl":"https:\/\/ranchosantana.com\/wp-content\/uploads\/2022\/12\/kids2_63-2.jpg","datePublished":"2022-12-09T17:17:32+00:00","dateModified":"2025-09-30T09:35:09+00:00","breadcrumb":{"@id":"https:\/\/ranchosantana.com\/es\/bienes-raices\/escuela-de-rancho-santana-in-situ\/#breadcrumb"},"inLanguage":"es","potentialAction":[{"@type":"ReadAction","target":["https:\/\/ranchosantana.com\/es\/bienes-raices\/escuela-de-rancho-santana-in-situ\/"]}]},{"@type":"ImageObject","inLanguage":"es","@id":"https:\/\/ranchosantana.com\/es\/bienes-raices\/escuela-de-rancho-santana-in-situ\/#primaryimage","url":"https:\/\/ranchosantana.com\/wp-content\/uploads\/2022\/12\/kids2_63-2.jpg","contentUrl":"https:\/\/ranchosantana.com\/wp-content\/uploads\/2022\/12\/kids2_63-2.jpg","width":1000,"height":667,"caption":"view of kids playing on the beach resort rancho santana"},{"@type":"BreadcrumbList","@id":"https:\/\/ranchosantana.com\/es\/bienes-raices\/escuela-de-rancho-santana-in-situ\/#breadcrumb","itemListElement":[{"@type":"ListItem","position":1,"name":"Home","item":"https:\/\/ranchosantana.com\/es\/"},{"@type":"ListItem","position":2,"name":"Bienes Ra\u00edces","item":"https:\/\/ranchosantana.com\/es\/bienes-raices\/"},{"@type":"ListItem","position":3,"name":"Escuela de Rancho Santana In Situ"}]},{"@type":"WebSite","@id":"https:\/\/ranchosantana.com\/es\/#website","url":"https:\/\/ranchosantana.com\/es\/","name":"Rancho Santana","description":"A Sprawling Coastal Escape","publisher":{"@id":"https:\/\/ranchosantana.com\/es\/#organization"},"potentialAction":[{"@type":"SearchAction","target":{"@type":"EntryPoint","urlTemplate":"https:\/\/ranchosantana.com\/es\/?s={search_term_string}"},"query-input":{"@type":"PropertyValueSpecification","valueRequired":true,"valueName":"search_term_string"}}],"inLanguage":"es"},{"@type":"Organization","@id":"https:\/\/ranchosantana.com\/es\/#organization","name":"Rancho Santana","url":"https:\/\/ranchosantana.com\/es\/","logo":{"@type":"ImageObject","inLanguage":"es","@id":"https:\/\/ranchosantana.com\/es\/#\/schema\/logo\/image\/","url":"https:\/\/ranchosantana.com\/wp-content\/uploads\/2023\/08\/logo-dark.png","contentUrl":"https:\/\/ranchosantana.com\/wp-content\/uploads\/2023\/08\/logo-dark.png","width":111,"height":56,"caption":"Rancho Santana"},"image":{"@id":"https:\/\/ranchosantana.com\/es\/#\/schema\/logo\/image\/"},"sameAs":["https:\/\/www.facebook.com\/RanchoSantana\/","https:\/\/www.instagram.com\/ranchosantana_nicaragua\/"]}]}},"_links":{"self":[{"href":"https:\/\/ranchosantana.com\/es\/wp-json\/wp\/v2\/pages\/3585","targetHints":{"allow":["GET"]}}],"collection":[{"href":"https:\/\/ranchosantana.com\/es\/wp-json\/wp\/v2\/pages"}],"about":[{"href":"https:\/\/ranchosantana.com\/es\/wp-json\/wp\/v2\/types\/page"}],"author":[{"embeddable":true,"href":"https:\/\/ranchosantana.com\/es\/wp-json\/wp\/v2\/users\/4"}],"replies":[{"embeddable":true,"href":"https:\/\/ranchosantana.com\/es\/wp-json\/wp\/v2\/comments?post=3585"}],"version-history":[{"count":0,"href":"https:\/\/ranchosantana.com\/es\/wp-json\/wp\/v2\/pages\/3585\/revisions"}],"up":[{"embeddable":true,"href":"https:\/\/ranchosantana.com\/es\/wp-json\/wp\/v2\/pages\/3229"}],"wp:featuredmedia":[{"embeddable":true,"href":"https:\/\/ranchosantana.com\/es\/wp-json\/wp\/v2\/media\/3591"}],"wp:attachment":[{"href":"https:\/\/ranchosantana.com\/es\/wp-json\/wp\/v2\/media?parent=3585"}],"curies":[{"name":"wp","href":"https:\/\/api.w.org\/{rel}","templated":true}]}}