{"id":34766,"date":"2025-10-27T09:23:23","date_gmt":"2025-10-27T09:23:23","guid":{"rendered":"https:\/\/ranchosantana.com\/?page_id=34766"},"modified":"2026-02-12T17:27:44","modified_gmt":"2026-02-12T17:27:44","slug":"comparte-el-regalo-de-la-buena-vida","status":"publish","type":"page","link":"https:\/\/ranchosantana.com\/es\/comparte-el-regalo-de-la-buena-vida\/","title":{"rendered":"Comparte el regalo de La Buena Vida"},"content":{"rendered":"\n<section id=\"block_16aaaeb2ac5917a2369b689efbf789d9\" class=\"page-hero type-default \">\n    \n        \n    <div class=\"holder\">\n        <hgroup>\n            <h1>Comparte el regalo de La Buena Vida<\/h1>\n<article class=\"text-token-text-primary w-full focus:outline-none [--shadow-height:45px] has-data-writing-block:pointer-events-none has-data-writing-block:-mt-(--shadow-height) has-data-writing-block:pt-(--shadow-height) [&amp;:has([data-writing-block])&gt;*]:pointer-events-auto scroll-mt-[calc(var(--header-height)+min(200px,max(70px,20svh)))]\" dir=\"auto\" tabindex=\"-1\" data-turn-id=\"request-WEB:dccaf220-9f64-462e-b8e4-0533c8ca0cae-1\" data-testid=\"conversation-turn-4\" data-scroll-anchor=\"true\" data-turn=\"assistant\">\n<div class=\"text-base my-auto mx-auto pb-10 [--thread-content-margin:--spacing(4)] thread-sm:[--thread-content-margin:--spacing(6)] thread-lg:[--thread-content-margin:--spacing(16)] px-(--thread-content-margin)\">\n<div class=\"[--thread-content-max-width:40rem] thread-lg:[--thread-content-max-width:48rem] mx-auto max-w-(--thread-content-max-width) flex-1 group\/turn-messages focus-visible:outline-hidden relative flex w-full min-w-0 flex-col agent-turn\" tabindex=\"-1\">\n<div class=\"flex max-w-full flex-col grow\">\n<div class=\"min-h-8 text-message relative flex w-full flex-col items-end gap-2 text-start break-words whitespace-normal [.text-message+&amp;]:mt-1\" dir=\"auto\" data-message-author-role=\"assistant\" data-message-id=\"45c908ca-9bcc-479f-b549-9dfe3245bfab\" data-message-model-slug=\"gpt-5\">\n<div class=\"flex w-full flex-col gap-1 empty:hidden first:pt-[1px]\">\n<div class=\"markdown prose dark:prose-invert w-full break-words light markdown-new-styling\">\n<p data-start=\"0\" data-end=\"166\" data-is-last-node=\"\" data-is-only-node=\"\">Una tarjeta de regalo de Rancho Santana invita a sus seres queridos a disfrutar de momentos inolvidables, inmersos en atardeceres dorados, la brisa del oc\u00e9ano y la conmovedora belleza de Nicaragua.<\/p>\n<\/div>\n<\/div>\n<\/div>\n<\/div>\n<\/div>\n<\/div>\n<\/article>\n        <\/hgroup>\n        <ul class=\"hero-info\">\n                        <li><a href=\"tel:(310) 299-7550\"><span class=\"phone-label\">Tel\u00e9fono<\/span>(310) 299-7550<\/a><\/li>\n                    <\/ul>\n    <\/div>\n    \n        \n    <span class=\"media-overlay\"><\/span>\n        <div class=\"fullsize-video-holder\">\n            <video preload=\"none\" muted loop playsinline class=\"fullsize-video\" poster=\"https:\/\/ranchosantana.com\/wp-content\/uploads\/2022\/11\/Playa-Santana-Drone-hero-1-1024x552.jpg\">\n            <source data-src=\"https:\/\/ranchosantana.com\/wp-content\/uploads\/2025\/11\/2k_landing_page_share_the_gift_of_the_good_life-1080p.mp4\" type=\"video\/mp4\">\n        <\/video>\n        <\/div>\n        <div class=\"page-hero-background\">\n                <span style=\"background-image:url(https:\/\/ranchosantana.com\/wp-content\/uploads\/2022\/11\/Playa-Santana-Drone-hero-1-scaled.jpg)\"><\/span>\n            <\/div>\n    \n        \n<\/section>\n\n\n<section id=\"block_e96d24a0bcec9b61d5735f59972b47ea\" class=\"multi-column-content\">\n\n    <div class=\"holder-wide\">\n   \n        \n            <div class=\"multi-column-intro-content\">\n                                    <hgroup>\n                        <h2>Regalos que se Convierten <br \/>\r\nen Recuerdos Inolvidables<\/h2>\n                    <\/hgroup>\n                                                    <div class=\"intro-text entry\">\n                        <p>Regala tiempo bien aprovechado: atardeceres dorados, suaves brisas del oc\u00e9ano y momentos que perduran mucho despu\u00e9s de haberlos vivido. Una Tarjeta de Regalo de Rancho Santana abre la puerta a experiencias significativas, creadas con cuidado e inspiradas en la belleza de la Costa Esmeralda de Nicaragua.<\/p>\n<p><a href=\"mailto:concierge@ranchosantana.com\" target=\"_blank\" rel=\"noopener\">Cont\u00e1ctanos<\/a><\/p>\n                    <\/div>\n                            <\/div>\n            \n        \n    <\/div>\n\n<\/section>\n\n\n<section id=\"block_567975079b75b287b3117e28ff3e5061\" class=\"two-columns default\">\n    <div class=\"holder\">\n        <div class=\"two-column-content\">\n            <article class=\"entry\">\n                <div class=\"acf-innerblocks-container\">\n\n<h3 class=\"wp-block-heading\" id=\"h-los-mejores-regalos-se-viven-no-se-envuelven-0\"><strong>Los mejores regalos se viven, no se envuelven<\/strong><\/h3>\n\n\n\n<p>Sorprende a alguien especial con una tarjeta de regalo de Rancho Santana y deja que cree recuerdos que duren toda la vida.<\/p>\n\n\n\n<p><a href=\"mailto:concierge@ranchosantana.com\" target=\"_blank\" rel=\"noreferrer noopener\">Cont\u00e1ctanos<\/a><\/p>\n\n<\/div>            <\/article>\n                            <figure class=\"animated\">\n                                        <span class=\"img-holder\" style=\"background-image:url(https:\/\/ranchosantana.com\/wp-content\/uploads\/2026\/02\/Mockup02Ready.png)\"><\/span>\n                                    <\/figure>\n                    <\/div>\n    <\/div>\n<\/section>\n\n\n<section id=\"block_c5eafc41e657d17039cc6d6bfb1b3d51\" class=\"cover-outer\">\n    \n    <div class=\"holder\">\n        <div class=\"cover-columns entry\">\n            <hgroup>\n                <h2>Elige tu experiencia<\/h2>\n            <\/hgroup>\n            <article>\n                <p>Cada regalo es personal, y en Rancho Santana, cada uno cuenta su propia historia. Explora nuestra colecci\u00f3n de experiencias para encontrar la manera perfecta de compartir La Buena Vida. Ya sea aventura, relajaci\u00f3n o simples momentos junto al mar, tu regalo puede ser tan \u00fanico como la persona que lo recibe.<\/p>\n<p><a href=\"mailto:concierge@ranchosantana.com\" target=\"_blank\" rel=\"noopener\">Cont\u00e1ctanos<\/a><\/p>\n<p>&nbsp;<\/p>\n            <\/article>\n        <\/div>\n    <\/div>\n        <div class=\"cover-image\">\n        <span style=\"background-image:url(https:\/\/ranchosantana.com\/wp-content\/uploads\/2025\/09\/DSC4434-1-scaled.jpg)\"><\/span>\n        <div class=\"edges\">\n            <div class=\"horizontal\">\n                <span><\/span>\n                <span><\/span>\n            <\/div>\n            <div class=\"vertical\">\n                <span><\/span>\n                <span><\/span>\n            <\/div>\n        <\/div>\n    <\/div>\n        \n<\/section>\n\n\n\n<section id=\"block_65eb41c4f548d9867c7bbe4c6417a1f5\" class=\"toggler-outer\">\n    \n    <div class=\"holder-wide\">\n        \n                        <div class=\"entry\">\n            <h2>Preguntas Frecuentes (FAQs)<\/h2>\n        <\/div>\n                \n                \n                    \n            <dl class=\"toggle-list entry\">\n                            <dt>\n                    <h3>\u00bfD\u00f3nde puedo usar mi Tarjeta de Regalo Rancho Santana?<\/h3>\n                    <span class=\"toggle-icon\"><\/span>\n                <\/dt>\n                <dd>\n                    <p>Las Tarjetas de Regalo pueden utilizarse exclusivamente dentro de la propiedad de Rancho Santana, en el lugar o actividad espec\u00edfica seleccionada.<\/p>\n                <\/dd>\n                            <dt>\n                    <h3>\u00bfSe puede recargar o reembolsar mi tarjeta?<\/h3>\n                    <span class=\"toggle-icon\"><\/span>\n                <\/dt>\n                <dd>\n                    <p>Las Tarjetas de Regalo no son reembolsables y no se pueden recargar.<\/p>\n                <\/dd>\n                            <dt>\n                    <h3>\u00bfLas Tarjetas de Regalo caducan?<\/h3>\n                    <span class=\"toggle-icon\"><\/span>\n                <\/dt>\n                <dd>\n                    <p>S\u00ed. Las Tarjetas de Regalo de Rancho Santana son v\u00e1lidas por un a\u00f1o a partir de la fecha de emisi\u00f3n.<\/p>\n                <\/dd>\n                        <\/dl>\n        \n                    \n                \n                \n    <\/div>\n    \n<\/section>\n\n\n\n<section id=\"block_8559cb9637ba28b8e561a5a12ae88d64\" class=\"content-editor-outer\">\n    \n    <div class=\"holder-wide\">\n        <article class=\"entry\">\n            <div class=\"acf-innerblocks-container\">\n\n<p><strong>T\u00e9rminos y Condiciones<\/strong><\/p>\n\n\n\n<ul class=\"wp-block-list\">\n<li>Esta tarjeta es prepagada, no es una tarjeta de d\u00e9bito ni de cr\u00e9dito.<\/li>\n\n\n\n<li>La tarjeta no puede canjearse por dinero en efectivo.<\/li>\n\n\n\n<li>Cada transacci\u00f3n ser\u00e1 debitada del saldo de la tarjeta. Si el monto de la transacci\u00f3n excede el saldo disponible, el usuario deber\u00e1 pagar la diferencia.<\/li>\n\n\n\n<li>Las Tarjetas de Regalo no son reembolsables. Todas las ventas son finales.<\/li>\n<\/ul>\n\n<\/div>        <\/article>\n    <\/div>\n\n<\/section>\n","protected":false},"excerpt":{"rendered":"","protected":false},"author":4,"featured_media":0,"parent":0,"menu_order":0,"comment_status":"closed","ping_status":"closed","template":"","meta":{"_acf_changed":false,"inline_featured_image":false,"footnotes":""},"class_list":["post-34766","page","type-page","status-publish","hentry"],"acf":[],"yoast_head":"<!-- This site is optimized with the Yoast SEO Premium plugin v26.4 (Yoast SEO v26.4) - https:\/\/yoast.com\/wordpress\/plugins\/seo\/ -->\n<title>Comparte el regalo de La Buena Vida<\/title>\n<meta name=\"description\" content=\"Regala tiempo bien aprovechado: atardeceres dorados, suaves brisas del oc\u00e9ano y momentos que perduran mucho despu\u00e9s de haberlos vivido.\" \/>\n<meta name=\"robots\" content=\"index, follow, max-snippet:-1, max-image-preview:large, max-video-preview:-1\" \/>\n<link rel=\"canonical\" href=\"https:\/\/ranchosantana.com\/es\/comparte-el-regalo-de-la-buena-vida\/\" \/>\n<meta property=\"og:locale\" content=\"es_ES\" \/>\n<meta property=\"og:type\" content=\"article\" \/>\n<meta property=\"og:title\" content=\"Comparte el regalo de La Buena Vida\" \/>\n<meta property=\"og:description\" content=\"Regala tiempo bien aprovechado: atardeceres dorados, suaves brisas del oc\u00e9ano y momentos que perduran mucho despu\u00e9s de haberlos vivido.\" \/>\n<meta property=\"og:url\" content=\"https:\/\/ranchosantana.com\/es\/comparte-el-regalo-de-la-buena-vida\/\" \/>\n<meta property=\"og:site_name\" content=\"Rancho Santana\" \/>\n<meta property=\"article:publisher\" content=\"https:\/\/www.facebook.com\/RanchoSantana\/\" \/>\n<meta property=\"article:modified_time\" content=\"2026-02-12T17:27:44+00:00\" \/>\n<meta property=\"og:image\" content=\"https:\/\/ranchosantana.com\/wp-content\/uploads\/2025\/11\/share-image.jpg\" \/>\n\t<meta property=\"og:image:width\" content=\"1200\" \/>\n\t<meta property=\"og:image:height\" content=\"630\" \/>\n\t<meta property=\"og:image:type\" content=\"image\/jpeg\" \/>\n<meta name=\"twitter:card\" content=\"summary_large_image\" \/>\n<meta name=\"twitter:label1\" content=\"Tiempo de lectura\" \/>\n\t<meta name=\"twitter:data1\" content=\"1 minuto\" \/>\n<script type=\"application\/ld+json\" class=\"yoast-schema-graph\">{\"@context\":\"https:\/\/schema.org\",\"@graph\":[{\"@type\":\"WebPage\",\"@id\":\"https:\/\/ranchosantana.com\/es\/comparte-el-regalo-de-la-buena-vida\/\",\"url\":\"https:\/\/ranchosantana.com\/es\/comparte-el-regalo-de-la-buena-vida\/\",\"name\":\"Comparte el regalo de La Buena Vida\",\"isPartOf\":{\"@id\":\"https:\/\/ranchosantana.com\/es\/#website\"},\"datePublished\":\"2025-10-27T09:23:23+00:00\",\"dateModified\":\"2026-02-12T17:27:44+00:00\",\"description\":\"Regala tiempo bien aprovechado: atardeceres dorados, suaves brisas del oc\u00e9ano y momentos que perduran mucho despu\u00e9s de haberlos vivido.\",\"breadcrumb\":{\"@id\":\"https:\/\/ranchosantana.com\/es\/comparte-el-regalo-de-la-buena-vida\/#breadcrumb\"},\"inLanguage\":\"es\",\"potentialAction\":[{\"@type\":\"ReadAction\",\"target\":[\"https:\/\/ranchosantana.com\/es\/comparte-el-regalo-de-la-buena-vida\/\"]}]},{\"@type\":\"BreadcrumbList\",\"@id\":\"https:\/\/ranchosantana.com\/es\/comparte-el-regalo-de-la-buena-vida\/#breadcrumb\",\"itemListElement\":[{\"@type\":\"ListItem\",\"position\":1,\"name\":\"Home\",\"item\":\"https:\/\/ranchosantana.com\/es\/\"},{\"@type\":\"ListItem\",\"position\":2,\"name\":\"Comparte el regalo de La Buena Vida\"}]},{\"@type\":\"WebSite\",\"@id\":\"https:\/\/ranchosantana.com\/es\/#website\",\"url\":\"https:\/\/ranchosantana.com\/es\/\",\"name\":\"Rancho Santana\",\"description\":\"A Sprawling Coastal Escape\",\"publisher\":{\"@id\":\"https:\/\/ranchosantana.com\/es\/#organization\"},\"potentialAction\":[{\"@type\":\"SearchAction\",\"target\":{\"@type\":\"EntryPoint\",\"urlTemplate\":\"https:\/\/ranchosantana.com\/es\/?s={search_term_string}\"},\"query-input\":{\"@type\":\"PropertyValueSpecification\",\"valueRequired\":true,\"valueName\":\"search_term_string\"}}],\"inLanguage\":\"es\"},{\"@type\":\"Organization\",\"@id\":\"https:\/\/ranchosantana.com\/es\/#organization\",\"name\":\"Rancho Santana\",\"url\":\"https:\/\/ranchosantana.com\/es\/\",\"logo\":{\"@type\":\"ImageObject\",\"inLanguage\":\"es\",\"@id\":\"https:\/\/ranchosantana.com\/es\/#\/schema\/logo\/image\/\",\"url\":\"https:\/\/ranchosantana.com\/wp-content\/uploads\/2023\/08\/logo-dark.png\",\"contentUrl\":\"https:\/\/ranchosantana.com\/wp-content\/uploads\/2023\/08\/logo-dark.png\",\"width\":111,\"height\":56,\"caption\":\"Rancho Santana\"},\"image\":{\"@id\":\"https:\/\/ranchosantana.com\/es\/#\/schema\/logo\/image\/\"},\"sameAs\":[\"https:\/\/www.facebook.com\/RanchoSantana\/\",\"https:\/\/www.instagram.com\/ranchosantana_nicaragua\/\"]}]}<\/script>\n<!-- \/ Yoast SEO Premium plugin. -->","yoast_head_json":{"title":"Comparte el regalo de La Buena Vida","description":"Regala tiempo bien aprovechado: atardeceres dorados, suaves brisas del oc\u00e9ano y momentos que perduran mucho despu\u00e9s de haberlos vivido.","robots":{"index":"index","follow":"follow","max-snippet":"max-snippet:-1","max-image-preview":"max-image-preview:large","max-video-preview":"max-video-preview:-1"},"canonical":"https:\/\/ranchosantana.com\/es\/comparte-el-regalo-de-la-buena-vida\/","og_locale":"es_ES","og_type":"article","og_title":"Comparte el regalo de La Buena Vida","og_description":"Regala tiempo bien aprovechado: atardeceres dorados, suaves brisas del oc\u00e9ano y momentos que perduran mucho despu\u00e9s de haberlos vivido.","og_url":"https:\/\/ranchosantana.com\/es\/comparte-el-regalo-de-la-buena-vida\/","og_site_name":"Rancho Santana","article_publisher":"https:\/\/www.facebook.com\/RanchoSantana\/","article_modified_time":"2026-02-12T17:27:44+00:00","og_image":[{"width":1200,"height":630,"url":"https:\/\/ranchosantana.com\/wp-content\/uploads\/2025\/11\/share-image.jpg","type":"image\/jpeg"}],"twitter_card":"summary_large_image","twitter_misc":{"Tiempo de lectura":"1 minuto"},"schema":{"@context":"https:\/\/schema.org","@graph":[{"@type":"WebPage","@id":"https:\/\/ranchosantana.com\/es\/comparte-el-regalo-de-la-buena-vida\/","url":"https:\/\/ranchosantana.com\/es\/comparte-el-regalo-de-la-buena-vida\/","name":"Comparte el regalo de La Buena Vida","isPartOf":{"@id":"https:\/\/ranchosantana.com\/es\/#website"},"datePublished":"2025-10-27T09:23:23+00:00","dateModified":"2026-02-12T17:27:44+00:00","description":"Regala tiempo bien aprovechado: atardeceres dorados, suaves brisas del oc\u00e9ano y momentos que perduran mucho despu\u00e9s de haberlos vivido.","breadcrumb":{"@id":"https:\/\/ranchosantana.com\/es\/comparte-el-regalo-de-la-buena-vida\/#breadcrumb"},"inLanguage":"es","potentialAction":[{"@type":"ReadAction","target":["https:\/\/ranchosantana.com\/es\/comparte-el-regalo-de-la-buena-vida\/"]}]},{"@type":"BreadcrumbList","@id":"https:\/\/ranchosantana.com\/es\/comparte-el-regalo-de-la-buena-vida\/#breadcrumb","itemListElement":[{"@type":"ListItem","position":1,"name":"Home","item":"https:\/\/ranchosantana.com\/es\/"},{"@type":"ListItem","position":2,"name":"Comparte el regalo de La Buena Vida"}]},{"@type":"WebSite","@id":"https:\/\/ranchosantana.com\/es\/#website","url":"https:\/\/ranchosantana.com\/es\/","name":"Rancho Santana","description":"A Sprawling Coastal Escape","publisher":{"@id":"https:\/\/ranchosantana.com\/es\/#organization"},"potentialAction":[{"@type":"SearchAction","target":{"@type":"EntryPoint","urlTemplate":"https:\/\/ranchosantana.com\/es\/?s={search_term_string}"},"query-input":{"@type":"PropertyValueSpecification","valueRequired":true,"valueName":"search_term_string"}}],"inLanguage":"es"},{"@type":"Organization","@id":"https:\/\/ranchosantana.com\/es\/#organization","name":"Rancho Santana","url":"https:\/\/ranchosantana.com\/es\/","logo":{"@type":"ImageObject","inLanguage":"es","@id":"https:\/\/ranchosantana.com\/es\/#\/schema\/logo\/image\/","url":"https:\/\/ranchosantana.com\/wp-content\/uploads\/2023\/08\/logo-dark.png","contentUrl":"https:\/\/ranchosantana.com\/wp-content\/uploads\/2023\/08\/logo-dark.png","width":111,"height":56,"caption":"Rancho Santana"},"image":{"@id":"https:\/\/ranchosantana.com\/es\/#\/schema\/logo\/image\/"},"sameAs":["https:\/\/www.facebook.com\/RanchoSantana\/","https:\/\/www.instagram.com\/ranchosantana_nicaragua\/"]}]}},"_links":{"self":[{"href":"https:\/\/ranchosantana.com\/es\/wp-json\/wp\/v2\/pages\/34766","targetHints":{"allow":["GET"]}}],"collection":[{"href":"https:\/\/ranchosantana.com\/es\/wp-json\/wp\/v2\/pages"}],"about":[{"href":"https:\/\/ranchosantana.com\/es\/wp-json\/wp\/v2\/types\/page"}],"author":[{"embeddable":true,"href":"https:\/\/ranchosantana.com\/es\/wp-json\/wp\/v2\/users\/4"}],"replies":[{"embeddable":true,"href":"https:\/\/ranchosantana.com\/es\/wp-json\/wp\/v2\/comments?post=34766"}],"version-history":[{"count":2,"href":"https:\/\/ranchosantana.com\/es\/wp-json\/wp\/v2\/pages\/34766\/revisions"}],"predecessor-version":[{"id":38064,"href":"https:\/\/ranchosantana.com\/es\/wp-json\/wp\/v2\/pages\/34766\/revisions\/38064"}],"wp:attachment":[{"href":"https:\/\/ranchosantana.com\/es\/wp-json\/wp\/v2\/media?parent=34766"}],"curies":[{"name":"wp","href":"https:\/\/api.w.org\/{rel}","templated":true}]}}