{"id":33963,"date":"2025-07-15T15:14:56","date_gmt":"2025-07-15T15:14:56","guid":{"rendered":"https:\/\/ranchosantana.com\/?page_id=33963"},"modified":"2025-11-17T10:42:23","modified_gmt":"2025-11-17T10:42:23","slug":"villa-escondida-casa-de-lujo-en-copropiedad","status":"publish","type":"page","link":"https:\/\/ranchosantana.com\/es\/bienes-raices\/villa-escondida-casa-de-lujo-en-copropiedad\/","title":{"rendered":"VILLA ESCONDIDA \/ CASA DE LUJO EN COPROPIEDAD"},"content":{"rendered":"\n<section id=\"block_2ce5c837951ff75aa7b9c5f651697e0d\" class=\"page-hero type-default \">\n    \n        \n    <div class=\"holder\">\n        <hgroup>\n            <h1>Tu Casa de Vacaciones So\u00f1ada, Ahora en Copropiedad<\/h1>\n<p>Bas\u00e1ndose en el \u00e9xito de la oferta del Residence Club, Rancho Santana lleva la copropiedad de casas vacacionales al siguiente nivel.<\/p>\n        <\/hgroup>\n        <ul class=\"hero-info\">\n                        <li><a href=\"tel:(310) 299-7550\"><span class=\"phone-label\">Tel\u00e9fono<\/span>(310) 299-7550<\/a><\/li>\n                    <\/ul>\n    <\/div>\n    \n        \n    <span class=\"media-overlay\"><\/span>\n        <div class=\"page-hero-background\">\n                <span style=\"background-image:url(https:\/\/ranchosantana.com\/wp-content\/uploads\/2025\/04\/RanchoSantana_6682-scaled.jpg)\"><\/span>\n            <\/div>\n    \n        \n<\/section>\n\n\n<section id=\"block_128b319ce9cd950f7f04231e4bccb6c8\" class=\"content-editor-outer\">\n    \n    <div class=\"holder-wide\">\n        <article class=\"entry\">\n            <div class=\"acf-innerblocks-container\">\n\n<h2 class=\"wp-block-heading has-text-align-left\" id=\"h-presentamos-villa-escondida\">Presentamos Villa Escondida<\/h2>\n\n\n\n<p class=\"has-text-align-left\">Esta amplia y espectacular residencia ser\u00e1 compartida por ocho familias con intereses afines, quienes disfrutar\u00e1n de una acomodaci\u00f3n elegante, acogedora y vers\u00e1til en su hogar de Rancho Santana a lo largo del a\u00f1o. Como propietario de Villa Escondida, tambi\u00e9n tendr\u00e1s acceso a una amplia gama de servicios, amenidades y privilegios de Rancho Santana.<\/p>\n\n\n\n<p>Podr\u00e1s relajarte en tu villa con familiares y amigos, enviar invitados sin necesidad de acompa\u00f1arlos, destinar parte de tu tiempo a renta e intercambiar estad\u00edas con propietarios de otras residencias vacacionales de lujo y clubes en algunos de los destinos m\u00e1s exclusivos del mundo.<\/p>\n\n\n\n<p class=\"has-text-align-left\">Reg\u00edstrate para recibir nuestro Folleto de Informaci\u00f3n para Propietarios y descubre m\u00e1s sobre Villa Escondida, los beneficios de la copropiedad y una secci\u00f3n de preguntas frecuentes.<\/p>\n\n\n\n<p>N\u00famero de licencia: MIFIC-UCBR-PJ-No.0061-2024<\/p>\n\n\n\n<div class=\"wp-block-buttons is-content-justification-left is-layout-flex wp-container-core-buttons-is-layout-fdcfc74e wp-block-buttons-is-layout-flex\">\n<div class=\"wp-block-button\"><a class=\"wp-block-button__link wp-element-button\" href=\"mailto:realestate@ranchosantana.com\" target=\"_blank\" rel=\"noreferrer noopener\">Reg\u00edstrate para recibir el Folleto de Informaci\u00f3n para Propietarios<\/a><\/div>\n<\/div>\n\n<\/div>        <\/article>\n    <\/div>\n\n<\/section>\n\n\n\n<section id=\"block_e1691d5017b5e443040f94453acce34b\" class=\"cover-outer\">\n    \n    <div class=\"holder\">\n        <div class=\"cover-columns entry\">\n            <hgroup>\n                <p><strong>Camina hasta la serena Playa Escondida para nadar en el Pac\u00edfico o sum\u00e9rgete en la tranquilidad de tu piscina privada.<\/strong><\/p>\n            <\/hgroup>\n            <article>\n                <p>Imagina tus ma\u00f1anas tranquilas rodeadas de los encantadores sonidos de la naturaleza. Para el desayuno, prepara algo en tu cocina totalmente equipada o da un corto paseo en auto hasta El Caf\u00e9 para disfrutar de smoothie bowls reci\u00e9n hechos.<\/p>\n            <\/article>\n        <\/div>\n    <\/div>\n        <div class=\"cover-image\">\n        <span style=\"background-image:url(https:\/\/ranchosantana.com\/wp-content\/uploads\/2025\/07\/VillaEscondida-editorial-droneshot-scaled.jpg)\"><\/span>\n        <div class=\"edges\">\n            <div class=\"horizontal\">\n                <span><\/span>\n                <span><\/span>\n            <\/div>\n            <div class=\"vertical\">\n                <span><\/span>\n                <span><\/span>\n            <\/div>\n        <\/div>\n    <\/div>\n        \n<\/section>\n\n\n\n<section id=\"block_128b319ce9cd950f7f04231e4bccb6c8\" class=\"content-editor-outer\">\n    \n    <div class=\"holder-wide\">\n        <article class=\"entry\">\n            <div class=\"acf-innerblocks-container\">\n\n<p><strong>Villa Escondida<\/strong> combina las ventajas de la copropiedad inmobiliaria con las amenidades y servicios de un resort. Lo que no incluye son los altos costos, preocupaciones y responsabilidades asociadas con la propiedad tradicional.<\/p>\n\n\n\n<ul class=\"wp-block-list\">\n<li><strong>Disfruta Acceso Completo a las Amenidades de Rancho Santana<\/strong><br>Aprovecha instalaciones de primer nivel, que incluyen Las Cinco Playas, gastronom\u00eda gourmet, servicios de bienestar y aventuras al aire libre.<\/li>\n\n\n\n<li><strong>S\u00e9 Propietario en Nicaragua Sin Complicaciones<\/strong><br>Vive todos los beneficios de ser due\u00f1o sin las cargas del mantenimiento, la administraci\u00f3n o la gesti\u00f3n de la propiedad.<\/li>\n\n\n\n<li><strong>Vacaciones Sin Preocupaciones con Uso Garantizado<\/strong><br>Disfruta de un n\u00famero fijo de d\u00edas de vacaciones sin preocupaciones por cada a\u00f1o del club, con acceso consistente a tu hogar.<\/li>\n\n\n\n<li><strong>\u00danete a la Red Elite Alliance<\/strong><br>Tu membres\u00eda gratuita te otorga privilegios de intercambio con propietarios de residencias vacacionales de lujo alrededor del mundo.<\/li>\n<\/ul>\n\n\n\n<p><\/p>\n\n\n\n<div class=\"content-hide\">\n\n\n\n<p><\/p>\n\n\n\n<ul class=\"wp-block-list\">\n<li><strong>Viaja a M\u00e1s de 120 Destinos Internacionales Exclusivos<\/strong><br>A trav\u00e9s de Elite Alliance, explora una colecci\u00f3n curada de clubes residenciales y casas vacacionales en lugares altamente deseados.<\/li>\n<\/ul>\n\n\n\n<ul class=\"wp-block-list\">\n<li><strong>Accede a una Experiencia de Copropiedad Lista para Disfrutar<\/strong><br>Olv\u00eddate de la complejidad de una segunda residencia tradicional; todo est\u00e1 gestionado para tu comodidad y conveniencia.<\/li>\n\n\n\n<li><strong>Rel\u00e1jate con una Administraci\u00f3n Profesional de Propiedad<\/strong><br>Un equipo dedicado se asegura de que tu hogar siempre est\u00e9 listo para recibirte, ya sea que llegues personalmente o intercambies tu tiempo en otro destino.<\/li>\n\n\n\n<li><strong>Invierte en tu Estilo de Vida, No Solo en una Propiedad<\/strong><br>Construye tu patrimonio mientras creas recuerdos inolvidables en una comunidad vibrante de propietarios con intereses similares.<\/li>\n<\/ul>\n\n\n\n<\/div><p class=\"more-content-trigger\">Ver m\u00e1s<\/p>\n\n\n\n<div class=\"wp-block-buttons is-content-justification-left is-layout-flex wp-container-core-buttons-is-layout-fdcfc74e wp-block-buttons-is-layout-flex\">\n<div class=\"wp-block-button\"><a class=\"wp-block-button__link wp-element-button\" href=\"mailto:realestate@ranchosantana.com\" target=\"_blank\" rel=\"noreferrer noopener\">Cont\u00e1ctanos para m\u00e1s informaci\u00f3n sobre Villa Escondida.<\/a><\/div>\n<\/div>\n\n<\/div>        <\/article>\n    <\/div>\n\n<\/section>\n\n\n\n<section id=\"block_e336d2789524d858bf562b78ff4c5170\" class=\"image-gallery-outer\">\n    \n    <div class=\"holder-wide\">\n                            <ul class=\"horizontal-image-slider\">\n                                    <li>\n                        <figure>\n                            <span class=\"img-holder\" style=\"background-image: url(https:\/\/ranchosantana.com\/wp-content\/uploads\/2025\/07\/DJI_20250514063332_0152_D-1024x575.jpg);\"><\/span>\n                        <\/figure>\n                    <\/li>\n                                    <li>\n                        <figure>\n                            <span class=\"img-holder\" style=\"background-image: url(https:\/\/ranchosantana.com\/wp-content\/uploads\/2025\/07\/DSC7140-1024x683.jpg);\"><\/span>\n                        <\/figure>\n                    <\/li>\n                                    <li>\n                        <figure>\n                            <span class=\"img-holder\" style=\"background-image: url(https:\/\/ranchosantana.com\/wp-content\/uploads\/2025\/07\/DJI_20250514065801_0184_D-1024x588.jpg);\"><\/span>\n                        <\/figure>\n                    <\/li>\n                                    <li>\n                        <figure>\n                            <span class=\"img-holder\" style=\"background-image: url(https:\/\/ranchosantana.com\/wp-content\/uploads\/2025\/07\/DSC6583-1024x683.jpg);\"><\/span>\n                        <\/figure>\n                    <\/li>\n                                    <li>\n                        <figure>\n                            <span class=\"img-holder\" style=\"background-image: url(https:\/\/ranchosantana.com\/wp-content\/uploads\/2025\/07\/DSC6556-1024x683.jpg);\"><\/span>\n                        <\/figure>\n                    <\/li>\n                                    <li>\n                        <figure>\n                            <span class=\"img-holder\" style=\"background-image: url(https:\/\/ranchosantana.com\/wp-content\/uploads\/2025\/07\/DSC6816-1024x647.jpg);\"><\/span>\n                        <\/figure>\n                    <\/li>\n                                    <li>\n                        <figure>\n                            <span class=\"img-holder\" style=\"background-image: url(https:\/\/ranchosantana.com\/wp-content\/uploads\/2025\/07\/DSC6756-1024x683.jpg);\"><\/span>\n                        <\/figure>\n                    <\/li>\n                                    <li>\n                        <figure>\n                            <span class=\"img-holder\" style=\"background-image: url(https:\/\/ranchosantana.com\/wp-content\/uploads\/2025\/07\/DSC6896-1024x683.jpg);\"><\/span>\n                        <\/figure>\n                    <\/li>\n                                    <li>\n                        <figure>\n                            <span class=\"img-holder\" style=\"background-image: url(https:\/\/ranchosantana.com\/wp-content\/uploads\/2025\/07\/DSC7113-1024x683.jpg);\"><\/span>\n                        <\/figure>\n                    <\/li>\n                                    <li>\n                        <figure>\n                            <span class=\"img-holder\" style=\"background-image: url(https:\/\/ranchosantana.com\/wp-content\/uploads\/2025\/07\/DSC6744-1024x683.jpg);\"><\/span>\n                        <\/figure>\n                    <\/li>\n                                    <li>\n                        <figure>\n                            <span class=\"img-holder\" style=\"background-image: url(https:\/\/ranchosantana.com\/wp-content\/uploads\/2025\/07\/DJI_20250514065505_0178_D-1024x575.jpg);\"><\/span>\n                        <\/figure>\n                    <\/li>\n                                    <li>\n                        <figure>\n                            <span class=\"img-holder\" style=\"background-image: url(https:\/\/ranchosantana.com\/wp-content\/uploads\/2025\/07\/DJI_20250514065556_0180_D-1024x575.jpg);\"><\/span>\n                        <\/figure>\n                    <\/li>\n                                    <li>\n                        <figure>\n                            <span class=\"img-holder\" style=\"background-image: url(https:\/\/ranchosantana.com\/wp-content\/uploads\/2025\/07\/DJI_20250514070053_0194_D-1024x575.jpg);\"><\/span>\n                        <\/figure>\n                    <\/li>\n                            <\/ul>\n                <div class=\"progress\"><span><\/span><\/div>\n    <\/div>\n\n<\/section>\n\n\n\n<section id=\"block_128b319ce9cd950f7f04231e4bccb6c8\" class=\"content-editor-outer\">\n    \n    <div class=\"holder-wide\">\n        <article class=\"entry\">\n            <div class=\"acf-innerblocks-container\">\n\n<div class=\"wp-block-buttons is-content-justification-left is-layout-flex wp-container-core-buttons-is-layout-fdcfc74e wp-block-buttons-is-layout-flex\">\n<div class=\"wp-block-button\"><a class=\"wp-block-button__link wp-element-button\" href=\"mailto:realestate@ranchosantana.com\" target=\"_blank\" rel=\"noreferrer noopener\">Cont\u00e1ctanos para m\u00e1s informaci\u00f3n sobre Villa Escondida.<\/a><\/div>\n<\/div>\n\n<\/div>        <\/article>\n    <\/div>\n\n<\/section>\n\n\n\n<section id=\"block_b20756088f1a24cf34db76976851632b\" class=\"featured-content-outer\">\n    \n    <div class=\"holder-wide\">\n        \n                \n        \n                        <div class=\"responsive-post-grid-outer\">\n                <div class=\"post-grid post-grid-vertical\">\n                                    <article>\n                        <a href=\"https:\/\/ranchosantana.com\/es\/property\/residence-club\/\">\n                            <hgroup>\n                                <small>\n                                                                            Propiedad Fraccionada    \n                                     \/ Residence Club                                <\/small>\n                                <h3>Price: $176,000<\/h3>\n                                <span class=\"more\">\n                                    <p><u>Explorar<\/u><\/p>\n                                <\/span>\n                            <\/hgroup>\n                            <figure>\n                                <span class=\"img-holder\" style=\"background-image: url(https:\/\/ranchosantana.com\/wp-content\/uploads\/2023\/01\/The-Residences-3-scaled-1-1024x683.jpg)\" ><\/span>\n                            <\/figure>\n                        <\/a>\n                    <\/article>\n                                    <article>\n                        <a href=\"https:\/\/ranchosantana.com\/es\/?post_type=property&#038;p=15015\">\n                            <hgroup>\n                                <small>\n                                                                            Casa Con Vista al Mar    \n                                     \/ Villa Rosada (A-26)                                <\/small>\n                                <h3>Price: $2,490,000<\/h3>\n                                <span class=\"more\">\n                                    <p><u>Explorar<\/u><\/p>\n                                <\/span>\n                            <\/hgroup>\n                            <figure>\n                                <span class=\"img-holder\" style=\"background-image: url(https:\/\/ranchosantana.com\/wp-content\/uploads\/2022\/10\/Villa-Rosada-35-1024x682.jpg)\" ><\/span>\n                            <\/figure>\n                        <\/a>\n                    <\/article>\n                                    <article>\n                        <a href=\"https:\/\/ranchosantana.com\/es\/property\/casa-campana-lp-18\/\">\n                            <hgroup>\n                                <small>\n                                                                            Casa Con Vista al Mar    \n                                     \/ Casa Campana (LP-18)                                <\/small>\n                                <h3>Price: $1,975,000<\/h3>\n                                <span class=\"more\">\n                                    <p><u>Explorar<\/u><\/p>\n                                <\/span>\n                            <\/hgroup>\n                            <figure>\n                                <span class=\"img-holder\" style=\"background-image: url(https:\/\/ranchosantana.com\/wp-content\/uploads\/2023\/01\/DSC3352.jpg)\" ><\/span>\n                            <\/figure>\n                        <\/a>\n                    <\/article>\n                                <\/div>\n            <\/div>\n                        \n                \n    <\/div>\n\n<\/section>\n","protected":false},"excerpt":{"rendered":"","protected":false},"author":4,"featured_media":0,"parent":3229,"menu_order":0,"comment_status":"closed","ping_status":"closed","template":"","meta":{"_acf_changed":false,"inline_featured_image":false,"footnotes":""},"class_list":["post-33963","page","type-page","status-publish","hentry"],"acf":[],"yoast_head":"<!-- This site is optimized with the Yoast SEO Premium plugin v26.4 (Yoast SEO v26.4) - https:\/\/yoast.com\/wordpress\/plugins\/seo\/ -->\n<title>Tu Casa de Vacaciones So\u00f1ada, Ahora en Copropiedad<\/title>\n<meta name=\"description\" content=\"Bas\u00e1ndose en el \u00e9xito de la oferta del Residence Club, Rancho Santana lleva la copropiedad de casas vacacionales al siguiente nivel.\" \/>\n<meta name=\"robots\" content=\"index, follow, max-snippet:-1, max-image-preview:large, max-video-preview:-1\" \/>\n<link rel=\"canonical\" href=\"https:\/\/ranchosantana.com\/es\/bienes-raices\/villa-escondida-casa-de-lujo-en-copropiedad\/\" \/>\n<meta property=\"og:locale\" content=\"es_ES\" \/>\n<meta property=\"og:type\" content=\"article\" \/>\n<meta property=\"og:title\" content=\"VILLA ESCONDIDA \/ CASA DE LUJO EN COPROPIEDAD\" \/>\n<meta property=\"og:description\" content=\"Bas\u00e1ndose en el \u00e9xito de la oferta del Residence Club, Rancho Santana lleva la copropiedad de casas vacacionales al siguiente nivel.\" \/>\n<meta property=\"og:url\" content=\"https:\/\/ranchosantana.com\/es\/bienes-raices\/villa-escondida-casa-de-lujo-en-copropiedad\/\" \/>\n<meta property=\"og:site_name\" content=\"Rancho Santana\" \/>\n<meta property=\"article:publisher\" content=\"https:\/\/www.facebook.com\/RanchoSantana\/\" \/>\n<meta property=\"article:modified_time\" content=\"2025-11-17T10:42:23+00:00\" \/>\n<meta property=\"og:image\" content=\"https:\/\/ranchosantana.com\/wp-content\/uploads\/2025\/11\/share-image.jpg\" \/>\n\t<meta property=\"og:image:width\" content=\"1200\" \/>\n\t<meta property=\"og:image:height\" content=\"630\" \/>\n\t<meta property=\"og:image:type\" content=\"image\/jpeg\" \/>\n<meta name=\"twitter:card\" content=\"summary_large_image\" \/>\n<meta name=\"twitter:label1\" content=\"Tiempo de lectura\" \/>\n\t<meta name=\"twitter:data1\" content=\"2 minutos\" \/>\n<script type=\"application\/ld+json\" class=\"yoast-schema-graph\">{\"@context\":\"https:\/\/schema.org\",\"@graph\":[{\"@type\":\"WebPage\",\"@id\":\"https:\/\/ranchosantana.com\/es\/bienes-raices\/villa-escondida-casa-de-lujo-en-copropiedad\/\",\"url\":\"https:\/\/ranchosantana.com\/es\/bienes-raices\/villa-escondida-casa-de-lujo-en-copropiedad\/\",\"name\":\"Tu Casa de Vacaciones So\u00f1ada, Ahora en Copropiedad\",\"isPartOf\":{\"@id\":\"https:\/\/ranchosantana.com\/es\/#website\"},\"datePublished\":\"2025-07-15T15:14:56+00:00\",\"dateModified\":\"2025-11-17T10:42:23+00:00\",\"description\":\"Bas\u00e1ndose en el \u00e9xito de la oferta del Residence Club, Rancho Santana lleva la copropiedad de casas vacacionales al siguiente nivel.\",\"breadcrumb\":{\"@id\":\"https:\/\/ranchosantana.com\/es\/bienes-raices\/villa-escondida-casa-de-lujo-en-copropiedad\/#breadcrumb\"},\"inLanguage\":\"es\",\"potentialAction\":[{\"@type\":\"ReadAction\",\"target\":[\"https:\/\/ranchosantana.com\/es\/bienes-raices\/villa-escondida-casa-de-lujo-en-copropiedad\/\"]}]},{\"@type\":\"BreadcrumbList\",\"@id\":\"https:\/\/ranchosantana.com\/es\/bienes-raices\/villa-escondida-casa-de-lujo-en-copropiedad\/#breadcrumb\",\"itemListElement\":[{\"@type\":\"ListItem\",\"position\":1,\"name\":\"Home\",\"item\":\"https:\/\/ranchosantana.com\/es\/\"},{\"@type\":\"ListItem\",\"position\":2,\"name\":\"Bienes Ra\u00edces\",\"item\":\"https:\/\/ranchosantana.com\/es\/bienes-raices\/\"},{\"@type\":\"ListItem\",\"position\":3,\"name\":\"VILLA ESCONDIDA \/ CASA DE LUJO EN COPROPIEDAD\"}]},{\"@type\":\"WebSite\",\"@id\":\"https:\/\/ranchosantana.com\/es\/#website\",\"url\":\"https:\/\/ranchosantana.com\/es\/\",\"name\":\"Rancho Santana\",\"description\":\"A Sprawling Coastal Escape\",\"publisher\":{\"@id\":\"https:\/\/ranchosantana.com\/es\/#organization\"},\"potentialAction\":[{\"@type\":\"SearchAction\",\"target\":{\"@type\":\"EntryPoint\",\"urlTemplate\":\"https:\/\/ranchosantana.com\/es\/?s={search_term_string}\"},\"query-input\":{\"@type\":\"PropertyValueSpecification\",\"valueRequired\":true,\"valueName\":\"search_term_string\"}}],\"inLanguage\":\"es\"},{\"@type\":\"Organization\",\"@id\":\"https:\/\/ranchosantana.com\/es\/#organization\",\"name\":\"Rancho Santana\",\"url\":\"https:\/\/ranchosantana.com\/es\/\",\"logo\":{\"@type\":\"ImageObject\",\"inLanguage\":\"es\",\"@id\":\"https:\/\/ranchosantana.com\/es\/#\/schema\/logo\/image\/\",\"url\":\"https:\/\/ranchosantana.com\/wp-content\/uploads\/2023\/08\/logo-dark.png\",\"contentUrl\":\"https:\/\/ranchosantana.com\/wp-content\/uploads\/2023\/08\/logo-dark.png\",\"width\":111,\"height\":56,\"caption\":\"Rancho Santana\"},\"image\":{\"@id\":\"https:\/\/ranchosantana.com\/es\/#\/schema\/logo\/image\/\"},\"sameAs\":[\"https:\/\/www.facebook.com\/RanchoSantana\/\",\"https:\/\/www.instagram.com\/ranchosantana_nicaragua\/\"]}]}<\/script>\n<!-- \/ Yoast SEO Premium plugin. -->","yoast_head_json":{"title":"Tu Casa de Vacaciones So\u00f1ada, Ahora en Copropiedad","description":"Bas\u00e1ndose en el \u00e9xito de la oferta del Residence Club, Rancho Santana lleva la copropiedad de casas vacacionales al siguiente nivel.","robots":{"index":"index","follow":"follow","max-snippet":"max-snippet:-1","max-image-preview":"max-image-preview:large","max-video-preview":"max-video-preview:-1"},"canonical":"https:\/\/ranchosantana.com\/es\/bienes-raices\/villa-escondida-casa-de-lujo-en-copropiedad\/","og_locale":"es_ES","og_type":"article","og_title":"VILLA ESCONDIDA \/ CASA DE LUJO EN COPROPIEDAD","og_description":"Bas\u00e1ndose en el \u00e9xito de la oferta del Residence Club, Rancho Santana lleva la copropiedad de casas vacacionales al siguiente nivel.","og_url":"https:\/\/ranchosantana.com\/es\/bienes-raices\/villa-escondida-casa-de-lujo-en-copropiedad\/","og_site_name":"Rancho Santana","article_publisher":"https:\/\/www.facebook.com\/RanchoSantana\/","article_modified_time":"2025-11-17T10:42:23+00:00","og_image":[{"width":1200,"height":630,"url":"https:\/\/ranchosantana.com\/wp-content\/uploads\/2025\/11\/share-image.jpg","type":"image\/jpeg"}],"twitter_card":"summary_large_image","twitter_misc":{"Tiempo de lectura":"2 minutos"},"schema":{"@context":"https:\/\/schema.org","@graph":[{"@type":"WebPage","@id":"https:\/\/ranchosantana.com\/es\/bienes-raices\/villa-escondida-casa-de-lujo-en-copropiedad\/","url":"https:\/\/ranchosantana.com\/es\/bienes-raices\/villa-escondida-casa-de-lujo-en-copropiedad\/","name":"Tu Casa de Vacaciones So\u00f1ada, Ahora en Copropiedad","isPartOf":{"@id":"https:\/\/ranchosantana.com\/es\/#website"},"datePublished":"2025-07-15T15:14:56+00:00","dateModified":"2025-11-17T10:42:23+00:00","description":"Bas\u00e1ndose en el \u00e9xito de la oferta del Residence Club, Rancho Santana lleva la copropiedad de casas vacacionales al siguiente nivel.","breadcrumb":{"@id":"https:\/\/ranchosantana.com\/es\/bienes-raices\/villa-escondida-casa-de-lujo-en-copropiedad\/#breadcrumb"},"inLanguage":"es","potentialAction":[{"@type":"ReadAction","target":["https:\/\/ranchosantana.com\/es\/bienes-raices\/villa-escondida-casa-de-lujo-en-copropiedad\/"]}]},{"@type":"BreadcrumbList","@id":"https:\/\/ranchosantana.com\/es\/bienes-raices\/villa-escondida-casa-de-lujo-en-copropiedad\/#breadcrumb","itemListElement":[{"@type":"ListItem","position":1,"name":"Home","item":"https:\/\/ranchosantana.com\/es\/"},{"@type":"ListItem","position":2,"name":"Bienes Ra\u00edces","item":"https:\/\/ranchosantana.com\/es\/bienes-raices\/"},{"@type":"ListItem","position":3,"name":"VILLA ESCONDIDA \/ CASA DE LUJO EN COPROPIEDAD"}]},{"@type":"WebSite","@id":"https:\/\/ranchosantana.com\/es\/#website","url":"https:\/\/ranchosantana.com\/es\/","name":"Rancho Santana","description":"A Sprawling Coastal Escape","publisher":{"@id":"https:\/\/ranchosantana.com\/es\/#organization"},"potentialAction":[{"@type":"SearchAction","target":{"@type":"EntryPoint","urlTemplate":"https:\/\/ranchosantana.com\/es\/?s={search_term_string}"},"query-input":{"@type":"PropertyValueSpecification","valueRequired":true,"valueName":"search_term_string"}}],"inLanguage":"es"},{"@type":"Organization","@id":"https:\/\/ranchosantana.com\/es\/#organization","name":"Rancho Santana","url":"https:\/\/ranchosantana.com\/es\/","logo":{"@type":"ImageObject","inLanguage":"es","@id":"https:\/\/ranchosantana.com\/es\/#\/schema\/logo\/image\/","url":"https:\/\/ranchosantana.com\/wp-content\/uploads\/2023\/08\/logo-dark.png","contentUrl":"https:\/\/ranchosantana.com\/wp-content\/uploads\/2023\/08\/logo-dark.png","width":111,"height":56,"caption":"Rancho Santana"},"image":{"@id":"https:\/\/ranchosantana.com\/es\/#\/schema\/logo\/image\/"},"sameAs":["https:\/\/www.facebook.com\/RanchoSantana\/","https:\/\/www.instagram.com\/ranchosantana_nicaragua\/"]}]}},"_links":{"self":[{"href":"https:\/\/ranchosantana.com\/es\/wp-json\/wp\/v2\/pages\/33963","targetHints":{"allow":["GET"]}}],"collection":[{"href":"https:\/\/ranchosantana.com\/es\/wp-json\/wp\/v2\/pages"}],"about":[{"href":"https:\/\/ranchosantana.com\/es\/wp-json\/wp\/v2\/types\/page"}],"author":[{"embeddable":true,"href":"https:\/\/ranchosantana.com\/es\/wp-json\/wp\/v2\/users\/4"}],"replies":[{"embeddable":true,"href":"https:\/\/ranchosantana.com\/es\/wp-json\/wp\/v2\/comments?post=33963"}],"version-history":[{"count":1,"href":"https:\/\/ranchosantana.com\/es\/wp-json\/wp\/v2\/pages\/33963\/revisions"}],"predecessor-version":[{"id":35198,"href":"https:\/\/ranchosantana.com\/es\/wp-json\/wp\/v2\/pages\/33963\/revisions\/35198"}],"up":[{"embeddable":true,"href":"https:\/\/ranchosantana.com\/es\/wp-json\/wp\/v2\/pages\/3229"}],"wp:attachment":[{"href":"https:\/\/ranchosantana.com\/es\/wp-json\/wp\/v2\/media?parent=33963"}],"curies":[{"name":"wp","href":"https:\/\/api.w.org\/{rel}","templated":true}]}}