{"id":3265,"date":"2022-10-19T16:03:52","date_gmt":"2022-10-19T16:03:52","guid":{"rendered":"https:\/\/dev.ranchosantana.com\/terms-conditions\/"},"modified":"2026-04-28T07:55:47","modified_gmt":"2026-04-28T07:55:47","slug":"terminos-y-condiciones","status":"publish","type":"page","link":"https:\/\/ranchosantana.com\/es\/terminos-y-condiciones\/","title":{"rendered":"T\u00e9rminos y condiciones"},"content":{"rendered":"\n<section id=\"block_4641ed52c15b98ad7615107cc9b5dc1d\" class=\"page-hero type-simple \">\n    \n        \n    <div class=\"holder\">\n        <div class=\"simple-hero-content\">\n            <hgroup>\n                <h1>T\u00e9rminos y Condiciones<\/h1>\n            <\/hgroup>\n            <ul class=\"hero-info\">\n                                <li><a href=\"tel:(310) 299-7550\"><span class=\"phone-label\">Tel\u00e9fono<\/span>(310) 299-7550<\/a><\/li>\n                            <\/ul>\n        <\/div>\n        <figure>\n                        <span class=\"img-holder\" style=\"background-image:url(https:\/\/ranchosantana.com\/wp-content\/uploads\/2025\/01\/DJI_20241212012807_0201_D-scaled.jpg)\"><\/span>\n                    <\/figure>\n    <\/div>\n    \n        \n<\/section>\n\n\n<section id=\"block_651a75836c2acf87d4de155a6f5b8f8d\" class=\"content-editor-outer\">\n    \n    <div class=\"holder-wide\">\n        <article class=\"entry\">\n            <div class=\"acf-innerblocks-container\">\n\n<h2 class=\"wp-block-heading\" id=\"h-condiciones-generales-de-contratacion\"><strong>Condiciones generales de contrataci\u00f3n<\/strong><\/h2>\n\n\n\n<p><strong>1. Introducci\u00f3n<\/strong><\/p>\n\n\n\n<p>Bienvenido a <a href=\"https:\/\/ranchosantana.com\/es\/\" target=\"_blank\" rel=\"noreferrer noopener\">Rancho Santana<\/a>. Estos t\u00e9rminos y condiciones (\u00abT\u00e9rminos\u00bb) rigen el uso de nuestro sitio web y los servicios que brindamos. Al acceder o utilizar nuestro sitio web o nuestros servicios, usted acepta cumplir y estar sujeto a estos T\u00e9rminos.<\/p>\n\n\n\n<p><strong>2. Reservas y Reservaciones<\/strong><\/p>\n\n\n\n<p><strong>VERANO Y TEMPORADA VERDE POL\u00cdTICA DE CANCELACI\u00d3N<\/strong>&nbsp;<\/p>\n\n\n\n<p>De abril 2026 \u2013 octubre 2026&nbsp;<\/p>\n\n\n\n<ul class=\"wp-block-list\">\n<li>Las modificaciones o cancelaciones realizadas con 14 d\u00edas o m\u00e1s antes del\u00a0check-in no ser\u00e1n penalizadas, pero incurrir\u00e1n en un cargo de 25 d\u00f3lares en concepto de honorarios de gesti\u00f3n. Esto se aplica tanto a las modificaciones parciales como a las cancelaciones totales.\u00a0<\/li>\n<\/ul>\n\n\n\n<ul class=\"wp-block-list\">\n<li>Las solicitudes de cancelaci\u00f3n de la reserva total efectuadas con menos de 14 d\u00edas de antelaci\u00f3n a la llegada conllevar\u00e1n un cargo del 100% de la reserva cancelada.\u00a0<\/li>\n<\/ul>\n\n\n\n<ul class=\"wp-block-list\">\n<li>Las solicitudes de modificaci\u00f3n de la duraci\u00f3n de la reserva efectuadas con menos de 14 d\u00edas de antelaci\u00f3n a la llegada conllevar\u00e1n un cargo del 50% de las noches de habitaci\u00f3n canceladas.\u00a0<\/li>\n<\/ul>\n\n\n\n<ul class=\"wp-block-list\">\n<li>Las solicitudes para reducir la duraci\u00f3n de la estad\u00eda una vez iniciado el hospedaje estar\u00e1n sujetas a un cargo equivalente al 100% de las noches canceladas.\u00a0<\/li>\n<\/ul>\n\n\n\n<ul class=\"wp-block-list\">\n<li>En caso de que los hu\u00e9spedes no se presenten, se aplicar\u00e1 un cargo del 100% del total de la reserva.\u00a0<\/li>\n<\/ul>\n\n\n\n<p><strong>POL\u00cdTICA DE CANCELACI\u00d3N<\/strong>&nbsp;<\/p>\n\n\n\n<p>Aplicable a todas las estad\u00edas fuera de las fechas de temporada festiva, verano y temporada verde.&nbsp;<\/p>\n\n\n\n<p>Las modificaciones o cancelaciones realizadas con m\u00e1s de 30 d\u00edas de antelaci\u00f3n al&nbsp;check-in no ser\u00e1n penalizadas, pero incurrir\u00e1n en un cargo de 25 d\u00f3lares en concepto de honorarios de gesti\u00f3n.&nbsp;<\/p>\n\n\n\n<p>Las cancelaciones totales efectuadas dentro de los 30 d\u00edas previos a la llegada conllevar\u00e1n un cargo del 100% de la reserva cancelada.&nbsp;Las modificaciones en la duraci\u00f3n de la reserva realizadas dentro de los 30 d\u00edas previos a la llegada conllevar\u00e1n un cargo del 50% de las noches canceladas.&nbsp;<\/p>\n\n\n\n<p>Las reducciones de estad\u00eda una vez iniciado el hospedaje, as\u00ed como la no presentaci\u00f3n, estar\u00e1n sujetas a un cargo del 100% del valor correspondiente de la reserva.&nbsp;<\/p>\n\n\n\n<p><strong>POL\u00cdTICA DE CANCELACI\u00d3N DE TEMPORADA ALTA<\/strong>&nbsp;<\/p>\n\n\n\n<p>17 de diciembre de 2025 &#8211; 10 de enero de 2026&nbsp;<br>21 de marzo de 2027 &#8211; 28 de marzo de 2027&nbsp;<br>&nbsp;<br>Cualquier cancelaci\u00f3n o modificaci\u00f3n realizada dentro de los 45 d\u00edas anteriores a la llegada se perder\u00e1 el 100% de la reserva. Las cancelaciones con m\u00e1s de 45 d\u00edas de antelaci\u00f3n s\u00f3lo se reembolsar\u00e1n el 50%. Para realizar ajustes en las reservas, p\u00f3ngase en contacto con nosotros.&nbsp;<\/p>\n\n\n\n<p><strong>3. Check-In y Check-Out<\/strong><\/p>\n\n\n\n<ul class=\"wp-block-list\">\n<li><strong>Hora de Check-In<\/strong>: 15:00 h<\/li>\n\n\n\n<li><strong>Hora de Check-Out:<\/strong> 11:00 h<\/li>\n\n\n\n<li><strong>Early Check-In\/Late Check-Out:<\/strong> Sujeto a disponibilidad y puede generar cargos adicionales.<\/li>\n<\/ul>\n\n\n\n<p><strong>4. Tarifas y cargos<\/strong><\/p>\n\n\n\n<p><strong>Tarifas de la habitaci\u00f3n<\/strong>: Incluyen servicios de conserjer\u00eda antes de la llegada y en la propiedad.<\/p>\n\n\n\n<ul class=\"wp-block-list\">\n<li>Servicio de limpieza<\/li>\n\n\n\n<li>Internet en la residencia y \u00e1reas comunes<\/li>\n\n\n\n<li>Acceso a todas las comodidades<\/li>\n\n\n\n<li>Canchas y equipos de tenis y pickleball.<\/li>\n\n\n\n<li>Servicio de mayordomo, un chef a domicilio, un veh\u00edculo 4\u00d74 y un conductor privado con<\/li>\n<\/ul>\n\n\n\n<p><strong>Cargos adicionales<\/strong>: Pueden aplicarse a servicios como spa, golf, surf, paseos a caballo, actividades especiales y eventos.<\/p>\n\n\n\n<p><strong>5. Pago<\/strong><\/p>\n\n\n\n<ul class=\"wp-block-list\">\n<li>M\u00e9todos: Aceptamos VISA, MASTER CARD, AMERICAN EXPRESS.<\/li>\n\n\n\n<li>Dep\u00f3sito de seguridad: Se requiere un dep\u00f3sito de [monto] al momento del check-in para imprevistos. NO REQUERIDO<\/li>\n<\/ul>\n\n\n\n<p><strong>6. Responsabilidad<\/strong><\/p>\n\n\n\n<ul class=\"wp-block-list\">\n<li><strong>Propiedad personal:<\/strong> No somos responsables por p\u00e9rdida o da\u00f1o a la propiedad personal a menos que sea causada por nuestra negligencia.<\/li>\n\n\n\n<li><strong>\u200b\u200bFuerza mayor<\/strong>: No somos responsables por cancelaciones o interrupciones causadas por eventos fuera de nuestro control, como desastres naturales, pandemias o disturbios pol\u00edticos.<\/li>\n<\/ul>\n\n\n\n<p><strong>7. Conducta<\/strong><\/p>\n\n\n\n<ul class=\"wp-block-list\">\n<li><strong>Comportamiento del hu\u00e9sped:<\/strong> Se espera que los hu\u00e9spedes se comporten respetuosamente y no causen molestias a otros hu\u00e9spedes.<\/li>\n\n\n\n<li><strong>Da\u00f1os a la propiedad<\/strong>: Se cobrar\u00e1 a los hu\u00e9spedes por cualquier da\u00f1o causado a la propiedad.<\/li>\n<\/ul>\n\n\n\n<p><strong>8. Enmiendas<\/strong><\/p>\n\n\n\n<p>Nos reservamos el derecho de enmendar estos T\u00e9rminos en cualquier momento. Los cambios se publicar\u00e1n en nuestro sitio web.<\/p>\n\n\n\n<p><strong>9. Ley aplicable<\/strong><\/p>\n\n\n\n<p>Estos T\u00e9rminos se rigen por las leyes de Nicaragua. Cualquier disputa se resolver\u00e1 en los tribunales de [Jurisdicci\u00f3n].<\/p>\n\n\n\n<p><\/p>\n\n\n\n<h2 class=\"wp-block-heading\" id=\"h-politica-de-privacidad\"><strong>Pol\u00edtica de Privacidad<\/strong><\/h2>\n\n\n\n<p><\/p>\n\n\n\n<p><strong>1. Introducci\u00f3n<\/strong><\/p>\n\n\n\n<ol class=\"wp-block-list\">\n<li><\/li>\n<\/ol>\n\n\n\n<p>En Rancho Santana, nos comprometemos a proteger su privacidad. Esta pol\u00edtica de privacidad explica c\u00f3mo recopilamos, usamos y protegemos su informaci\u00f3n personal.<\/p>\n\n\n\n<p><strong>2. Recopilaci\u00f3n de informaci\u00f3n<\/strong><\/p>\n\n\n\n<ol start=\"2\" class=\"wp-block-list\">\n<li><\/li>\n<\/ol>\n\n\n\n<ul class=\"wp-block-list\">\n<li><strong>Informaci\u00f3n personal<\/strong>: recopilamos informaci\u00f3n personal como su nombre, direcci\u00f3n de correo electr\u00f3nico, n\u00famero de tel\u00e9fono y detalles de pago cuando realiza una reserva.<\/li>\n\n\n\n<li><strong>Datos de uso<\/strong>: recopilamos informaci\u00f3n sobre c\u00f3mo utiliza nuestro sitio web a trav\u00e9s de cookies y tecnolog\u00edas similares.<\/li>\n<\/ul>\n\n\n\n<p><strong>3. Uso de la informaci\u00f3n<\/strong><\/p>\n\n\n\n<ol start=\"2\" class=\"wp-block-list\">\n<li><\/li>\n<\/ol>\n\n\n\n<ul class=\"wp-block-list\">\n<li><strong>Para proporcionar servicios<\/strong>: utilizamos su informaci\u00f3n para administrar sus reservas, brindar servicio al cliente y procesar pagos.<\/li>\n\n\n\n<li><strong>Marketing<\/strong>: con su consentimiento, podemos utilizar su informaci\u00f3n de contacto para enviarle materiales promocionales.<\/li>\n<\/ul>\n\n\n\n<p><strong>4. Intercambio de datos<\/strong><\/p>\n\n\n\n<ul class=\"wp-block-list\">\n<li><strong>Proveedores de servicios externos<\/strong>: podemos compartir su informaci\u00f3n con proveedores de servicios externos que nos ayudan a brindar nuestros servicios.<\/li>\n\n\n\n<li><strong>Requisitos legales<\/strong>: podemos divulgar su informaci\u00f3n si as\u00ed lo exige la ley.<\/li>\n<\/ul>\n\n\n\n<p><strong>5. Seguridad de los datos<\/strong><\/p>\n\n\n\n<p>Implementamos diversas medidas de seguridad para proteger su informaci\u00f3n personal, incluido el cifrado y los servidores seguros.<\/p>\n\n\n\n<p><strong>6. Sus derechos<\/strong><\/p>\n\n\n\n<p><strong>Eliminaci\u00f3n<\/strong>: puede solicitar la eliminaci\u00f3n de sus datos personales.<br>\u200d<br><strong>7. Cookies<\/strong><\/p>\n\n\n\n<p>Nuestro sitio web utiliza cookies para mejorar la experiencia del usuario. Puede administrar sus preferencias de cookies a trav\u00e9s de la configuraci\u00f3n de su navegador.<\/p>\n\n\n\n<p><strong>8. Cambios a esta Pol\u00edtica<\/strong><\/p>\n\n\n\n<p>Podemos actualizar esta pol\u00edtica de privacidad de vez en cuando. Los cambios se publicar\u00e1n en nuestro sitio web.<\/p>\n\n\n\n<p><strong>9. Cont\u00e1ctenos<\/strong><\/p>\n\n\n\n<p>Si tiene alguna pregunta sobre esta pol\u00edtica de privacidad, comun\u00edquese con nosotros a <a href=\"mailto:marketing@ranchosantana.com\" target=\"_blank\" rel=\"noreferrer noopener\">marketing@ranchosantana.com<\/a><\/p>\n\n\n\n<p>Acceso: tiene derecho a acceder a la informaci\u00f3n personal que tenemos sobre usted.<\/p>\n\n\n\n<p>Correcci\u00f3n: puede solicitar correcciones a cualquier dato inexacto o incompleto.<\/p>\n\n\n\n<p><\/p>\n\n\n\n<h2 class=\"wp-block-heading\" id=\"h-cookie-policy\">Cookie Policy<\/h2>\n\n\n\n<p><\/p>\n\n\n\n<p>1. Introducci\u00f3n: Esta pol\u00edtica de cookies explica qu\u00e9 son las cookies y c\u00f3mo las utiliza Rancho Santana en nuestro sitio web.<br>\u200d<\/p>\n\n\n\n<p>2. \u00bfQu\u00e9 son las cookies?<\/p>\n\n\n\n<p>\u200dLas cookies son peque\u00f1os archivos de texto que se almacenan en su dispositivo cuando visita un sitio web. Nos ayudan a mejorar su experiencia de navegaci\u00f3n.<br>\u200d<\/p>\n\n\n\n<p><strong>3. Tipos de cookies que utilizamos<\/strong><\/p>\n\n\n\n<ul class=\"wp-block-list\">\n<li>Cookies esenciales:&nbsp;Necesarias para que el sitio web funcione correctamente.<\/li>\n\n\n\n<li>Cookies anal\u00edticas:&nbsp;Ay\u00fadenos a comprender c\u00f3mo interact\u00faan los visitantes con nuestro sitio web.<\/li>\n\n\n\n<li>Cookies de marketing:&nbsp;Se utilizan para ofrecer anuncios personalizados.<br>\u200d<\/li>\n<\/ul>\n\n\n\n<p><strong>4. C\u00f3mo utilizamos las cookies<\/strong>:&nbsp;Utilizamos cookies para:<br>\u2022&nbsp;Mejorar la funcionalidad del sitio web.<br>\u2022&nbsp;Analizar el tr\u00e1fico del sitio web.<br>\u2022&nbsp;Personalizar su experiencia.<br><br><strong>5. Gesti\u00f3n de cookies<\/strong><\/p>\n\n\n\n<p>Puede controlar la configuraci\u00f3n de cookies a trav\u00e9s de su navegador. Tenga en cuenta que deshabilitar las cookies puede afectar su experiencia en nuestro sitio web.<\/p>\n\n\n\n<p><strong>6. Cambios a esta Pol\u00edtica<\/strong><\/p>\n\n\n\n<p>Podemos actualizar esta pol\u00edtica de cookies de vez en cuando. Los cambios se publicar\u00e1n en nuestro sitio web.<\/p>\n\n\n\n<p><strong>7. Cont\u00e1ctenos<\/strong><\/p>\n\n\n\n<p>Para obtener m\u00e1s informaci\u00f3n sobre nuestra pol\u00edtica de cookies, comun\u00edquese con nosotros a <a href=\"mailto:marketing@ranchosantana.com\" target=\"_blank\" rel=\"noreferrer noopener\">marketing@ranchosantana.com<\/a><\/p>\n\n\n\n<h2 class=\"wp-block-heading\" id=\"h-information\">Information<\/h2>\n\n\n\n<p><strong>1. Rancho Santana<br>2. Informaci\u00f3n de contacto <\/strong>(<a href=\"mailto:marketing@ranchosantana.com\" target=\"_blank\" rel=\"noreferrer noopener\">marketing@ranchosantana.com<\/a>)<strong><br>3. Horarios de entrada y salida 3 pm \/ 11 am<br>4. Detalles de la pol\u00edtica de cancelaci\u00f3n<\/strong>: leer al principio de esta p\u00e1gina <\/p>\n\n\n\n<p><br><strong>5. Monto del dep\u00f3sito de seguridad<\/strong><\/p>\n\n\n\n<p>No se requiere dep\u00f3sito de seguridad<\/p>\n\n\n\n<p><strong>6. M\u00e9todos de pago aceptados<\/strong><\/p>\n\n\n\n<ol start=\"6\" class=\"wp-block-list\">\n<li><\/li>\n<\/ol>\n\n\n\n<p>VISA, MASTERCARD Y AMERICAN EXPRESS.<\/p>\n\n\n\n<p><strong>7. Lista de elementos incluidos en las tarifas de las habitaciones<\/strong><\/p>\n\n\n\n<ol start=\"7\" class=\"wp-block-list\">\n<li><\/li>\n<\/ol>\n\n\n\n<p><strong>Tarifas de las habitaciones:<\/strong>&nbsp;Incluyen servicios de conserjer\u00eda antes de la llegada y en la propiedad.<\/p>\n\n\n\n<ul class=\"wp-block-list\">\n<li>Servicio de limpieza<\/li>\n\n\n\n<li>Internet en la residencia y \u00e1reas comunes<\/li>\n\n\n\n<li>Acceso a todas las comodidades<\/li>\n\n\n\n<li>Canchas y equipos de tenis y pickleball.<\/li>\n\n\n\n<li>Servicio de mayordomo, un chef a domicilio, un veh\u00edculo 4\u00d74 y un conductor privado con<\/li>\n<\/ul>\n\n\n\n<p><strong>Cargos adicionales:<\/strong>&nbsp;Pueden aplicarse a servicios como spa, golf, surf, paseos a caballo, actividades especiales y eventos.<\/p>\n\n\n\n<p><strong>8. Lista de servicios y cargos adicionales<\/strong><\/p>\n\n\n\n<p>Nuestro conserje siempre proporcionar\u00e1 cargos y servicios adicionales con autorizaci\u00f3n previa.<\/p>\n\n\n\n<p><strong>9. Pa\u00eds\/Estado y Jurisdicci\u00f3n de la Ley Aplicable<\/strong> en Nicaragua<\/p>\n\n\n\n<p><strong>10. Cl\u00e1usula de Consentimiento para Materiales Promocionales<\/strong> (para Pol\u00edtica de Privacidad)<\/p>\n\n<\/div>        <\/article>\n    <\/div>\n\n<\/section>\n","protected":false},"excerpt":{"rendered":"","protected":false},"author":1,"featured_media":0,"parent":0,"menu_order":300,"comment_status":"closed","ping_status":"closed","template":"","meta":{"_acf_changed":false,"inline_featured_image":false,"footnotes":""},"class_list":["post-3265","page","type-page","status-publish","hentry"],"acf":[],"yoast_head":"<!-- This site is optimized with the Yoast SEO Premium plugin v26.4 (Yoast SEO v26.4) - https:\/\/yoast.com\/wordpress\/plugins\/seo\/ -->\n<title>T\u00e9rminos y condiciones | Rancho Santana<\/title>\n<meta name=\"robots\" content=\"index, follow, max-snippet:-1, max-image-preview:large, max-video-preview:-1\" \/>\n<link rel=\"canonical\" href=\"https:\/\/ranchosantana.com\/es\/terminos-y-condiciones\/\" \/>\n<meta property=\"og:locale\" content=\"es_ES\" \/>\n<meta property=\"og:type\" content=\"article\" \/>\n<meta property=\"og:title\" content=\"T\u00e9rminos y condiciones\" \/>\n<meta property=\"og:url\" content=\"https:\/\/ranchosantana.com\/es\/terminos-y-condiciones\/\" \/>\n<meta property=\"og:site_name\" content=\"Rancho Santana\" \/>\n<meta property=\"article:publisher\" content=\"https:\/\/www.facebook.com\/RanchoSantana\/\" \/>\n<meta property=\"article:modified_time\" content=\"2026-04-28T07:55:47+00:00\" \/>\n<meta property=\"og:image\" content=\"https:\/\/ranchosantana.com\/wp-content\/uploads\/2025\/11\/share-image.jpg\" \/>\n\t<meta property=\"og:image:width\" content=\"1200\" \/>\n\t<meta property=\"og:image:height\" content=\"630\" \/>\n\t<meta property=\"og:image:type\" content=\"image\/jpeg\" \/>\n<meta name=\"twitter:card\" content=\"summary_large_image\" \/>\n<meta name=\"twitter:label1\" content=\"Tiempo de lectura\" \/>\n\t<meta name=\"twitter:data1\" content=\"6 minutos\" \/>\n<script type=\"application\/ld+json\" class=\"yoast-schema-graph\">{\"@context\":\"https:\/\/schema.org\",\"@graph\":[{\"@type\":\"WebPage\",\"@id\":\"https:\/\/ranchosantana.com\/es\/terminos-y-condiciones\/\",\"url\":\"https:\/\/ranchosantana.com\/es\/terminos-y-condiciones\/\",\"name\":\"T\u00e9rminos y condiciones | Rancho Santana\",\"isPartOf\":{\"@id\":\"https:\/\/ranchosantana.com\/es\/#website\"},\"datePublished\":\"2022-10-19T16:03:52+00:00\",\"dateModified\":\"2026-04-28T07:55:47+00:00\",\"breadcrumb\":{\"@id\":\"https:\/\/ranchosantana.com\/es\/terminos-y-condiciones\/#breadcrumb\"},\"inLanguage\":\"es\",\"potentialAction\":[{\"@type\":\"ReadAction\",\"target\":[\"https:\/\/ranchosantana.com\/es\/terminos-y-condiciones\/\"]}]},{\"@type\":\"BreadcrumbList\",\"@id\":\"https:\/\/ranchosantana.com\/es\/terminos-y-condiciones\/#breadcrumb\",\"itemListElement\":[{\"@type\":\"ListItem\",\"position\":1,\"name\":\"Home\",\"item\":\"https:\/\/ranchosantana.com\/es\/\"},{\"@type\":\"ListItem\",\"position\":2,\"name\":\"T\u00e9rminos y condiciones\"}]},{\"@type\":\"WebSite\",\"@id\":\"https:\/\/ranchosantana.com\/es\/#website\",\"url\":\"https:\/\/ranchosantana.com\/es\/\",\"name\":\"Rancho Santana\",\"description\":\"A Sprawling Coastal Escape\",\"publisher\":{\"@id\":\"https:\/\/ranchosantana.com\/es\/#organization\"},\"potentialAction\":[{\"@type\":\"SearchAction\",\"target\":{\"@type\":\"EntryPoint\",\"urlTemplate\":\"https:\/\/ranchosantana.com\/es\/?s={search_term_string}\"},\"query-input\":{\"@type\":\"PropertyValueSpecification\",\"valueRequired\":true,\"valueName\":\"search_term_string\"}}],\"inLanguage\":\"es\"},{\"@type\":\"Organization\",\"@id\":\"https:\/\/ranchosantana.com\/es\/#organization\",\"name\":\"Rancho Santana\",\"url\":\"https:\/\/ranchosantana.com\/es\/\",\"logo\":{\"@type\":\"ImageObject\",\"inLanguage\":\"es\",\"@id\":\"https:\/\/ranchosantana.com\/es\/#\/schema\/logo\/image\/\",\"url\":\"https:\/\/ranchosantana.com\/wp-content\/uploads\/2023\/08\/logo-dark.png\",\"contentUrl\":\"https:\/\/ranchosantana.com\/wp-content\/uploads\/2023\/08\/logo-dark.png\",\"width\":111,\"height\":56,\"caption\":\"Rancho Santana\"},\"image\":{\"@id\":\"https:\/\/ranchosantana.com\/es\/#\/schema\/logo\/image\/\"},\"sameAs\":[\"https:\/\/www.facebook.com\/RanchoSantana\/\",\"https:\/\/www.instagram.com\/ranchosantana_nicaragua\/\"]}]}<\/script>\n<!-- \/ Yoast SEO Premium plugin. -->","yoast_head_json":{"title":"T\u00e9rminos y condiciones | Rancho Santana","robots":{"index":"index","follow":"follow","max-snippet":"max-snippet:-1","max-image-preview":"max-image-preview:large","max-video-preview":"max-video-preview:-1"},"canonical":"https:\/\/ranchosantana.com\/es\/terminos-y-condiciones\/","og_locale":"es_ES","og_type":"article","og_title":"T\u00e9rminos y condiciones","og_url":"https:\/\/ranchosantana.com\/es\/terminos-y-condiciones\/","og_site_name":"Rancho Santana","article_publisher":"https:\/\/www.facebook.com\/RanchoSantana\/","article_modified_time":"2026-04-28T07:55:47+00:00","og_image":[{"width":1200,"height":630,"url":"https:\/\/ranchosantana.com\/wp-content\/uploads\/2025\/11\/share-image.jpg","type":"image\/jpeg"}],"twitter_card":"summary_large_image","twitter_misc":{"Tiempo de lectura":"6 minutos"},"schema":{"@context":"https:\/\/schema.org","@graph":[{"@type":"WebPage","@id":"https:\/\/ranchosantana.com\/es\/terminos-y-condiciones\/","url":"https:\/\/ranchosantana.com\/es\/terminos-y-condiciones\/","name":"T\u00e9rminos y condiciones | Rancho Santana","isPartOf":{"@id":"https:\/\/ranchosantana.com\/es\/#website"},"datePublished":"2022-10-19T16:03:52+00:00","dateModified":"2026-04-28T07:55:47+00:00","breadcrumb":{"@id":"https:\/\/ranchosantana.com\/es\/terminos-y-condiciones\/#breadcrumb"},"inLanguage":"es","potentialAction":[{"@type":"ReadAction","target":["https:\/\/ranchosantana.com\/es\/terminos-y-condiciones\/"]}]},{"@type":"BreadcrumbList","@id":"https:\/\/ranchosantana.com\/es\/terminos-y-condiciones\/#breadcrumb","itemListElement":[{"@type":"ListItem","position":1,"name":"Home","item":"https:\/\/ranchosantana.com\/es\/"},{"@type":"ListItem","position":2,"name":"T\u00e9rminos y condiciones"}]},{"@type":"WebSite","@id":"https:\/\/ranchosantana.com\/es\/#website","url":"https:\/\/ranchosantana.com\/es\/","name":"Rancho Santana","description":"A Sprawling Coastal Escape","publisher":{"@id":"https:\/\/ranchosantana.com\/es\/#organization"},"potentialAction":[{"@type":"SearchAction","target":{"@type":"EntryPoint","urlTemplate":"https:\/\/ranchosantana.com\/es\/?s={search_term_string}"},"query-input":{"@type":"PropertyValueSpecification","valueRequired":true,"valueName":"search_term_string"}}],"inLanguage":"es"},{"@type":"Organization","@id":"https:\/\/ranchosantana.com\/es\/#organization","name":"Rancho Santana","url":"https:\/\/ranchosantana.com\/es\/","logo":{"@type":"ImageObject","inLanguage":"es","@id":"https:\/\/ranchosantana.com\/es\/#\/schema\/logo\/image\/","url":"https:\/\/ranchosantana.com\/wp-content\/uploads\/2023\/08\/logo-dark.png","contentUrl":"https:\/\/ranchosantana.com\/wp-content\/uploads\/2023\/08\/logo-dark.png","width":111,"height":56,"caption":"Rancho Santana"},"image":{"@id":"https:\/\/ranchosantana.com\/es\/#\/schema\/logo\/image\/"},"sameAs":["https:\/\/www.facebook.com\/RanchoSantana\/","https:\/\/www.instagram.com\/ranchosantana_nicaragua\/"]}]}},"_links":{"self":[{"href":"https:\/\/ranchosantana.com\/es\/wp-json\/wp\/v2\/pages\/3265","targetHints":{"allow":["GET"]}}],"collection":[{"href":"https:\/\/ranchosantana.com\/es\/wp-json\/wp\/v2\/pages"}],"about":[{"href":"https:\/\/ranchosantana.com\/es\/wp-json\/wp\/v2\/types\/page"}],"author":[{"embeddable":true,"href":"https:\/\/ranchosantana.com\/es\/wp-json\/wp\/v2\/users\/1"}],"replies":[{"embeddable":true,"href":"https:\/\/ranchosantana.com\/es\/wp-json\/wp\/v2\/comments?post=3265"}],"version-history":[{"count":5,"href":"https:\/\/ranchosantana.com\/es\/wp-json\/wp\/v2\/pages\/3265\/revisions"}],"predecessor-version":[{"id":40818,"href":"https:\/\/ranchosantana.com\/es\/wp-json\/wp\/v2\/pages\/3265\/revisions\/40818"}],"wp:attachment":[{"href":"https:\/\/ranchosantana.com\/es\/wp-json\/wp\/v2\/media?parent=3265"}],"curies":[{"name":"wp","href":"https:\/\/api.w.org\/{rel}","templated":true}]}}