{"id":3251,"date":"2022-10-26T12:58:14","date_gmt":"2022-10-26T12:58:14","guid":{"rendered":"https:\/\/dev.ranchosantana.com\/buy-property\/ownership-faq\/"},"modified":"2025-06-12T16:36:24","modified_gmt":"2025-06-12T16:36:24","slug":"propiedad-faq","status":"publish","type":"page","link":"https:\/\/ranchosantana.com\/es\/bienes-raices\/propiedad-faq\/","title":{"rendered":"FAQ SOBRE LA ADQUISICI\u00d3N DE PROPIEDAD"},"content":{"rendered":"\n<section id=\"block_c683f5353dac41eab9e324917f2bddac\" class=\"page-hero type-simple \">\n    \n        \n    <div class=\"holder\">\n        <div class=\"simple-hero-content\">\n            <hgroup>\n                <h1>Propiedad FAQ<\/h1>\n<p>\u00bfQuiere saber m\u00e1s sobre la adquisici\u00f3n de propiedades en Rancho Santana? Inf\u00f3rmate sobre las preguntas m\u00e1s comunes que surgen en torno a este tema.<\/p>\n            <\/hgroup>\n            <ul class=\"hero-info\">\n                            <\/ul>\n        <\/div>\n        <figure>\n                        <span class=\"img-holder\" style=\"background-image:url(https:\/\/ranchosantana.com\/wp-content\/uploads\/2022\/10\/DSC_7209-HDR-scaled.jpg)\"><\/span>\n                    <\/figure>\n    <\/div>\n    \n        \n<\/section>\n\n\n<section id=\"block_6d2d6551a24f0cbf179f65eb17d362d0\" class=\"toggler-outer\">\n    \n    <div class=\"holder-wide\">\n        \n                <hgroup>\n            <h2>Preguntas Frecuentes<\/h2>\n        <\/hgroup>\n                        <div class=\"entry\">\n            <p>\u00bfNo encuentras lo que buscas? Cons\u00faltenos en <a href=\"mailto:realestate@ranchosantana.com\">realestate@ranchosantana.com<\/a><\/p>\n        <\/div>\n                \n                \n                    \n            <dl class=\"toggle-list entry\">\n                            <dt>\n                    <h3>\u00bfExisten restricciones para extranjeros que posean propiedades en Nicaragua?<\/h3>\n                    <span class=\"toggle-icon\"><\/span>\n                <\/dt>\n                <dd>\n                    <p><span style=\"font-weight: 400;\">No existe ninguna restricci\u00f3n para que cualquier extranjero (ciudadano estadounidense u otro) sea due\u00f1o de una propiedad dentro de Rancho Santana. Los extranjeros tienen los mismos derechos que los nicarag\u00fcenses, incluyendo los derechos de propiedad, as\u00ed que no se tiene que hacer ning\u00fan tr\u00e1mite adicional. Todos los t\u00edtulos de propiedad son de dominio absoluto.<\/span><\/p>\n                <\/dd>\n                            <dt>\n                    <h3>Si tengo preguntas espec\u00edficas sobre la propiedad, \u00bfpueden recomendarme un abogado?<\/h3>\n                    <span class=\"toggle-icon\"><\/span>\n                <\/dt>\n                <dd>\n                    <p><span style=\"font-weight: 400;\">Si tiene alguna pregunta concreta en mente, estaremos encantados de ponerte en contacto con el bufete de abogados de confianza con el que trabajamos cada d\u00eda, Garc\u00eda &amp; Bod\u00e1n.<\/span><\/p>\n                <\/dd>\n                            <dt>\n                    <h3>\u00bfA qui\u00e9n debo contactar si estoy interesado en vender mi propiedad en Rancho Santana?<\/h3>\n                    <span class=\"toggle-icon\"><\/span>\n                <\/dt>\n                <dd>\n                    <p><span style=\"font-weight: 400;\">Tenemos un equipo inmobiliario acreditado listo para ayudarte.<\/span><\/p>\n<p><a href=\"mailto:realestate@ranchosantana.com\">Cont\u00e1ctanos<\/a><\/p>\n                <\/dd>\n                            <dt>\n                    <h3>\u00bfOfrecen educaci\u00f3n y cuidado de ni\u00f1os en el Rancho Santana?<\/h3>\n                    <span class=\"toggle-icon\"><\/span>\n                <\/dt>\n                <dd>\n                    <p><span style=\"font-weight: 400;\">Contamos con una escuela in sitio, la Escuela Santa Ana, que est\u00e1 acreditada por el Consejo de Educaci\u00f3n de Pensilvania. La escuela ofrece una educaci\u00f3n de alto nivel acreditada internacionalmente a los estudiantes de preescolar 3\/4 hasta el 12\u00ba grado.<\/span><\/p>\n<p><a href=\"https:\/\/ranchosantana.com\/es\/bienes-raices\/escuela-de-rancho-santana-in-situ\/\"><span style=\"font-weight: 400;\">Conoce m\u00e1s sobre nuestra escuela<\/span><\/a><\/p>\n                <\/dd>\n                            <dt>\n                    <h3>\u00bfOfrecen financiamiento?<\/h3>\n                    <span class=\"toggle-icon\"><\/span>\n                <\/dt>\n                <dd>\n                    <p>Ofrecemos financiaci\u00f3n hasta el 80% del precio de compra de todas nuestras propiedades en venta. Tambi\u00e9n ofrecemos financiaci\u00f3n para la construcci\u00f3n.<\/p>\n                <\/dd>\n                        <\/dl>\n        \n                    \n                \n                <a class=\"btn ghost\" href=\"mailto:realestate@ranchosantana.com\" target=\"_self\">Cont\u00e1ctanos<\/a>\n                \n    <\/div>\n    \n<\/section>\n\n\n\n<section id=\"block_3b446c922e6a4dc0b5db6383080b1225\" class=\"featured-content-outer\">\n    \n    <div class=\"holder-wide\">\n        \n                <div class=\"title-holder with-actions responsive-button-below\">\n            <h2>Lista de propiedades a la venta<\/h2>\n                            <a class=\"btn ghost\" href=\"https:\/\/ranchosantana.com\/buy-property\/property-listings\/\" target=\"_self\">Ver Propiedades<\/a>\n                    <\/div>\n                \n        \n                        <div class=\"responsive-post-grid-outer\">\n                <div class=\"post-grid post-grid-vertical\">\n                                    <article>\n                        <a href=\"https:\/\/ranchosantana.com\/es\/property\/lot-c-23\/\">\n                            <hgroup>\n                                <small>\n                                                                            Lot    \n                                     \/ Lot C-23                                <\/small>\n                                <h3>Price: $145,000<\/h3>\n                                <span class=\"more\">\n                                    <p><u>Explorar<\/u><\/p>\n                                <\/span>\n                            <\/hgroup>\n                            <figure>\n                                <span class=\"img-holder\" style=\"background-image: url(https:\/\/ranchosantana.com\/wp-content\/uploads\/2022\/12\/DSC7027-HDR-1024x683.jpg)\" ><\/span>\n                            <\/figure>\n                        <\/a>\n                    <\/article>\n                                    <article>\n                        <a href=\"https:\/\/ranchosantana.com\/es\/?post_type=property&#038;p=18656\">\n                            <hgroup>\n                                <small>\n                                                                            Lot    \n                                     \/ Lote M-30                                <\/small>\n                                <h3>Price: $90,000<\/h3>\n                                <span class=\"more\">\n                                    <p><u>Explorar<\/u><\/p>\n                                <\/span>\n                            <\/hgroup>\n                            <figure>\n                                <span class=\"img-holder\" style=\"background-image: url(https:\/\/ranchosantana.com\/wp-content\/uploads\/2022\/10\/DSC7180-1024x683.jpg)\" ><\/span>\n                            <\/figure>\n                        <\/a>\n                    <\/article>\n                                    <article>\n                        <a href=\"https:\/\/ranchosantana.com\/es\/property\/lot-c-25\/\">\n                            <hgroup>\n                                <small>\n                                                                            Lot    \n                                     \/ Lot C-25                                <\/small>\n                                <h3>Price: $99,900<\/h3>\n                                <span class=\"more\">\n                                    <p><u>Explorar<\/u><\/p>\n                                <\/span>\n                            <\/hgroup>\n                            <figure>\n                                <span class=\"img-holder\" style=\"background-image: url(https:\/\/ranchosantana.com\/wp-content\/uploads\/2022\/11\/C25_1-1024x575.jpg)\" ><\/span>\n                            <\/figure>\n                        <\/a>\n                    <\/article>\n                                <\/div>\n            <\/div>\n                        \n                \n    <\/div>\n\n<\/section>\n","protected":false},"excerpt":{"rendered":"","protected":false},"author":1,"featured_media":5108,"parent":3229,"menu_order":50,"comment_status":"closed","ping_status":"closed","template":"","meta":{"_acf_changed":false,"inline_featured_image":false,"footnotes":""},"class_list":["post-3251","page","type-page","status-publish","has-post-thumbnail","hentry"],"acf":[],"yoast_head":"<!-- This site is optimized with the Yoast SEO Premium plugin v26.4 (Yoast SEO v26.4) - https:\/\/yoast.com\/wordpress\/plugins\/seo\/ -->\n<title>FAQ SOBRE LA ADQUISICI\u00d3N DE PROPIEDAD | Rancho Santana<\/title>\n<meta name=\"robots\" content=\"index, follow, max-snippet:-1, max-image-preview:large, max-video-preview:-1\" \/>\n<link rel=\"canonical\" href=\"https:\/\/ranchosantana.com\/es\/bienes-raices\/propiedad-faq\/\" \/>\n<meta property=\"og:locale\" content=\"es_ES\" \/>\n<meta property=\"og:type\" content=\"article\" \/>\n<meta property=\"og:title\" content=\"FAQ SOBRE LA ADQUISICI\u00d3N DE PROPIEDAD\" \/>\n<meta property=\"og:url\" content=\"https:\/\/ranchosantana.com\/es\/bienes-raices\/propiedad-faq\/\" \/>\n<meta property=\"og:site_name\" content=\"Rancho Santana\" \/>\n<meta property=\"article:publisher\" content=\"https:\/\/www.facebook.com\/RanchoSantana\/\" \/>\n<meta property=\"article:modified_time\" content=\"2025-06-12T16:36:24+00:00\" \/>\n<meta property=\"og:image\" content=\"https:\/\/ranchosantana.com\/wp-content\/uploads\/2023\/01\/DJI_0978-scaled.jpg\" \/>\n\t<meta property=\"og:image:width\" content=\"2560\" \/>\n\t<meta property=\"og:image:height\" content=\"1705\" \/>\n\t<meta property=\"og:image:type\" content=\"image\/jpeg\" \/>\n<meta name=\"twitter:card\" content=\"summary_large_image\" \/>\n<script type=\"application\/ld+json\" class=\"yoast-schema-graph\">{\"@context\":\"https:\/\/schema.org\",\"@graph\":[{\"@type\":\"WebPage\",\"@id\":\"https:\/\/ranchosantana.com\/es\/bienes-raices\/propiedad-faq\/\",\"url\":\"https:\/\/ranchosantana.com\/es\/bienes-raices\/propiedad-faq\/\",\"name\":\"FAQ SOBRE LA ADQUISICI\u00d3N DE PROPIEDAD | Rancho Santana\",\"isPartOf\":{\"@id\":\"https:\/\/ranchosantana.com\/es\/#website\"},\"primaryImageOfPage\":{\"@id\":\"https:\/\/ranchosantana.com\/es\/bienes-raices\/propiedad-faq\/#primaryimage\"},\"image\":{\"@id\":\"https:\/\/ranchosantana.com\/es\/bienes-raices\/propiedad-faq\/#primaryimage\"},\"thumbnailUrl\":\"https:\/\/ranchosantana.com\/wp-content\/uploads\/2023\/01\/DJI_0978-scaled.jpg\",\"datePublished\":\"2022-10-26T12:58:14+00:00\",\"dateModified\":\"2025-06-12T16:36:24+00:00\",\"breadcrumb\":{\"@id\":\"https:\/\/ranchosantana.com\/es\/bienes-raices\/propiedad-faq\/#breadcrumb\"},\"inLanguage\":\"es\",\"potentialAction\":[{\"@type\":\"ReadAction\",\"target\":[\"https:\/\/ranchosantana.com\/es\/bienes-raices\/propiedad-faq\/\"]}]},{\"@type\":\"ImageObject\",\"inLanguage\":\"es\",\"@id\":\"https:\/\/ranchosantana.com\/es\/bienes-raices\/propiedad-faq\/#primaryimage\",\"url\":\"https:\/\/ranchosantana.com\/wp-content\/uploads\/2023\/01\/DJI_0978-scaled.jpg\",\"contentUrl\":\"https:\/\/ranchosantana.com\/wp-content\/uploads\/2023\/01\/DJI_0978-scaled.jpg\",\"width\":2560,\"height\":1705,\"caption\":\"Lot LP-55\"},{\"@type\":\"BreadcrumbList\",\"@id\":\"https:\/\/ranchosantana.com\/es\/bienes-raices\/propiedad-faq\/#breadcrumb\",\"itemListElement\":[{\"@type\":\"ListItem\",\"position\":1,\"name\":\"Home\",\"item\":\"https:\/\/ranchosantana.com\/es\/\"},{\"@type\":\"ListItem\",\"position\":2,\"name\":\"Bienes Ra\u00edces\",\"item\":\"https:\/\/ranchosantana.com\/es\/bienes-raices\/\"},{\"@type\":\"ListItem\",\"position\":3,\"name\":\"FAQ SOBRE LA ADQUISICI\u00d3N DE PROPIEDAD\"}]},{\"@type\":\"WebSite\",\"@id\":\"https:\/\/ranchosantana.com\/es\/#website\",\"url\":\"https:\/\/ranchosantana.com\/es\/\",\"name\":\"Rancho Santana\",\"description\":\"A Sprawling Coastal Escape\",\"publisher\":{\"@id\":\"https:\/\/ranchosantana.com\/es\/#organization\"},\"potentialAction\":[{\"@type\":\"SearchAction\",\"target\":{\"@type\":\"EntryPoint\",\"urlTemplate\":\"https:\/\/ranchosantana.com\/es\/?s={search_term_string}\"},\"query-input\":{\"@type\":\"PropertyValueSpecification\",\"valueRequired\":true,\"valueName\":\"search_term_string\"}}],\"inLanguage\":\"es\"},{\"@type\":\"Organization\",\"@id\":\"https:\/\/ranchosantana.com\/es\/#organization\",\"name\":\"Rancho Santana\",\"url\":\"https:\/\/ranchosantana.com\/es\/\",\"logo\":{\"@type\":\"ImageObject\",\"inLanguage\":\"es\",\"@id\":\"https:\/\/ranchosantana.com\/es\/#\/schema\/logo\/image\/\",\"url\":\"https:\/\/ranchosantana.com\/wp-content\/uploads\/2023\/08\/logo-dark.png\",\"contentUrl\":\"https:\/\/ranchosantana.com\/wp-content\/uploads\/2023\/08\/logo-dark.png\",\"width\":111,\"height\":56,\"caption\":\"Rancho Santana\"},\"image\":{\"@id\":\"https:\/\/ranchosantana.com\/es\/#\/schema\/logo\/image\/\"},\"sameAs\":[\"https:\/\/www.facebook.com\/RanchoSantana\/\",\"https:\/\/www.instagram.com\/ranchosantana_nicaragua\/\"]}]}<\/script>\n<!-- \/ Yoast SEO Premium plugin. -->","yoast_head_json":{"title":"FAQ SOBRE LA ADQUISICI\u00d3N DE PROPIEDAD | Rancho Santana","robots":{"index":"index","follow":"follow","max-snippet":"max-snippet:-1","max-image-preview":"max-image-preview:large","max-video-preview":"max-video-preview:-1"},"canonical":"https:\/\/ranchosantana.com\/es\/bienes-raices\/propiedad-faq\/","og_locale":"es_ES","og_type":"article","og_title":"FAQ SOBRE LA ADQUISICI\u00d3N DE PROPIEDAD","og_url":"https:\/\/ranchosantana.com\/es\/bienes-raices\/propiedad-faq\/","og_site_name":"Rancho Santana","article_publisher":"https:\/\/www.facebook.com\/RanchoSantana\/","article_modified_time":"2025-06-12T16:36:24+00:00","og_image":[{"width":2560,"height":1705,"url":"https:\/\/ranchosantana.com\/wp-content\/uploads\/2023\/01\/DJI_0978-scaled.jpg","type":"image\/jpeg"}],"twitter_card":"summary_large_image","schema":{"@context":"https:\/\/schema.org","@graph":[{"@type":"WebPage","@id":"https:\/\/ranchosantana.com\/es\/bienes-raices\/propiedad-faq\/","url":"https:\/\/ranchosantana.com\/es\/bienes-raices\/propiedad-faq\/","name":"FAQ SOBRE LA ADQUISICI\u00d3N DE PROPIEDAD | Rancho Santana","isPartOf":{"@id":"https:\/\/ranchosantana.com\/es\/#website"},"primaryImageOfPage":{"@id":"https:\/\/ranchosantana.com\/es\/bienes-raices\/propiedad-faq\/#primaryimage"},"image":{"@id":"https:\/\/ranchosantana.com\/es\/bienes-raices\/propiedad-faq\/#primaryimage"},"thumbnailUrl":"https:\/\/ranchosantana.com\/wp-content\/uploads\/2023\/01\/DJI_0978-scaled.jpg","datePublished":"2022-10-26T12:58:14+00:00","dateModified":"2025-06-12T16:36:24+00:00","breadcrumb":{"@id":"https:\/\/ranchosantana.com\/es\/bienes-raices\/propiedad-faq\/#breadcrumb"},"inLanguage":"es","potentialAction":[{"@type":"ReadAction","target":["https:\/\/ranchosantana.com\/es\/bienes-raices\/propiedad-faq\/"]}]},{"@type":"ImageObject","inLanguage":"es","@id":"https:\/\/ranchosantana.com\/es\/bienes-raices\/propiedad-faq\/#primaryimage","url":"https:\/\/ranchosantana.com\/wp-content\/uploads\/2023\/01\/DJI_0978-scaled.jpg","contentUrl":"https:\/\/ranchosantana.com\/wp-content\/uploads\/2023\/01\/DJI_0978-scaled.jpg","width":2560,"height":1705,"caption":"Lot LP-55"},{"@type":"BreadcrumbList","@id":"https:\/\/ranchosantana.com\/es\/bienes-raices\/propiedad-faq\/#breadcrumb","itemListElement":[{"@type":"ListItem","position":1,"name":"Home","item":"https:\/\/ranchosantana.com\/es\/"},{"@type":"ListItem","position":2,"name":"Bienes Ra\u00edces","item":"https:\/\/ranchosantana.com\/es\/bienes-raices\/"},{"@type":"ListItem","position":3,"name":"FAQ SOBRE LA ADQUISICI\u00d3N DE PROPIEDAD"}]},{"@type":"WebSite","@id":"https:\/\/ranchosantana.com\/es\/#website","url":"https:\/\/ranchosantana.com\/es\/","name":"Rancho Santana","description":"A Sprawling Coastal Escape","publisher":{"@id":"https:\/\/ranchosantana.com\/es\/#organization"},"potentialAction":[{"@type":"SearchAction","target":{"@type":"EntryPoint","urlTemplate":"https:\/\/ranchosantana.com\/es\/?s={search_term_string}"},"query-input":{"@type":"PropertyValueSpecification","valueRequired":true,"valueName":"search_term_string"}}],"inLanguage":"es"},{"@type":"Organization","@id":"https:\/\/ranchosantana.com\/es\/#organization","name":"Rancho Santana","url":"https:\/\/ranchosantana.com\/es\/","logo":{"@type":"ImageObject","inLanguage":"es","@id":"https:\/\/ranchosantana.com\/es\/#\/schema\/logo\/image\/","url":"https:\/\/ranchosantana.com\/wp-content\/uploads\/2023\/08\/logo-dark.png","contentUrl":"https:\/\/ranchosantana.com\/wp-content\/uploads\/2023\/08\/logo-dark.png","width":111,"height":56,"caption":"Rancho Santana"},"image":{"@id":"https:\/\/ranchosantana.com\/es\/#\/schema\/logo\/image\/"},"sameAs":["https:\/\/www.facebook.com\/RanchoSantana\/","https:\/\/www.instagram.com\/ranchosantana_nicaragua\/"]}]}},"_links":{"self":[{"href":"https:\/\/ranchosantana.com\/es\/wp-json\/wp\/v2\/pages\/3251","targetHints":{"allow":["GET"]}}],"collection":[{"href":"https:\/\/ranchosantana.com\/es\/wp-json\/wp\/v2\/pages"}],"about":[{"href":"https:\/\/ranchosantana.com\/es\/wp-json\/wp\/v2\/types\/page"}],"author":[{"embeddable":true,"href":"https:\/\/ranchosantana.com\/es\/wp-json\/wp\/v2\/users\/1"}],"replies":[{"embeddable":true,"href":"https:\/\/ranchosantana.com\/es\/wp-json\/wp\/v2\/comments?post=3251"}],"version-history":[{"count":0,"href":"https:\/\/ranchosantana.com\/es\/wp-json\/wp\/v2\/pages\/3251\/revisions"}],"up":[{"embeddable":true,"href":"https:\/\/ranchosantana.com\/es\/wp-json\/wp\/v2\/pages\/3229"}],"wp:featuredmedia":[{"embeddable":true,"href":"https:\/\/ranchosantana.com\/es\/wp-json\/wp\/v2\/media\/5108"}],"wp:attachment":[{"href":"https:\/\/ranchosantana.com\/es\/wp-json\/wp\/v2\/media?parent=3251"}],"curies":[{"name":"wp","href":"https:\/\/api.w.org\/{rel}","templated":true}]}}