{"id":3250,"date":"2022-10-28T18:58:52","date_gmt":"2022-10-28T18:58:52","guid":{"rendered":"https:\/\/dev.ranchosantana.com\/buy-property\/owners-benefits\/"},"modified":"2025-09-30T09:36:08","modified_gmt":"2025-09-30T09:36:08","slug":"beneficios-de-los-propietarios","status":"publish","type":"page","link":"https:\/\/ranchosantana.com\/es\/bienes-raices\/beneficios-de-los-propietarios\/","title":{"rendered":"Beneficios de los Propietarios"},"content":{"rendered":"\n<section id=\"block_3c132fb8405b2b8fcabaa97c443bad84\" class=\"page-hero type-default \">\n    \n        \n    <div class=\"holder\">\n        <hgroup>\n            <h1><b>Beneficios de los Propietarios<\/b><\/h1>\n<p><span style=\"font-weight: 400;\">Los propietarios tienen ventajas que van m\u00e1s all\u00e1 de disfrutar de su para\u00edso nicarag\u00fcense. Podr\u00e1s beneficiarte de descuentos en alquileres, cenas en restaurantes, tratamientos en el spa y mucho m\u00e1s.<\/span><\/p>\n        <\/hgroup>\n        <ul class=\"hero-info\">\n                    <\/ul>\n    <\/div>\n    \n        \n    <span class=\"media-overlay\"><\/span>\n        <div class=\"page-hero-background\">\n                <span style=\"background-image:url(https:\/\/ranchosantana.com\/wp-content\/uploads\/2022\/11\/WIL_9278-1-scaled.jpg)\"><\/span>\n            <\/div>\n    \n        \n<\/section>\n\n\n<section id=\"block_1a9722027ad0f5cd6ddbbd3a797a0e65\" class=\"content-editor-outer\">\n    \n    <div class=\"holder-wide\">\n        <article class=\"entry\">\n            <div class=\"acf-innerblocks-container\">\n\n<h2 class=\"wp-block-heading\"><strong>Descuentos en Alquileres<\/strong><\/h2>\n\n\n\n<p>Exclusivamente para nuestros propietarios, ofrecemos un generoso descuento del 40% en los alquileres a trav\u00e9s de Rancho Santana Vacation Rental. T\u00f3mate unas vacaciones en otras zonas de la propiedad, o consigue una oferta de alojamiento adicional para amigos y familiares cuando te visiten en el Rancho.<\/p>\n\n\n<div class=\"wp-block-image\">\n<figure class=\"aligncenter size-full\"><img decoding=\"async\" width=\"1320\" height=\"582\" src=\"https:\/\/ranchosantana.com\/wp-content\/uploads\/2022\/10\/benefits-img-1.jpg\" alt=\"\" class=\"wp-image-753\" srcset=\"https:\/\/ranchosantana.com\/wp-content\/uploads\/2022\/10\/benefits-img-1.jpg 1320w, https:\/\/ranchosantana.com\/wp-content\/uploads\/2022\/10\/benefits-img-1-300x132.jpg 300w, https:\/\/ranchosantana.com\/wp-content\/uploads\/2022\/10\/benefits-img-1-1024x451.jpg 1024w, https:\/\/ranchosantana.com\/wp-content\/uploads\/2022\/10\/benefits-img-1-768x339.jpg 768w\" sizes=\"(max-width: 1320px) 100vw, 1320px\" \/><\/figure>\n<\/div>\n\n\n<h2 class=\"wp-block-heading\"><strong>Descuentos en Amenidades<\/strong><\/h2>\n\n\n\n<p>Con el fin de que nuestra comunidad viva como si estuviera siempre de vacaciones, los propietarios reciben un 15% de descuento en nuestros cuatro restaurantes, y un 25% de descuento en determinados servicios en los Establos, el Spa de El Bosque y el Beach &amp; Surf Club.<\/p>\n\n\n<div class=\"wp-block-image\">\n<figure class=\"aligncenter size-large\"><img decoding=\"async\" width=\"1024\" height=\"576\" src=\"https:\/\/ranchosantana.com\/wp-content\/uploads\/2022\/12\/Spa-18-edited-1024x576.jpg\" alt=\"\" class=\"wp-image-3573\" srcset=\"https:\/\/ranchosantana.com\/wp-content\/uploads\/2022\/12\/Spa-18-edited-1024x576.jpg 1024w, https:\/\/ranchosantana.com\/wp-content\/uploads\/2022\/12\/Spa-18-edited-300x169.jpg 300w, https:\/\/ranchosantana.com\/wp-content\/uploads\/2022\/12\/Spa-18-edited-768x432.jpg 768w, https:\/\/ranchosantana.com\/wp-content\/uploads\/2022\/12\/Spa-18-edited-1536x864.jpg 1536w, https:\/\/ranchosantana.com\/wp-content\/uploads\/2022\/12\/Spa-18-edited-2048x1152.jpg 2048w\" sizes=\"(max-width: 1024px) 100vw, 1024px\" \/><\/figure>\n<\/div>\n\n\n<h2 class=\"wp-block-heading\"><strong>Descuentos en Viajes<\/strong><\/h2>\n\n\n\n<p>Tambi\u00e9n ofrecemos a nuestros propietarios tarifas especiales en los traslados al aeropuerto o en cualquier transporte organizado por conserjer\u00eda dentro del pa\u00eds.<\/p>\n\n\n\n<p><a href=\"mailto:reservations@ranchosantana.com\" data-type=\"mailto\" data-id=\"mailto:reservations@ranchosantana.com\">Contacta con nuestro equipo de Reservas para planificar su estancia.<\/a><\/p>\n\n\n<div class=\"wp-block-image\">\n<figure class=\"aligncenter size-large\"><img decoding=\"async\" width=\"1024\" height=\"576\" src=\"https:\/\/ranchosantana.com\/wp-content\/uploads\/2022\/12\/5-Beaches-edited-1024x576.jpg\" alt=\"\" class=\"wp-image-3575\" srcset=\"https:\/\/ranchosantana.com\/wp-content\/uploads\/2022\/12\/5-Beaches-edited-1024x576.jpg 1024w, https:\/\/ranchosantana.com\/wp-content\/uploads\/2022\/12\/5-Beaches-edited-300x169.jpg 300w, https:\/\/ranchosantana.com\/wp-content\/uploads\/2022\/12\/5-Beaches-edited-768x432.jpg 768w, https:\/\/ranchosantana.com\/wp-content\/uploads\/2022\/12\/5-Beaches-edited-1536x864.jpg 1536w, https:\/\/ranchosantana.com\/wp-content\/uploads\/2022\/12\/5-Beaches-edited.jpg 1584w\" sizes=\"(max-width: 1024px) 100vw, 1024px\" \/><\/figure>\n<\/div>\n<\/div>        <\/article>\n    <\/div>\n\n<\/section>\n\n\n\n<section id=\"block_de56ce9e10da37848437e04e38f8bd98\" class=\"two-columns v2 reversed\">\n    <div class=\"holder\">\n        <div class=\"two-column-content\">\n            <article class=\"entry\">\n                <div class=\"acf-innerblocks-container\">\n\n<h2 class=\"wp-block-heading\">Eu lacus cum vel<\/h2>\n\n\n\n<p>Lorem ipsum dolor sit amet, consectetur adipiscing elit. Diam feugiat consectetur dui, lorem. Tortor faucibus augue ut leo tristique ut. Elit at et mollis commodo gravida pretium. Ut cursus leo et varius aliquam elementum nisl ut orci. Vitae.<\/p>\n\n<\/div>            <\/article>\n                            <figure class=\"animated\">\n                                        <span class=\"img-holder\" style=\"background-image:url(https:\/\/ranchosantana.com\/wp-content\/uploads\/2022\/10\/benefits-img-2.jpg)\"><\/span>\n                                    <\/figure>\n                    <\/div>\n    <\/div>\n<\/section>\n\n\n<section id=\"block_f7c79a2d539a572393a3c50e74bb214f\" class=\"featured-content-outer\">\n    \n    <div class=\"holder-wide\">\n        \n                <div class=\"title-holder \">\n            <h2>Blog posts<\/h2>\n                    <\/div>\n                \n        \n                        <div class=\"responsive-post-grid-outer\">\n                <div class=\"post-grid post-grid-vertical\">\n                                    <article>\n                        <a href=\"https:\/\/ranchosantana.com\/es\/property\/casa-campana-lp-18\/\">\n                            <hgroup>\n                                <small>\n                                                                            Casa Con Vista al Mar    \n                                     \/ Casa Campana (LP-18)                                <\/small>\n                                <h3>Price: $1,975,000<\/h3>\n                                <span class=\"more\">\n                                    <p><u>Explorar<\/u><\/p>\n                                <\/span>\n                            <\/hgroup>\n                            <figure>\n                                <span class=\"img-holder\" style=\"background-image: url(https:\/\/ranchosantana.com\/wp-content\/uploads\/2023\/01\/DSC3352.jpg)\" ><\/span>\n                            <\/figure>\n                        <\/a>\n                    <\/article>\n                                    <article>\n                        <a href=\"https:\/\/ranchosantana.com\/es\/?post_type=property&#038;p=8222\">\n                            <hgroup>\n                                <small>\n                                                                            Casitas    \n                                     \/ Garden View Casita V-7                                <\/small>\n                                <h3>Price: $389,000<\/h3>\n                                <span class=\"more\">\n                                    <p><u>Explorar<\/u><\/p>\n                                <\/span>\n                            <\/hgroup>\n                            <figure>\n                                <span class=\"img-holder\" style=\"background-image: url(https:\/\/ranchosantana.com\/wp-content\/uploads\/2022\/10\/DSC02809-copia-scaled-1.jpg)\" ><\/span>\n                            <\/figure>\n                        <\/a>\n                    <\/article>\n                                    <article>\n                        <a href=\"https:\/\/ranchosantana.com\/es\/?post_type=property&#038;p=7288\">\n                            <hgroup>\n                                <small>\n                                                                            Casitas    \n                                     \/ Casita V-3                                <\/small>\n                                <h3>Price: $415,000<\/h3>\n                                <span class=\"more\">\n                                    <p><u>Explorar<\/u><\/p>\n                                <\/span>\n                            <\/hgroup>\n                            <figure>\n                                <span class=\"img-holder\" style=\"background-image: url(https:\/\/ranchosantana.com\/wp-content\/uploads\/2022\/12\/v3_1-1024x683.jpg)\" ><\/span>\n                            <\/figure>\n                        <\/a>\n                    <\/article>\n                                <\/div>\n            <\/div>\n                        \n                \n    <\/div>\n\n<\/section>\n","protected":false},"excerpt":{"rendered":"","protected":false},"author":1,"featured_media":3583,"parent":3229,"menu_order":40,"comment_status":"closed","ping_status":"closed","template":"","meta":{"_acf_changed":false,"inline_featured_image":false,"footnotes":""},"class_list":["post-3250","page","type-page","status-publish","has-post-thumbnail","hentry"],"acf":[],"yoast_head":"<!-- This site is optimized with the Yoast SEO Premium plugin v26.4 (Yoast SEO v26.4) - https:\/\/yoast.com\/wordpress\/plugins\/seo\/ -->\n<title>Beneficios de los Propietarios | Rancho Santana Nicaragua<\/title>\n<meta name=\"description\" content=\"Podr\u00e1s beneficiarte de descuentos en alquileres, cenas en restaurantes, tratamientos en el spa y mucho m\u00e1s. Cont\u00e1ctenos para recibir m\u00e1s informaci\u00f3n\" \/>\n<meta name=\"robots\" content=\"index, follow, max-snippet:-1, max-image-preview:large, max-video-preview:-1\" \/>\n<link rel=\"canonical\" href=\"https:\/\/ranchosantana.com\/es\/bienes-raices\/beneficios-de-los-propietarios\/\" \/>\n<meta property=\"og:locale\" content=\"es_ES\" \/>\n<meta property=\"og:type\" content=\"article\" \/>\n<meta property=\"og:title\" content=\"Beneficios de los Propietarios\" \/>\n<meta property=\"og:description\" content=\"Podr\u00e1s beneficiarte de descuentos en alquileres, cenas en restaurantes, tratamientos en el spa y mucho m\u00e1s. Cont\u00e1ctenos para recibir m\u00e1s informaci\u00f3n\" \/>\n<meta property=\"og:url\" content=\"https:\/\/ranchosantana.com\/es\/bienes-raices\/beneficios-de-los-propietarios\/\" \/>\n<meta property=\"og:site_name\" content=\"Rancho Santana\" \/>\n<meta property=\"article:publisher\" content=\"https:\/\/www.facebook.com\/RanchoSantana\/\" \/>\n<meta property=\"article:modified_time\" content=\"2025-09-30T09:36:08+00:00\" \/>\n<meta property=\"og:image\" content=\"https:\/\/ranchosantana.com\/wp-content\/uploads\/2022\/12\/WIL_6750-2.jpg\" \/>\n\t<meta property=\"og:image:width\" content=\"1000\" \/>\n\t<meta property=\"og:image:height\" content=\"667\" \/>\n\t<meta property=\"og:image:type\" content=\"image\/jpeg\" \/>\n<meta name=\"twitter:card\" content=\"summary_large_image\" \/>\n<meta name=\"twitter:label1\" content=\"Tiempo de lectura\" \/>\n\t<meta name=\"twitter:data1\" content=\"2 minutos\" \/>\n<script type=\"application\/ld+json\" class=\"yoast-schema-graph\">{\"@context\":\"https:\/\/schema.org\",\"@graph\":[{\"@type\":\"WebPage\",\"@id\":\"https:\/\/ranchosantana.com\/es\/bienes-raices\/beneficios-de-los-propietarios\/\",\"url\":\"https:\/\/ranchosantana.com\/es\/bienes-raices\/beneficios-de-los-propietarios\/\",\"name\":\"Beneficios de los Propietarios | Rancho Santana Nicaragua\",\"isPartOf\":{\"@id\":\"https:\/\/ranchosantana.com\/es\/#website\"},\"primaryImageOfPage\":{\"@id\":\"https:\/\/ranchosantana.com\/es\/bienes-raices\/beneficios-de-los-propietarios\/#primaryimage\"},\"image\":{\"@id\":\"https:\/\/ranchosantana.com\/es\/bienes-raices\/beneficios-de-los-propietarios\/#primaryimage\"},\"thumbnailUrl\":\"https:\/\/ranchosantana.com\/wp-content\/uploads\/2022\/12\/WIL_6750-2.jpg\",\"datePublished\":\"2022-10-28T18:58:52+00:00\",\"dateModified\":\"2025-09-30T09:36:08+00:00\",\"description\":\"Podr\u00e1s beneficiarte de descuentos en alquileres, cenas en restaurantes, tratamientos en el spa y mucho m\u00e1s. Cont\u00e1ctenos para recibir m\u00e1s informaci\u00f3n\",\"breadcrumb\":{\"@id\":\"https:\/\/ranchosantana.com\/es\/bienes-raices\/beneficios-de-los-propietarios\/#breadcrumb\"},\"inLanguage\":\"es\",\"potentialAction\":[{\"@type\":\"ReadAction\",\"target\":[\"https:\/\/ranchosantana.com\/es\/bienes-raices\/beneficios-de-los-propietarios\/\"]}]},{\"@type\":\"ImageObject\",\"inLanguage\":\"es\",\"@id\":\"https:\/\/ranchosantana.com\/es\/bienes-raices\/beneficios-de-los-propietarios\/#primaryimage\",\"url\":\"https:\/\/ranchosantana.com\/wp-content\/uploads\/2022\/12\/WIL_6750-2.jpg\",\"contentUrl\":\"https:\/\/ranchosantana.com\/wp-content\/uploads\/2022\/12\/WIL_6750-2.jpg\",\"width\":1000,\"height\":667,\"caption\":\"view of people eating nicaraguan food at Rancho Santana restaurant\"},{\"@type\":\"BreadcrumbList\",\"@id\":\"https:\/\/ranchosantana.com\/es\/bienes-raices\/beneficios-de-los-propietarios\/#breadcrumb\",\"itemListElement\":[{\"@type\":\"ListItem\",\"position\":1,\"name\":\"Home\",\"item\":\"https:\/\/ranchosantana.com\/es\/\"},{\"@type\":\"ListItem\",\"position\":2,\"name\":\"Bienes Ra\u00edces\",\"item\":\"https:\/\/ranchosantana.com\/es\/bienes-raices\/\"},{\"@type\":\"ListItem\",\"position\":3,\"name\":\"Beneficios de los Propietarios\"}]},{\"@type\":\"WebSite\",\"@id\":\"https:\/\/ranchosantana.com\/es\/#website\",\"url\":\"https:\/\/ranchosantana.com\/es\/\",\"name\":\"Rancho Santana\",\"description\":\"A Sprawling Coastal Escape\",\"publisher\":{\"@id\":\"https:\/\/ranchosantana.com\/es\/#organization\"},\"potentialAction\":[{\"@type\":\"SearchAction\",\"target\":{\"@type\":\"EntryPoint\",\"urlTemplate\":\"https:\/\/ranchosantana.com\/es\/?s={search_term_string}\"},\"query-input\":{\"@type\":\"PropertyValueSpecification\",\"valueRequired\":true,\"valueName\":\"search_term_string\"}}],\"inLanguage\":\"es\"},{\"@type\":\"Organization\",\"@id\":\"https:\/\/ranchosantana.com\/es\/#organization\",\"name\":\"Rancho Santana\",\"url\":\"https:\/\/ranchosantana.com\/es\/\",\"logo\":{\"@type\":\"ImageObject\",\"inLanguage\":\"es\",\"@id\":\"https:\/\/ranchosantana.com\/es\/#\/schema\/logo\/image\/\",\"url\":\"https:\/\/ranchosantana.com\/wp-content\/uploads\/2023\/08\/logo-dark.png\",\"contentUrl\":\"https:\/\/ranchosantana.com\/wp-content\/uploads\/2023\/08\/logo-dark.png\",\"width\":111,\"height\":56,\"caption\":\"Rancho Santana\"},\"image\":{\"@id\":\"https:\/\/ranchosantana.com\/es\/#\/schema\/logo\/image\/\"},\"sameAs\":[\"https:\/\/www.facebook.com\/RanchoSantana\/\",\"https:\/\/www.instagram.com\/ranchosantana_nicaragua\/\"]}]}<\/script>\n<!-- \/ Yoast SEO Premium plugin. -->","yoast_head_json":{"title":"Beneficios de los Propietarios | Rancho Santana Nicaragua","description":"Podr\u00e1s beneficiarte de descuentos en alquileres, cenas en restaurantes, tratamientos en el spa y mucho m\u00e1s. Cont\u00e1ctenos para recibir m\u00e1s informaci\u00f3n","robots":{"index":"index","follow":"follow","max-snippet":"max-snippet:-1","max-image-preview":"max-image-preview:large","max-video-preview":"max-video-preview:-1"},"canonical":"https:\/\/ranchosantana.com\/es\/bienes-raices\/beneficios-de-los-propietarios\/","og_locale":"es_ES","og_type":"article","og_title":"Beneficios de los Propietarios","og_description":"Podr\u00e1s beneficiarte de descuentos en alquileres, cenas en restaurantes, tratamientos en el spa y mucho m\u00e1s. Cont\u00e1ctenos para recibir m\u00e1s informaci\u00f3n","og_url":"https:\/\/ranchosantana.com\/es\/bienes-raices\/beneficios-de-los-propietarios\/","og_site_name":"Rancho Santana","article_publisher":"https:\/\/www.facebook.com\/RanchoSantana\/","article_modified_time":"2025-09-30T09:36:08+00:00","og_image":[{"width":1000,"height":667,"url":"https:\/\/ranchosantana.com\/wp-content\/uploads\/2022\/12\/WIL_6750-2.jpg","type":"image\/jpeg"}],"twitter_card":"summary_large_image","twitter_misc":{"Tiempo de lectura":"2 minutos"},"schema":{"@context":"https:\/\/schema.org","@graph":[{"@type":"WebPage","@id":"https:\/\/ranchosantana.com\/es\/bienes-raices\/beneficios-de-los-propietarios\/","url":"https:\/\/ranchosantana.com\/es\/bienes-raices\/beneficios-de-los-propietarios\/","name":"Beneficios de los Propietarios | Rancho Santana Nicaragua","isPartOf":{"@id":"https:\/\/ranchosantana.com\/es\/#website"},"primaryImageOfPage":{"@id":"https:\/\/ranchosantana.com\/es\/bienes-raices\/beneficios-de-los-propietarios\/#primaryimage"},"image":{"@id":"https:\/\/ranchosantana.com\/es\/bienes-raices\/beneficios-de-los-propietarios\/#primaryimage"},"thumbnailUrl":"https:\/\/ranchosantana.com\/wp-content\/uploads\/2022\/12\/WIL_6750-2.jpg","datePublished":"2022-10-28T18:58:52+00:00","dateModified":"2025-09-30T09:36:08+00:00","description":"Podr\u00e1s beneficiarte de descuentos en alquileres, cenas en restaurantes, tratamientos en el spa y mucho m\u00e1s. Cont\u00e1ctenos para recibir m\u00e1s informaci\u00f3n","breadcrumb":{"@id":"https:\/\/ranchosantana.com\/es\/bienes-raices\/beneficios-de-los-propietarios\/#breadcrumb"},"inLanguage":"es","potentialAction":[{"@type":"ReadAction","target":["https:\/\/ranchosantana.com\/es\/bienes-raices\/beneficios-de-los-propietarios\/"]}]},{"@type":"ImageObject","inLanguage":"es","@id":"https:\/\/ranchosantana.com\/es\/bienes-raices\/beneficios-de-los-propietarios\/#primaryimage","url":"https:\/\/ranchosantana.com\/wp-content\/uploads\/2022\/12\/WIL_6750-2.jpg","contentUrl":"https:\/\/ranchosantana.com\/wp-content\/uploads\/2022\/12\/WIL_6750-2.jpg","width":1000,"height":667,"caption":"view of people eating nicaraguan food at Rancho Santana restaurant"},{"@type":"BreadcrumbList","@id":"https:\/\/ranchosantana.com\/es\/bienes-raices\/beneficios-de-los-propietarios\/#breadcrumb","itemListElement":[{"@type":"ListItem","position":1,"name":"Home","item":"https:\/\/ranchosantana.com\/es\/"},{"@type":"ListItem","position":2,"name":"Bienes Ra\u00edces","item":"https:\/\/ranchosantana.com\/es\/bienes-raices\/"},{"@type":"ListItem","position":3,"name":"Beneficios de los Propietarios"}]},{"@type":"WebSite","@id":"https:\/\/ranchosantana.com\/es\/#website","url":"https:\/\/ranchosantana.com\/es\/","name":"Rancho Santana","description":"A Sprawling Coastal Escape","publisher":{"@id":"https:\/\/ranchosantana.com\/es\/#organization"},"potentialAction":[{"@type":"SearchAction","target":{"@type":"EntryPoint","urlTemplate":"https:\/\/ranchosantana.com\/es\/?s={search_term_string}"},"query-input":{"@type":"PropertyValueSpecification","valueRequired":true,"valueName":"search_term_string"}}],"inLanguage":"es"},{"@type":"Organization","@id":"https:\/\/ranchosantana.com\/es\/#organization","name":"Rancho Santana","url":"https:\/\/ranchosantana.com\/es\/","logo":{"@type":"ImageObject","inLanguage":"es","@id":"https:\/\/ranchosantana.com\/es\/#\/schema\/logo\/image\/","url":"https:\/\/ranchosantana.com\/wp-content\/uploads\/2023\/08\/logo-dark.png","contentUrl":"https:\/\/ranchosantana.com\/wp-content\/uploads\/2023\/08\/logo-dark.png","width":111,"height":56,"caption":"Rancho Santana"},"image":{"@id":"https:\/\/ranchosantana.com\/es\/#\/schema\/logo\/image\/"},"sameAs":["https:\/\/www.facebook.com\/RanchoSantana\/","https:\/\/www.instagram.com\/ranchosantana_nicaragua\/"]}]}},"_links":{"self":[{"href":"https:\/\/ranchosantana.com\/es\/wp-json\/wp\/v2\/pages\/3250","targetHints":{"allow":["GET"]}}],"collection":[{"href":"https:\/\/ranchosantana.com\/es\/wp-json\/wp\/v2\/pages"}],"about":[{"href":"https:\/\/ranchosantana.com\/es\/wp-json\/wp\/v2\/types\/page"}],"author":[{"embeddable":true,"href":"https:\/\/ranchosantana.com\/es\/wp-json\/wp\/v2\/users\/1"}],"replies":[{"embeddable":true,"href":"https:\/\/ranchosantana.com\/es\/wp-json\/wp\/v2\/comments?post=3250"}],"version-history":[{"count":0,"href":"https:\/\/ranchosantana.com\/es\/wp-json\/wp\/v2\/pages\/3250\/revisions"}],"up":[{"embeddable":true,"href":"https:\/\/ranchosantana.com\/es\/wp-json\/wp\/v2\/pages\/3229"}],"wp:featuredmedia":[{"embeddable":true,"href":"https:\/\/ranchosantana.com\/es\/wp-json\/wp\/v2\/media\/3583"}],"wp:attachment":[{"href":"https:\/\/ranchosantana.com\/es\/wp-json\/wp\/v2\/media?parent=3250"}],"curies":[{"name":"wp","href":"https:\/\/api.w.org\/{rel}","templated":true}]}}