{"id":3248,"date":"2022-10-28T18:42:03","date_gmt":"2022-10-28T18:42:03","guid":{"rendered":"https:\/\/dev.ranchosantana.com\/buy-property\/services\/"},"modified":"2024-06-18T20:59:49","modified_gmt":"2024-06-18T20:59:49","slug":"servicios","status":"publish","type":"page","link":"https:\/\/ranchosantana.com\/es\/bienes-raices\/servicios\/","title":{"rendered":"Servicios"},"content":{"rendered":"\n<section id=\"block_df2fdc00b5bf57da53fda4300d6e97fb\" class=\"page-hero type-default \">\n    \n        \n    <div class=\"holder\">\n        <hgroup>\n            <h1>Servicios<\/h1>\n<p><span style=\"font-weight: 400;\">Ser propietario en el para\u00edso supone, en parte, eliminar cualquier tipo de estr\u00e9s. Por eso podemos ayudarte con la construcci\u00f3n, la financiaci\u00f3n, el alquiler y dem\u00e1s.<\/span><\/p>\n<p><a href=\"https:\/\/ranchosantana.com\/contact-us\/\">Cont\u00e1ctanos<\/a><\/p>\n<p>&nbsp;<\/p>\n        <\/hgroup>\n        <ul class=\"hero-info\">\n                    <\/ul>\n    <\/div>\n    \n        \n    <span class=\"media-overlay\"><\/span>\n        <div class=\"page-hero-background\">\n                <span style=\"background-image:url(https:\/\/ranchosantana.com\/wp-content\/uploads\/2022\/10\/services-hero.jpg)\"><\/span>\n            <\/div>\n    \n        \n<\/section>\n\n\n<section id=\"block_99fe353ff4f8d1d09ba453b0ee370687\" class=\"featured-content-outer\">\n    \n    <div class=\"holder-wide\">\n        \n                \n        \n                            <div class=\"default-post-grid\">\n                                    <article>\n                                                <figure>\n                            <span class=\"img-holder\" style=\"background-image:url(https:\/\/ranchosantana.com\/wp-content\/uploads\/2022\/10\/services-img-1.jpg)\"><\/span>\n                        <\/figure>\n                                                <hgroup class=\"entry\">\n                            <h4><b>Gesti\u00f3n y Alquiler de <\/b><b>Propiedades<\/b><\/h4>\n<p>\u00bfTienes pensado alquilar tu propiedad cuando no est\u00e9s en el Rancho? Nuestro equipo de profesionales de Rancho Santana Vacations Rentals and Property Management (RSVR) puede encargarse de la limpieza, el mantenimiento, el marketing y las reservas. Puedes esperar un servicio de primera categor\u00eda para ti y tus hu\u00e9spedes.<\/p>\n<p><a href=\"mailto:realestate@ranchosantana.com\">Cont\u00e1ctanos<\/a><\/p>\n                                                    <\/hgroup>\n                    <\/article>\n                                    <article>\n                                                <figure>\n                            <span class=\"img-holder\" style=\"background-image:url(https:\/\/ranchosantana.com\/wp-content\/uploads\/2022\/10\/services-img-2.jpg)\"><\/span>\n                        <\/figure>\n                                                <hgroup class=\"entry\">\n                            <h4><b>Dise\u00f1o y Construcci\u00f3n <\/b><b>de Casas en Nicaragua<\/b><\/h4>\n<p>Rancho Santana alberga a Santa Ana Madera, una de las principales empresas de construcci\u00f3n y taller de madera y hierro a la medida en Nicaragua. Nuestro equipo in situ puede ayudarte a construir la casa de tus sue\u00f1os desde cero, a reinventar una propiedad ya existente o a crear muebles a medida con materiales org\u00e1nicos. Ofrecemos servicios de arquitectura, construcci\u00f3n, carpinter\u00eda, herrer\u00eda y dise\u00f1o de interiores. T\u00fa sue\u00f1as, nosotros construimos.<\/p>\n<p><a href=\"mailto:realestate@ranchosantana.com\">Cont\u00e1ctanos<\/a><\/p>\n<p>&nbsp;<\/p>\n                                                    <\/hgroup>\n                    <\/article>\n                                    <article>\n                                                <figure>\n                            <span class=\"img-holder\" style=\"background-image:url(https:\/\/ranchosantana.com\/wp-content\/uploads\/2022\/11\/WIL_5178-1024x684.jpg)\"><\/span>\n                        <\/figure>\n                                                <hgroup class=\"entry\">\n                            <h4><b>Financiaci\u00f3n <\/b><b>de tu Compra de Bienes Ra\u00edces en Nicaragua<\/b><\/h4>\n<p>En Rancho Santana nos proponemos a trabajar juntos para conseguir que la propiedad de tus sue\u00f1os se convierta en una realidad. Es por eso que ofrecemos las siguientes opciones de financiaci\u00f3n:<\/p>\n<p>Plazo: Hasta 10 a\u00f1os<br \/>\nAmortizaci\u00f3n: Hasta 20 a\u00f1os<br \/>\nTasa: 5.5%-7.5%<br \/>\nAnticipo: 20%-50% (var\u00eda seg\u00fan el tipo de propiedad)<\/p>\n<p><a href=\"mailto:realestate@ranchosantana.com\"><br style=\"font-weight: 400;\" \/>Cont\u00e1ctanos<\/a><\/p>\n<p>&nbsp;<\/p>\n                                                    <\/hgroup>\n                    <\/article>\n                                    <article>\n                                                <figure>\n                            <span class=\"img-holder\" style=\"background-image:url(https:\/\/ranchosantana.com\/wp-content\/uploads\/2022\/10\/services-img-4.jpg)\"><\/span>\n                        <\/figure>\n                                                <hgroup class=\"entry\">\n                            <h4><b>Venta <\/b><b>de tu Propiedad <\/b><b>en Nicaragua<\/b><\/h4>\n<p>En caso de que necesites desprenderte de tu propiedad en Rancho Santana, nuestro equipo inmobiliario cuenta con todas las acreditaciones y puede ayudarte. Podemos asesorarte desde la publicaci\u00f3n hasta el cierre de tu propiedad.<\/p>\n<p><a href=\"mailto:realestate@ranchosantana.com\">Cont\u00e1ctanos<\/a><\/p>\n                                                    <\/hgroup>\n                    <\/article>\n                                <\/div>\n                    \n                \n    <\/div>\n\n<\/section>\n\n\n\n<section id=\"block_cc604de65aa0ad891111ed83837f90da\" class=\"featured-content-outer\">\n    \n    <div class=\"holder-wide\">\n        \n                <div class=\"title-holder \">\n            <h2>Ver Propiedades<\/h2>\n                    <\/div>\n                \n        \n                        <div class=\"responsive-post-grid-outer\">\n                <div class=\"post-grid post-grid-vertical\">\n                                    <article>\n                        <a href=\"https:\/\/ranchosantana.com\/es\/?post_type=property&#038;p=7288\">\n                            <hgroup>\n                                <small>\n                                                                            Casitas    \n                                     \/ Casita V-3                                <\/small>\n                                <h3>Price: $415,000<\/h3>\n                                <span class=\"more\">\n                                    <p><u>Explorar<\/u><\/p>\n                                <\/span>\n                            <\/hgroup>\n                            <figure>\n                                <span class=\"img-holder\" style=\"background-image: url(https:\/\/ranchosantana.com\/wp-content\/uploads\/2022\/12\/v3_1-1024x683.jpg)\" ><\/span>\n                            <\/figure>\n                        <\/a>\n                    <\/article>\n                                    <article>\n                        <a href=\"https:\/\/ranchosantana.com\/es\/property\/lot-a-7\/\">\n                            <hgroup>\n                                <small>\n                                                                            Lot    \n                                     \/ Lot A-7                                <\/small>\n                                <h3>Price: $169,000<\/h3>\n                                <span class=\"more\">\n                                    <p><u>Explorar<\/u><\/p>\n                                <\/span>\n                            <\/hgroup>\n                            <figure>\n                                <span class=\"img-holder\" style=\"background-image: url(https:\/\/ranchosantana.com\/wp-content\/uploads\/2023\/01\/DSC9172-HDR-1024x683.jpg)\" ><\/span>\n                            <\/figure>\n                        <\/a>\n                    <\/article>\n                                    <article>\n                        <a href=\"https:\/\/ranchosantana.com\/es\/property\/lot-b-12\/\">\n                            <hgroup>\n                                <small>\n                                                                            Lot    \n                                     \/ Lot B-12                                <\/small>\n                                <h3>Price: $165,000<\/h3>\n                                <span class=\"more\">\n                                    <p><u>Explorar<\/u><\/p>\n                                <\/span>\n                            <\/hgroup>\n                            <figure>\n                                <span class=\"img-holder\" style=\"background-image: url(https:\/\/ranchosantana.com\/wp-content\/uploads\/2022\/10\/DSC8606-1024x683.jpg)\" ><\/span>\n                            <\/figure>\n                        <\/a>\n                    <\/article>\n                                <\/div>\n            <\/div>\n                        \n                \n    <\/div>\n\n<\/section>\n","protected":false},"excerpt":{"rendered":"","protected":false},"author":1,"featured_media":2182,"parent":3229,"menu_order":20,"comment_status":"closed","ping_status":"closed","template":"","meta":{"_acf_changed":false,"inline_featured_image":false,"footnotes":""},"class_list":["post-3248","page","type-page","status-publish","has-post-thumbnail","hentry"],"acf":[],"yoast_head":"<!-- This site is optimized with the Yoast SEO Premium plugin v26.4 (Yoast SEO v26.4) - https:\/\/yoast.com\/wordpress\/plugins\/seo\/ -->\n<title>Servicios | Rancho Santana<\/title>\n<meta name=\"robots\" content=\"index, follow, max-snippet:-1, max-image-preview:large, max-video-preview:-1\" \/>\n<link rel=\"canonical\" href=\"https:\/\/ranchosantana.com\/es\/bienes-raices\/servicios\/\" \/>\n<meta property=\"og:locale\" content=\"es_ES\" \/>\n<meta property=\"og:type\" content=\"article\" \/>\n<meta property=\"og:title\" content=\"Servicios\" \/>\n<meta property=\"og:url\" content=\"https:\/\/ranchosantana.com\/es\/bienes-raices\/servicios\/\" \/>\n<meta property=\"og:site_name\" content=\"Rancho Santana\" \/>\n<meta property=\"article:publisher\" content=\"https:\/\/www.facebook.com\/RanchoSantana\/\" \/>\n<meta property=\"article:modified_time\" content=\"2024-06-18T20:59:49+00:00\" \/>\n<meta property=\"og:image\" content=\"https:\/\/ranchosantana.com\/wp-content\/uploads\/2022\/11\/overview-1-scaled.jpg\" \/>\n\t<meta property=\"og:image:width\" content=\"2560\" \/>\n\t<meta property=\"og:image:height\" content=\"1705\" \/>\n\t<meta property=\"og:image:type\" content=\"image\/jpeg\" \/>\n<meta name=\"twitter:card\" content=\"summary_large_image\" \/>\n<script type=\"application\/ld+json\" class=\"yoast-schema-graph\">{\"@context\":\"https:\/\/schema.org\",\"@graph\":[{\"@type\":\"WebPage\",\"@id\":\"https:\/\/ranchosantana.com\/es\/bienes-raices\/servicios\/\",\"url\":\"https:\/\/ranchosantana.com\/es\/bienes-raices\/servicios\/\",\"name\":\"Servicios | Rancho Santana\",\"isPartOf\":{\"@id\":\"https:\/\/ranchosantana.com\/es\/#website\"},\"primaryImageOfPage\":{\"@id\":\"https:\/\/ranchosantana.com\/es\/bienes-raices\/servicios\/#primaryimage\"},\"image\":{\"@id\":\"https:\/\/ranchosantana.com\/es\/bienes-raices\/servicios\/#primaryimage\"},\"thumbnailUrl\":\"https:\/\/ranchosantana.com\/wp-content\/uploads\/2022\/11\/overview-1-scaled.jpg\",\"datePublished\":\"2022-10-28T18:42:03+00:00\",\"dateModified\":\"2024-06-18T20:59:49+00:00\",\"breadcrumb\":{\"@id\":\"https:\/\/ranchosantana.com\/es\/bienes-raices\/servicios\/#breadcrumb\"},\"inLanguage\":\"es\",\"potentialAction\":[{\"@type\":\"ReadAction\",\"target\":[\"https:\/\/ranchosantana.com\/es\/bienes-raices\/servicios\/\"]}]},{\"@type\":\"ImageObject\",\"inLanguage\":\"es\",\"@id\":\"https:\/\/ranchosantana.com\/es\/bienes-raices\/servicios\/#primaryimage\",\"url\":\"https:\/\/ranchosantana.com\/wp-content\/uploads\/2022\/11\/overview-1-scaled.jpg\",\"contentUrl\":\"https:\/\/ranchosantana.com\/wp-content\/uploads\/2022\/11\/overview-1-scaled.jpg\",\"width\":2560,\"height\":1705,\"caption\":\"coastline emeralda nicaragua\"},{\"@type\":\"BreadcrumbList\",\"@id\":\"https:\/\/ranchosantana.com\/es\/bienes-raices\/servicios\/#breadcrumb\",\"itemListElement\":[{\"@type\":\"ListItem\",\"position\":1,\"name\":\"Home\",\"item\":\"https:\/\/ranchosantana.com\/es\/\"},{\"@type\":\"ListItem\",\"position\":2,\"name\":\"Bienes Ra\u00edces\",\"item\":\"https:\/\/ranchosantana.com\/es\/bienes-raices\/\"},{\"@type\":\"ListItem\",\"position\":3,\"name\":\"Servicios\"}]},{\"@type\":\"WebSite\",\"@id\":\"https:\/\/ranchosantana.com\/es\/#website\",\"url\":\"https:\/\/ranchosantana.com\/es\/\",\"name\":\"Rancho Santana\",\"description\":\"A Sprawling Coastal Escape\",\"publisher\":{\"@id\":\"https:\/\/ranchosantana.com\/es\/#organization\"},\"potentialAction\":[{\"@type\":\"SearchAction\",\"target\":{\"@type\":\"EntryPoint\",\"urlTemplate\":\"https:\/\/ranchosantana.com\/es\/?s={search_term_string}\"},\"query-input\":{\"@type\":\"PropertyValueSpecification\",\"valueRequired\":true,\"valueName\":\"search_term_string\"}}],\"inLanguage\":\"es\"},{\"@type\":\"Organization\",\"@id\":\"https:\/\/ranchosantana.com\/es\/#organization\",\"name\":\"Rancho Santana\",\"url\":\"https:\/\/ranchosantana.com\/es\/\",\"logo\":{\"@type\":\"ImageObject\",\"inLanguage\":\"es\",\"@id\":\"https:\/\/ranchosantana.com\/es\/#\/schema\/logo\/image\/\",\"url\":\"https:\/\/ranchosantana.com\/wp-content\/uploads\/2023\/08\/logo-dark.png\",\"contentUrl\":\"https:\/\/ranchosantana.com\/wp-content\/uploads\/2023\/08\/logo-dark.png\",\"width\":111,\"height\":56,\"caption\":\"Rancho Santana\"},\"image\":{\"@id\":\"https:\/\/ranchosantana.com\/es\/#\/schema\/logo\/image\/\"},\"sameAs\":[\"https:\/\/www.facebook.com\/RanchoSantana\/\",\"https:\/\/www.instagram.com\/ranchosantana_nicaragua\/\"]}]}<\/script>\n<!-- \/ Yoast SEO Premium plugin. -->","yoast_head_json":{"title":"Servicios | Rancho Santana","robots":{"index":"index","follow":"follow","max-snippet":"max-snippet:-1","max-image-preview":"max-image-preview:large","max-video-preview":"max-video-preview:-1"},"canonical":"https:\/\/ranchosantana.com\/es\/bienes-raices\/servicios\/","og_locale":"es_ES","og_type":"article","og_title":"Servicios","og_url":"https:\/\/ranchosantana.com\/es\/bienes-raices\/servicios\/","og_site_name":"Rancho Santana","article_publisher":"https:\/\/www.facebook.com\/RanchoSantana\/","article_modified_time":"2024-06-18T20:59:49+00:00","og_image":[{"width":2560,"height":1705,"url":"https:\/\/ranchosantana.com\/wp-content\/uploads\/2022\/11\/overview-1-scaled.jpg","type":"image\/jpeg"}],"twitter_card":"summary_large_image","schema":{"@context":"https:\/\/schema.org","@graph":[{"@type":"WebPage","@id":"https:\/\/ranchosantana.com\/es\/bienes-raices\/servicios\/","url":"https:\/\/ranchosantana.com\/es\/bienes-raices\/servicios\/","name":"Servicios | Rancho Santana","isPartOf":{"@id":"https:\/\/ranchosantana.com\/es\/#website"},"primaryImageOfPage":{"@id":"https:\/\/ranchosantana.com\/es\/bienes-raices\/servicios\/#primaryimage"},"image":{"@id":"https:\/\/ranchosantana.com\/es\/bienes-raices\/servicios\/#primaryimage"},"thumbnailUrl":"https:\/\/ranchosantana.com\/wp-content\/uploads\/2022\/11\/overview-1-scaled.jpg","datePublished":"2022-10-28T18:42:03+00:00","dateModified":"2024-06-18T20:59:49+00:00","breadcrumb":{"@id":"https:\/\/ranchosantana.com\/es\/bienes-raices\/servicios\/#breadcrumb"},"inLanguage":"es","potentialAction":[{"@type":"ReadAction","target":["https:\/\/ranchosantana.com\/es\/bienes-raices\/servicios\/"]}]},{"@type":"ImageObject","inLanguage":"es","@id":"https:\/\/ranchosantana.com\/es\/bienes-raices\/servicios\/#primaryimage","url":"https:\/\/ranchosantana.com\/wp-content\/uploads\/2022\/11\/overview-1-scaled.jpg","contentUrl":"https:\/\/ranchosantana.com\/wp-content\/uploads\/2022\/11\/overview-1-scaled.jpg","width":2560,"height":1705,"caption":"coastline emeralda nicaragua"},{"@type":"BreadcrumbList","@id":"https:\/\/ranchosantana.com\/es\/bienes-raices\/servicios\/#breadcrumb","itemListElement":[{"@type":"ListItem","position":1,"name":"Home","item":"https:\/\/ranchosantana.com\/es\/"},{"@type":"ListItem","position":2,"name":"Bienes Ra\u00edces","item":"https:\/\/ranchosantana.com\/es\/bienes-raices\/"},{"@type":"ListItem","position":3,"name":"Servicios"}]},{"@type":"WebSite","@id":"https:\/\/ranchosantana.com\/es\/#website","url":"https:\/\/ranchosantana.com\/es\/","name":"Rancho Santana","description":"A Sprawling Coastal Escape","publisher":{"@id":"https:\/\/ranchosantana.com\/es\/#organization"},"potentialAction":[{"@type":"SearchAction","target":{"@type":"EntryPoint","urlTemplate":"https:\/\/ranchosantana.com\/es\/?s={search_term_string}"},"query-input":{"@type":"PropertyValueSpecification","valueRequired":true,"valueName":"search_term_string"}}],"inLanguage":"es"},{"@type":"Organization","@id":"https:\/\/ranchosantana.com\/es\/#organization","name":"Rancho Santana","url":"https:\/\/ranchosantana.com\/es\/","logo":{"@type":"ImageObject","inLanguage":"es","@id":"https:\/\/ranchosantana.com\/es\/#\/schema\/logo\/image\/","url":"https:\/\/ranchosantana.com\/wp-content\/uploads\/2023\/08\/logo-dark.png","contentUrl":"https:\/\/ranchosantana.com\/wp-content\/uploads\/2023\/08\/logo-dark.png","width":111,"height":56,"caption":"Rancho Santana"},"image":{"@id":"https:\/\/ranchosantana.com\/es\/#\/schema\/logo\/image\/"},"sameAs":["https:\/\/www.facebook.com\/RanchoSantana\/","https:\/\/www.instagram.com\/ranchosantana_nicaragua\/"]}]}},"_links":{"self":[{"href":"https:\/\/ranchosantana.com\/es\/wp-json\/wp\/v2\/pages\/3248","targetHints":{"allow":["GET"]}}],"collection":[{"href":"https:\/\/ranchosantana.com\/es\/wp-json\/wp\/v2\/pages"}],"about":[{"href":"https:\/\/ranchosantana.com\/es\/wp-json\/wp\/v2\/types\/page"}],"author":[{"embeddable":true,"href":"https:\/\/ranchosantana.com\/es\/wp-json\/wp\/v2\/users\/1"}],"replies":[{"embeddable":true,"href":"https:\/\/ranchosantana.com\/es\/wp-json\/wp\/v2\/comments?post=3248"}],"version-history":[{"count":0,"href":"https:\/\/ranchosantana.com\/es\/wp-json\/wp\/v2\/pages\/3248\/revisions"}],"up":[{"embeddable":true,"href":"https:\/\/ranchosantana.com\/es\/wp-json\/wp\/v2\/pages\/3229"}],"wp:featuredmedia":[{"embeddable":true,"href":"https:\/\/ranchosantana.com\/es\/wp-json\/wp\/v2\/media\/2182"}],"wp:attachment":[{"href":"https:\/\/ranchosantana.com\/es\/wp-json\/wp\/v2\/media?parent=3248"}],"curies":[{"name":"wp","href":"https:\/\/api.w.org\/{rel}","templated":true}]}}