{"id":3247,"date":"2022-11-22T11:46:47","date_gmt":"2022-11-22T11:46:47","guid":{"rendered":"https:\/\/dev.ranchosantana.com\/buy-property\/elite-alliance-exchange-program\/"},"modified":"2024-06-18T21:02:20","modified_gmt":"2024-06-18T21:02:20","slug":"elite-alliance-programa","status":"publish","type":"page","link":"https:\/\/ranchosantana.com\/es\/bienes-raices\/elite-alliance-programa\/","title":{"rendered":"Programa de intercambio de Elite Alliance"},"content":{"rendered":"\n<section id=\"block_378ab37463749061bad76a26761e8f2b\" class=\"page-hero type-default \">\n    \n        \n    <div class=\"holder\">\n        <hgroup>\n            <h1>Programa de intercambio de Elite Alliance\u00ae<\/h1>\n<p>Su pasaporte para vacaciones en m\u00e1s de 120 destinos internacionales.<\/p>\n        <\/hgroup>\n        <ul class=\"hero-info\">\n                    <\/ul>\n    <\/div>\n    \n        \n    <span class=\"media-overlay\"><\/span>\n        <div class=\"page-hero-background\">\n                <span style=\"background-image:url(https:\/\/ranchosantana.com\/wp-content\/uploads\/2022\/11\/Seabrook-Island-Residence-Seabrook-Island-South-Carolina-scaled.jpg)\"><\/span>\n            <\/div>\n    \n        \n<\/section>\n\n\n<section id=\"block_67bdd661fe097362fda45629b26a9dae\" class=\"featured-content-outer\">\n    \n    <div class=\"holder-wide\">\n        \n                \n        \n                            <div class=\"default-post-grid\">\n                                    <article>\n                                                <figure>\n                            <span class=\"img-holder\" style=\"background-image:url(https:\/\/ranchosantana.com\/wp-content\/uploads\/2022\/11\/Grand-Isle-Resort-Spa-Great-Exuma-The-Bahamas-1024x767.jpg)\"><\/span>\n                        <\/figure>\n                                                <hgroup class=\"entry\">\n                            <h4>Explore m\u00e1s de 120 destinos de lujo<\/h4>\n<p>Como propietario de Rancho Santana, recibe acceso exclusivo a <em>Elite Alliance Exchange<\/em>. Abra las puertas a aventuras de viaje perfectas: viajes de esqu\u00ed, escapadas de golf, escapadas a la playa y mucho m\u00e1s, en una variedad cada vez mayor de destinos codiciados en todo el mundo. La propiedad es su pasaporte a otros clubes residenciales excepcionales y comunidades de resorts de lujo con los mismos est\u00e1ndares de alta calidad de comodidades y servicios que espera durante su estad\u00eda en Rancho Santana.<\/p>\n                                                    <\/hgroup>\n                    <\/article>\n                                    <article>\n                                                <figure>\n                            <span class=\"img-holder\" style=\"background-image:url(https:\/\/ranchosantana.com\/wp-content\/uploads\/2022\/11\/8050-Mammoth-Private-Residence-Club-Mammoth-Lakes-California-1-1024x810.jpg)\"><\/span>\n                        <\/figure>\n                                                <hgroup class=\"entry\">\n                            <h4>Acerca de <em>Elite Alliance Exchange<\/em><\/h4>\n<p>Desde la Toscana hasta Telluride, desde Nueva York hasta Napa Valley, las propiedades de Elite Alliance Exchange est\u00e1n ubicadas en los destinos m\u00e1s deseados y codiciados del mundo. El Intercambio se estableci\u00f3 para mejorar el valor, la flexibilidad y el disfrute de la propiedad de una casa de vacaciones. Como miembro, tiene la oportunidad de explorar m\u00e1s de 120 destinos en todo el mundo mientras reside en otros clubes residenciales de prestigio y casas de vacaciones lujosas administradas por profesionales que cumplen con sus exigentes est\u00e1ndares de calidad, ubicaci\u00f3n y servicio.<\/p>\n                                                    <\/hgroup>\n                    <\/article>\n                                    <article>\n                                                <figure>\n                            <span class=\"img-holder\" style=\"background-image:url(https:\/\/ranchosantana.com\/wp-content\/uploads\/2022\/11\/Hill-Towns-Tours-Tuscany-Italy-1024x683.jpeg)\"><\/span>\n                        <\/figure>\n                                                <hgroup class=\"entry\">\n                            <h4>Afiliaci\u00f3n de Elite Alliance<\/h4>\n<p>En Elite Alliance, nuestro objetivo es brindar a nuestros miembros experiencias de viaje excepcionales, privilegios y beneficios de membres\u00eda. Su experiencia de vacaciones, comenzando con la planificaci\u00f3n de su viaje y la informaci\u00f3n previa a la llegada, es fluida y sin complicaciones para que pueda concentrarse en cosas m\u00e1s importantes, como crear recuerdos que durar\u00e1n toda la vida. Para obtener m\u00e1s informaci\u00f3n sobre Exchange, visite <a href=\"http:\/\/www.elitealliance.com\/exchange\">www.elitealliance.com\/exchange<\/a>.<\/p>\n                                                    <\/hgroup>\n                    <\/article>\n                                <\/div>\n                    \n                \n    <\/div>\n\n<\/section>\n\n\n\n<p class=\"has-text-align-center\">\u00bfEst\u00e1 interesado en obtener m\u00e1s informaci\u00f3n sobre el programa de intercambio Elite Alliance\u00ae?<\/p>\n\n\n\n<div class=\"wp-block-buttons is-layout-flex wp-block-buttons-is-layout-flex\">\n<div class=\"wp-block-button aligncenter\"><a class=\"wp-block-button__link wp-element-button\" href=\"https:\/\/ranchosantana.com\/contact-us\/\">Contactanos<\/a><\/div>\n<\/div>\n\n\n\n<div class=\"wp-block-buttons is-layout-flex wp-block-buttons-is-layout-flex\"><\/div>\n","protected":false},"excerpt":{"rendered":"<p>\u00bfEst\u00e1 interesado en obtener m\u00e1s informaci\u00f3n sobre el programa de intercambio Elite Alliance\u00ae?<\/p>\n","protected":false},"author":4,"featured_media":2183,"parent":3229,"menu_order":0,"comment_status":"closed","ping_status":"closed","template":"","meta":{"_acf_changed":false,"inline_featured_image":false,"footnotes":""},"class_list":["post-3247","page","type-page","status-publish","has-post-thumbnail","hentry"],"acf":[],"yoast_head":"<!-- This site is optimized with the Yoast SEO Premium plugin v26.4 (Yoast SEO v26.4) - https:\/\/yoast.com\/wordpress\/plugins\/seo\/ -->\n<title>Programa de intercambio de Elite Alliance | Rancho Santana<\/title>\n<meta name=\"robots\" content=\"index, follow, max-snippet:-1, max-image-preview:large, max-video-preview:-1\" \/>\n<link rel=\"canonical\" href=\"https:\/\/ranchosantana.com\/es\/bienes-raices\/elite-alliance-programa\/\" \/>\n<meta property=\"og:locale\" content=\"es_ES\" \/>\n<meta property=\"og:type\" content=\"article\" \/>\n<meta property=\"og:title\" content=\"Programa de intercambio de Elite Alliance\" \/>\n<meta property=\"og:description\" content=\"\u00bfEst\u00e1 interesado en obtener m\u00e1s informaci\u00f3n sobre el programa de intercambio Elite Alliance\u00ae?\" \/>\n<meta property=\"og:url\" content=\"https:\/\/ranchosantana.com\/es\/bienes-raices\/elite-alliance-programa\/\" \/>\n<meta property=\"og:site_name\" content=\"Rancho Santana\" \/>\n<meta property=\"article:publisher\" content=\"https:\/\/www.facebook.com\/RanchoSantana\/\" \/>\n<meta property=\"article:modified_time\" content=\"2024-06-18T21:02:20+00:00\" \/>\n<meta property=\"og:image\" content=\"https:\/\/ranchosantana.com\/wp-content\/uploads\/2022\/11\/JHA30OKEtp9c0N2tRiUmpirIGqBKxk7HXYH0WWlO.jpeg\" \/>\n\t<meta property=\"og:image:width\" content=\"1200\" \/>\n\t<meta property=\"og:image:height\" content=\"750\" \/>\n\t<meta property=\"og:image:type\" content=\"image\/jpeg\" \/>\n<meta name=\"twitter:card\" content=\"summary_large_image\" \/>\n<script type=\"application\/ld+json\" class=\"yoast-schema-graph\">{\"@context\":\"https:\/\/schema.org\",\"@graph\":[{\"@type\":\"WebPage\",\"@id\":\"https:\/\/ranchosantana.com\/es\/bienes-raices\/elite-alliance-programa\/\",\"url\":\"https:\/\/ranchosantana.com\/es\/bienes-raices\/elite-alliance-programa\/\",\"name\":\"Programa de intercambio de Elite Alliance | Rancho Santana\",\"isPartOf\":{\"@id\":\"https:\/\/ranchosantana.com\/es\/#website\"},\"primaryImageOfPage\":{\"@id\":\"https:\/\/ranchosantana.com\/es\/bienes-raices\/elite-alliance-programa\/#primaryimage\"},\"image\":{\"@id\":\"https:\/\/ranchosantana.com\/es\/bienes-raices\/elite-alliance-programa\/#primaryimage\"},\"thumbnailUrl\":\"https:\/\/ranchosantana.com\/wp-content\/uploads\/2022\/11\/JHA30OKEtp9c0N2tRiUmpirIGqBKxk7HXYH0WWlO.jpeg\",\"datePublished\":\"2022-11-22T11:46:47+00:00\",\"dateModified\":\"2024-06-18T21:02:20+00:00\",\"breadcrumb\":{\"@id\":\"https:\/\/ranchosantana.com\/es\/bienes-raices\/elite-alliance-programa\/#breadcrumb\"},\"inLanguage\":\"es\",\"potentialAction\":[{\"@type\":\"ReadAction\",\"target\":[\"https:\/\/ranchosantana.com\/es\/bienes-raices\/elite-alliance-programa\/\"]}]},{\"@type\":\"ImageObject\",\"inLanguage\":\"es\",\"@id\":\"https:\/\/ranchosantana.com\/es\/bienes-raices\/elite-alliance-programa\/#primaryimage\",\"url\":\"https:\/\/ranchosantana.com\/wp-content\/uploads\/2022\/11\/JHA30OKEtp9c0N2tRiUmpirIGqBKxk7HXYH0WWlO.jpeg\",\"contentUrl\":\"https:\/\/ranchosantana.com\/wp-content\/uploads\/2022\/11\/JHA30OKEtp9c0N2tRiUmpirIGqBKxk7HXYH0WWlO.jpeg\",\"width\":1200,\"height\":750,\"caption\":\"Un esquiador con una chaqueta y un casco de color naranja brillante desciende por una pendiente nevada y arbolada en un d\u00eda soleado, rodeado de pinos cubiertos de nieve y un cielo despejado.\"},{\"@type\":\"BreadcrumbList\",\"@id\":\"https:\/\/ranchosantana.com\/es\/bienes-raices\/elite-alliance-programa\/#breadcrumb\",\"itemListElement\":[{\"@type\":\"ListItem\",\"position\":1,\"name\":\"Home\",\"item\":\"https:\/\/ranchosantana.com\/es\/\"},{\"@type\":\"ListItem\",\"position\":2,\"name\":\"Bienes Ra\u00edces\",\"item\":\"https:\/\/ranchosantana.com\/es\/bienes-raices\/\"},{\"@type\":\"ListItem\",\"position\":3,\"name\":\"Programa de intercambio de Elite Alliance\"}]},{\"@type\":\"WebSite\",\"@id\":\"https:\/\/ranchosantana.com\/es\/#website\",\"url\":\"https:\/\/ranchosantana.com\/es\/\",\"name\":\"Rancho Santana\",\"description\":\"A Sprawling Coastal Escape\",\"publisher\":{\"@id\":\"https:\/\/ranchosantana.com\/es\/#organization\"},\"potentialAction\":[{\"@type\":\"SearchAction\",\"target\":{\"@type\":\"EntryPoint\",\"urlTemplate\":\"https:\/\/ranchosantana.com\/es\/?s={search_term_string}\"},\"query-input\":{\"@type\":\"PropertyValueSpecification\",\"valueRequired\":true,\"valueName\":\"search_term_string\"}}],\"inLanguage\":\"es\"},{\"@type\":\"Organization\",\"@id\":\"https:\/\/ranchosantana.com\/es\/#organization\",\"name\":\"Rancho Santana\",\"url\":\"https:\/\/ranchosantana.com\/es\/\",\"logo\":{\"@type\":\"ImageObject\",\"inLanguage\":\"es\",\"@id\":\"https:\/\/ranchosantana.com\/es\/#\/schema\/logo\/image\/\",\"url\":\"https:\/\/ranchosantana.com\/wp-content\/uploads\/2023\/08\/logo-dark.png\",\"contentUrl\":\"https:\/\/ranchosantana.com\/wp-content\/uploads\/2023\/08\/logo-dark.png\",\"width\":111,\"height\":56,\"caption\":\"Rancho Santana\"},\"image\":{\"@id\":\"https:\/\/ranchosantana.com\/es\/#\/schema\/logo\/image\/\"},\"sameAs\":[\"https:\/\/www.facebook.com\/RanchoSantana\/\",\"https:\/\/www.instagram.com\/ranchosantana_nicaragua\/\"]}]}<\/script>\n<!-- \/ Yoast SEO Premium plugin. -->","yoast_head_json":{"title":"Programa de intercambio de Elite Alliance | Rancho Santana","robots":{"index":"index","follow":"follow","max-snippet":"max-snippet:-1","max-image-preview":"max-image-preview:large","max-video-preview":"max-video-preview:-1"},"canonical":"https:\/\/ranchosantana.com\/es\/bienes-raices\/elite-alliance-programa\/","og_locale":"es_ES","og_type":"article","og_title":"Programa de intercambio de Elite Alliance","og_description":"\u00bfEst\u00e1 interesado en obtener m\u00e1s informaci\u00f3n sobre el programa de intercambio Elite Alliance\u00ae?","og_url":"https:\/\/ranchosantana.com\/es\/bienes-raices\/elite-alliance-programa\/","og_site_name":"Rancho Santana","article_publisher":"https:\/\/www.facebook.com\/RanchoSantana\/","article_modified_time":"2024-06-18T21:02:20+00:00","og_image":[{"width":1200,"height":750,"url":"https:\/\/ranchosantana.com\/wp-content\/uploads\/2022\/11\/JHA30OKEtp9c0N2tRiUmpirIGqBKxk7HXYH0WWlO.jpeg","type":"image\/jpeg"}],"twitter_card":"summary_large_image","schema":{"@context":"https:\/\/schema.org","@graph":[{"@type":"WebPage","@id":"https:\/\/ranchosantana.com\/es\/bienes-raices\/elite-alliance-programa\/","url":"https:\/\/ranchosantana.com\/es\/bienes-raices\/elite-alliance-programa\/","name":"Programa de intercambio de Elite Alliance | Rancho Santana","isPartOf":{"@id":"https:\/\/ranchosantana.com\/es\/#website"},"primaryImageOfPage":{"@id":"https:\/\/ranchosantana.com\/es\/bienes-raices\/elite-alliance-programa\/#primaryimage"},"image":{"@id":"https:\/\/ranchosantana.com\/es\/bienes-raices\/elite-alliance-programa\/#primaryimage"},"thumbnailUrl":"https:\/\/ranchosantana.com\/wp-content\/uploads\/2022\/11\/JHA30OKEtp9c0N2tRiUmpirIGqBKxk7HXYH0WWlO.jpeg","datePublished":"2022-11-22T11:46:47+00:00","dateModified":"2024-06-18T21:02:20+00:00","breadcrumb":{"@id":"https:\/\/ranchosantana.com\/es\/bienes-raices\/elite-alliance-programa\/#breadcrumb"},"inLanguage":"es","potentialAction":[{"@type":"ReadAction","target":["https:\/\/ranchosantana.com\/es\/bienes-raices\/elite-alliance-programa\/"]}]},{"@type":"ImageObject","inLanguage":"es","@id":"https:\/\/ranchosantana.com\/es\/bienes-raices\/elite-alliance-programa\/#primaryimage","url":"https:\/\/ranchosantana.com\/wp-content\/uploads\/2022\/11\/JHA30OKEtp9c0N2tRiUmpirIGqBKxk7HXYH0WWlO.jpeg","contentUrl":"https:\/\/ranchosantana.com\/wp-content\/uploads\/2022\/11\/JHA30OKEtp9c0N2tRiUmpirIGqBKxk7HXYH0WWlO.jpeg","width":1200,"height":750,"caption":"Un esquiador con una chaqueta y un casco de color naranja brillante desciende por una pendiente nevada y arbolada en un d\u00eda soleado, rodeado de pinos cubiertos de nieve y un cielo despejado."},{"@type":"BreadcrumbList","@id":"https:\/\/ranchosantana.com\/es\/bienes-raices\/elite-alliance-programa\/#breadcrumb","itemListElement":[{"@type":"ListItem","position":1,"name":"Home","item":"https:\/\/ranchosantana.com\/es\/"},{"@type":"ListItem","position":2,"name":"Bienes Ra\u00edces","item":"https:\/\/ranchosantana.com\/es\/bienes-raices\/"},{"@type":"ListItem","position":3,"name":"Programa de intercambio de Elite Alliance"}]},{"@type":"WebSite","@id":"https:\/\/ranchosantana.com\/es\/#website","url":"https:\/\/ranchosantana.com\/es\/","name":"Rancho Santana","description":"A Sprawling Coastal Escape","publisher":{"@id":"https:\/\/ranchosantana.com\/es\/#organization"},"potentialAction":[{"@type":"SearchAction","target":{"@type":"EntryPoint","urlTemplate":"https:\/\/ranchosantana.com\/es\/?s={search_term_string}"},"query-input":{"@type":"PropertyValueSpecification","valueRequired":true,"valueName":"search_term_string"}}],"inLanguage":"es"},{"@type":"Organization","@id":"https:\/\/ranchosantana.com\/es\/#organization","name":"Rancho Santana","url":"https:\/\/ranchosantana.com\/es\/","logo":{"@type":"ImageObject","inLanguage":"es","@id":"https:\/\/ranchosantana.com\/es\/#\/schema\/logo\/image\/","url":"https:\/\/ranchosantana.com\/wp-content\/uploads\/2023\/08\/logo-dark.png","contentUrl":"https:\/\/ranchosantana.com\/wp-content\/uploads\/2023\/08\/logo-dark.png","width":111,"height":56,"caption":"Rancho Santana"},"image":{"@id":"https:\/\/ranchosantana.com\/es\/#\/schema\/logo\/image\/"},"sameAs":["https:\/\/www.facebook.com\/RanchoSantana\/","https:\/\/www.instagram.com\/ranchosantana_nicaragua\/"]}]}},"_links":{"self":[{"href":"https:\/\/ranchosantana.com\/es\/wp-json\/wp\/v2\/pages\/3247","targetHints":{"allow":["GET"]}}],"collection":[{"href":"https:\/\/ranchosantana.com\/es\/wp-json\/wp\/v2\/pages"}],"about":[{"href":"https:\/\/ranchosantana.com\/es\/wp-json\/wp\/v2\/types\/page"}],"author":[{"embeddable":true,"href":"https:\/\/ranchosantana.com\/es\/wp-json\/wp\/v2\/users\/4"}],"replies":[{"embeddable":true,"href":"https:\/\/ranchosantana.com\/es\/wp-json\/wp\/v2\/comments?post=3247"}],"version-history":[{"count":0,"href":"https:\/\/ranchosantana.com\/es\/wp-json\/wp\/v2\/pages\/3247\/revisions"}],"up":[{"embeddable":true,"href":"https:\/\/ranchosantana.com\/es\/wp-json\/wp\/v2\/pages\/3229"}],"wp:featuredmedia":[{"embeddable":true,"href":"https:\/\/ranchosantana.com\/es\/wp-json\/wp\/v2\/media\/2183"}],"wp:attachment":[{"href":"https:\/\/ranchosantana.com\/es\/wp-json\/wp\/v2\/media?parent=3247"}],"curies":[{"name":"wp","href":"https:\/\/api.w.org\/{rel}","templated":true}]}}