{"id":3245,"date":"2022-10-21T16:44:17","date_gmt":"2022-10-21T16:44:17","guid":{"rendered":"https:\/\/dev.ranchosantana.com\/wellness\/upcoming-retreats\/"},"modified":"2026-04-07T20:43:19","modified_gmt":"2026-04-07T20:43:19","slug":"retiros","status":"publish","type":"page","link":"https:\/\/ranchosantana.com\/es\/eventos\/retiros\/","title":{"rendered":"Retiros"},"content":{"rendered":"\n<section id=\"block_a043781ba691db85231b52044176ceb2\" class=\"page-hero type-default \">\n    \n        \n    <div class=\"holder\">\n        <hgroup>\n            <h1><b>Retiros<\/b><\/h1>\n<p><span style=\"font-weight: 400;\">Mantente al tanto de los pr\u00f3ximos retiros enfocados en el bienestar y el surf organizados por Rancho Santana. O bien, crea tu propia reuni\u00f3n tem\u00e1tica.<\/span><\/p>\n        <\/hgroup>\n        <ul class=\"hero-info\">\n                        <li><a href=\"tel:(310) 299-7550\"><span class=\"phone-label\">Tel\u00e9fono<\/span>(310) 299-7550<\/a><\/li>\n                    <\/ul>\n    <\/div>\n    \n        \n    <span class=\"media-overlay\"><\/span>\n        <div class=\"page-hero-background\">\n                <span style=\"background-image:url(https:\/\/ranchosantana.com\/wp-content\/uploads\/2025\/02\/DSC8397-1-scaled.jpg)\"><\/span>\n            <\/div>\n    \n        \n<\/section>\n\n\n<section id=\"block_d409a9324cf984b63b0743493c5a8110\" class=\"two-columns reversed\">\n    <div class=\"holder\">\n        <div class=\"two-column-content\">\n            <article class=\"entry\">\n                <div class=\"acf-innerblocks-container\">\n\n<h2 class=\"wp-block-heading\" id=\"h-organiza-tu-retiro-en-nicaragua\">Organiza tu retiro en Nicaragua<\/h2>\n\n\n\n<p>\u00bfEst\u00e1 interesado en organizar un retiro de yoga, aventura o surf en Nicaragua en Rancho Santana? A nuestro equipo le encantar\u00eda conectarse con usted y ayudarlo a planificar esto.<\/p>\n\n\n\n<div class=\"wp-block-buttons is-layout-flex wp-block-buttons-is-layout-flex\">\n<div class=\"wp-block-button\"><a class=\"wp-block-button__link wp-element-button\" href=\"mailto:events@ranchosantana.com\" target=\"_blank\" rel=\"noreferrer noopener\">Cont\u00e1ctanos<\/a><\/div>\n<\/div>\n\n<\/div>            <\/article>\n                            <figure class=\"animated\">\n                                        <span class=\"img-holder\" style=\"background-image:url(https:\/\/ranchosantana.com\/wp-content\/uploads\/2022\/11\/retreat-scaled.jpg)\"><\/span>\n                                    <\/figure>\n                    <\/div>\n    <\/div>\n<\/section>","protected":false},"excerpt":{"rendered":"","protected":false},"author":1,"featured_media":2261,"parent":3240,"menu_order":30,"comment_status":"closed","ping_status":"closed","template":"","meta":{"_acf_changed":false,"inline_featured_image":false,"footnotes":""},"class_list":["post-3245","page","type-page","status-publish","has-post-thumbnail","hentry"],"acf":[],"yoast_head":"<!-- This site is optimized with the Yoast SEO Premium plugin v26.4 (Yoast SEO v26.4) - https:\/\/yoast.com\/wordpress\/plugins\/seo\/ -->\n<title>Descubra Rancho Santana Nicaragua Retiro de surf y yoga<\/title>\n<meta name=\"description\" content=\"Mantente al tanto de los pr\u00f3ximos retiros enfocados en el bienestar y el surf organizados por Rancho Santana. O bien, crea tu propia reuni\u00f3n tem\u00e1tica.\" \/>\n<meta name=\"robots\" content=\"index, follow, max-snippet:-1, max-image-preview:large, max-video-preview:-1\" \/>\n<link rel=\"canonical\" href=\"https:\/\/ranchosantana.com\/es\/eventos\/retiros\/\" \/>\n<meta property=\"og:locale\" content=\"es_ES\" \/>\n<meta property=\"og:type\" content=\"article\" \/>\n<meta property=\"og:title\" content=\"Retiros\" \/>\n<meta property=\"og:description\" content=\"Mantente al tanto de los pr\u00f3ximos retiros enfocados en el bienestar y el surf organizados por Rancho Santana. O bien, crea tu propia reuni\u00f3n tem\u00e1tica.\" \/>\n<meta property=\"og:url\" content=\"https:\/\/ranchosantana.com\/es\/eventos\/retiros\/\" \/>\n<meta property=\"og:site_name\" content=\"Rancho Santana\" \/>\n<meta property=\"article:publisher\" content=\"https:\/\/www.facebook.com\/RanchoSantana\/\" \/>\n<meta property=\"article:modified_time\" content=\"2026-04-07T20:43:19+00:00\" \/>\n<meta property=\"og:image\" content=\"https:\/\/ranchosantana.com\/wp-content\/uploads\/2022\/11\/surf-1-scaled.jpg\" \/>\n\t<meta property=\"og:image:width\" content=\"2560\" \/>\n\t<meta property=\"og:image:height\" content=\"1707\" \/>\n\t<meta property=\"og:image:type\" content=\"image\/jpeg\" \/>\n<meta name=\"twitter:card\" content=\"summary_large_image\" \/>\n<meta name=\"twitter:label1\" content=\"Tiempo de lectura\" \/>\n\t<meta name=\"twitter:data1\" content=\"1 minuto\" \/>\n<script type=\"application\/ld+json\" class=\"yoast-schema-graph\">{\"@context\":\"https:\/\/schema.org\",\"@graph\":[{\"@type\":\"WebPage\",\"@id\":\"https:\/\/ranchosantana.com\/es\/eventos\/retiros\/\",\"url\":\"https:\/\/ranchosantana.com\/es\/eventos\/retiros\/\",\"name\":\"Descubra Rancho Santana Nicaragua Retiro de surf y yoga\",\"isPartOf\":{\"@id\":\"https:\/\/ranchosantana.com\/es\/#website\"},\"primaryImageOfPage\":{\"@id\":\"https:\/\/ranchosantana.com\/es\/eventos\/retiros\/#primaryimage\"},\"image\":{\"@id\":\"https:\/\/ranchosantana.com\/es\/eventos\/retiros\/#primaryimage\"},\"thumbnailUrl\":\"https:\/\/ranchosantana.com\/wp-content\/uploads\/2022\/11\/surf-1-scaled.jpg\",\"datePublished\":\"2022-10-21T16:44:17+00:00\",\"dateModified\":\"2026-04-07T20:43:19+00:00\",\"description\":\"Mantente al tanto de los pr\u00f3ximos retiros enfocados en el bienestar y el surf organizados por Rancho Santana. O bien, crea tu propia reuni\u00f3n tem\u00e1tica.\",\"breadcrumb\":{\"@id\":\"https:\/\/ranchosantana.com\/es\/eventos\/retiros\/#breadcrumb\"},\"inLanguage\":\"es\",\"potentialAction\":[{\"@type\":\"ReadAction\",\"target\":[\"https:\/\/ranchosantana.com\/es\/eventos\/retiros\/\"]}]},{\"@type\":\"ImageObject\",\"inLanguage\":\"es\",\"@id\":\"https:\/\/ranchosantana.com\/es\/eventos\/retiros\/#primaryimage\",\"url\":\"https:\/\/ranchosantana.com\/wp-content\/uploads\/2022\/11\/surf-1-scaled.jpg\",\"contentUrl\":\"https:\/\/ranchosantana.com\/wp-content\/uploads\/2022\/11\/surf-1-scaled.jpg\",\"width\":2560,\"height\":1707,\"caption\":\"surf at rancho santana\"},{\"@type\":\"BreadcrumbList\",\"@id\":\"https:\/\/ranchosantana.com\/es\/eventos\/retiros\/#breadcrumb\",\"itemListElement\":[{\"@type\":\"ListItem\",\"position\":1,\"name\":\"Home\",\"item\":\"https:\/\/ranchosantana.com\/es\/\"},{\"@type\":\"ListItem\",\"position\":2,\"name\":\"Eventos\",\"item\":\"https:\/\/ranchosantana.com\/es\/eventos\/\"},{\"@type\":\"ListItem\",\"position\":3,\"name\":\"Retiros\"}]},{\"@type\":\"WebSite\",\"@id\":\"https:\/\/ranchosantana.com\/es\/#website\",\"url\":\"https:\/\/ranchosantana.com\/es\/\",\"name\":\"Rancho Santana\",\"description\":\"A Sprawling Coastal Escape\",\"publisher\":{\"@id\":\"https:\/\/ranchosantana.com\/es\/#organization\"},\"potentialAction\":[{\"@type\":\"SearchAction\",\"target\":{\"@type\":\"EntryPoint\",\"urlTemplate\":\"https:\/\/ranchosantana.com\/es\/?s={search_term_string}\"},\"query-input\":{\"@type\":\"PropertyValueSpecification\",\"valueRequired\":true,\"valueName\":\"search_term_string\"}}],\"inLanguage\":\"es\"},{\"@type\":\"Organization\",\"@id\":\"https:\/\/ranchosantana.com\/es\/#organization\",\"name\":\"Rancho Santana\",\"url\":\"https:\/\/ranchosantana.com\/es\/\",\"logo\":{\"@type\":\"ImageObject\",\"inLanguage\":\"es\",\"@id\":\"https:\/\/ranchosantana.com\/es\/#\/schema\/logo\/image\/\",\"url\":\"https:\/\/ranchosantana.com\/wp-content\/uploads\/2023\/08\/logo-dark.png\",\"contentUrl\":\"https:\/\/ranchosantana.com\/wp-content\/uploads\/2023\/08\/logo-dark.png\",\"width\":111,\"height\":56,\"caption\":\"Rancho Santana\"},\"image\":{\"@id\":\"https:\/\/ranchosantana.com\/es\/#\/schema\/logo\/image\/\"},\"sameAs\":[\"https:\/\/www.facebook.com\/RanchoSantana\/\",\"https:\/\/www.instagram.com\/ranchosantana_nicaragua\/\"]}]}<\/script>\n<!-- \/ Yoast SEO Premium plugin. -->","yoast_head_json":{"title":"Descubra Rancho Santana Nicaragua Retiro de surf y yoga","description":"Mantente al tanto de los pr\u00f3ximos retiros enfocados en el bienestar y el surf organizados por Rancho Santana. O bien, crea tu propia reuni\u00f3n tem\u00e1tica.","robots":{"index":"index","follow":"follow","max-snippet":"max-snippet:-1","max-image-preview":"max-image-preview:large","max-video-preview":"max-video-preview:-1"},"canonical":"https:\/\/ranchosantana.com\/es\/eventos\/retiros\/","og_locale":"es_ES","og_type":"article","og_title":"Retiros","og_description":"Mantente al tanto de los pr\u00f3ximos retiros enfocados en el bienestar y el surf organizados por Rancho Santana. O bien, crea tu propia reuni\u00f3n tem\u00e1tica.","og_url":"https:\/\/ranchosantana.com\/es\/eventos\/retiros\/","og_site_name":"Rancho Santana","article_publisher":"https:\/\/www.facebook.com\/RanchoSantana\/","article_modified_time":"2026-04-07T20:43:19+00:00","og_image":[{"width":2560,"height":1707,"url":"https:\/\/ranchosantana.com\/wp-content\/uploads\/2022\/11\/surf-1-scaled.jpg","type":"image\/jpeg"}],"twitter_card":"summary_large_image","twitter_misc":{"Tiempo de lectura":"1 minuto"},"schema":{"@context":"https:\/\/schema.org","@graph":[{"@type":"WebPage","@id":"https:\/\/ranchosantana.com\/es\/eventos\/retiros\/","url":"https:\/\/ranchosantana.com\/es\/eventos\/retiros\/","name":"Descubra Rancho Santana Nicaragua Retiro de surf y yoga","isPartOf":{"@id":"https:\/\/ranchosantana.com\/es\/#website"},"primaryImageOfPage":{"@id":"https:\/\/ranchosantana.com\/es\/eventos\/retiros\/#primaryimage"},"image":{"@id":"https:\/\/ranchosantana.com\/es\/eventos\/retiros\/#primaryimage"},"thumbnailUrl":"https:\/\/ranchosantana.com\/wp-content\/uploads\/2022\/11\/surf-1-scaled.jpg","datePublished":"2022-10-21T16:44:17+00:00","dateModified":"2026-04-07T20:43:19+00:00","description":"Mantente al tanto de los pr\u00f3ximos retiros enfocados en el bienestar y el surf organizados por Rancho Santana. O bien, crea tu propia reuni\u00f3n tem\u00e1tica.","breadcrumb":{"@id":"https:\/\/ranchosantana.com\/es\/eventos\/retiros\/#breadcrumb"},"inLanguage":"es","potentialAction":[{"@type":"ReadAction","target":["https:\/\/ranchosantana.com\/es\/eventos\/retiros\/"]}]},{"@type":"ImageObject","inLanguage":"es","@id":"https:\/\/ranchosantana.com\/es\/eventos\/retiros\/#primaryimage","url":"https:\/\/ranchosantana.com\/wp-content\/uploads\/2022\/11\/surf-1-scaled.jpg","contentUrl":"https:\/\/ranchosantana.com\/wp-content\/uploads\/2022\/11\/surf-1-scaled.jpg","width":2560,"height":1707,"caption":"surf at rancho santana"},{"@type":"BreadcrumbList","@id":"https:\/\/ranchosantana.com\/es\/eventos\/retiros\/#breadcrumb","itemListElement":[{"@type":"ListItem","position":1,"name":"Home","item":"https:\/\/ranchosantana.com\/es\/"},{"@type":"ListItem","position":2,"name":"Eventos","item":"https:\/\/ranchosantana.com\/es\/eventos\/"},{"@type":"ListItem","position":3,"name":"Retiros"}]},{"@type":"WebSite","@id":"https:\/\/ranchosantana.com\/es\/#website","url":"https:\/\/ranchosantana.com\/es\/","name":"Rancho Santana","description":"A Sprawling Coastal Escape","publisher":{"@id":"https:\/\/ranchosantana.com\/es\/#organization"},"potentialAction":[{"@type":"SearchAction","target":{"@type":"EntryPoint","urlTemplate":"https:\/\/ranchosantana.com\/es\/?s={search_term_string}"},"query-input":{"@type":"PropertyValueSpecification","valueRequired":true,"valueName":"search_term_string"}}],"inLanguage":"es"},{"@type":"Organization","@id":"https:\/\/ranchosantana.com\/es\/#organization","name":"Rancho Santana","url":"https:\/\/ranchosantana.com\/es\/","logo":{"@type":"ImageObject","inLanguage":"es","@id":"https:\/\/ranchosantana.com\/es\/#\/schema\/logo\/image\/","url":"https:\/\/ranchosantana.com\/wp-content\/uploads\/2023\/08\/logo-dark.png","contentUrl":"https:\/\/ranchosantana.com\/wp-content\/uploads\/2023\/08\/logo-dark.png","width":111,"height":56,"caption":"Rancho Santana"},"image":{"@id":"https:\/\/ranchosantana.com\/es\/#\/schema\/logo\/image\/"},"sameAs":["https:\/\/www.facebook.com\/RanchoSantana\/","https:\/\/www.instagram.com\/ranchosantana_nicaragua\/"]}]}},"_links":{"self":[{"href":"https:\/\/ranchosantana.com\/es\/wp-json\/wp\/v2\/pages\/3245","targetHints":{"allow":["GET"]}}],"collection":[{"href":"https:\/\/ranchosantana.com\/es\/wp-json\/wp\/v2\/pages"}],"about":[{"href":"https:\/\/ranchosantana.com\/es\/wp-json\/wp\/v2\/types\/page"}],"author":[{"embeddable":true,"href":"https:\/\/ranchosantana.com\/es\/wp-json\/wp\/v2\/users\/1"}],"replies":[{"embeddable":true,"href":"https:\/\/ranchosantana.com\/es\/wp-json\/wp\/v2\/comments?post=3245"}],"version-history":[{"count":2,"href":"https:\/\/ranchosantana.com\/es\/wp-json\/wp\/v2\/pages\/3245\/revisions"}],"predecessor-version":[{"id":40002,"href":"https:\/\/ranchosantana.com\/es\/wp-json\/wp\/v2\/pages\/3245\/revisions\/40002"}],"up":[{"embeddable":true,"href":"https:\/\/ranchosantana.com\/es\/wp-json\/wp\/v2\/pages\/3240"}],"wp:featuredmedia":[{"embeddable":true,"href":"https:\/\/ranchosantana.com\/es\/wp-json\/wp\/v2\/media\/2261"}],"wp:attachment":[{"href":"https:\/\/ranchosantana.com\/es\/wp-json\/wp\/v2\/media?parent=3245"}],"curies":[{"name":"wp","href":"https:\/\/api.w.org\/{rel}","templated":true}]}}