{"id":3242,"date":"2022-10-21T16:23:41","date_gmt":"2022-10-21T16:23:41","guid":{"rendered":"https:\/\/dev.ranchosantana.com\/wellness\/"},"modified":"2026-01-05T13:40:45","modified_gmt":"2026-01-05T13:40:45","slug":"bienestar","status":"publish","type":"page","link":"https:\/\/ranchosantana.com\/es\/bienestar\/","title":{"rendered":"Bienestar"},"content":{"rendered":"\n<section id=\"block_76c638582ffa3be7bc395f028bbfc10e\" class=\"page-hero type-default \">\n    \n        \n    <div class=\"holder\">\n        <hgroup>\n            <h1>Bienestar<\/h1>\n<p>El bienestar en Rancho Santana consiste en reconectar con la naturaleza, incluyendo masajes en nuestro Spa en El l Bosque y clases de yoga en nuestra terraza frente al mar.<\/p>\n        <\/hgroup>\n        <ul class=\"hero-info\">\n                        <li><a href=\"tel:(310) 299-7550\"><span class=\"phone-label\">Tel\u00e9fono<\/span>(310) 299-7550<\/a><\/li>\n                    <\/ul>\n    <\/div>\n    \n        \n    <span class=\"media-overlay\"><\/span>\n        <div class=\"fullsize-video-holder\">\n            <video preload=\"none\" muted loop playsinline class=\"fullsize-video\" poster=\"https:\/\/ranchosantana.com\/wp-content\/uploads\/2022\/11\/1-1-1024x683.jpg\">\n            <source data-src=\"https:\/\/ranchosantana.com\/wp-content\/uploads\/2025\/11\/2k_-_horizontal_video_wellness_website-1080p.mp4\" type=\"video\/mp4\">\n        <\/video>\n        <\/div>\n        <div class=\"page-hero-background\">\n                <span style=\"background-image:url(https:\/\/ranchosantana.com\/wp-content\/uploads\/2022\/11\/1-1.jpg)\"><\/span>\n            <\/div>\n    \n        \n<\/section>\n\n\n<section id=\"block_186003a4b240a3f871f7c65e9f5dc162\" class=\"two-columns reversed\">\n    <div class=\"holder\">\n        <div class=\"two-column-content\">\n            <article class=\"entry\">\n                <div class=\"acf-innerblocks-container\">\n\n<h2 class=\"wp-block-heading\" id=\"h-the-spa-in-el-bosque\">The Spa in El Bosque<\/h2>\n\n\n\n<p>Nuestro spa y santuario de bienestar de 6,000 pies cuadrados est\u00e1 construido en una colina rugosa de Rancho Santana, ofreciendo a los visitantes un descanso del sol y las olas nicarag\u00fcenses.<\/p>\n\n\n\n<p><a href=\"https:\/\/ranchosantana.com\/es\/bienestar\/spa\/\" data-type=\"URL\" data-id=\"https:\/\/ranchosantana.com\/es\/bienestar\/spa\/\">Explora<\/a><a href=\"https:\/\/ranchosantana.com\/es\/bienestar\/spa\/\" data-type=\"URL\" data-id=\"https:\/\/ranchosantana.com\/wellness\/spa\/\">r el spa<\/a><\/p>\n\n<\/div>            <\/article>\n                            <figure class=\"animated\">\n                                        <span class=\"img-holder\" style=\"background-image:url(https:\/\/ranchosantana.com\/wp-content\/uploads\/2026\/01\/DSC5327-scaled.jpg)\"><\/span>\n                                    <\/figure>\n                    <\/div>\n    <\/div>\n<\/section>\n\n\n<section id=\"block_bb4563f92db8a0ca55014847eeda51fb\" class=\"cover-outer\">\n    \n    <div class=\"holder\">\n        <div class=\"cover-columns entry\">\n            <hgroup>\n                <h2>Yoga &amp;<br \/>\nFitness<\/h2>\n            <\/hgroup>\n            <article>\n                <p>Encuentra el zen en lo alto de nuestra palapa de yoga o suda la gota gorda en FunLim\u00f3n, un gimnasio m\u00e1s convencional situado al otro lado de la calle de Rancho Santana.<\/p>\n<p><a href=\"https:\/\/ranchosantana.com\/es\/bienestar\/yoga-fitness\/\">Explorar el Yoga y Fitness<\/a><\/p>\n            <\/article>\n        <\/div>\n    <\/div>\n        <div class=\"cover-image\">\n        <span style=\"background-image:url(https:\/\/ranchosantana.com\/wp-content\/uploads\/2022\/11\/Yoga-scaled.jpg)\"><\/span>\n        <div class=\"edges\">\n            <div class=\"horizontal\">\n                <span><\/span>\n                <span><\/span>\n            <\/div>\n            <div class=\"vertical\">\n                <span><\/span>\n                <span><\/span>\n            <\/div>\n        <\/div>\n    <\/div>\n        \n<\/section>\n\n\n\n<section id=\"block_e176f8089db3bb49d96c9c8b28435006\" class=\"two-columns default\">\n    <div class=\"holder\">\n        <div class=\"two-column-content\">\n            <article class=\"entry\">\n                <div class=\"acf-innerblocks-container\">\n\n<h2 class=\"wp-block-heading\" id=\"h-vive-la-experiencia-fitsouls-wellness-journey\">Vive la Experiencia FitSouls Wellness Journey<\/h2>\n\n\n\n<p>Creado por el experto en salud y fitness Eryck y la practicante hol\u00edstica Dominique, FitSouls es un viaje transformador de bienestar de cuatro d\u00edas dise\u00f1ado exclusivamente para Rancho Santana.<\/p>\n\n\n\n<p><a href=\"https:\/\/ranchosantana.com\/es\/experiences\/vive-la-experiencia-fitsouls-wellness-journey\/\" target=\"_blank\" rel=\"noreferrer noopener\">Leer m\u00e1s<\/a><\/p>\n\n<\/div>            <\/article>\n                        <figure class=\"image-grid-outer animated\">\n                                    <ul class=\"image-grid\">\n                                                    <li>\n                                <img decoding=\"async\" src=\"https:\/\/ranchosantana.com\/wp-content\/uploads\/2023\/05\/DSC3245-1024x683.jpg\" alt=\"breakfast at El Caf\u00e9 at Rancho Santana\" \/>\n                            <\/li>\n                                                    <li>\n                                <img decoding=\"async\" src=\"https:\/\/ranchosantana.com\/wp-content\/uploads\/2025\/09\/DSC8602-1024x683.jpg\" alt=\"A group of people practice yoga outdoors on mats, performing a standing side stretch pose surrounded by greenery and palm trees on a sunny day.\" \/>\n                            <\/li>\n                                                    <li>\n                                <img decoding=\"async\" src=\"https:\/\/ranchosantana.com\/wp-content\/uploads\/2025\/09\/DSC06936-1024x576.jpg\" alt=\"Five people stand and walk on a sandy beach near the shoreline, with rocky outcrops and ocean waves in the background under a clear sky.\" \/>\n                            <\/li>\n                                                    <li>\n                                <img decoding=\"async\" src=\"https:\/\/ranchosantana.com\/wp-content\/uploads\/2022\/09\/DSC6669-1024x683.jpg\" alt=\"MTB bike ride at Rancho Santana\" \/>\n                            <\/li>\n                                            <\/ul>\n                            <\/figure>\n                    <\/div>\n    <\/div>\n<\/section>\n\n\n<section id=\"block_1bcbd28cc33acefc6c0e0e3bfde93bcc\" class=\"two-columns reversed\">\n    <div class=\"holder\">\n        <div class=\"two-column-content\">\n            <article class=\"entry\">\n                <div class=\"acf-innerblocks-container\">\n\n<h2 class=\"wp-block-heading\" id=\"h-proximos-retiros\">Pr\u00f3ximos Retiros<\/h2>\n\n\n\n<p>El complejo de Bienestar de Rancho Santana es el escenario id\u00f3neo para retiros llenos de buenas vibras, buena comida y buenos amigos.<\/p>\n\n\n\n<p><a href=\"https:\/\/ranchosantana.com\/wellness\/upcoming-retreats\/\" data-type=\"URL\" data-id=\"https:\/\/ranchosantana.com\/wellness\/upcoming-retreats\/\">Explorar los retiros<\/a><\/p>\n\n<\/div>            <\/article>\n                            <figure class=\"animated\">\n                                        <span class=\"img-holder\" style=\"background-image:url(https:\/\/ranchosantana.com\/wp-content\/uploads\/2022\/11\/retreat-scaled.jpg)\"><\/span>\n                                    <\/figure>\n                    <\/div>\n    <\/div>\n<\/section>","protected":false},"excerpt":{"rendered":"","protected":false},"author":1,"featured_media":2166,"parent":0,"menu_order":70,"comment_status":"closed","ping_status":"closed","template":"","meta":{"_acf_changed":false,"inline_featured_image":false,"footnotes":""},"class_list":["post-3242","page","type-page","status-publish","has-post-thumbnail","hentry"],"acf":[],"yoast_head":"<!-- This site is optimized with the Yoast SEO Premium plugin v26.4 (Yoast SEO v26.4) - https:\/\/yoast.com\/wordpress\/plugins\/seo\/ -->\n<title>Bienestar en Rancho Santana Frenta al Mar Resort en Nicaragua<\/title>\n<meta name=\"description\" content=\"El bienestar en Rancho Santana consiste en reconectar con la naturaleza incluyendo masajes en nuestro Spa en El l Bosque y clases de yoga.\" \/>\n<meta name=\"robots\" content=\"index, follow, max-snippet:-1, max-image-preview:large, max-video-preview:-1\" \/>\n<link rel=\"canonical\" href=\"https:\/\/ranchosantana.com\/es\/bienestar\/\" \/>\n<meta property=\"og:locale\" content=\"es_ES\" \/>\n<meta property=\"og:type\" content=\"article\" \/>\n<meta property=\"og:title\" content=\"Bienestar\" \/>\n<meta property=\"og:description\" content=\"El bienestar en Rancho Santana consiste en reconectar con la naturaleza incluyendo masajes en nuestro Spa en El l Bosque y clases de yoga.\" \/>\n<meta property=\"og:url\" content=\"https:\/\/ranchosantana.com\/es\/bienestar\/\" \/>\n<meta property=\"og:site_name\" content=\"Rancho Santana\" \/>\n<meta property=\"article:publisher\" content=\"https:\/\/www.facebook.com\/RanchoSantana\/\" \/>\n<meta property=\"article:modified_time\" content=\"2026-01-05T13:40:45+00:00\" \/>\n<meta property=\"og:image\" content=\"https:\/\/ranchosantana.com\/wp-content\/uploads\/2022\/11\/Spa-18-scaled.jpg\" \/>\n\t<meta property=\"og:image:width\" content=\"2560\" \/>\n\t<meta property=\"og:image:height\" content=\"1707\" \/>\n\t<meta property=\"og:image:type\" content=\"image\/jpeg\" \/>\n<meta name=\"twitter:card\" content=\"summary_large_image\" \/>\n<meta name=\"twitter:label1\" content=\"Tiempo de lectura\" \/>\n\t<meta name=\"twitter:data1\" content=\"1 minuto\" \/>\n<script type=\"application\/ld+json\" class=\"yoast-schema-graph\">{\"@context\":\"https:\/\/schema.org\",\"@graph\":[{\"@type\":\"WebPage\",\"@id\":\"https:\/\/ranchosantana.com\/es\/bienestar\/\",\"url\":\"https:\/\/ranchosantana.com\/es\/bienestar\/\",\"name\":\"Bienestar en Rancho Santana Frenta al Mar Resort en Nicaragua\",\"isPartOf\":{\"@id\":\"https:\/\/ranchosantana.com\/es\/#website\"},\"primaryImageOfPage\":{\"@id\":\"https:\/\/ranchosantana.com\/es\/bienestar\/#primaryimage\"},\"image\":{\"@id\":\"https:\/\/ranchosantana.com\/es\/bienestar\/#primaryimage\"},\"thumbnailUrl\":\"https:\/\/ranchosantana.com\/wp-content\/uploads\/2022\/11\/Spa-18-scaled.jpg\",\"datePublished\":\"2022-10-21T16:23:41+00:00\",\"dateModified\":\"2026-01-05T13:40:45+00:00\",\"description\":\"El bienestar en Rancho Santana consiste en reconectar con la naturaleza incluyendo masajes en nuestro Spa en El l Bosque y clases de yoga.\",\"breadcrumb\":{\"@id\":\"https:\/\/ranchosantana.com\/es\/bienestar\/#breadcrumb\"},\"inLanguage\":\"es\",\"potentialAction\":[{\"@type\":\"ReadAction\",\"target\":[\"https:\/\/ranchosantana.com\/es\/bienestar\/\"]}]},{\"@type\":\"ImageObject\",\"inLanguage\":\"es\",\"@id\":\"https:\/\/ranchosantana.com\/es\/bienestar\/#primaryimage\",\"url\":\"https:\/\/ranchosantana.com\/wp-content\/uploads\/2022\/11\/Spa-18-scaled.jpg\",\"contentUrl\":\"https:\/\/ranchosantana.com\/wp-content\/uploads\/2022\/11\/Spa-18-scaled.jpg\",\"width\":2560,\"height\":1707,\"caption\":\"Man and woman getting a couples massage at Rancho's spa.\"},{\"@type\":\"BreadcrumbList\",\"@id\":\"https:\/\/ranchosantana.com\/es\/bienestar\/#breadcrumb\",\"itemListElement\":[{\"@type\":\"ListItem\",\"position\":1,\"name\":\"Home\",\"item\":\"https:\/\/ranchosantana.com\/es\/\"},{\"@type\":\"ListItem\",\"position\":2,\"name\":\"Bienestar\"}]},{\"@type\":\"WebSite\",\"@id\":\"https:\/\/ranchosantana.com\/es\/#website\",\"url\":\"https:\/\/ranchosantana.com\/es\/\",\"name\":\"Rancho Santana\",\"description\":\"A Sprawling Coastal Escape\",\"publisher\":{\"@id\":\"https:\/\/ranchosantana.com\/es\/#organization\"},\"potentialAction\":[{\"@type\":\"SearchAction\",\"target\":{\"@type\":\"EntryPoint\",\"urlTemplate\":\"https:\/\/ranchosantana.com\/es\/?s={search_term_string}\"},\"query-input\":{\"@type\":\"PropertyValueSpecification\",\"valueRequired\":true,\"valueName\":\"search_term_string\"}}],\"inLanguage\":\"es\"},{\"@type\":\"Organization\",\"@id\":\"https:\/\/ranchosantana.com\/es\/#organization\",\"name\":\"Rancho Santana\",\"url\":\"https:\/\/ranchosantana.com\/es\/\",\"logo\":{\"@type\":\"ImageObject\",\"inLanguage\":\"es\",\"@id\":\"https:\/\/ranchosantana.com\/es\/#\/schema\/logo\/image\/\",\"url\":\"https:\/\/ranchosantana.com\/wp-content\/uploads\/2023\/08\/logo-dark.png\",\"contentUrl\":\"https:\/\/ranchosantana.com\/wp-content\/uploads\/2023\/08\/logo-dark.png\",\"width\":111,\"height\":56,\"caption\":\"Rancho Santana\"},\"image\":{\"@id\":\"https:\/\/ranchosantana.com\/es\/#\/schema\/logo\/image\/\"},\"sameAs\":[\"https:\/\/www.facebook.com\/RanchoSantana\/\",\"https:\/\/www.instagram.com\/ranchosantana_nicaragua\/\"]}]}<\/script>\n<!-- \/ Yoast SEO Premium plugin. -->","yoast_head_json":{"title":"Bienestar en Rancho Santana Frenta al Mar Resort en Nicaragua","description":"El bienestar en Rancho Santana consiste en reconectar con la naturaleza incluyendo masajes en nuestro Spa en El l Bosque y clases de yoga.","robots":{"index":"index","follow":"follow","max-snippet":"max-snippet:-1","max-image-preview":"max-image-preview:large","max-video-preview":"max-video-preview:-1"},"canonical":"https:\/\/ranchosantana.com\/es\/bienestar\/","og_locale":"es_ES","og_type":"article","og_title":"Bienestar","og_description":"El bienestar en Rancho Santana consiste en reconectar con la naturaleza incluyendo masajes en nuestro Spa en El l Bosque y clases de yoga.","og_url":"https:\/\/ranchosantana.com\/es\/bienestar\/","og_site_name":"Rancho Santana","article_publisher":"https:\/\/www.facebook.com\/RanchoSantana\/","article_modified_time":"2026-01-05T13:40:45+00:00","og_image":[{"width":2560,"height":1707,"url":"https:\/\/ranchosantana.com\/wp-content\/uploads\/2022\/11\/Spa-18-scaled.jpg","type":"image\/jpeg"}],"twitter_card":"summary_large_image","twitter_misc":{"Tiempo de lectura":"1 minuto"},"schema":{"@context":"https:\/\/schema.org","@graph":[{"@type":"WebPage","@id":"https:\/\/ranchosantana.com\/es\/bienestar\/","url":"https:\/\/ranchosantana.com\/es\/bienestar\/","name":"Bienestar en Rancho Santana Frenta al Mar Resort en Nicaragua","isPartOf":{"@id":"https:\/\/ranchosantana.com\/es\/#website"},"primaryImageOfPage":{"@id":"https:\/\/ranchosantana.com\/es\/bienestar\/#primaryimage"},"image":{"@id":"https:\/\/ranchosantana.com\/es\/bienestar\/#primaryimage"},"thumbnailUrl":"https:\/\/ranchosantana.com\/wp-content\/uploads\/2022\/11\/Spa-18-scaled.jpg","datePublished":"2022-10-21T16:23:41+00:00","dateModified":"2026-01-05T13:40:45+00:00","description":"El bienestar en Rancho Santana consiste en reconectar con la naturaleza incluyendo masajes en nuestro Spa en El l Bosque y clases de yoga.","breadcrumb":{"@id":"https:\/\/ranchosantana.com\/es\/bienestar\/#breadcrumb"},"inLanguage":"es","potentialAction":[{"@type":"ReadAction","target":["https:\/\/ranchosantana.com\/es\/bienestar\/"]}]},{"@type":"ImageObject","inLanguage":"es","@id":"https:\/\/ranchosantana.com\/es\/bienestar\/#primaryimage","url":"https:\/\/ranchosantana.com\/wp-content\/uploads\/2022\/11\/Spa-18-scaled.jpg","contentUrl":"https:\/\/ranchosantana.com\/wp-content\/uploads\/2022\/11\/Spa-18-scaled.jpg","width":2560,"height":1707,"caption":"Man and woman getting a couples massage at Rancho's spa."},{"@type":"BreadcrumbList","@id":"https:\/\/ranchosantana.com\/es\/bienestar\/#breadcrumb","itemListElement":[{"@type":"ListItem","position":1,"name":"Home","item":"https:\/\/ranchosantana.com\/es\/"},{"@type":"ListItem","position":2,"name":"Bienestar"}]},{"@type":"WebSite","@id":"https:\/\/ranchosantana.com\/es\/#website","url":"https:\/\/ranchosantana.com\/es\/","name":"Rancho Santana","description":"A Sprawling Coastal Escape","publisher":{"@id":"https:\/\/ranchosantana.com\/es\/#organization"},"potentialAction":[{"@type":"SearchAction","target":{"@type":"EntryPoint","urlTemplate":"https:\/\/ranchosantana.com\/es\/?s={search_term_string}"},"query-input":{"@type":"PropertyValueSpecification","valueRequired":true,"valueName":"search_term_string"}}],"inLanguage":"es"},{"@type":"Organization","@id":"https:\/\/ranchosantana.com\/es\/#organization","name":"Rancho Santana","url":"https:\/\/ranchosantana.com\/es\/","logo":{"@type":"ImageObject","inLanguage":"es","@id":"https:\/\/ranchosantana.com\/es\/#\/schema\/logo\/image\/","url":"https:\/\/ranchosantana.com\/wp-content\/uploads\/2023\/08\/logo-dark.png","contentUrl":"https:\/\/ranchosantana.com\/wp-content\/uploads\/2023\/08\/logo-dark.png","width":111,"height":56,"caption":"Rancho Santana"},"image":{"@id":"https:\/\/ranchosantana.com\/es\/#\/schema\/logo\/image\/"},"sameAs":["https:\/\/www.facebook.com\/RanchoSantana\/","https:\/\/www.instagram.com\/ranchosantana_nicaragua\/"]}]}},"_links":{"self":[{"href":"https:\/\/ranchosantana.com\/es\/wp-json\/wp\/v2\/pages\/3242","targetHints":{"allow":["GET"]}}],"collection":[{"href":"https:\/\/ranchosantana.com\/es\/wp-json\/wp\/v2\/pages"}],"about":[{"href":"https:\/\/ranchosantana.com\/es\/wp-json\/wp\/v2\/types\/page"}],"author":[{"embeddable":true,"href":"https:\/\/ranchosantana.com\/es\/wp-json\/wp\/v2\/users\/1"}],"replies":[{"embeddable":true,"href":"https:\/\/ranchosantana.com\/es\/wp-json\/wp\/v2\/comments?post=3242"}],"version-history":[{"count":3,"href":"https:\/\/ranchosantana.com\/es\/wp-json\/wp\/v2\/pages\/3242\/revisions"}],"predecessor-version":[{"id":37023,"href":"https:\/\/ranchosantana.com\/es\/wp-json\/wp\/v2\/pages\/3242\/revisions\/37023"}],"wp:featuredmedia":[{"embeddable":true,"href":"https:\/\/ranchosantana.com\/es\/wp-json\/wp\/v2\/media\/2166"}],"wp:attachment":[{"href":"https:\/\/ranchosantana.com\/es\/wp-json\/wp\/v2\/media?parent=3242"}],"curies":[{"name":"wp","href":"https:\/\/api.w.org\/{rel}","templated":true}]}}