{"id":3240,"date":"2022-10-07T12:13:02","date_gmt":"2022-10-07T12:13:02","guid":{"rendered":"https:\/\/dev.ranchosantana.com\/events\/"},"modified":"2025-11-12T21:52:41","modified_gmt":"2025-11-12T21:52:41","slug":"eventos","status":"publish","type":"page","link":"https:\/\/ranchosantana.com\/es\/eventos\/","title":{"rendered":"Eventos"},"content":{"rendered":"\n<section id=\"block_4cc0394d1c0253055a128b913c0683de\" class=\"page-hero type-default \">\n    \n        \n    <div class=\"holder\">\n        <hgroup>\n            <h1>Eventos<\/h1>\n<p><span style=\"font-weight: 400;\">Invita a tu familia, a tus amigos o a tus colegas (o a todos los anteriores) a Rancho Santana para celebrar tus eventos m\u00e1s monumentales.<\/span><\/p>\n        <\/hgroup>\n        <ul class=\"hero-info\">\n                        <li><a href=\"tel:(310) 299-7550\"><span class=\"phone-label\">Tel\u00e9fono<\/span>(310) 299-7550<\/a><\/li>\n                    <\/ul>\n    <\/div>\n    \n        \n    <span class=\"media-overlay\"><\/span>\n        <div class=\"fullsize-video-holder\">\n            <video preload=\"none\" muted loop playsinline class=\"fullsize-video\" poster=\"https:\/\/ranchosantana.com\/wp-content\/uploads\/2025\/06\/Rancho-Santana-Wedding-Nicaragua-LauraFreddy-533-0297_websize-1024x682.jpg\">\n            <source data-src=\"https:\/\/ranchosantana.com\/wp-content\/uploads\/2023\/01\/Events-website-video_V1_corrected-1-1.mp4\" type=\"video\/mp4\">\n        <\/video>\n        <\/div>\n        <div class=\"page-hero-background\">\n                <span style=\"background-image:url(https:\/\/ranchosantana.com\/wp-content\/uploads\/2025\/06\/Rancho-Santana-Wedding-Nicaragua-LauraFreddy-533-0297_websize.jpg)\"><\/span>\n            <\/div>\n    \n        \n<\/section>\n\n\n<section id=\"block_8f93f02f237a54bec3ca46e209eefa09\" class=\"two-columns reversed\">\n    <div class=\"holder\">\n        <div class=\"two-column-content\">\n            <article class=\"entry\">\n                <div class=\"acf-innerblocks-container\">\n\n<h2 class=\"wp-block-heading\">Bodas<\/h2>\n\n\n\n<p>Nuestro personal y nuestros impresionantes paisajes est\u00e1n a tu disposici\u00f3n para ese gran d\u00eda, ya sea que recibas a 20 o a 200 personas.<\/p>\n\n\n\n<p><a href=\"https:\/\/ranchosantana.com\/es\/eventos\/weddings\/\" data-type=\"URL\" data-id=\"https:\/\/ranchosantana.com\/es\/eventos\/weddings\/\">Explorar bodas<\/a><\/p>\n\n<\/div>            <\/article>\n                            <figure class=\"animated\">\n                                        <span class=\"img-holder\" style=\"background-image:url(https:\/\/ranchosantana.com\/wp-content\/uploads\/2022\/11\/Wedding-scaled.jpg)\"><\/span>\n                                    <\/figure>\n                    <\/div>\n    <\/div>\n<\/section>\n\n\n<section id=\"block_5361126649a2db64ba74eee2127d6cf7\" class=\"two-columns v3 default\">\n    <div class=\"holder\">\n        <div class=\"two-column-content\">\n            <article class=\"entry\">\n                <div class=\"acf-innerblocks-container\">\n\n<h2 class=\"wp-block-heading\">Retiros<\/h2>\n\n\n\n<p>Consulta nuestro calendario para ver los pr\u00f3ximos retiros de yoga y surf. Tambi\u00e9n puedes ser el anfitri\u00f3n de tu propio retiro enfocado en el bienestar.<\/p>\n\n\n\n<p><a href=\"https:\/\/ranchosantana.com\/es\/bienestar\/retiros\/\" data-type=\"URL\" data-id=\"https:\/\/ranchosantana.com\/es\/bienestar\/retiros\/\">Explorar retiros<\/a><\/p>\n\n<\/div>            <\/article>\n                            <figure class=\"animated\">\n                                        <span class=\"img-holder\" style=\"background-image:url(https:\/\/ranchosantana.com\/wp-content\/uploads\/2022\/11\/DSC4031-1-2.jpg)\"><\/span>\n                                    <\/figure>\n                    <\/div>\n    <\/div>\n<\/section>\n\n\n<section id=\"block_c417b3d3d14f0464dbacdc82924c4449\" class=\"cover-outer\">\n    \n    <div class=\"holder\">\n        <div class=\"cover-columns entry\">\n            <hgroup>\n                <h2><b>Celebraciones<\/b><\/h2>\n            <\/hgroup>\n            <article>\n                <p><span style=\"font-weight: 400;\">Para un cumplea\u00f1os importante, una jubilaci\u00f3n de trabajo o un aniversario, no pierdas la oportunidad de crear recuerdos con tus seres queridos.<\/span><\/p>\n<p><a href=\"https:\/\/ranchosantana.com\/events\/celebrations\/\"><span style=\"font-weight: 400;\">Explorar celebraciones<\/span><\/a><\/p>\n            <\/article>\n        <\/div>\n    <\/div>\n        <div class=\"cover-image\">\n        <span style=\"background-image:url(https:\/\/ranchosantana.com\/wp-content\/uploads\/2022\/11\/celebrations-scaled.jpg)\"><\/span>\n        <div class=\"edges\">\n            <div class=\"horizontal\">\n                <span><\/span>\n                <span><\/span>\n            <\/div>\n            <div class=\"vertical\">\n                <span><\/span>\n                <span><\/span>\n            <\/div>\n        <\/div>\n    <\/div>\n        \n<\/section>\n\n\n\n<section id=\"block_0338efea4a61ddc5470003678afe4d57\" class=\"two-columns reversed\">\n    <div class=\"holder\">\n        <div class=\"two-column-content\">\n            <article class=\"entry\">\n                <div class=\"acf-innerblocks-container\">\n\n<h2 class=\"wp-block-heading\">Eventos Corporativos<\/h2>\n\n\n\n<p>\u00bfCu\u00e1l es el mejor remedio para combatir el cansancio del Zoom? Reunirte en persona en el Rancho e inyectar un poco de diversi\u00f3n en tus d\u00edas de trabajo.&nbsp;<\/p>\n\n\n\n<p><a href=\"https:\/\/ranchosantana.com\/es\/eventos\/eventos-corporativos\/\">Explorar los eventos corporativos<\/a><\/p>\n\n<\/div>            <\/article>\n                            <figure class=\"animated\">\n                                        <span class=\"img-holder\" style=\"background-image:url(https:\/\/ranchosantana.com\/wp-content\/uploads\/2022\/11\/Corporate-Retreats.jpg)\"><\/span>\n                                    <\/figure>\n                    <\/div>\n    <\/div>\n<\/section>","protected":false},"excerpt":{"rendered":"","protected":false},"author":1,"featured_media":2198,"parent":0,"menu_order":60,"comment_status":"closed","ping_status":"closed","template":"","meta":{"_acf_changed":false,"inline_featured_image":false,"footnotes":""},"class_list":["post-3240","page","type-page","status-publish","has-post-thumbnail","hentry"],"acf":[],"yoast_head":"<!-- This site is optimized with the Yoast SEO Premium plugin v26.4 (Yoast SEO v26.4) - https:\/\/yoast.com\/wordpress\/plugins\/seo\/ -->\n<title>Mejores cosas para hacer en Nicaragua Rancho Santana [eventos]<\/title>\n<meta name=\"description\" content=\"Hospede a su familia, amigos o colegas (o todos los anteriores) en Rancho Santana para sus ocasiones m\u00e1s monumentales. Reserva tu evento en Nicaragua.\" \/>\n<meta name=\"robots\" content=\"index, follow, max-snippet:-1, max-image-preview:large, max-video-preview:-1\" \/>\n<link rel=\"canonical\" href=\"https:\/\/ranchosantana.com\/es\/eventos\/\" \/>\n<meta property=\"og:locale\" content=\"es_ES\" \/>\n<meta property=\"og:type\" content=\"article\" \/>\n<meta property=\"og:title\" content=\"Eventos\" \/>\n<meta property=\"og:description\" content=\"Hospede a su familia, amigos o colegas (o todos los anteriores) en Rancho Santana para sus ocasiones m\u00e1s monumentales. Reserva tu evento en Nicaragua.\" \/>\n<meta property=\"og:url\" content=\"https:\/\/ranchosantana.com\/es\/eventos\/\" \/>\n<meta property=\"og:site_name\" content=\"Rancho Santana\" \/>\n<meta property=\"article:publisher\" content=\"https:\/\/www.facebook.com\/RanchoSantana\/\" \/>\n<meta property=\"article:modified_time\" content=\"2025-11-12T21:52:41+00:00\" \/>\n<meta property=\"og:image\" content=\"https:\/\/ranchosantana.com\/wp-content\/uploads\/2022\/11\/Wedding-scaled.jpg\" \/>\n\t<meta property=\"og:image:width\" content=\"2560\" \/>\n\t<meta property=\"og:image:height\" content=\"1633\" \/>\n\t<meta property=\"og:image:type\" content=\"image\/jpeg\" \/>\n<meta name=\"twitter:card\" content=\"summary_large_image\" \/>\n<meta name=\"twitter:label1\" content=\"Tiempo de lectura\" \/>\n\t<meta name=\"twitter:data1\" content=\"1 minuto\" \/>\n<script type=\"application\/ld+json\" class=\"yoast-schema-graph\">{\"@context\":\"https:\/\/schema.org\",\"@graph\":[{\"@type\":\"WebPage\",\"@id\":\"https:\/\/ranchosantana.com\/es\/eventos\/\",\"url\":\"https:\/\/ranchosantana.com\/es\/eventos\/\",\"name\":\"Mejores cosas para hacer en Nicaragua Rancho Santana [eventos]\",\"isPartOf\":{\"@id\":\"https:\/\/ranchosantana.com\/es\/#website\"},\"primaryImageOfPage\":{\"@id\":\"https:\/\/ranchosantana.com\/es\/eventos\/#primaryimage\"},\"image\":{\"@id\":\"https:\/\/ranchosantana.com\/es\/eventos\/#primaryimage\"},\"thumbnailUrl\":\"https:\/\/ranchosantana.com\/wp-content\/uploads\/2022\/11\/Wedding-scaled.jpg\",\"datePublished\":\"2022-10-07T12:13:02+00:00\",\"dateModified\":\"2025-11-12T21:52:41+00:00\",\"description\":\"Hospede a su familia, amigos o colegas (o todos los anteriores) en Rancho Santana para sus ocasiones m\u00e1s monumentales. Reserva tu evento en Nicaragua.\",\"breadcrumb\":{\"@id\":\"https:\/\/ranchosantana.com\/es\/eventos\/#breadcrumb\"},\"inLanguage\":\"es\",\"potentialAction\":[{\"@type\":\"ReadAction\",\"target\":[\"https:\/\/ranchosantana.com\/es\/eventos\/\"]}]},{\"@type\":\"ImageObject\",\"inLanguage\":\"es\",\"@id\":\"https:\/\/ranchosantana.com\/es\/eventos\/#primaryimage\",\"url\":\"https:\/\/ranchosantana.com\/wp-content\/uploads\/2022\/11\/Wedding-scaled.jpg\",\"contentUrl\":\"https:\/\/ranchosantana.com\/wp-content\/uploads\/2022\/11\/Wedding-scaled.jpg\",\"width\":2560,\"height\":1633,\"caption\":\"Nicaragua Weddings in Rancho Santana\"},{\"@type\":\"BreadcrumbList\",\"@id\":\"https:\/\/ranchosantana.com\/es\/eventos\/#breadcrumb\",\"itemListElement\":[{\"@type\":\"ListItem\",\"position\":1,\"name\":\"Home\",\"item\":\"https:\/\/ranchosantana.com\/es\/\"},{\"@type\":\"ListItem\",\"position\":2,\"name\":\"Eventos\"}]},{\"@type\":\"WebSite\",\"@id\":\"https:\/\/ranchosantana.com\/es\/#website\",\"url\":\"https:\/\/ranchosantana.com\/es\/\",\"name\":\"Rancho Santana\",\"description\":\"A Sprawling Coastal Escape\",\"publisher\":{\"@id\":\"https:\/\/ranchosantana.com\/es\/#organization\"},\"potentialAction\":[{\"@type\":\"SearchAction\",\"target\":{\"@type\":\"EntryPoint\",\"urlTemplate\":\"https:\/\/ranchosantana.com\/es\/?s={search_term_string}\"},\"query-input\":{\"@type\":\"PropertyValueSpecification\",\"valueRequired\":true,\"valueName\":\"search_term_string\"}}],\"inLanguage\":\"es\"},{\"@type\":\"Organization\",\"@id\":\"https:\/\/ranchosantana.com\/es\/#organization\",\"name\":\"Rancho Santana\",\"url\":\"https:\/\/ranchosantana.com\/es\/\",\"logo\":{\"@type\":\"ImageObject\",\"inLanguage\":\"es\",\"@id\":\"https:\/\/ranchosantana.com\/es\/#\/schema\/logo\/image\/\",\"url\":\"https:\/\/ranchosantana.com\/wp-content\/uploads\/2023\/08\/logo-dark.png\",\"contentUrl\":\"https:\/\/ranchosantana.com\/wp-content\/uploads\/2023\/08\/logo-dark.png\",\"width\":111,\"height\":56,\"caption\":\"Rancho Santana\"},\"image\":{\"@id\":\"https:\/\/ranchosantana.com\/es\/#\/schema\/logo\/image\/\"},\"sameAs\":[\"https:\/\/www.facebook.com\/RanchoSantana\/\",\"https:\/\/www.instagram.com\/ranchosantana_nicaragua\/\"]}]}<\/script>\n<!-- \/ Yoast SEO Premium plugin. -->","yoast_head_json":{"title":"Mejores cosas para hacer en Nicaragua Rancho Santana [eventos]","description":"Hospede a su familia, amigos o colegas (o todos los anteriores) en Rancho Santana para sus ocasiones m\u00e1s monumentales. Reserva tu evento en Nicaragua.","robots":{"index":"index","follow":"follow","max-snippet":"max-snippet:-1","max-image-preview":"max-image-preview:large","max-video-preview":"max-video-preview:-1"},"canonical":"https:\/\/ranchosantana.com\/es\/eventos\/","og_locale":"es_ES","og_type":"article","og_title":"Eventos","og_description":"Hospede a su familia, amigos o colegas (o todos los anteriores) en Rancho Santana para sus ocasiones m\u00e1s monumentales. Reserva tu evento en Nicaragua.","og_url":"https:\/\/ranchosantana.com\/es\/eventos\/","og_site_name":"Rancho Santana","article_publisher":"https:\/\/www.facebook.com\/RanchoSantana\/","article_modified_time":"2025-11-12T21:52:41+00:00","og_image":[{"width":2560,"height":1633,"url":"https:\/\/ranchosantana.com\/wp-content\/uploads\/2022\/11\/Wedding-scaled.jpg","type":"image\/jpeg"}],"twitter_card":"summary_large_image","twitter_misc":{"Tiempo de lectura":"1 minuto"},"schema":{"@context":"https:\/\/schema.org","@graph":[{"@type":"WebPage","@id":"https:\/\/ranchosantana.com\/es\/eventos\/","url":"https:\/\/ranchosantana.com\/es\/eventos\/","name":"Mejores cosas para hacer en Nicaragua Rancho Santana [eventos]","isPartOf":{"@id":"https:\/\/ranchosantana.com\/es\/#website"},"primaryImageOfPage":{"@id":"https:\/\/ranchosantana.com\/es\/eventos\/#primaryimage"},"image":{"@id":"https:\/\/ranchosantana.com\/es\/eventos\/#primaryimage"},"thumbnailUrl":"https:\/\/ranchosantana.com\/wp-content\/uploads\/2022\/11\/Wedding-scaled.jpg","datePublished":"2022-10-07T12:13:02+00:00","dateModified":"2025-11-12T21:52:41+00:00","description":"Hospede a su familia, amigos o colegas (o todos los anteriores) en Rancho Santana para sus ocasiones m\u00e1s monumentales. Reserva tu evento en Nicaragua.","breadcrumb":{"@id":"https:\/\/ranchosantana.com\/es\/eventos\/#breadcrumb"},"inLanguage":"es","potentialAction":[{"@type":"ReadAction","target":["https:\/\/ranchosantana.com\/es\/eventos\/"]}]},{"@type":"ImageObject","inLanguage":"es","@id":"https:\/\/ranchosantana.com\/es\/eventos\/#primaryimage","url":"https:\/\/ranchosantana.com\/wp-content\/uploads\/2022\/11\/Wedding-scaled.jpg","contentUrl":"https:\/\/ranchosantana.com\/wp-content\/uploads\/2022\/11\/Wedding-scaled.jpg","width":2560,"height":1633,"caption":"Nicaragua Weddings in Rancho Santana"},{"@type":"BreadcrumbList","@id":"https:\/\/ranchosantana.com\/es\/eventos\/#breadcrumb","itemListElement":[{"@type":"ListItem","position":1,"name":"Home","item":"https:\/\/ranchosantana.com\/es\/"},{"@type":"ListItem","position":2,"name":"Eventos"}]},{"@type":"WebSite","@id":"https:\/\/ranchosantana.com\/es\/#website","url":"https:\/\/ranchosantana.com\/es\/","name":"Rancho Santana","description":"A Sprawling Coastal Escape","publisher":{"@id":"https:\/\/ranchosantana.com\/es\/#organization"},"potentialAction":[{"@type":"SearchAction","target":{"@type":"EntryPoint","urlTemplate":"https:\/\/ranchosantana.com\/es\/?s={search_term_string}"},"query-input":{"@type":"PropertyValueSpecification","valueRequired":true,"valueName":"search_term_string"}}],"inLanguage":"es"},{"@type":"Organization","@id":"https:\/\/ranchosantana.com\/es\/#organization","name":"Rancho Santana","url":"https:\/\/ranchosantana.com\/es\/","logo":{"@type":"ImageObject","inLanguage":"es","@id":"https:\/\/ranchosantana.com\/es\/#\/schema\/logo\/image\/","url":"https:\/\/ranchosantana.com\/wp-content\/uploads\/2023\/08\/logo-dark.png","contentUrl":"https:\/\/ranchosantana.com\/wp-content\/uploads\/2023\/08\/logo-dark.png","width":111,"height":56,"caption":"Rancho Santana"},"image":{"@id":"https:\/\/ranchosantana.com\/es\/#\/schema\/logo\/image\/"},"sameAs":["https:\/\/www.facebook.com\/RanchoSantana\/","https:\/\/www.instagram.com\/ranchosantana_nicaragua\/"]}]}},"_links":{"self":[{"href":"https:\/\/ranchosantana.com\/es\/wp-json\/wp\/v2\/pages\/3240","targetHints":{"allow":["GET"]}}],"collection":[{"href":"https:\/\/ranchosantana.com\/es\/wp-json\/wp\/v2\/pages"}],"about":[{"href":"https:\/\/ranchosantana.com\/es\/wp-json\/wp\/v2\/types\/page"}],"author":[{"embeddable":true,"href":"https:\/\/ranchosantana.com\/es\/wp-json\/wp\/v2\/users\/1"}],"replies":[{"embeddable":true,"href":"https:\/\/ranchosantana.com\/es\/wp-json\/wp\/v2\/comments?post=3240"}],"version-history":[{"count":0,"href":"https:\/\/ranchosantana.com\/es\/wp-json\/wp\/v2\/pages\/3240\/revisions"}],"wp:featuredmedia":[{"embeddable":true,"href":"https:\/\/ranchosantana.com\/es\/wp-json\/wp\/v2\/media\/2198"}],"wp:attachment":[{"href":"https:\/\/ranchosantana.com\/es\/wp-json\/wp\/v2\/media?parent=3240"}],"curies":[{"name":"wp","href":"https:\/\/api.w.org\/{rel}","templated":true}]}}