{"id":3237,"date":"2022-12-02T15:49:12","date_gmt":"2022-12-02T15:49:12","guid":{"rendered":"https:\/\/dev.ranchosantana.com\/sustainability\/"},"modified":"2025-06-10T10:35:29","modified_gmt":"2025-06-10T10:35:29","slug":"sostenibilidad","status":"publish","type":"page","link":"https:\/\/ranchosantana.com\/es\/sostenibilidad\/","title":{"rendered":"Sostenibilidad"},"content":{"rendered":"\n<section id=\"block_a525345ee14f1a48628ddefd5f7587f8\" class=\"page-hero type-default \">\n    \n        \n    <div class=\"holder\">\n        <hgroup>\n            <h1><b>Sostenibilidad\u00a0<\/b><\/h1>\n<p>En Rancho Santana, nos hemos esmerado en nuestros esfuerzos de sostenibilidad .<\/p>\n<p>&nbsp;<\/p>\n        <\/hgroup>\n        <ul class=\"hero-info\">\n                        <li><a href=\"tel:(310) 299-7550\"><span class=\"phone-label\">Tel\u00e9fono<\/span>(310) 299-7550<\/a><\/li>\n                    <\/ul>\n    <\/div>\n    \n        \n    <span class=\"media-overlay\"><\/span>\n        <div class=\"page-hero-background\">\n                <span style=\"background-image:url(https:\/\/ranchosantana.com\/wp-content\/uploads\/2022\/11\/culinary-exp-scaled.jpg)\"><\/span>\n            <\/div>\n    \n        \n<\/section>\n\n\n<section class=\"content-editor-outer experiences\">\n\n    <div class=\"holder-wide\">\n        \n        <div class=\"title-holder\">\n            <h2>Sostenibilidad \n<\/h2>\n            <div class=\"entry\">\n                <p>En Rancho Santana, reconocemos lo incre\u00edblemente afortunados que somos de disfrutar de las playas v\u00edrgenes de la Costa Esmeralda, sus frondosos bosques, sus cielos despejados y su mezcla \u00fanica de vida salvaje. Por este motivo, tenemos en mente limitar nuestro impacto sobre el medio ambiente cuando llevamos a cabo cualquier actividad en el Rancho.<\/p>\n<p>Nos hemos esmerado especialmente en nuestros esfuerzos de sostenibilidad relacionados con la energ\u00eda solar, la eficiencia h\u00eddrica, la gesti\u00f3n de desechos, la agricultura, la conservaci\u00f3n medioambiental, la construcci\u00f3n ecol\u00f3gica y la participaci\u00f3n comunitaria<\/p>\n            <\/div>\n        <\/div>\n        \n        \n        <div class=\"loader\"><\/div>\n\t\t            <div class=\"post-grid post-grid-vertical\">\n                            <article>\n    <a href=\"https:\/\/ranchosantana.com\/es\/sustainability\/eficiencia-hidrica\/\">\n        <hgroup>\n            <h4>Eficiencia H\u00eddrica<\/h4>\n            <span class=\"more\">\n                <p><u>Leer M\u00e1s<\/u><\/p>\n            <\/span>\n        <\/hgroup>\n        <figure>\n            <span class=\"img-holder\" style=\"background-image: url(https:\/\/ranchosantana.com\/wp-content\/uploads\/2022\/12\/The-Inn-10-1-2.jpg)\" ><\/span>\n        <\/figure>\n    <\/a>\n<\/article>                            <article>\n    <a href=\"https:\/\/ranchosantana.com\/es\/sustainability\/solar-energy\/\">\n        <hgroup>\n            <h4>Energ\u00eda Solar<\/h4>\n            <span class=\"more\">\n                <p><u>Leer M\u00e1s<\/u><\/p>\n            <\/span>\n        <\/hgroup>\n        <figure>\n            <span class=\"img-holder\" style=\"background-image: url(https:\/\/ranchosantana.com\/wp-content\/uploads\/2022\/10\/2D6E054E-BFC3-4CA2-B84B-37325D8718DC-550x296-1.jpeg)\" ><\/span>\n        <\/figure>\n    <\/a>\n<\/article>                            <article>\n    <a href=\"https:\/\/ranchosantana.com\/es\/sustainability\/community-outreach\/\">\n        <hgroup>\n            <h4>Participaci\u00f3n Comunitaria<\/h4>\n            <span class=\"more\">\n                <p><u>Leer M\u00e1s<\/u><\/p>\n            <\/span>\n        <\/hgroup>\n        <figure>\n            <span class=\"img-holder\" style=\"background-image: url(https:\/\/ranchosantana.com\/wp-content\/uploads\/2022\/10\/DSC_4947-2.jpg)\" ><\/span>\n        <\/figure>\n    <\/a>\n<\/article>                            <article>\n    <a href=\"https:\/\/ranchosantana.com\/es\/sustainability\/environmental-conservation\/\">\n        <hgroup>\n            <h4>Conservaci\u00f3n Medioambiental<\/h4>\n            <span class=\"more\">\n                <p><u>Leer M\u00e1s<\/u><\/p>\n            <\/span>\n        <\/hgroup>\n        <figure>\n            <span class=\"img-holder\" style=\"background-image: url(https:\/\/ranchosantana.com\/wp-content\/uploads\/2022\/09\/DSC_5379-2.jpg)\" ><\/span>\n        <\/figure>\n    <\/a>\n<\/article>                            <article>\n    <a href=\"https:\/\/ranchosantana.com\/es\/sustainability\/jardin\/\">\n        <hgroup>\n            <h4>Jard\u00edn<\/h4>\n            <span class=\"more\">\n                <p><u>Leer M\u00e1s<\/u><\/p>\n            <\/span>\n        <\/hgroup>\n        <figure>\n            <span class=\"img-holder\" style=\"background-image: url(https:\/\/ranchosantana.com\/wp-content\/uploads\/2022\/11\/DSC06372-1024x576.jpg)\" ><\/span>\n        <\/figure>\n    <\/a>\n<\/article>                            <article>\n    <a href=\"https:\/\/ranchosantana.com\/es\/sustainability\/green-construction\/\">\n        <hgroup>\n            <h4>Construcci\u00f3n Ecol\u00f3gica<\/h4>\n            <span class=\"more\">\n                <p><u>Leer M\u00e1s<\/u><\/p>\n            <\/span>\n        <\/hgroup>\n        <figure>\n            <span class=\"img-holder\" style=\"background-image: url(https:\/\/ranchosantana.com\/wp-content\/uploads\/2022\/08\/SAM_RanchoSantana_KubaOkon7P8A3780copy-2.jpg)\" ><\/span>\n        <\/figure>\n    <\/a>\n<\/article>                            <article>\n    <a href=\"https:\/\/ranchosantana.com\/es\/sustainability\/tratamiento-de-desechos\/\">\n        <hgroup>\n            <h4>Tratamiento de Desechos<\/h4>\n            <span class=\"more\">\n                <p><u>Leer M\u00e1s<\/u><\/p>\n            <\/span>\n        <\/hgroup>\n        <figure>\n            <span class=\"img-holder\" style=\"background-image: url(https:\/\/ranchosantana.com\/wp-content\/uploads\/2022\/08\/WIL_9953-copy-scaled-e1641244521265-768x576-1.jpeg)\" ><\/span>\n        <\/figure>\n    <\/a>\n<\/article>                        <\/div>\n        \n                    <div class=\"button-set center top-spacing load-more-set\" style=\"display: none;\">\n                <a href=\"#\" class=\"btn ghost load-more\">Mostrar m\u00e1s<span><\/span><\/a>\n            <\/div>\n            \n    <\/div>\n\n<\/section>\n","protected":false},"excerpt":{"rendered":"","protected":false},"author":4,"featured_media":3542,"parent":0,"menu_order":35,"comment_status":"closed","ping_status":"closed","template":"","meta":{"_acf_changed":false,"inline_featured_image":false,"footnotes":""},"class_list":["post-3237","page","type-page","status-publish","has-post-thumbnail","hentry"],"acf":[],"yoast_head":"<!-- This site is optimized with the Yoast SEO Premium plugin v26.4 (Yoast SEO v26.4) - https:\/\/yoast.com\/wordpress\/plugins\/seo\/ -->\n<title>Sostenibilidad | Rancho Santana<\/title>\n<meta name=\"robots\" content=\"index, follow, max-snippet:-1, max-image-preview:large, max-video-preview:-1\" \/>\n<link rel=\"canonical\" href=\"https:\/\/ranchosantana.com\/es\/sostenibilidad\/\" \/>\n<meta property=\"og:locale\" content=\"es_ES\" \/>\n<meta property=\"og:type\" content=\"article\" \/>\n<meta property=\"og:title\" content=\"Sostenibilidad\" \/>\n<meta property=\"og:url\" content=\"https:\/\/ranchosantana.com\/es\/sostenibilidad\/\" \/>\n<meta property=\"og:site_name\" content=\"Rancho Santana\" \/>\n<meta property=\"article:publisher\" content=\"https:\/\/www.facebook.com\/RanchoSantana\/\" \/>\n<meta property=\"article:modified_time\" content=\"2025-06-10T10:35:29+00:00\" \/>\n<meta property=\"og:image\" content=\"https:\/\/ranchosantana.com\/wp-content\/uploads\/2022\/11\/DSC3912-2.jpg\" \/>\n\t<meta property=\"og:image:width\" content=\"1000\" \/>\n\t<meta property=\"og:image:height\" content=\"667\" \/>\n\t<meta property=\"og:image:type\" content=\"image\/jpeg\" \/>\n<meta name=\"twitter:card\" content=\"summary_large_image\" \/>\n<script type=\"application\/ld+json\" class=\"yoast-schema-graph\">{\"@context\":\"https:\/\/schema.org\",\"@graph\":[{\"@type\":\"WebPage\",\"@id\":\"https:\/\/ranchosantana.com\/es\/sostenibilidad\/\",\"url\":\"https:\/\/ranchosantana.com\/es\/sostenibilidad\/\",\"name\":\"Sostenibilidad | Rancho Santana\",\"isPartOf\":{\"@id\":\"https:\/\/ranchosantana.com\/es\/#website\"},\"primaryImageOfPage\":{\"@id\":\"https:\/\/ranchosantana.com\/es\/sostenibilidad\/#primaryimage\"},\"image\":{\"@id\":\"https:\/\/ranchosantana.com\/es\/sostenibilidad\/#primaryimage\"},\"thumbnailUrl\":\"https:\/\/ranchosantana.com\/wp-content\/uploads\/2022\/11\/DSC3912-2.jpg\",\"datePublished\":\"2022-12-02T15:49:12+00:00\",\"dateModified\":\"2025-06-10T10:35:29+00:00\",\"breadcrumb\":{\"@id\":\"https:\/\/ranchosantana.com\/es\/sostenibilidad\/#breadcrumb\"},\"inLanguage\":\"es\",\"potentialAction\":[{\"@type\":\"ReadAction\",\"target\":[\"https:\/\/ranchosantana.com\/es\/sostenibilidad\/\"]}]},{\"@type\":\"ImageObject\",\"inLanguage\":\"es\",\"@id\":\"https:\/\/ranchosantana.com\/es\/sostenibilidad\/#primaryimage\",\"url\":\"https:\/\/ranchosantana.com\/wp-content\/uploads\/2022\/11\/DSC3912-2.jpg\",\"contentUrl\":\"https:\/\/ranchosantana.com\/wp-content\/uploads\/2022\/11\/DSC3912-2.jpg\",\"width\":1000,\"height\":667,\"caption\":\"travel with purpose to Nicaragua, Rancho Santana\"},{\"@type\":\"BreadcrumbList\",\"@id\":\"https:\/\/ranchosantana.com\/es\/sostenibilidad\/#breadcrumb\",\"itemListElement\":[{\"@type\":\"ListItem\",\"position\":1,\"name\":\"Home\",\"item\":\"https:\/\/ranchosantana.com\/es\/\"},{\"@type\":\"ListItem\",\"position\":2,\"name\":\"Sostenibilidad\"}]},{\"@type\":\"WebSite\",\"@id\":\"https:\/\/ranchosantana.com\/es\/#website\",\"url\":\"https:\/\/ranchosantana.com\/es\/\",\"name\":\"Rancho Santana\",\"description\":\"A Sprawling Coastal Escape\",\"publisher\":{\"@id\":\"https:\/\/ranchosantana.com\/es\/#organization\"},\"potentialAction\":[{\"@type\":\"SearchAction\",\"target\":{\"@type\":\"EntryPoint\",\"urlTemplate\":\"https:\/\/ranchosantana.com\/es\/?s={search_term_string}\"},\"query-input\":{\"@type\":\"PropertyValueSpecification\",\"valueRequired\":true,\"valueName\":\"search_term_string\"}}],\"inLanguage\":\"es\"},{\"@type\":\"Organization\",\"@id\":\"https:\/\/ranchosantana.com\/es\/#organization\",\"name\":\"Rancho Santana\",\"url\":\"https:\/\/ranchosantana.com\/es\/\",\"logo\":{\"@type\":\"ImageObject\",\"inLanguage\":\"es\",\"@id\":\"https:\/\/ranchosantana.com\/es\/#\/schema\/logo\/image\/\",\"url\":\"https:\/\/ranchosantana.com\/wp-content\/uploads\/2023\/08\/logo-dark.png\",\"contentUrl\":\"https:\/\/ranchosantana.com\/wp-content\/uploads\/2023\/08\/logo-dark.png\",\"width\":111,\"height\":56,\"caption\":\"Rancho Santana\"},\"image\":{\"@id\":\"https:\/\/ranchosantana.com\/es\/#\/schema\/logo\/image\/\"},\"sameAs\":[\"https:\/\/www.facebook.com\/RanchoSantana\/\",\"https:\/\/www.instagram.com\/ranchosantana_nicaragua\/\"]}]}<\/script>\n<!-- \/ Yoast SEO Premium plugin. -->","yoast_head_json":{"title":"Sostenibilidad | Rancho Santana","robots":{"index":"index","follow":"follow","max-snippet":"max-snippet:-1","max-image-preview":"max-image-preview:large","max-video-preview":"max-video-preview:-1"},"canonical":"https:\/\/ranchosantana.com\/es\/sostenibilidad\/","og_locale":"es_ES","og_type":"article","og_title":"Sostenibilidad","og_url":"https:\/\/ranchosantana.com\/es\/sostenibilidad\/","og_site_name":"Rancho Santana","article_publisher":"https:\/\/www.facebook.com\/RanchoSantana\/","article_modified_time":"2025-06-10T10:35:29+00:00","og_image":[{"width":1000,"height":667,"url":"https:\/\/ranchosantana.com\/wp-content\/uploads\/2022\/11\/DSC3912-2.jpg","type":"image\/jpeg"}],"twitter_card":"summary_large_image","schema":{"@context":"https:\/\/schema.org","@graph":[{"@type":"WebPage","@id":"https:\/\/ranchosantana.com\/es\/sostenibilidad\/","url":"https:\/\/ranchosantana.com\/es\/sostenibilidad\/","name":"Sostenibilidad | Rancho Santana","isPartOf":{"@id":"https:\/\/ranchosantana.com\/es\/#website"},"primaryImageOfPage":{"@id":"https:\/\/ranchosantana.com\/es\/sostenibilidad\/#primaryimage"},"image":{"@id":"https:\/\/ranchosantana.com\/es\/sostenibilidad\/#primaryimage"},"thumbnailUrl":"https:\/\/ranchosantana.com\/wp-content\/uploads\/2022\/11\/DSC3912-2.jpg","datePublished":"2022-12-02T15:49:12+00:00","dateModified":"2025-06-10T10:35:29+00:00","breadcrumb":{"@id":"https:\/\/ranchosantana.com\/es\/sostenibilidad\/#breadcrumb"},"inLanguage":"es","potentialAction":[{"@type":"ReadAction","target":["https:\/\/ranchosantana.com\/es\/sostenibilidad\/"]}]},{"@type":"ImageObject","inLanguage":"es","@id":"https:\/\/ranchosantana.com\/es\/sostenibilidad\/#primaryimage","url":"https:\/\/ranchosantana.com\/wp-content\/uploads\/2022\/11\/DSC3912-2.jpg","contentUrl":"https:\/\/ranchosantana.com\/wp-content\/uploads\/2022\/11\/DSC3912-2.jpg","width":1000,"height":667,"caption":"travel with purpose to Nicaragua, Rancho Santana"},{"@type":"BreadcrumbList","@id":"https:\/\/ranchosantana.com\/es\/sostenibilidad\/#breadcrumb","itemListElement":[{"@type":"ListItem","position":1,"name":"Home","item":"https:\/\/ranchosantana.com\/es\/"},{"@type":"ListItem","position":2,"name":"Sostenibilidad"}]},{"@type":"WebSite","@id":"https:\/\/ranchosantana.com\/es\/#website","url":"https:\/\/ranchosantana.com\/es\/","name":"Rancho Santana","description":"A Sprawling Coastal Escape","publisher":{"@id":"https:\/\/ranchosantana.com\/es\/#organization"},"potentialAction":[{"@type":"SearchAction","target":{"@type":"EntryPoint","urlTemplate":"https:\/\/ranchosantana.com\/es\/?s={search_term_string}"},"query-input":{"@type":"PropertyValueSpecification","valueRequired":true,"valueName":"search_term_string"}}],"inLanguage":"es"},{"@type":"Organization","@id":"https:\/\/ranchosantana.com\/es\/#organization","name":"Rancho Santana","url":"https:\/\/ranchosantana.com\/es\/","logo":{"@type":"ImageObject","inLanguage":"es","@id":"https:\/\/ranchosantana.com\/es\/#\/schema\/logo\/image\/","url":"https:\/\/ranchosantana.com\/wp-content\/uploads\/2023\/08\/logo-dark.png","contentUrl":"https:\/\/ranchosantana.com\/wp-content\/uploads\/2023\/08\/logo-dark.png","width":111,"height":56,"caption":"Rancho Santana"},"image":{"@id":"https:\/\/ranchosantana.com\/es\/#\/schema\/logo\/image\/"},"sameAs":["https:\/\/www.facebook.com\/RanchoSantana\/","https:\/\/www.instagram.com\/ranchosantana_nicaragua\/"]}]}},"_links":{"self":[{"href":"https:\/\/ranchosantana.com\/es\/wp-json\/wp\/v2\/pages\/3237","targetHints":{"allow":["GET"]}}],"collection":[{"href":"https:\/\/ranchosantana.com\/es\/wp-json\/wp\/v2\/pages"}],"about":[{"href":"https:\/\/ranchosantana.com\/es\/wp-json\/wp\/v2\/types\/page"}],"author":[{"embeddable":true,"href":"https:\/\/ranchosantana.com\/es\/wp-json\/wp\/v2\/users\/4"}],"replies":[{"embeddable":true,"href":"https:\/\/ranchosantana.com\/es\/wp-json\/wp\/v2\/comments?post=3237"}],"version-history":[{"count":0,"href":"https:\/\/ranchosantana.com\/es\/wp-json\/wp\/v2\/pages\/3237\/revisions"}],"wp:featuredmedia":[{"embeddable":true,"href":"https:\/\/ranchosantana.com\/es\/wp-json\/wp\/v2\/media\/3542"}],"wp:attachment":[{"href":"https:\/\/ranchosantana.com\/es\/wp-json\/wp\/v2\/media?parent=3237"}],"curies":[{"name":"wp","href":"https:\/\/api.w.org\/{rel}","templated":true}]}}