{"id":3236,"date":"2022-10-07T12:12:34","date_gmt":"2022-10-07T12:12:34","guid":{"rendered":"https:\/\/dev.ranchosantana.com\/stay\/"},"modified":"2025-11-03T21:45:25","modified_gmt":"2025-11-03T21:45:25","slug":"alojamientos","status":"publish","type":"page","link":"https:\/\/ranchosantana.com\/es\/alojamientos\/","title":{"rendered":"Alojamientos"},"content":{"rendered":"\n<section id=\"block_5b344e1fc40ad2ea3158ad1fa7106b0a\" class=\"page-hero type-default \">\n    \n        \n    <div class=\"holder\">\n        <hgroup>\n            <h1><strong>Alojamientos<\/strong><\/h1>\n<p>Con amplios jardines frente al mar, piscinas de borde infinito y acceso privado a la playa, los alojamientos de Rancho Santana son mucho m\u00e1s que un simple lugar de descanso.<\/p>\n        <\/hgroup>\n        <ul class=\"hero-info\">\n                        <li><a href=\"tel:(310) 299-7550\"><span class=\"phone-label\">Tel\u00e9fono<\/span>(310) 299-7550<\/a><\/li>\n                    <\/ul>\n    <\/div>\n    \n        \n    <span class=\"media-overlay\"><\/span>\n        <div class=\"fullsize-video-holder\">\n            <video preload=\"none\" muted loop playsinline class=\"fullsize-video\" poster=\"https:\/\/ranchosantana.com\/wp-content\/uploads\/2022\/10\/j5_12a-1024x683.jpg\">\n            <source data-src=\"https:\/\/ranchosantana.com\/wp-content\/uploads\/2025\/11\/2k_stay_main_website_video_copy_01-1080p.mp4\" type=\"video\/mp4\">\n        <\/video>\n        <\/div>\n        <div class=\"page-hero-background\">\n                <span style=\"background-image:url(https:\/\/ranchosantana.com\/wp-content\/uploads\/2022\/10\/j5_12a.jpg)\"><\/span>\n            <\/div>\n    \n        \n<\/section>\n\n\n<section id=\"block_b62f54e081e7250aaafcb0d54aa2603d\" class=\"two-columns reversed\">\n    <div class=\"holder\">\n        <div class=\"two-column-content\">\n            <article class=\"entry\">\n                <div class=\"acf-innerblocks-container\">\n\n<h2 class=\"wp-block-heading\">El Inn<\/h2>\n\n\n\n<p>Elige entre espacios \u00edntimos o suites m\u00e1s espaciosas en nuestro hotel boutique de 17 habitaciones y 2 plantas ubicado frente a la playa para disfrutar tus vacaciones en Nicaragua.<\/p>\n\n\n\n<p><a href=\"https:\/\/ranchosantana.com\/es\/accommodation-category\/inn-es\/\" data-type=\"URL\" data-id=\"https:\/\/ranchosantana.com\/es\/accommodation-category\/inn-es\/\">Leer m\u00e1s<\/a><\/p>\n\n\n\n<div class=\"wp-block-buttons is-layout-flex wp-block-buttons-is-layout-flex\">\n<div class=\"wp-block-button\"><a class=\"wp-block-button__link wp-element-button\" href=\"https:\/\/be.synxis.com\/?adult=2&amp;arrive=2023-11-30&amp;chain=10237&amp;child=0&amp;config=MGARS&amp;currency=USD&amp;depart=2023-12-01&amp;hotel=30943&amp;level=hotel&amp;locale=en-US&amp;rooms=1&amp;theme=MGARS\">Reservar<\/a><\/div>\n<\/div>\n\n<\/div>            <\/article>\n                            <figure class=\"animated\">\n                                        <span class=\"img-holder\" style=\"background-image:url(https:\/\/ranchosantana.com\/wp-content\/uploads\/2022\/11\/The-Inn-27-scaled.jpg)\"><\/span>\n                                    <\/figure>\n                    <\/div>\n    <\/div>\n<\/section>\n\n\n<section id=\"block_5d291fb1cb4b8699ca640faa4fbdaa78\" class=\"two-columns v3 default\">\n    <div class=\"holder\">\n        <div class=\"two-column-content\">\n            <article class=\"entry\">\n                <div class=\"acf-innerblocks-container\">\n\n<h2 class=\"wp-block-heading\">Suites Residenciales<\/h2>\n\n\n\n<p>Disfruta de la mayor comodidad de El Inn con suficiente espacio para todo tu grupo en estas unidades estilo condominio de 3 dormitorios y 3 ba\u00f1os.<\/p>\n\n\n\n<p><a href=\"https:\/\/ranchosantana.com\/es\/accommodation-category\/suites-residenciales\/\" data-type=\"link\" data-id=\"https:\/\/ranchosantana.com\/es\/accommodation-category\/suites-residenciales\/\">Leer m\u00e1s<\/a><\/p>\n\n\n\n<div class=\"wp-block-buttons is-layout-flex wp-block-buttons-is-layout-flex\">\n<div class=\"wp-block-button\"><a class=\"wp-block-button__link wp-element-button\" href=\"https:\/\/be.synxis.com\/?_ga=2.197471789.300646958.1701045342-1588247185.1679610583&amp;_gac=1.254086460.1700454253.EAIaIQobChMI7vrSlNKgggMV4lVIAB3lAAVeEAAYASAAEgJ8RvD_BwE&amp;adult=1&amp;arrive=2023-12-03&amp;chain=10237&amp;child=0&amp;currency=USD&amp;depart=2023-12-07&amp;hotel=30943&amp;level=hotel&amp;locale=en-US&amp;room=RES&amp;rooms=1\">Reservar<\/a><\/div>\n<\/div>\n\n<\/div>            <\/article>\n                            <figure class=\"animated\">\n                                        <span class=\"img-holder\" style=\"background-image:url(https:\/\/ranchosantana.com\/wp-content\/uploads\/2022\/11\/The-Residences-3-scaled.jpg)\"><\/span>\n                                    <\/figure>\n                    <\/div>\n    <\/div>\n<\/section>\n\n\n<section id=\"block_70622cf8f7443b9574110d70f688d832\" class=\"cover-outer\">\n    \n    <div class=\"holder\">\n        <div class=\"cover-columns entry\">\n            <hgroup>\n                <h2>Casas Con Vista al Mar<\/h2>\n            <\/hgroup>\n            <article>\n                <p><span style=\"font-weight: 400;\">\u00bfAlguna vez so\u00f1aste flotar en una piscina de borde infinito en una casa privada junto al mar? Te presentamos la oportunidad de vivir una experiencia inmobiliaria realmente <\/span><i><span style=\"font-weight: 400;\">inolvidable<\/span><\/i><span style=\"font-weight: 400;\"> a trav\u00e9s de este <\/span><span style=\"font-weight: 400;\">alojamiento vacacional en Nicaragua.<\/span><\/p>\n<p><a href=\"https:\/\/ranchosantana.com\/es\/accommodation-category\/ocean-view-homes-es\/\">Leer m\u00e1s<\/a><\/p>\n<p><a href=\"https:\/\/be.synxis.com\/?adult=2&amp;arrive=2023-11-30&amp;chain=10237&amp;child=0&amp;config=MGARS&amp;currency=USD&amp;depart=2023-12-01&amp;hotel=30943&amp;level=hotel&amp;locale=en-US&amp;rooms=1&amp;theme=MGARS\">Reservar<\/a><\/p>\n            <\/article>\n        <\/div>\n    <\/div>\n        <div class=\"cover-image\">\n        <span style=\"background-image:url(https:\/\/ranchosantana.com\/wp-content\/uploads\/2022\/10\/RanchoSantana_KubaOkon71DJI_0896-1-2-1.jpg)\"><\/span>\n        <div class=\"edges\">\n            <div class=\"horizontal\">\n                <span><\/span>\n                <span><\/span>\n            <\/div>\n            <div class=\"vertical\">\n                <span><\/span>\n                <span><\/span>\n            <\/div>\n        <\/div>\n    <\/div>\n        \n<\/section>\n\n\n\n<section id=\"block_32c1bf5c1621e6149bbd4d0bc11b49c2\" class=\"two-columns v2 reversed\">\n    <div class=\"holder\">\n        <div class=\"two-column-content\">\n            <article class=\"entry\">\n                <div class=\"acf-innerblocks-container\">\n\n<h2 class=\"wp-block-heading\">Pacific Condos<\/h2>\n\n\n\n<p>Accede a un alojamiento de Rancho Santana diferente a cualquier otro espacio dentro de la propiedad. Estas unidades de estilo condo de 2-3 dormitorios\/2 ba\u00f1os pertenecen y est\u00e1n decoradas individualmente.<\/p>\n\n\n\n<p><a href=\"https:\/\/ranchosantana.com\/es\/accommodation-category\/pacific-condos\/\" data-type=\"link\" data-id=\"https:\/\/ranchosantana.com\/es\/accommodation-category\/pacific-condos\/\">Leer m\u00e1s<\/a><\/p>\n\n\n\n<div class=\"wp-block-buttons is-layout-flex wp-block-buttons-is-layout-flex\">\n<div class=\"wp-block-button\"><a class=\"wp-block-button__link wp-element-button\" href=\"https:\/\/be.synxis.com\/?adult=2&amp;arrive=2023-11-30&amp;chain=10237&amp;child=0&amp;config=MGARS&amp;currency=USD&amp;depart=2023-12-01&amp;hotel=30943&amp;level=hotel&amp;locale=en-US&amp;rooms=1&amp;theme=MGARS\">Reservar<\/a><\/div>\n<\/div>\n\n<\/div>            <\/article>\n                            <figure class=\"animated\">\n                                        <span class=\"img-holder\" style=\"background-image:url(https:\/\/ranchosantana.com\/wp-content\/uploads\/2022\/10\/DSC9674-HDR-scaled.jpg)\"><\/span>\n                                    <\/figure>\n                    <\/div>\n    <\/div>\n<\/section>\n\n\n<section id=\"block_40d02207b502956441cfc00acdb9e1d7\" class=\"two-columns v3 default\">\n    <div class=\"holder\">\n        <div class=\"two-column-content\">\n            <article class=\"entry\">\n                <div class=\"acf-innerblocks-container\">\n\n<h2 class=\"wp-block-heading\">Casitas con Vistas al Jard\u00edn<\/h2>\n\n\n\n<p>Estas casitas est\u00e1n rodeadas de follaje tropical y cuentan con cocinas totalmente equipadas.<\/p>\n\n\n\n<p><a href=\"https:\/\/ranchosantana.com\/es\/accommodation-category\/garden-view-casitas-es\/\" data-type=\"URL\" data-id=\"https:\/\/ranchosantana.com\/es\/accommodation-category\/garden-view-casitas-es\/\">Leer m\u00e1s<\/a><\/p>\n\n\n\n<div class=\"wp-block-buttons is-layout-flex wp-block-buttons-is-layout-flex\">\n<div class=\"wp-block-button\"><a class=\"wp-block-button__link wp-element-button\" href=\"https:\/\/be.synxis.com\/?adult=2&amp;arrive=2023-11-30&amp;chain=10237&amp;child=0&amp;config=MGARS&amp;currency=USD&amp;depart=2023-12-01&amp;hotel=30943&amp;level=hotel&amp;locale=en-US&amp;rooms=1&amp;theme=MGARS\">Reservar<\/a><\/div>\n<\/div>\n\n<\/div>            <\/article>\n                            <figure class=\"animated\">\n                                        <span class=\"img-holder\" style=\"background-image:url(https:\/\/ranchosantana.com\/wp-content\/uploads\/2022\/10\/v3_3.Copy-2.jpg)\"><\/span>\n                                    <\/figure>\n                    <\/div>\n    <\/div>\n<\/section>\n\n\n<section id=\"block_def8dd43b047bd48e5577f723a123136\" class=\"content-editor-outer cta\">\n    \n    <div class=\"holder-wide\">\n        <article class=\"entry\">\n            <div class=\"acf-innerblocks-container\">\n\n<h3 class=\"wp-block-heading has-text-align-center\">Pertenece a El Rancho<\/h3>\n\n\n\n<p class=\"has-text-align-center\">\u00danete a nuestra comunidad en expansi\u00f3n. Dise\u00f1a tu propia casa en Rancho Santana o selecciona una de las propiedades \u00abllave en mano\u00bb disponibles actualmente. Ofrecemos opciones de financiaci\u00f3n, servicios de construcci\u00f3n y dise\u00f1o, y gesti\u00f3n de la propiedad.<\/p>\n\n\n\n<p class=\"has-text-align-center\"><a href=\"https:\/\/ranchosantana.com\/es\/bienes-raices\/\" data-type=\"URL\" data-id=\"https:\/\/ranchosantana.com\/es\/real-estate\/\">Lee m\u00e1s<\/a><\/p>\n\n<\/div>        <\/article>\n    <\/div>\n\n<\/section>\n","protected":false},"excerpt":{"rendered":"","protected":false},"author":1,"featured_media":1875,"parent":0,"menu_order":20,"comment_status":"closed","ping_status":"closed","template":"","meta":{"_acf_changed":false,"inline_featured_image":false,"footnotes":""},"class_list":["post-3236","page","type-page","status-publish","has-post-thumbnail","hentry"],"acf":[],"yoast_head":"<!-- This site is optimized with the Yoast SEO Premium plugin v26.4 (Yoast SEO v26.4) - https:\/\/yoast.com\/wordpress\/plugins\/seo\/ -->\n<title>Rancho Santana Nicaragua Resort &amp; Vacacional [Frente a la playa]<\/title>\n<meta name=\"description\" content=\"Descubra los alojamientos y las playas de Rancho Santana. Las habitaciones, el spa y los restaurantes lo convierten en el principal resort de Centroam\u00e9rica.\" \/>\n<meta name=\"robots\" content=\"index, follow, max-snippet:-1, max-image-preview:large, max-video-preview:-1\" \/>\n<link rel=\"canonical\" href=\"https:\/\/ranchosantana.com\/es\/alojamientos\/\" \/>\n<meta property=\"og:locale\" content=\"es_ES\" \/>\n<meta property=\"og:type\" content=\"article\" \/>\n<meta property=\"og:title\" content=\"Alojamientos\" \/>\n<meta property=\"og:description\" content=\"Descubra los alojamientos y las playas de Rancho Santana. Las habitaciones, el spa y los restaurantes lo convierten en el principal resort de Centroam\u00e9rica.\" \/>\n<meta property=\"og:url\" content=\"https:\/\/ranchosantana.com\/es\/alojamientos\/\" \/>\n<meta property=\"og:site_name\" content=\"Rancho Santana\" \/>\n<meta property=\"article:publisher\" content=\"https:\/\/www.facebook.com\/RanchoSantana\/\" \/>\n<meta property=\"article:modified_time\" content=\"2025-11-03T21:45:25+00:00\" \/>\n<meta property=\"og:image\" content=\"https:\/\/ranchosantana.com\/wp-content\/uploads\/2022\/11\/ocean-view.jpg\" \/>\n\t<meta property=\"og:image:width\" content=\"2161\" \/>\n\t<meta property=\"og:image:height\" content=\"1196\" \/>\n\t<meta property=\"og:image:type\" content=\"image\/jpeg\" \/>\n<meta name=\"twitter:card\" content=\"summary_large_image\" \/>\n<meta name=\"twitter:label1\" content=\"Tiempo de lectura\" \/>\n\t<meta name=\"twitter:data1\" content=\"1 minuto\" \/>\n<script type=\"application\/ld+json\" class=\"yoast-schema-graph\">{\"@context\":\"https:\/\/schema.org\",\"@graph\":[{\"@type\":\"WebPage\",\"@id\":\"https:\/\/ranchosantana.com\/es\/alojamientos\/\",\"url\":\"https:\/\/ranchosantana.com\/es\/alojamientos\/\",\"name\":\"Rancho Santana Nicaragua Resort & Vacacional [Frente a la playa]\",\"isPartOf\":{\"@id\":\"https:\/\/ranchosantana.com\/es\/#website\"},\"primaryImageOfPage\":{\"@id\":\"https:\/\/ranchosantana.com\/es\/alojamientos\/#primaryimage\"},\"image\":{\"@id\":\"https:\/\/ranchosantana.com\/es\/alojamientos\/#primaryimage\"},\"thumbnailUrl\":\"https:\/\/ranchosantana.com\/wp-content\/uploads\/2022\/11\/ocean-view.jpg\",\"datePublished\":\"2022-10-07T12:12:34+00:00\",\"dateModified\":\"2025-11-03T21:45:25+00:00\",\"description\":\"Descubra los alojamientos y las playas de Rancho Santana. Las habitaciones, el spa y los restaurantes lo convierten en el principal resort de Centroam\u00e9rica.\",\"breadcrumb\":{\"@id\":\"https:\/\/ranchosantana.com\/es\/alojamientos\/#breadcrumb\"},\"inLanguage\":\"es\",\"potentialAction\":[{\"@type\":\"ReadAction\",\"target\":[\"https:\/\/ranchosantana.com\/es\/alojamientos\/\"]}]},{\"@type\":\"ImageObject\",\"inLanguage\":\"es\",\"@id\":\"https:\/\/ranchosantana.com\/es\/alojamientos\/#primaryimage\",\"url\":\"https:\/\/ranchosantana.com\/wp-content\/uploads\/2022\/11\/ocean-view.jpg\",\"contentUrl\":\"https:\/\/ranchosantana.com\/wp-content\/uploads\/2022\/11\/ocean-view.jpg\",\"width\":2161,\"height\":1196,\"caption\":\"Villa de lujo con arcos de piedra y una piscina infinita curva con vistas a exuberantes colinas verdes y una playa de arena con olas del oc\u00e9ano bajo un cielo parcialmente nublado.\"},{\"@type\":\"BreadcrumbList\",\"@id\":\"https:\/\/ranchosantana.com\/es\/alojamientos\/#breadcrumb\",\"itemListElement\":[{\"@type\":\"ListItem\",\"position\":1,\"name\":\"Home\",\"item\":\"https:\/\/ranchosantana.com\/es\/\"},{\"@type\":\"ListItem\",\"position\":2,\"name\":\"Alojamientos\"}]},{\"@type\":\"WebSite\",\"@id\":\"https:\/\/ranchosantana.com\/es\/#website\",\"url\":\"https:\/\/ranchosantana.com\/es\/\",\"name\":\"Rancho Santana\",\"description\":\"A Sprawling Coastal Escape\",\"publisher\":{\"@id\":\"https:\/\/ranchosantana.com\/es\/#organization\"},\"potentialAction\":[{\"@type\":\"SearchAction\",\"target\":{\"@type\":\"EntryPoint\",\"urlTemplate\":\"https:\/\/ranchosantana.com\/es\/?s={search_term_string}\"},\"query-input\":{\"@type\":\"PropertyValueSpecification\",\"valueRequired\":true,\"valueName\":\"search_term_string\"}}],\"inLanguage\":\"es\"},{\"@type\":\"Organization\",\"@id\":\"https:\/\/ranchosantana.com\/es\/#organization\",\"name\":\"Rancho Santana\",\"url\":\"https:\/\/ranchosantana.com\/es\/\",\"logo\":{\"@type\":\"ImageObject\",\"inLanguage\":\"es\",\"@id\":\"https:\/\/ranchosantana.com\/es\/#\/schema\/logo\/image\/\",\"url\":\"https:\/\/ranchosantana.com\/wp-content\/uploads\/2023\/08\/logo-dark.png\",\"contentUrl\":\"https:\/\/ranchosantana.com\/wp-content\/uploads\/2023\/08\/logo-dark.png\",\"width\":111,\"height\":56,\"caption\":\"Rancho Santana\"},\"image\":{\"@id\":\"https:\/\/ranchosantana.com\/es\/#\/schema\/logo\/image\/\"},\"sameAs\":[\"https:\/\/www.facebook.com\/RanchoSantana\/\",\"https:\/\/www.instagram.com\/ranchosantana_nicaragua\/\"]}]}<\/script>\n<!-- \/ Yoast SEO Premium plugin. -->","yoast_head_json":{"title":"Rancho Santana Nicaragua Resort & Vacacional [Frente a la playa]","description":"Descubra los alojamientos y las playas de Rancho Santana. Las habitaciones, el spa y los restaurantes lo convierten en el principal resort de Centroam\u00e9rica.","robots":{"index":"index","follow":"follow","max-snippet":"max-snippet:-1","max-image-preview":"max-image-preview:large","max-video-preview":"max-video-preview:-1"},"canonical":"https:\/\/ranchosantana.com\/es\/alojamientos\/","og_locale":"es_ES","og_type":"article","og_title":"Alojamientos","og_description":"Descubra los alojamientos y las playas de Rancho Santana. Las habitaciones, el spa y los restaurantes lo convierten en el principal resort de Centroam\u00e9rica.","og_url":"https:\/\/ranchosantana.com\/es\/alojamientos\/","og_site_name":"Rancho Santana","article_publisher":"https:\/\/www.facebook.com\/RanchoSantana\/","article_modified_time":"2025-11-03T21:45:25+00:00","og_image":[{"width":2161,"height":1196,"url":"https:\/\/ranchosantana.com\/wp-content\/uploads\/2022\/11\/ocean-view.jpg","type":"image\/jpeg"}],"twitter_card":"summary_large_image","twitter_misc":{"Tiempo de lectura":"1 minuto"},"schema":{"@context":"https:\/\/schema.org","@graph":[{"@type":"WebPage","@id":"https:\/\/ranchosantana.com\/es\/alojamientos\/","url":"https:\/\/ranchosantana.com\/es\/alojamientos\/","name":"Rancho Santana Nicaragua Resort & Vacacional [Frente a la playa]","isPartOf":{"@id":"https:\/\/ranchosantana.com\/es\/#website"},"primaryImageOfPage":{"@id":"https:\/\/ranchosantana.com\/es\/alojamientos\/#primaryimage"},"image":{"@id":"https:\/\/ranchosantana.com\/es\/alojamientos\/#primaryimage"},"thumbnailUrl":"https:\/\/ranchosantana.com\/wp-content\/uploads\/2022\/11\/ocean-view.jpg","datePublished":"2022-10-07T12:12:34+00:00","dateModified":"2025-11-03T21:45:25+00:00","description":"Descubra los alojamientos y las playas de Rancho Santana. Las habitaciones, el spa y los restaurantes lo convierten en el principal resort de Centroam\u00e9rica.","breadcrumb":{"@id":"https:\/\/ranchosantana.com\/es\/alojamientos\/#breadcrumb"},"inLanguage":"es","potentialAction":[{"@type":"ReadAction","target":["https:\/\/ranchosantana.com\/es\/alojamientos\/"]}]},{"@type":"ImageObject","inLanguage":"es","@id":"https:\/\/ranchosantana.com\/es\/alojamientos\/#primaryimage","url":"https:\/\/ranchosantana.com\/wp-content\/uploads\/2022\/11\/ocean-view.jpg","contentUrl":"https:\/\/ranchosantana.com\/wp-content\/uploads\/2022\/11\/ocean-view.jpg","width":2161,"height":1196,"caption":"Villa de lujo con arcos de piedra y una piscina infinita curva con vistas a exuberantes colinas verdes y una playa de arena con olas del oc\u00e9ano bajo un cielo parcialmente nublado."},{"@type":"BreadcrumbList","@id":"https:\/\/ranchosantana.com\/es\/alojamientos\/#breadcrumb","itemListElement":[{"@type":"ListItem","position":1,"name":"Home","item":"https:\/\/ranchosantana.com\/es\/"},{"@type":"ListItem","position":2,"name":"Alojamientos"}]},{"@type":"WebSite","@id":"https:\/\/ranchosantana.com\/es\/#website","url":"https:\/\/ranchosantana.com\/es\/","name":"Rancho Santana","description":"A Sprawling Coastal Escape","publisher":{"@id":"https:\/\/ranchosantana.com\/es\/#organization"},"potentialAction":[{"@type":"SearchAction","target":{"@type":"EntryPoint","urlTemplate":"https:\/\/ranchosantana.com\/es\/?s={search_term_string}"},"query-input":{"@type":"PropertyValueSpecification","valueRequired":true,"valueName":"search_term_string"}}],"inLanguage":"es"},{"@type":"Organization","@id":"https:\/\/ranchosantana.com\/es\/#organization","name":"Rancho Santana","url":"https:\/\/ranchosantana.com\/es\/","logo":{"@type":"ImageObject","inLanguage":"es","@id":"https:\/\/ranchosantana.com\/es\/#\/schema\/logo\/image\/","url":"https:\/\/ranchosantana.com\/wp-content\/uploads\/2023\/08\/logo-dark.png","contentUrl":"https:\/\/ranchosantana.com\/wp-content\/uploads\/2023\/08\/logo-dark.png","width":111,"height":56,"caption":"Rancho Santana"},"image":{"@id":"https:\/\/ranchosantana.com\/es\/#\/schema\/logo\/image\/"},"sameAs":["https:\/\/www.facebook.com\/RanchoSantana\/","https:\/\/www.instagram.com\/ranchosantana_nicaragua\/"]}]}},"_links":{"self":[{"href":"https:\/\/ranchosantana.com\/es\/wp-json\/wp\/v2\/pages\/3236","targetHints":{"allow":["GET"]}}],"collection":[{"href":"https:\/\/ranchosantana.com\/es\/wp-json\/wp\/v2\/pages"}],"about":[{"href":"https:\/\/ranchosantana.com\/es\/wp-json\/wp\/v2\/types\/page"}],"author":[{"embeddable":true,"href":"https:\/\/ranchosantana.com\/es\/wp-json\/wp\/v2\/users\/1"}],"replies":[{"embeddable":true,"href":"https:\/\/ranchosantana.com\/es\/wp-json\/wp\/v2\/comments?post=3236"}],"version-history":[{"count":0,"href":"https:\/\/ranchosantana.com\/es\/wp-json\/wp\/v2\/pages\/3236\/revisions"}],"wp:featuredmedia":[{"embeddable":true,"href":"https:\/\/ranchosantana.com\/es\/wp-json\/wp\/v2\/media\/1875"}],"wp:attachment":[{"href":"https:\/\/ranchosantana.com\/es\/wp-json\/wp\/v2\/media?parent=3236"}],"curies":[{"name":"wp","href":"https:\/\/api.w.org\/{rel}","templated":true}]}}