{"id":3229,"date":"2022-10-26T10:35:55","date_gmt":"2022-10-26T10:35:55","guid":{"rendered":"https:\/\/dev.ranchosantana.com\/buy-property\/"},"modified":"2025-11-17T10:32:06","modified_gmt":"2025-11-17T10:32:06","slug":"bienes-raices","status":"publish","type":"page","link":"https:\/\/ranchosantana.com\/es\/bienes-raices\/","title":{"rendered":"Bienes Ra\u00edces"},"content":{"rendered":"\n<section id=\"block_5cf3272d87e6264f5e9e2be3eb3ebcc8\" class=\"page-hero type-default \">\n    \n        \n    <div class=\"holder\">\n        <hgroup>\n            <h1><b>Bienes Ra\u00edces<\/b><\/h1>\n<p>Este complejo tur\u00edstico de categor\u00eda mundial, con m\u00e1s de 2,700 hect\u00e1reas, cinco playas v\u00edrgenes, cuatro restaurantes con productos de calidad y 6,000 pies cuadrados de espacio para actividades de bienestar, podr\u00eda ser tu hogar.<\/p>\n<p><a href=\"mailto:realestate@ranchosantana.com\">Cont\u00e1ctanos<\/a><\/p>\n<div id=\"gtx-trans\" style=\"position: absolute; left: 455px; top: 65.875px;\">\n<div class=\"gtx-trans-icon\"><\/div>\n<\/div>\n        <\/hgroup>\n        <ul class=\"hero-info\">\n                    <\/ul>\n    <\/div>\n    \n        \n    <span class=\"media-overlay\"><\/span>\n        <div class=\"fullsize-video-holder\">\n            <video preload=\"none\" muted loop playsinline class=\"fullsize-video\" poster=\"https:\/\/ranchosantana.com\/wp-content\/uploads\/2022\/11\/overview-1-1024x682.jpg\">\n            <source data-src=\"https:\/\/ranchosantana.com\/wp-content\/uploads\/2025\/11\/2k_horizontal_real_estate_main_page-1080p.mp4\" type=\"video\/mp4\">\n        <\/video>\n        <\/div>\n        <div class=\"page-hero-background\">\n                <span style=\"background-image:url(https:\/\/ranchosantana.com\/wp-content\/uploads\/2022\/11\/overview-1-scaled.jpg)\"><\/span>\n            <\/div>\n    \n        \n<\/section>\n\n\n<section id=\"block_e7109b25bc40ed333a50f29a75636b04\" class=\"two-columns v3 default\">\n    <div class=\"holder\">\n        <div class=\"two-column-content\">\n            <article class=\"entry\">\n                <div class=\"acf-innerblocks-container\">\n\n<h2 class=\"wp-block-heading\" id=\"h-propiedad-en-el-rancho\">Propiedad en el Rancho<\/h2>\n\n\n\n<p>Convierte en tuyo un terreno de Rancho Santana. Desde sus inicios, el Rancho se ha centrado en la comunidad, y es por eso que nuestras ofertas residenciales te permiten comprar una casa llave en mano dentro de la propiedad o realizar una construcci\u00f3n desde cero.<\/p>\n\n\n\n<p>N\u00famero de licencia: MIFIC-UCBR-PJ-No.0061-2024<\/p>\n\n\n\n<p><\/p>\n\n<\/div>            <\/article>\n                            <figure class=\"animated\">\n                                        <span class=\"img-holder\" style=\"background-image:url(https:\/\/ranchosantana.com\/wp-content\/uploads\/2022\/11\/Playa-rosada-scaled.jpg)\"><\/span>\n                                    <\/figure>\n                    <\/div>\n    <\/div>\n<\/section>\n\n\n<section id=\"block_45b7d5b21e69a79695e88df42b03d53d\" class=\"cover-outer\">\n    \n    <div class=\"holder\">\n        <div class=\"cover-columns entry\">\n            <hgroup>\n                <h2><b>Lista<\/b><b> de Bienes Ra\u00edces en Nicaragua<\/b><\/h2>\n            <\/hgroup>\n            <article>\n                <p>Entre nuestra selecci\u00f3n de propiedades disponibles, encontrar\u00e1s casas junto a barrancos, villas frente a la playa y parcelas con vistas al mar que te permitir\u00e1n dise\u00f1ar tu propio para\u00edso.<\/p>\n<p><a href=\"https:\/\/ranchosantana.com\/es\/bienes-raices\/property-listings\/\"><span style=\"font-weight: 400;\">Leer m\u00e1s<\/span><\/a><\/p>\n            <\/article>\n        <\/div>\n    <\/div>\n        <div class=\"cover-image\">\n        <span style=\"background-image:url(https:\/\/ranchosantana.com\/wp-content\/uploads\/2022\/11\/DJI_0066copy-scaled.jpg)\"><\/span>\n        <div class=\"edges\">\n            <div class=\"horizontal\">\n                <span><\/span>\n                <span><\/span>\n            <\/div>\n            <div class=\"vertical\">\n                <span><\/span>\n                <span><\/span>\n            <\/div>\n        <\/div>\n    <\/div>\n        \n<\/section>\n\n\n\n<section id=\"block_b30965cef0d6744d1fe9e66bb20a87a8\" class=\"featured-content-outer\">\n    \n    <div class=\"holder-wide\">\n        \n                \n        \n                            <div class=\"default-post-grid\">\n                                    <article>\n                                                <figure>\n                            <span class=\"img-holder\" style=\"background-image:url(https:\/\/ranchosantana.com\/wp-content\/uploads\/2022\/11\/services.jpeg)\"><\/span>\n                        <\/figure>\n                                                <hgroup class=\"entry\">\n                            <h4><b>Servicios<\/b><\/h4>\n<p>Ser propietario en el para\u00edso supone, en parte, eliminar cualquier tipo de estr\u00e9s. Por eso podemos ayudarte con la construcci\u00f3n, el financiamiento, el alquiler y dem\u00e1s.<\/p>\n                                                                                    <p>\n                                <a href=\"https:\/\/ranchosantana.com\/es\/bienes-raices\/servicios\/\" target=\"_self\">Leer m\u00e1s<\/a>\n                            <\/p>\n                                                                                <\/hgroup>\n                    <\/article>\n                                    <article>\n                                                <figure>\n                            <span class=\"img-holder\" style=\"background-image:url(https:\/\/ranchosantana.com\/wp-content\/uploads\/2022\/11\/lifestyle-1-1024x683.jpg)\"><\/span>\n                        <\/figure>\n                                                <hgroup class=\"entry\">\n                            <h4><b>La Vida en El Rancho<\/b><\/h4>\n<p>As\u00ed sea que planees adquirir una propiedad vacacional en Nicaragua o una vivienda permanente, Rancho Santana te brinda todas las amenidades para que te sientas como en casa.<\/p>\n                                                                                    <p>\n                                <a href=\"https:\/\/ranchosantana.com\/es\/bienes-raices\/vivir-en-rancho\/\" target=\"_self\">Leer m\u00e1s<\/a>\n                            <\/p>\n                                                                                <\/hgroup>\n                    <\/article>\n                                <\/div>\n                    \n                \n    <\/div>\n\n<\/section>\n\n\n\n<section id=\"block_eca79820a962135061a9696486955dc0\" class=\"featured-content-outer\">\n    \n    <div class=\"holder-wide\">\n        \n                \n        \n                            <div class=\"default-post-grid\">\n                                    <article>\n                                                <figure>\n                            <span class=\"img-holder\" style=\"background-image:url(https:\/\/ranchosantana.com\/wp-content\/uploads\/2022\/07\/RanchoSantana_KubaOkon147P8A0400copy-1024x683.jpg)\"><\/span>\n                        <\/figure>\n                                                <hgroup class=\"entry\">\n                            <h4>El Residence Club<\/h4>\n<p>El Residence Club combina las ventajas de la propiedad inmobiliaria con las comodidades y con las amenidades de un resort, sin los elevados costos y responsabilidades asociados a la propiedad tradicional.<\/p>\n                                                                                    <p>\n                                <a href=\"https:\/\/ranchosantana.com\/es\/bienes-raices\/el-residence-club\/\" target=\"_self\">Leer m\u00e1s<\/a>\n                            <\/p>\n                                                                                <\/hgroup>\n                    <\/article>\n                                    <article>\n                                                <figure>\n                            <span class=\"img-holder\" style=\"background-image:url(https:\/\/ranchosantana.com\/wp-content\/uploads\/2022\/11\/JHA30OKEtp9c0N2tRiUmpirIGqBKxk7HXYH0WWlO-1024x640.jpeg)\"><\/span>\n                        <\/figure>\n                                                <hgroup class=\"entry\">\n                            <h4>Programa de Intercambio Elite Alliance<\/h4>\n<p>El programa de intercambio de Elite Alliance permite a los propietarios de su selecta familia de prestigiosos clubes de residencias, casas de vacaciones gestionadas profesionalmente, acceder a vacaciones en m\u00e1s de 120 destinos de todo el mundo.<\/p>\n                                                                                    <p>\n                                <a href=\"https:\/\/ranchosantana.com\/es\/bienes-raices\/elite-alliance-programa\/\" target=\"_self\">Leer m\u00e1s<\/a>\n                            <\/p>\n                                                                                <\/hgroup>\n                    <\/article>\n                                <\/div>\n                    \n                \n    <\/div>\n\n<\/section>\n\n\n\n<section id=\"block_88682e19646e62cee48cf1104ae04015\" class=\"featured-content-outer\">\n    \n    <div class=\"holder-wide\">\n        \n                \n        \n                            <div class=\"default-post-grid\">\n                                    <article>\n                                                <figure>\n                            <span class=\"img-holder\" style=\"background-image:url(https:\/\/ranchosantana.com\/wp-content\/uploads\/2024\/10\/Desination-History-and-Culture-Edit-1024x673.jpg)\"><\/span>\n                        <\/figure>\n                                                <hgroup class=\"entry\">\n                            <h4>Santa Ana Madera<\/h4>\n<p>Primera empresa de construcci\u00f3n de lujo y taller de madera y hierro a la medida en Nicaragua. Tu sue\u00f1as, ellos construyen.<\/p>\n<p>&nbsp;<\/p>\n                                                                                    <p>\n                                <a href=\"https:\/\/ranchosantana.com\/es\/bienes-raices\/santa-ana-madera\/\" target=\"_self\">Leer m\u00e0s<\/a>\n                            <\/p>\n                                                                                <\/hgroup>\n                    <\/article>\n                                <\/div>\n                    \n                \n    <\/div>\n\n<\/section>\n\n\n\n<section id=\"block_7965d561e20b9433f6af9f35a2455463\" class=\"featured-content-outer\">\n    \n    <div class=\"holder-wide\">\n        \n                <div class=\"title-holder \">\n            <h2>Blog Posts<\/h2>\n                    <\/div>\n                \n        \n                        <div class=\"responsive-post-grid-outer\">\n                <div class=\"post-grid post-grid-vertical\">\n                                    <article>\n                        <a href=\"https:\/\/ranchosantana.com\/es\/entrevista-con-la-familia-currey\/\">\n                            <hgroup>\n                                <small>\n                                                                            Bienes Ra\u00edces    \n                                                                    <\/small>\n                                <h3>Entrevista con la familia Currey<\/h3>\n                                <span class=\"more\">\n                                    <p><u>Explorar<\/u><\/p>\n                                <\/span>\n                            <\/hgroup>\n                            <figure>\n                                <span class=\"img-holder\" style=\"background-image: url(https:\/\/ranchosantana.com\/wp-content\/uploads\/2022\/06\/DSC3386-2.jpg)\" ><\/span>\n                            <\/figure>\n                        <\/a>\n                    <\/article>\n                                    <article>\n                        <a href=\"https:\/\/ranchosantana.com\/es\/lakes-rivers-volcanoes-of-nicaragua\/\">\n                            <hgroup>\n                                <small>\n                                                                            Experience    \n                                                                    <\/small>\n                                <h3>Find Adventures on the Lakes, Rivers, and Volcanoes of Nicaragua<\/h3>\n                                <span class=\"more\">\n                                    <p><u>Explorar<\/u><\/p>\n                                <\/span>\n                            <\/hgroup>\n                            <figure>\n                                <span class=\"img-holder\" style=\"background-image: url(https:\/\/ranchosantana.com\/wp-content\/uploads\/2022\/09\/Webp.net-resizeimage-10.jpeg)\" ><\/span>\n                            <\/figure>\n                        <\/a>\n                    <\/article>\n                                <\/div>\n            <\/div>\n                        \n                \n    <\/div>\n\n<\/section>\n","protected":false},"excerpt":{"rendered":"","protected":false},"author":1,"featured_media":2181,"parent":0,"menu_order":80,"comment_status":"closed","ping_status":"closed","template":"","meta":{"_acf_changed":false,"inline_featured_image":false,"footnotes":""},"class_list":["post-3229","page","type-page","status-publish","has-post-thumbnail","hentry"],"acf":[],"yoast_head":"<!-- This site is optimized with the Yoast SEO Premium plugin v26.4 (Yoast SEO v26.4) - https:\/\/yoast.com\/wordpress\/plugins\/seo\/ -->\n<title>Rancho Santana Bienes Raices [Hermosa Propiedad Frente al Mar]<\/title>\n<meta name=\"description\" content=\"Contacto Rancho Santana Bienes Raices y descubra propiedades frente al mar en Nicaragua. Buscando comprar o alquilar, podemos ayudar. \u00a1Aprende m\u00e1s!\" \/>\n<meta name=\"robots\" content=\"index, follow, max-snippet:-1, max-image-preview:large, max-video-preview:-1\" \/>\n<link rel=\"canonical\" href=\"https:\/\/ranchosantana.com\/es\/bienes-raices\/\" \/>\n<meta property=\"og:locale\" content=\"es_ES\" \/>\n<meta property=\"og:type\" content=\"article\" \/>\n<meta property=\"og:title\" content=\"Bienes Ra\u00edces\" \/>\n<meta property=\"og:description\" content=\"Contacto Rancho Santana Bienes Raices y descubra propiedades frente al mar en Nicaragua. Buscando comprar o alquilar, podemos ayudar. \u00a1Aprende m\u00e1s!\" \/>\n<meta property=\"og:url\" content=\"https:\/\/ranchosantana.com\/es\/bienes-raices\/\" \/>\n<meta property=\"og:site_name\" content=\"Rancho Santana\" \/>\n<meta property=\"article:publisher\" content=\"https:\/\/www.facebook.com\/RanchoSantana\/\" \/>\n<meta property=\"article:modified_time\" content=\"2025-11-17T10:32:06+00:00\" \/>\n<meta property=\"og:image\" content=\"https:\/\/ranchosantana.com\/wp-content\/uploads\/2022\/11\/DJI_0156-scaled.jpg\" \/>\n\t<meta property=\"og:image:width\" content=\"2560\" \/>\n\t<meta property=\"og:image:height\" content=\"1705\" \/>\n\t<meta property=\"og:image:type\" content=\"image\/jpeg\" \/>\n<meta name=\"twitter:card\" content=\"summary_large_image\" \/>\n<meta name=\"twitter:label1\" content=\"Tiempo de lectura\" \/>\n\t<meta name=\"twitter:data1\" content=\"1 minuto\" \/>\n<script type=\"application\/ld+json\" class=\"yoast-schema-graph\">{\"@context\":\"https:\/\/schema.org\",\"@graph\":[{\"@type\":\"WebPage\",\"@id\":\"https:\/\/ranchosantana.com\/es\/bienes-raices\/\",\"url\":\"https:\/\/ranchosantana.com\/es\/bienes-raices\/\",\"name\":\"Rancho Santana Bienes Raices [Hermosa Propiedad Frente al Mar]\",\"isPartOf\":{\"@id\":\"https:\/\/ranchosantana.com\/es\/#website\"},\"primaryImageOfPage\":{\"@id\":\"https:\/\/ranchosantana.com\/es\/bienes-raices\/#primaryimage\"},\"image\":{\"@id\":\"https:\/\/ranchosantana.com\/es\/bienes-raices\/#primaryimage\"},\"thumbnailUrl\":\"https:\/\/ranchosantana.com\/wp-content\/uploads\/2022\/11\/DJI_0156-scaled.jpg\",\"datePublished\":\"2022-10-26T10:35:55+00:00\",\"dateModified\":\"2025-11-17T10:32:06+00:00\",\"description\":\"Contacto Rancho Santana Bienes Raices y descubra propiedades frente al mar en Nicaragua. Buscando comprar o alquilar, podemos ayudar. \u00a1Aprende m\u00e1s!\",\"breadcrumb\":{\"@id\":\"https:\/\/ranchosantana.com\/es\/bienes-raices\/#breadcrumb\"},\"inLanguage\":\"es\",\"potentialAction\":[{\"@type\":\"ReadAction\",\"target\":[\"https:\/\/ranchosantana.com\/es\/bienes-raices\/\"]}]},{\"@type\":\"ImageObject\",\"inLanguage\":\"es\",\"@id\":\"https:\/\/ranchosantana.com\/es\/bienes-raices\/#primaryimage\",\"url\":\"https:\/\/ranchosantana.com\/wp-content\/uploads\/2022\/11\/DJI_0156-scaled.jpg\",\"contentUrl\":\"https:\/\/ranchosantana.com\/wp-content\/uploads\/2022\/11\/DJI_0156-scaled.jpg\",\"width\":2560,\"height\":1705,\"caption\":\"Vista a\u00e9rea de un complejo tur\u00edstico costero con edificios con techos rojos, una piscina y exuberante vegetaci\u00f3n junto al oc\u00e9ano, rodeado de colinas boscosas y un r\u00edo que desemboca en el mar.\"},{\"@type\":\"BreadcrumbList\",\"@id\":\"https:\/\/ranchosantana.com\/es\/bienes-raices\/#breadcrumb\",\"itemListElement\":[{\"@type\":\"ListItem\",\"position\":1,\"name\":\"Home\",\"item\":\"https:\/\/ranchosantana.com\/es\/\"},{\"@type\":\"ListItem\",\"position\":2,\"name\":\"Bienes Ra\u00edces\"}]},{\"@type\":\"WebSite\",\"@id\":\"https:\/\/ranchosantana.com\/es\/#website\",\"url\":\"https:\/\/ranchosantana.com\/es\/\",\"name\":\"Rancho Santana\",\"description\":\"A Sprawling Coastal Escape\",\"publisher\":{\"@id\":\"https:\/\/ranchosantana.com\/es\/#organization\"},\"potentialAction\":[{\"@type\":\"SearchAction\",\"target\":{\"@type\":\"EntryPoint\",\"urlTemplate\":\"https:\/\/ranchosantana.com\/es\/?s={search_term_string}\"},\"query-input\":{\"@type\":\"PropertyValueSpecification\",\"valueRequired\":true,\"valueName\":\"search_term_string\"}}],\"inLanguage\":\"es\"},{\"@type\":\"Organization\",\"@id\":\"https:\/\/ranchosantana.com\/es\/#organization\",\"name\":\"Rancho Santana\",\"url\":\"https:\/\/ranchosantana.com\/es\/\",\"logo\":{\"@type\":\"ImageObject\",\"inLanguage\":\"es\",\"@id\":\"https:\/\/ranchosantana.com\/es\/#\/schema\/logo\/image\/\",\"url\":\"https:\/\/ranchosantana.com\/wp-content\/uploads\/2023\/08\/logo-dark.png\",\"contentUrl\":\"https:\/\/ranchosantana.com\/wp-content\/uploads\/2023\/08\/logo-dark.png\",\"width\":111,\"height\":56,\"caption\":\"Rancho Santana\"},\"image\":{\"@id\":\"https:\/\/ranchosantana.com\/es\/#\/schema\/logo\/image\/\"},\"sameAs\":[\"https:\/\/www.facebook.com\/RanchoSantana\/\",\"https:\/\/www.instagram.com\/ranchosantana_nicaragua\/\"]}]}<\/script>\n<!-- \/ Yoast SEO Premium plugin. -->","yoast_head_json":{"title":"Rancho Santana Bienes Raices [Hermosa Propiedad Frente al Mar]","description":"Contacto Rancho Santana Bienes Raices y descubra propiedades frente al mar en Nicaragua. Buscando comprar o alquilar, podemos ayudar. \u00a1Aprende m\u00e1s!","robots":{"index":"index","follow":"follow","max-snippet":"max-snippet:-1","max-image-preview":"max-image-preview:large","max-video-preview":"max-video-preview:-1"},"canonical":"https:\/\/ranchosantana.com\/es\/bienes-raices\/","og_locale":"es_ES","og_type":"article","og_title":"Bienes Ra\u00edces","og_description":"Contacto Rancho Santana Bienes Raices y descubra propiedades frente al mar en Nicaragua. Buscando comprar o alquilar, podemos ayudar. \u00a1Aprende m\u00e1s!","og_url":"https:\/\/ranchosantana.com\/es\/bienes-raices\/","og_site_name":"Rancho Santana","article_publisher":"https:\/\/www.facebook.com\/RanchoSantana\/","article_modified_time":"2025-11-17T10:32:06+00:00","og_image":[{"width":2560,"height":1705,"url":"https:\/\/ranchosantana.com\/wp-content\/uploads\/2022\/11\/DJI_0156-scaled.jpg","type":"image\/jpeg"}],"twitter_card":"summary_large_image","twitter_misc":{"Tiempo de lectura":"1 minuto"},"schema":{"@context":"https:\/\/schema.org","@graph":[{"@type":"WebPage","@id":"https:\/\/ranchosantana.com\/es\/bienes-raices\/","url":"https:\/\/ranchosantana.com\/es\/bienes-raices\/","name":"Rancho Santana Bienes Raices [Hermosa Propiedad Frente al Mar]","isPartOf":{"@id":"https:\/\/ranchosantana.com\/es\/#website"},"primaryImageOfPage":{"@id":"https:\/\/ranchosantana.com\/es\/bienes-raices\/#primaryimage"},"image":{"@id":"https:\/\/ranchosantana.com\/es\/bienes-raices\/#primaryimage"},"thumbnailUrl":"https:\/\/ranchosantana.com\/wp-content\/uploads\/2022\/11\/DJI_0156-scaled.jpg","datePublished":"2022-10-26T10:35:55+00:00","dateModified":"2025-11-17T10:32:06+00:00","description":"Contacto Rancho Santana Bienes Raices y descubra propiedades frente al mar en Nicaragua. Buscando comprar o alquilar, podemos ayudar. \u00a1Aprende m\u00e1s!","breadcrumb":{"@id":"https:\/\/ranchosantana.com\/es\/bienes-raices\/#breadcrumb"},"inLanguage":"es","potentialAction":[{"@type":"ReadAction","target":["https:\/\/ranchosantana.com\/es\/bienes-raices\/"]}]},{"@type":"ImageObject","inLanguage":"es","@id":"https:\/\/ranchosantana.com\/es\/bienes-raices\/#primaryimage","url":"https:\/\/ranchosantana.com\/wp-content\/uploads\/2022\/11\/DJI_0156-scaled.jpg","contentUrl":"https:\/\/ranchosantana.com\/wp-content\/uploads\/2022\/11\/DJI_0156-scaled.jpg","width":2560,"height":1705,"caption":"Vista a\u00e9rea de un complejo tur\u00edstico costero con edificios con techos rojos, una piscina y exuberante vegetaci\u00f3n junto al oc\u00e9ano, rodeado de colinas boscosas y un r\u00edo que desemboca en el mar."},{"@type":"BreadcrumbList","@id":"https:\/\/ranchosantana.com\/es\/bienes-raices\/#breadcrumb","itemListElement":[{"@type":"ListItem","position":1,"name":"Home","item":"https:\/\/ranchosantana.com\/es\/"},{"@type":"ListItem","position":2,"name":"Bienes Ra\u00edces"}]},{"@type":"WebSite","@id":"https:\/\/ranchosantana.com\/es\/#website","url":"https:\/\/ranchosantana.com\/es\/","name":"Rancho Santana","description":"A Sprawling Coastal Escape","publisher":{"@id":"https:\/\/ranchosantana.com\/es\/#organization"},"potentialAction":[{"@type":"SearchAction","target":{"@type":"EntryPoint","urlTemplate":"https:\/\/ranchosantana.com\/es\/?s={search_term_string}"},"query-input":{"@type":"PropertyValueSpecification","valueRequired":true,"valueName":"search_term_string"}}],"inLanguage":"es"},{"@type":"Organization","@id":"https:\/\/ranchosantana.com\/es\/#organization","name":"Rancho Santana","url":"https:\/\/ranchosantana.com\/es\/","logo":{"@type":"ImageObject","inLanguage":"es","@id":"https:\/\/ranchosantana.com\/es\/#\/schema\/logo\/image\/","url":"https:\/\/ranchosantana.com\/wp-content\/uploads\/2023\/08\/logo-dark.png","contentUrl":"https:\/\/ranchosantana.com\/wp-content\/uploads\/2023\/08\/logo-dark.png","width":111,"height":56,"caption":"Rancho Santana"},"image":{"@id":"https:\/\/ranchosantana.com\/es\/#\/schema\/logo\/image\/"},"sameAs":["https:\/\/www.facebook.com\/RanchoSantana\/","https:\/\/www.instagram.com\/ranchosantana_nicaragua\/"]}]}},"_links":{"self":[{"href":"https:\/\/ranchosantana.com\/es\/wp-json\/wp\/v2\/pages\/3229","targetHints":{"allow":["GET"]}}],"collection":[{"href":"https:\/\/ranchosantana.com\/es\/wp-json\/wp\/v2\/pages"}],"about":[{"href":"https:\/\/ranchosantana.com\/es\/wp-json\/wp\/v2\/types\/page"}],"author":[{"embeddable":true,"href":"https:\/\/ranchosantana.com\/es\/wp-json\/wp\/v2\/users\/1"}],"replies":[{"embeddable":true,"href":"https:\/\/ranchosantana.com\/es\/wp-json\/wp\/v2\/comments?post=3229"}],"version-history":[{"count":1,"href":"https:\/\/ranchosantana.com\/es\/wp-json\/wp\/v2\/pages\/3229\/revisions"}],"predecessor-version":[{"id":35193,"href":"https:\/\/ranchosantana.com\/es\/wp-json\/wp\/v2\/pages\/3229\/revisions\/35193"}],"wp:featuredmedia":[{"embeddable":true,"href":"https:\/\/ranchosantana.com\/es\/wp-json\/wp\/v2\/media\/2181"}],"wp:attachment":[{"href":"https:\/\/ranchosantana.com\/es\/wp-json\/wp\/v2\/media?parent=3229"}],"curies":[{"name":"wp","href":"https:\/\/api.w.org\/{rel}","templated":true}]}}