{"id":24146,"date":"2024-10-07T13:44:31","date_gmt":"2024-10-07T13:44:31","guid":{"rendered":"https:\/\/ranchosantana.com\/?page_id=24146"},"modified":"2026-03-30T17:31:40","modified_gmt":"2026-03-30T17:31:40","slug":"santa-ana-madera","status":"publish","type":"page","link":"https:\/\/ranchosantana.com\/es\/bienes-raices\/santa-ana-madera\/","title":{"rendered":"Santa Ana Madera\u00a0"},"content":{"rendered":"\n<section id=\"block_03c2fb0a66b4cd4f43d7080c87824acd\" class=\"page-hero type-default \">\n    \n        \n    <div class=\"holder\">\n        <hgroup>\n            <h1><b><span data-contrast=\"auto\">Santa Ana Madera<\/span><\/b><span data-ccp-props=\"{}\">\u00a0<\/span><\/h1>\n<p>Primera empresa de construcci\u00f3n de lujo y taller de madera y hierro a la medida en Nicaragua. Tu sue\u00f1as, ellos construyen.<\/p>\n        <\/hgroup>\n        <ul class=\"hero-info\">\n                        <li><a href=\"tel:(310) 299-7550\"><span class=\"phone-label\">Tel\u00e9fono<\/span>(310) 299-7550<\/a><\/li>\n                    <\/ul>\n    <\/div>\n    \n        \n    <span class=\"media-overlay\"><\/span>\n        <div class=\"fullsize-video-holder\">\n            <video preload=\"none\" muted loop playsinline class=\"fullsize-video\" poster=\"https:\/\/ranchosantana.com\/wp-content\/uploads\/2024\/10\/Desination-History-and-Culture-Edit-1024x673.jpg\">\n            <source data-src=\"https:\/\/player.vimeo.com\/progressive_redirect\/playback\/1178510942\/rendition\/1080p\/file.mp4%20%281080p%29.mp4?loc=external&#038;signature=5f82772535b3b5173feda0e49132835e711085526a92bdb807c28666c015a01f\" type=\"video\/mp4\">\n        <\/video>\n        <\/div>\n        <div class=\"page-hero-background\">\n                <span style=\"background-image:url(https:\/\/ranchosantana.com\/wp-content\/uploads\/2024\/10\/Desination-History-and-Culture-Edit.jpg)\"><\/span>\n            <\/div>\n    \n        \n<\/section>\n\n\n<section id=\"block_b42d964576bddf6c6c21c8e0204d0825\" class=\"content-editor-outer\">\n    \n    <div class=\"holder-wide\">\n        <article class=\"entry\">\n            <div class=\"acf-innerblocks-container\">\n\n<h2 class=\"wp-block-heading\" id=\"h-santa-ana-madera-sam\">Santa Ana Madera (SAM)<\/h2>\n\n\n\n<p>Santa Ana Madera (SAM) se inspira en El Rancho, encarnando una mezcla \u00fanica de elegancia robusta hecha a medida. El nombre \u00abSanta Ana\u00bb rinde homenaje a la visi\u00f3n original del resort, reflejando su arraigada conexi\u00f3n con la tierra, mientras que \u00abMadera\u00bb simboliza la pasi\u00f3n de los fundadores por la artesan\u00eda y su confianza en la madera como principal material e inspiraci\u00f3n creativa. En conjunto, el nombre capta la esencia del compromiso de SAM con la belleza natural y la calidad artesanal.<\/p>\n\n\n\n<p>SAM se especializa en hacer realidad tu visi\u00f3n, ya sea construir la casa de tus sue\u00f1os desde cero, revitalizar una propiedad existente o crear muebles a medida con materiales de origen org\u00e1nico.&nbsp;<\/p>\n\n<\/div>        <\/article>\n    <\/div>\n\n<\/section>\n\n\n\n<section id=\"block_7965ee634bc242547f58c2a9b7f64b5d\" class=\"two-columns default\">\n    <div class=\"holder\">\n        <div class=\"two-column-content\">\n            <article class=\"entry\">\n                <div class=\"acf-innerblocks-container\">\n\n<h2 class=\"wp-block-heading\" id=\"h-creando-suenos-servicios-de-construccion-de-lujo-nbsp\">Creando Sue\u00f1os: Servicios de Construcci\u00f3n de Lujo&nbsp;<\/h2>\n\n\n\n<p>El equipo de SAM, l\u00edder en construcci\u00f3n y reconocido <a href=\"https:\/\/ranchosantana.com\/es\/bienes-raices\/santa-ana-madera\/taller-de-madera-y-hierro\/\" target=\"_blank\" rel=\"noreferrer noopener\">taller de madera y hierro<\/a> en Nicaragua, colabora con individuos y empresas para incorporar materiales distintivos, sostenibles y de origen local en la creaci\u00f3n de espacios vitales excepcionales y piezas de amueblado exclusivas.&nbsp;<\/p>\n\n\n\n<p><a href=\"https:\/\/ranchosantana.com\/es\/bienes-raices\/santa-ana-madera\/construccion-de-casas-de-lujo\/\" data-type=\"link\" data-id=\"https:\/\/ranchosantana.com\/es\/bienes-raices\/santa-ana-madera\/construccion-de-casas-de-lujo\/\">Leer m\u00e1s<\/a><\/p>\n\n<\/div>            <\/article>\n                            <figure class=\"animated\">\n                                        <span class=\"img-holder\" style=\"background-image:url(https:\/\/ranchosantana.com\/wp-content\/uploads\/2022\/10\/Outside-patio-scaled.jpg)\"><\/span>\n                                    <\/figure>\n                    <\/div>\n    <\/div>\n<\/section>\n\n\n<section id=\"block_ba1f8fe61ccf63b805755fb683c32151\" class=\"two-columns reversed\">\n    <div class=\"holder\">\n        <div class=\"two-column-content\">\n            <article class=\"entry\">\n                <div class=\"acf-innerblocks-container\">\n\n<h2 class=\"wp-block-heading\" id=\"h-practicas-sostenibles-nbsp\">Pr\u00e1cticas Sostenibles&nbsp;<\/h2>\n\n\n\n<p><strong>Reciclar, reutilizar, readaptar <\/strong><\/p>\n\n\n\n<p>SAM est\u00e1 profundamente comprometida con el cuidado del medio ambiente y reconoce la importancia de la manufactura responsable de la madera en su proceso de crecimiento. Su prioridad es la sostenibilidad, ya que toda la madera procede de bosques gestionados de forma responsable y certificados por el Departamento Forestal de Nicaragua.<\/p>\n\n\n\n<div class=\"content-hide\">\n\n\n\n<p>Un elemento central de su \u00e9tica de la sostenibilidad es el principio de \u00abreutilizaci\u00f3n\u00bb. SAM lo ejemplifica con iniciativas innovadoras como la conversi\u00f3n de viejos contenedores mar\u00edtimos en edificios alimentados por energ\u00eda solar y la utilizaci\u00f3n de aserr\u00edn para el compostaje. Su apuesta por la reutilizaci\u00f3n garantiza una generaci\u00f3n m\u00ednima de residuos.<\/p>\n\n\n\n<\/div><p class=\"more-content-trigger\">Ver m\u00e1s<\/p>\n\n<\/div>            <\/article>\n                            <figure class=\"animated\">\n                                        <span class=\"img-holder\" style=\"background-image:url(https:\/\/ranchosantana.com\/wp-content\/uploads\/2024\/10\/rancho_santana_woodshop_nicaragua_samklepav-3.jpg)\"><\/span>\n                                    <\/figure>\n                    <\/div>\n    <\/div>\n<\/section>\n\n\n<section id=\"block_5e6e717d9bf4031a1b5a6f2bc5ac59de\" class=\"two-columns default\">\n    <div class=\"holder\">\n        <div class=\"two-column-content\">\n            <article class=\"entry\">\n                <div class=\"acf-innerblocks-container\">\n\n<h2 class=\"wp-block-heading\" id=\"h-artesania-en-madera-de-calidad-nbsp\">Artesan\u00eda en Madera de Calidad&nbsp;<\/h2>\n\n\n\n<p><strong>Durabilidad, estabilidad y resistencia&nbsp;&nbsp;<\/strong><\/p>\n\n\n\n<p>Con una colecci\u00f3n diversa de maderas preciosas, SAM opera un aserradero en sitio donde todos los rollos y vigas son procesados y secados en hornos solares y de aire caliente forzado.&nbsp;<\/p>\n\n\n\n<div class=\"content-hide\">\n\n\n\n<p>Su extenso inventario comprende m\u00e1s de 100.000 pies cuadrados de maderas certificadas de Centroam\u00e9rica y Sudam\u00e9rica, haciendo hincapi\u00e9 en la durabilidad, estabilidad y resistencia para mantener una belleza de larga duraci\u00f3n.<\/p>\n\n\n\n<\/div><p class=\"more-content-trigger\">Ver m\u00e1s<\/p>\n\n<\/div>            <\/article>\n                            <figure class=\"animated\">\n                                        <span class=\"img-holder\" style=\"background-image:url(https:\/\/ranchosantana.com\/wp-content\/uploads\/2024\/09\/green-lush-valley-mountain-costa-rica-scaled.jpg)\"><\/span>\n                                    <\/figure>\n                    <\/div>\n    <\/div>\n<\/section>\n\n\n<section id=\"block_6876d344d9dbf0644519809f4ae94285\" class=\"two-columns reversed\">\n    <div class=\"holder\">\n        <div class=\"two-column-content\">\n            <article class=\"entry\">\n                <div class=\"acf-innerblocks-container\">\n\n<h2 class=\"wp-block-heading\" id=\"h-compromiso-con-la-comunidad-nbsp\">Compromiso con la Comunidad&nbsp;<\/h2>\n\n\n\n<p>SAM prides itself on fostering local talent and empowering communities. They master the development of carpenters and blacksmiths from surrounding areas, employing approximately 300 individuals from Rancho Santana and nearby communities.<\/p>\n\n\n\n<div class=\"content-hide\">\n\n\n\n<p>In addition to creating job opportunities, SAM partners with local providers to contribute to community growth, demonstrating a dedication to supporting and relying on nearby resources whenever feasible.<\/p>\n\n\n\n<\/div><p class=\"more-content-trigger\">Ver m\u00e1s<\/p>\n\n<\/div>            <\/article>\n                            <figure class=\"animated\">\n                                        <span class=\"img-holder\" style=\"background-image:url(https:\/\/ranchosantana.com\/wp-content\/uploads\/2022\/08\/SAM_RanchoSantana_KubaOkon7P8A3780copy-2.jpg)\"><\/span>\n                                    <\/figure>\n                    <\/div>\n    <\/div>\n<\/section>\n\n\n<p><\/p>\n","protected":false},"excerpt":{"rendered":"","protected":false},"author":4,"featured_media":0,"parent":3229,"menu_order":0,"comment_status":"closed","ping_status":"closed","template":"","meta":{"_acf_changed":false,"inline_featured_image":false,"footnotes":""},"class_list":["post-24146","page","type-page","status-publish","hentry"],"acf":[],"yoast_head":"<!-- This site is optimized with the Yoast SEO Premium plugin v26.4 (Yoast SEO v26.4) - https:\/\/yoast.com\/wordpress\/plugins\/seo\/ -->\n<title>Santa Ana Madera\u00a0 | Rancho Santana<\/title>\n<meta name=\"robots\" content=\"index, follow, max-snippet:-1, max-image-preview:large, max-video-preview:-1\" \/>\n<link rel=\"canonical\" href=\"https:\/\/ranchosantana.com\/es\/bienes-raices\/santa-ana-madera\/\" \/>\n<meta property=\"og:locale\" content=\"es_ES\" \/>\n<meta property=\"og:type\" content=\"article\" \/>\n<meta property=\"og:title\" content=\"Santa Ana Madera\u00a0\" \/>\n<meta property=\"og:url\" content=\"https:\/\/ranchosantana.com\/es\/bienes-raices\/santa-ana-madera\/\" \/>\n<meta property=\"og:site_name\" content=\"Rancho Santana\" \/>\n<meta property=\"article:publisher\" content=\"https:\/\/www.facebook.com\/RanchoSantana\/\" \/>\n<meta property=\"article:modified_time\" content=\"2026-03-30T17:31:40+00:00\" \/>\n<meta property=\"og:image\" content=\"https:\/\/ranchosantana.com\/wp-content\/uploads\/2025\/11\/share-image.jpg\" \/>\n\t<meta property=\"og:image:width\" content=\"1200\" \/>\n\t<meta property=\"og:image:height\" content=\"630\" \/>\n\t<meta property=\"og:image:type\" content=\"image\/jpeg\" \/>\n<meta name=\"twitter:card\" content=\"summary_large_image\" \/>\n<meta name=\"twitter:label1\" content=\"Tiempo de lectura\" \/>\n\t<meta name=\"twitter:data1\" content=\"2 minutos\" \/>\n<script type=\"application\/ld+json\" class=\"yoast-schema-graph\">{\"@context\":\"https:\/\/schema.org\",\"@graph\":[{\"@type\":\"WebPage\",\"@id\":\"https:\/\/ranchosantana.com\/es\/bienes-raices\/santa-ana-madera\/\",\"url\":\"https:\/\/ranchosantana.com\/es\/bienes-raices\/santa-ana-madera\/\",\"name\":\"Santa Ana Madera\u00a0 | Rancho Santana\",\"isPartOf\":{\"@id\":\"https:\/\/ranchosantana.com\/es\/#website\"},\"datePublished\":\"2024-10-07T13:44:31+00:00\",\"dateModified\":\"2026-03-30T17:31:40+00:00\",\"breadcrumb\":{\"@id\":\"https:\/\/ranchosantana.com\/es\/bienes-raices\/santa-ana-madera\/#breadcrumb\"},\"inLanguage\":\"es\",\"potentialAction\":[{\"@type\":\"ReadAction\",\"target\":[\"https:\/\/ranchosantana.com\/es\/bienes-raices\/santa-ana-madera\/\"]}]},{\"@type\":\"BreadcrumbList\",\"@id\":\"https:\/\/ranchosantana.com\/es\/bienes-raices\/santa-ana-madera\/#breadcrumb\",\"itemListElement\":[{\"@type\":\"ListItem\",\"position\":1,\"name\":\"Home\",\"item\":\"https:\/\/ranchosantana.com\/es\/\"},{\"@type\":\"ListItem\",\"position\":2,\"name\":\"Bienes Ra\u00edces\",\"item\":\"https:\/\/ranchosantana.com\/es\/bienes-raices\/\"},{\"@type\":\"ListItem\",\"position\":3,\"name\":\"Santa Ana Madera\u00a0\"}]},{\"@type\":\"WebSite\",\"@id\":\"https:\/\/ranchosantana.com\/es\/#website\",\"url\":\"https:\/\/ranchosantana.com\/es\/\",\"name\":\"Rancho Santana\",\"description\":\"A Sprawling Coastal Escape\",\"publisher\":{\"@id\":\"https:\/\/ranchosantana.com\/es\/#organization\"},\"potentialAction\":[{\"@type\":\"SearchAction\",\"target\":{\"@type\":\"EntryPoint\",\"urlTemplate\":\"https:\/\/ranchosantana.com\/es\/?s={search_term_string}\"},\"query-input\":{\"@type\":\"PropertyValueSpecification\",\"valueRequired\":true,\"valueName\":\"search_term_string\"}}],\"inLanguage\":\"es\"},{\"@type\":\"Organization\",\"@id\":\"https:\/\/ranchosantana.com\/es\/#organization\",\"name\":\"Rancho Santana\",\"url\":\"https:\/\/ranchosantana.com\/es\/\",\"logo\":{\"@type\":\"ImageObject\",\"inLanguage\":\"es\",\"@id\":\"https:\/\/ranchosantana.com\/es\/#\/schema\/logo\/image\/\",\"url\":\"https:\/\/ranchosantana.com\/wp-content\/uploads\/2023\/08\/logo-dark.png\",\"contentUrl\":\"https:\/\/ranchosantana.com\/wp-content\/uploads\/2023\/08\/logo-dark.png\",\"width\":111,\"height\":56,\"caption\":\"Rancho Santana\"},\"image\":{\"@id\":\"https:\/\/ranchosantana.com\/es\/#\/schema\/logo\/image\/\"},\"sameAs\":[\"https:\/\/www.facebook.com\/RanchoSantana\/\",\"https:\/\/www.instagram.com\/ranchosantana_nicaragua\/\"]}]}<\/script>\n<!-- \/ Yoast SEO Premium plugin. -->","yoast_head_json":{"title":"Santa Ana Madera\u00a0 | Rancho Santana","robots":{"index":"index","follow":"follow","max-snippet":"max-snippet:-1","max-image-preview":"max-image-preview:large","max-video-preview":"max-video-preview:-1"},"canonical":"https:\/\/ranchosantana.com\/es\/bienes-raices\/santa-ana-madera\/","og_locale":"es_ES","og_type":"article","og_title":"Santa Ana Madera\u00a0","og_url":"https:\/\/ranchosantana.com\/es\/bienes-raices\/santa-ana-madera\/","og_site_name":"Rancho Santana","article_publisher":"https:\/\/www.facebook.com\/RanchoSantana\/","article_modified_time":"2026-03-30T17:31:40+00:00","og_image":[{"width":1200,"height":630,"url":"https:\/\/ranchosantana.com\/wp-content\/uploads\/2025\/11\/share-image.jpg","type":"image\/jpeg"}],"twitter_card":"summary_large_image","twitter_misc":{"Tiempo de lectura":"2 minutos"},"schema":{"@context":"https:\/\/schema.org","@graph":[{"@type":"WebPage","@id":"https:\/\/ranchosantana.com\/es\/bienes-raices\/santa-ana-madera\/","url":"https:\/\/ranchosantana.com\/es\/bienes-raices\/santa-ana-madera\/","name":"Santa Ana Madera\u00a0 | Rancho Santana","isPartOf":{"@id":"https:\/\/ranchosantana.com\/es\/#website"},"datePublished":"2024-10-07T13:44:31+00:00","dateModified":"2026-03-30T17:31:40+00:00","breadcrumb":{"@id":"https:\/\/ranchosantana.com\/es\/bienes-raices\/santa-ana-madera\/#breadcrumb"},"inLanguage":"es","potentialAction":[{"@type":"ReadAction","target":["https:\/\/ranchosantana.com\/es\/bienes-raices\/santa-ana-madera\/"]}]},{"@type":"BreadcrumbList","@id":"https:\/\/ranchosantana.com\/es\/bienes-raices\/santa-ana-madera\/#breadcrumb","itemListElement":[{"@type":"ListItem","position":1,"name":"Home","item":"https:\/\/ranchosantana.com\/es\/"},{"@type":"ListItem","position":2,"name":"Bienes Ra\u00edces","item":"https:\/\/ranchosantana.com\/es\/bienes-raices\/"},{"@type":"ListItem","position":3,"name":"Santa Ana Madera\u00a0"}]},{"@type":"WebSite","@id":"https:\/\/ranchosantana.com\/es\/#website","url":"https:\/\/ranchosantana.com\/es\/","name":"Rancho Santana","description":"A Sprawling Coastal Escape","publisher":{"@id":"https:\/\/ranchosantana.com\/es\/#organization"},"potentialAction":[{"@type":"SearchAction","target":{"@type":"EntryPoint","urlTemplate":"https:\/\/ranchosantana.com\/es\/?s={search_term_string}"},"query-input":{"@type":"PropertyValueSpecification","valueRequired":true,"valueName":"search_term_string"}}],"inLanguage":"es"},{"@type":"Organization","@id":"https:\/\/ranchosantana.com\/es\/#organization","name":"Rancho Santana","url":"https:\/\/ranchosantana.com\/es\/","logo":{"@type":"ImageObject","inLanguage":"es","@id":"https:\/\/ranchosantana.com\/es\/#\/schema\/logo\/image\/","url":"https:\/\/ranchosantana.com\/wp-content\/uploads\/2023\/08\/logo-dark.png","contentUrl":"https:\/\/ranchosantana.com\/wp-content\/uploads\/2023\/08\/logo-dark.png","width":111,"height":56,"caption":"Rancho Santana"},"image":{"@id":"https:\/\/ranchosantana.com\/es\/#\/schema\/logo\/image\/"},"sameAs":["https:\/\/www.facebook.com\/RanchoSantana\/","https:\/\/www.instagram.com\/ranchosantana_nicaragua\/"]}]}},"_links":{"self":[{"href":"https:\/\/ranchosantana.com\/es\/wp-json\/wp\/v2\/pages\/24146","targetHints":{"allow":["GET"]}}],"collection":[{"href":"https:\/\/ranchosantana.com\/es\/wp-json\/wp\/v2\/pages"}],"about":[{"href":"https:\/\/ranchosantana.com\/es\/wp-json\/wp\/v2\/types\/page"}],"author":[{"embeddable":true,"href":"https:\/\/ranchosantana.com\/es\/wp-json\/wp\/v2\/users\/4"}],"replies":[{"embeddable":true,"href":"https:\/\/ranchosantana.com\/es\/wp-json\/wp\/v2\/comments?post=24146"}],"version-history":[{"count":2,"href":"https:\/\/ranchosantana.com\/es\/wp-json\/wp\/v2\/pages\/24146\/revisions"}],"predecessor-version":[{"id":39762,"href":"https:\/\/ranchosantana.com\/es\/wp-json\/wp\/v2\/pages\/24146\/revisions\/39762"}],"up":[{"embeddable":true,"href":"https:\/\/ranchosantana.com\/es\/wp-json\/wp\/v2\/pages\/3229"}],"wp:attachment":[{"href":"https:\/\/ranchosantana.com\/es\/wp-json\/wp\/v2\/media?parent=24146"}],"curies":[{"name":"wp","href":"https:\/\/api.w.org\/{rel}","templated":true}]}}