{"id":2336,"date":"2022-10-21T14:16:12","date_gmt":"2022-10-21T14:16:12","guid":{"rendered":"https:\/\/dev.ranchosantana.com\/the-ranch\/beaches\/"},"modified":"2023-05-15T07:23:47","modified_gmt":"2023-05-15T07:23:47","slug":"beaches","status":"publish","type":"page","link":"https:\/\/ranchosantana.com\/es\/el-rancho\/beaches\/","title":{"rendered":"Las Cinco Playas"},"content":{"rendered":"\n<section id=\"block_59387930647451db46e01dbda13feb5b\" class=\"page-hero type-default \">\n    \n        \n    <div class=\"holder\">\n        <hgroup>\n            <h1>Las Cinco Playas<\/h1>\n<p><span style=\"font-weight: 400;\">Llamadas Las Cinco Playas, las cinco playas de Rancho Santana incluyen los mejores lugares para surfear, sitios para construir castillos de arena y extensiones aisladas de arena. Conoce m\u00e1s sobre nuestras playas en Nicaragua.<\/span><\/p>\n        <\/hgroup>\n        <ul class=\"hero-info\">\n                        <li><a href=\"tel:(310) 299-7550\"><span class=\"phone-label\">Tel\u00e9fono<\/span>(310) 299-7550<\/a><\/li>\n                    <\/ul>\n    <\/div>\n    \n        \n    <span class=\"media-overlay\"><\/span>\n        <div class=\"page-hero-background\">\n                <span style=\"background-image:url(https:\/\/ranchosantana.com\/wp-content\/uploads\/2022\/11\/5D4L6458-ShootProof-scaled.jpg)\"><\/span>\n            <\/div>\n    \n        \n<\/section>\n\n\n<section id=\"block_1e6afe7df10e02ad61c5928621eeb320\" class=\"content-editor-outer\">\n    \n    <div class=\"holder-wide\">\n        <article class=\"entry\">\n            <div class=\"acf-innerblocks-container\">\n\n<h2 class=\"wp-block-heading\">Playa Santana<\/h2>\n\n\n\n<p>Piense en Playa Rancho Santana como un punto de partida en la playa. Adem\u00e1s de la Casa Club, El Inn y las Residencias se encuentran directamente en sus orillas. Dir\u00edgete directamente desde tu suite a la arena por la ma\u00f1ana, o pasa por El Caf\u00e9 para ordenar un batido reci\u00e9n hecho para llevar. De igual manera, es posible nadar sin arena -tanto la Piscina del D\u00f3lar de Arena como la Piscina de las Residencias se encuentran cerca- y es aqu\u00ed donde podr\u00e1s pasear a caballo durante las puestas de sol.<\/p>\n\n\n\n<div class=\"content-hide\">\n\n\n\n<p>Playa Santana es perfecta para:<br>&#8211; Personas que montan a caballo<br>&#8211; Paseos al atardecer<br>&#8211; Ba\u00f1os en el mar y piscina<\/p>\n\n\n\n<ul class=\"wp-block-list\">\n<li><\/li>\n<\/ul>\n\n\n\n<\/div><p class=\"more-content-trigger\">Ver m\u00e1s<\/p>\n\n<\/div>        <\/article>\n    <\/div>\n\n<\/section>\n\n\n\n<section id=\"block_6a902d30640985bb21ba88b768e7461f\" class=\"image-gallery-outer\">\n    \n    <div class=\"holder-wide\">\n                            <ul class=\"horizontal-image-slider\">\n                                    <li>\n                        <figure>\n                            <span class=\"img-holder\" style=\"background-image: url(https:\/\/ranchosantana.com\/wp-content\/uploads\/2022\/11\/playa-santana-2-1024x683.jpg);\"><\/span>\n                        <\/figure>\n                    <\/li>\n                                    <li>\n                        <figure>\n                            <span class=\"img-holder\" style=\"background-image: url(https:\/\/ranchosantana.com\/wp-content\/uploads\/2022\/11\/playa-santana-3-1024x584.jpg);\"><\/span>\n                        <\/figure>\n                    <\/li>\n                                    <li>\n                        <figure>\n                            <span class=\"img-holder\" style=\"background-image: url(https:\/\/ranchosantana.com\/wp-content\/uploads\/2022\/11\/playa-santana-1024x683.jpg);\"><\/span>\n                        <\/figure>\n                    <\/li>\n                            <\/ul>\n                <div class=\"progress\"><span><\/span><\/div>\n    <\/div>\n\n<\/section>\n\n\n\n<section id=\"block_fd04c957a22e6ad42abfa0054a53e7d6\" class=\"two-columns top-align reversed\">\n    <div class=\"holder\">\n        <div class=\"two-column-content\">\n            <article class=\"entry\">\n                <div class=\"acf-innerblocks-container\">\n\n<h2 class=\"wp-block-heading\">Playa Rosada<\/h2>\n\n\n\n<p>Nombrada por su arena rosada, Playa Rosada ofrece un espect\u00e1culo para cualquiera que se ba\u00f1e en el cercano Pool House o que coma algo fresco en La Boquita. Pero esta playa de Nicaragua no s\u00f3lo es conocida por su paisaje. Tambi\u00e9n es famosa por su particular reef break de izquierda, a la que s\u00f3lo pueden acceder los surfistas que se alojan con nosotros. Cuando la marea baja, disfruta de un paseo por las rocas desde Playa Rosada hasta la Casa Club de Playa Santana.<\/p>\n\n\n\n<div class=\"content-hide\">\n\n\n\n<p>Playa Rosada es perfecta para:<br>&#8211; Salir a recoger conchas<br>&#8211; Surfeadores con mucha experiencia<br>&#8211; Comer frente a la playa<\/p>\n\n\n\n<ul class=\"wp-block-list\">\n<li><\/li>\n<\/ul>\n\n\n\n<\/div><p class=\"more-content-trigger\">Ver m\u00e1s<\/p>\n\n<\/div>            <\/article>\n                            <figure class=\"animated\">\n                                        <span class=\"img-holder\" style=\"background-image:url(https:\/\/ranchosantana.com\/wp-content\/uploads\/2022\/11\/Playa-rosada-scaled.jpg)\"><\/span>\n                                    <\/figure>\n                    <\/div>\n    <\/div>\n<\/section>\n\n\n<section id=\"block_bb9ece626a7c872925ac7cf561729e2d\" class=\"cover-outer\">\n    \n    <div class=\"holder\">\n        <div class=\"cover-columns entry\">\n            <hgroup>\n                <h2>Playa<br \/>\nDuna<\/h2>\n            <\/hgroup>\n            <article>\n                <p><span style=\"font-weight: 400;\">Disfruta de las vistas de las impresionantes formaciones rocosas y de la duna que da nombre a esta playa de Nicaragua, creada por los vientos que azotan la punta de la costa. \u00a1Pero primero es necesario llegar hasta all\u00ed! Llegar a Playa Duna es una peque\u00f1a aventura que requiere escalar y caminar, pero realmente vale la pena. Aqu\u00ed es tambi\u00e9n donde puedes deslizarte cuesta abajo con nuestra actividad de sandboarding, cargada de adrenalina.<\/span><\/p>\n<div class=\"content-hide\"><\/p>\n<p><span style=\"font-weight: 400;\">Playa Duna es perfecta para:<\/span><\/p>\n<p><span style=\"font-weight: 400;\">&#8211; Aventureros al aire libre<\/span><\/p>\n<p><span style=\"font-weight: 400;\">&#8211; <\/span><span style=\"font-weight: 400;\">Encontrar privacidad<\/span><\/p>\n<ul>\n<li><span style=\"font-weight: 400;\">Admiradores de formaciones geol\u00f3gicas<\/span><\/li>\n<\/ul>\n<p><\/div><p class=\"more-content-trigger\">Ver m\u00e1s<\/p>\n            <\/article>\n        <\/div>\n    <\/div>\n        <div class=\"cover-image\">\n        <span style=\"background-image:url(https:\/\/ranchosantana.com\/wp-content\/uploads\/2022\/11\/playa-duna-scaled.jpg)\"><\/span>\n        <div class=\"edges\">\n            <div class=\"horizontal\">\n                <span><\/span>\n                <span><\/span>\n            <\/div>\n            <div class=\"vertical\">\n                <span><\/span>\n                <span><\/span>\n            <\/div>\n        <\/div>\n    <\/div>\n        \n<\/section>\n\n\n\n<section id=\"block_f04fc5142bbed983d065d386c8523ab1\" class=\"two-columns two-bird-illustration top-align default\">\n    <div class=\"holder\">\n        <div class=\"two-column-content\">\n            <article class=\"entry\">\n                <div class=\"acf-innerblocks-container\">\n\n<h2 class=\"wp-block-heading\">Playa Escondida<\/h2>\n\n\n\n<p>Esta es una playa para los que toman el sol aisladamente o para los que quieren encontrar paz y tranquilidad mientras se pierden en un buen libro. No es extra\u00f1o disfrutar de Playa Escondida a solas. Eso s\u00ed, de vez en cuando hay que compartir esta costa paradis\u00edaca con las tortugas marinas que est\u00e1n saliendo del cascar\u00f3n. Adem\u00e1s, es el hogar de una de nuestras plataformas de yoga y aventuras guiadas de SUP.<\/p>\n\n\n\n<div class=\"content-hide\">\n\n\n\n<p>Playa Escondida es perfecta para:<\/p>\n\n\n\n<p>&#8211; Leer un buen libro<br>&#8211; Observar tortugas<br>&#8211; Practicar yoga al aire libre<\/p>\n\n\n\n<ul class=\"wp-block-list\">\n<li><\/li>\n<\/ul>\n\n\n\n<\/div><p class=\"more-content-trigger\">Ver m\u00e1s<\/p>\n\n<\/div>            <\/article>\n                            <figure class=\"animated\">\n                                        <span class=\"img-holder\" style=\"background-image:url(https:\/\/ranchosantana.com\/wp-content\/uploads\/2022\/11\/Playa-Escondida-Edit.jpg)\"><\/span>\n                                    <\/figure>\n                    <\/div>\n    <\/div>\n<\/section>\n\n\n<section id=\"block_05acebd98f888fe4b6ddef775a22c7d1\" class=\"two-columns top-align reversed\">\n    <div class=\"holder\">\n        <div class=\"two-column-content\">\n            <article class=\"entry\">\n                <div class=\"acf-innerblocks-container\">\n\n<h2 class=\"wp-block-heading\">Playa Los Perros<\/h2>\n\n\n\n<p>Nuestra playa preferida para nadar as\u00ed como llevar a los ni\u00f1os, Playa Los Perros, tiene arenas blancas y olas tranquilas. Es por eso que es el hogar de nuestra tienda de surf, que ofrece clases, alquiler de tablas, y una selecci\u00f3n de equipamiento para los amantes del surf. Agarra unas cuantas olas y luego rel\u00e1jate en La Taquer\u00eda para disfrutar de tacos, tostadas y ceviches servidos con salsas caseras. Acompa\u00f1a todo esto con jugos de frutas frescas, c\u00f3cteles playeros o bien con una cubeta de cervezas para la mesa.<\/p>\n\n\n\n<div class=\"content-hide\">\n\n\n\n<p>Playa Los Perros es perfecta para:<\/p>\n\n\n\n<p>&#8211; Surfistas principiantes<br>&#8211; Ni\u00f1os amantes del agua<br>&#8211; Aficionados a los tacos<\/p>\n\n\n\n<ul class=\"wp-block-list\">\n<li><\/li>\n<\/ul>\n\n\n\n<\/div><p class=\"more-content-trigger\">Ver m\u00e1s<\/p>\n\n<\/div>            <\/article>\n                            <figure class=\"animated\">\n                                        <span class=\"img-holder\" style=\"background-image:url(https:\/\/ranchosantana.com\/wp-content\/uploads\/2022\/11\/playa-LP-scaled.jpg)\"><\/span>\n                                    <\/figure>\n                    <\/div>\n    <\/div>\n<\/section>\n\n\n<section id=\"block_3c9056e3914867a3cd9f2dc1253b437b\" class=\"featured-content-outer\">\n    \n    <div class=\"holder-wide\">\n        \n                <div class=\"title-holder \">\n            <h2>Experiencias recomendadas<\/h2>\n                    <\/div>\n                \n        \n                        <div class=\"responsive-post-grid-outer\">\n                <div class=\"post-grid post-grid-vertical\">\n                                    <article>\n                        <a href=\"https:\/\/ranchosantana.com\/es\/experiences\/observacion-de-aves-en-nicaragua\/\">\n                            <hgroup>\n                                <small>\n                                                                            Experiencias Exclusivas    \n                                                                    <\/small>\n                                <h3><strong>Disfruta de una Visita Guiada de Observaci\u00f3n de Aves en Nicaragua\u00a0<\/strong><\/h3>\n                                <span class=\"more\">\n                                    <p><u>Explorar<\/u><\/p>\n                                <\/span>\n                            <\/hgroup>\n                            <figure>\n                                <span class=\"img-holder\" style=\"background-image: url(https:\/\/ranchosantana.com\/wp-content\/uploads\/2023\/01\/DSC_0405-1-792x1024.jpg)\" ><\/span>\n                            <\/figure>\n                        <\/a>\n                    <\/article>\n                                    <article>\n                        <a href=\"https:\/\/ranchosantana.com\/es\/?post_type=experiences&#038;p=3279\">\n                            <hgroup>\n                                <small>\n                                                                            Experiencias fuera del Rancho    \n                                                                    <\/small>\n                                <h3><strong>Haz un Recorrido de Surf en Bote<\/strong><\/h3>\n                                <span class=\"more\">\n                                    <p><u>Explorar<\/u><\/p>\n                                <\/span>\n                            <\/hgroup>\n                            <figure>\n                                <span class=\"img-holder\" style=\"background-image: url(https:\/\/ranchosantana.com\/wp-content\/uploads\/2022\/11\/9W1A6824-1024x683.jpg)\" ><\/span>\n                            <\/figure>\n                        <\/a>\n                    <\/article>\n                                    <article>\n                        <a href=\"https:\/\/ranchosantana.com\/es\/experiences\/catamaran-lujoso\/\">\n                            <hgroup>\n                                <small>\n                                                                            Experiencias fuera del Rancho    \n                                                                    <\/small>\n                                <h3>Navega en un Catamar\u00e1n de Lujo<\/h3>\n                                <span class=\"more\">\n                                    <p><u>Explorar<\/u><\/p>\n                                <\/span>\n                            <\/hgroup>\n                            <figure>\n                                <span class=\"img-holder\" style=\"background-image: url(https:\/\/ranchosantana.com\/wp-content\/uploads\/2025\/10\/DJI_0758_1-1024x575.jpg)\" ><\/span>\n                            <\/figure>\n                        <\/a>\n                    <\/article>\n                                <\/div>\n            <\/div>\n                        \n                \n    <\/div>\n\n<\/section>\n","protected":false},"excerpt":{"rendered":"","protected":false},"author":1,"featured_media":2288,"parent":2310,"menu_order":20,"comment_status":"closed","ping_status":"closed","template":"","meta":{"_acf_changed":false,"inline_featured_image":false,"footnotes":""},"class_list":["post-2336","page","type-page","status-publish","has-post-thumbnail","hentry"],"acf":[],"yoast_head":"<!-- This site is optimized with the Yoast SEO Premium plugin v26.4 (Yoast SEO v26.4) - https:\/\/yoast.com\/wordpress\/plugins\/seo\/ -->\n<title>Las Cinco Playas | Rancho Santana<\/title>\n<meta name=\"robots\" content=\"index, follow, max-snippet:-1, max-image-preview:large, max-video-preview:-1\" \/>\n<link rel=\"canonical\" href=\"https:\/\/ranchosantana.com\/es\/el-rancho\/beaches\/\" \/>\n<meta property=\"og:locale\" content=\"es_ES\" \/>\n<meta property=\"og:type\" content=\"article\" \/>\n<meta property=\"og:title\" content=\"Las Cinco Playas\" \/>\n<meta property=\"og:url\" content=\"https:\/\/ranchosantana.com\/es\/el-rancho\/beaches\/\" \/>\n<meta property=\"og:site_name\" content=\"Rancho Santana\" \/>\n<meta property=\"article:publisher\" content=\"https:\/\/www.facebook.com\/RanchoSantana\/\" \/>\n<meta property=\"article:modified_time\" content=\"2023-05-15T07:23:47+00:00\" \/>\n<meta property=\"og:image\" content=\"https:\/\/ranchosantana.com\/wp-content\/uploads\/2022\/11\/Playa-Escondida-Edit.jpg\" \/>\n\t<meta property=\"og:image:width\" content=\"1584\" \/>\n\t<meta property=\"og:image:height\" content=\"1057\" \/>\n\t<meta property=\"og:image:type\" content=\"image\/jpeg\" \/>\n<meta name=\"twitter:card\" content=\"summary_large_image\" \/>\n<meta name=\"twitter:label1\" content=\"Tiempo de lectura\" \/>\n\t<meta name=\"twitter:data1\" content=\"2 minutos\" \/>\n<script type=\"application\/ld+json\" class=\"yoast-schema-graph\">{\"@context\":\"https:\/\/schema.org\",\"@graph\":[{\"@type\":\"WebPage\",\"@id\":\"https:\/\/ranchosantana.com\/es\/el-rancho\/beaches\/\",\"url\":\"https:\/\/ranchosantana.com\/es\/el-rancho\/beaches\/\",\"name\":\"Las Cinco Playas | Rancho Santana\",\"isPartOf\":{\"@id\":\"https:\/\/ranchosantana.com\/es\/#website\"},\"primaryImageOfPage\":{\"@id\":\"https:\/\/ranchosantana.com\/es\/el-rancho\/beaches\/#primaryimage\"},\"image\":{\"@id\":\"https:\/\/ranchosantana.com\/es\/el-rancho\/beaches\/#primaryimage\"},\"thumbnailUrl\":\"https:\/\/ranchosantana.com\/wp-content\/uploads\/2022\/11\/Playa-Escondida-Edit.jpg\",\"datePublished\":\"2022-10-21T14:16:12+00:00\",\"dateModified\":\"2023-05-15T07:23:47+00:00\",\"breadcrumb\":{\"@id\":\"https:\/\/ranchosantana.com\/es\/el-rancho\/beaches\/#breadcrumb\"},\"inLanguage\":\"es\",\"potentialAction\":[{\"@type\":\"ReadAction\",\"target\":[\"https:\/\/ranchosantana.com\/es\/el-rancho\/beaches\/\"]}]},{\"@type\":\"ImageObject\",\"inLanguage\":\"es\",\"@id\":\"https:\/\/ranchosantana.com\/es\/el-rancho\/beaches\/#primaryimage\",\"url\":\"https:\/\/ranchosantana.com\/wp-content\/uploads\/2022\/11\/Playa-Escondida-Edit.jpg\",\"contentUrl\":\"https:\/\/ranchosantana.com\/wp-content\/uploads\/2022\/11\/Playa-Escondida-Edit.jpg\",\"width\":1584,\"height\":1057,\"caption\":\"Nicaragua playas\"},{\"@type\":\"BreadcrumbList\",\"@id\":\"https:\/\/ranchosantana.com\/es\/el-rancho\/beaches\/#breadcrumb\",\"itemListElement\":[{\"@type\":\"ListItem\",\"position\":1,\"name\":\"Home\",\"item\":\"https:\/\/ranchosantana.com\/es\/\"},{\"@type\":\"ListItem\",\"position\":2,\"name\":\"El Rancho\",\"item\":\"https:\/\/ranchosantana.com\/es\/el-rancho\/\"},{\"@type\":\"ListItem\",\"position\":3,\"name\":\"Las Cinco Playas\"}]},{\"@type\":\"WebSite\",\"@id\":\"https:\/\/ranchosantana.com\/es\/#website\",\"url\":\"https:\/\/ranchosantana.com\/es\/\",\"name\":\"Rancho Santana\",\"description\":\"A Sprawling Coastal Escape\",\"publisher\":{\"@id\":\"https:\/\/ranchosantana.com\/es\/#organization\"},\"potentialAction\":[{\"@type\":\"SearchAction\",\"target\":{\"@type\":\"EntryPoint\",\"urlTemplate\":\"https:\/\/ranchosantana.com\/es\/?s={search_term_string}\"},\"query-input\":{\"@type\":\"PropertyValueSpecification\",\"valueRequired\":true,\"valueName\":\"search_term_string\"}}],\"inLanguage\":\"es\"},{\"@type\":\"Organization\",\"@id\":\"https:\/\/ranchosantana.com\/es\/#organization\",\"name\":\"Rancho Santana\",\"url\":\"https:\/\/ranchosantana.com\/es\/\",\"logo\":{\"@type\":\"ImageObject\",\"inLanguage\":\"es\",\"@id\":\"https:\/\/ranchosantana.com\/es\/#\/schema\/logo\/image\/\",\"url\":\"https:\/\/ranchosantana.com\/wp-content\/uploads\/2023\/08\/logo-dark.png\",\"contentUrl\":\"https:\/\/ranchosantana.com\/wp-content\/uploads\/2023\/08\/logo-dark.png\",\"width\":111,\"height\":56,\"caption\":\"Rancho Santana\"},\"image\":{\"@id\":\"https:\/\/ranchosantana.com\/es\/#\/schema\/logo\/image\/\"},\"sameAs\":[\"https:\/\/www.facebook.com\/RanchoSantana\/\",\"https:\/\/www.instagram.com\/ranchosantana_nicaragua\/\"]}]}<\/script>\n<!-- \/ Yoast SEO Premium plugin. -->","yoast_head_json":{"title":"Las Cinco Playas | Rancho Santana","robots":{"index":"index","follow":"follow","max-snippet":"max-snippet:-1","max-image-preview":"max-image-preview:large","max-video-preview":"max-video-preview:-1"},"canonical":"https:\/\/ranchosantana.com\/es\/el-rancho\/beaches\/","og_locale":"es_ES","og_type":"article","og_title":"Las Cinco Playas","og_url":"https:\/\/ranchosantana.com\/es\/el-rancho\/beaches\/","og_site_name":"Rancho Santana","article_publisher":"https:\/\/www.facebook.com\/RanchoSantana\/","article_modified_time":"2023-05-15T07:23:47+00:00","og_image":[{"width":1584,"height":1057,"url":"https:\/\/ranchosantana.com\/wp-content\/uploads\/2022\/11\/Playa-Escondida-Edit.jpg","type":"image\/jpeg"}],"twitter_card":"summary_large_image","twitter_misc":{"Tiempo de lectura":"2 minutos"},"schema":{"@context":"https:\/\/schema.org","@graph":[{"@type":"WebPage","@id":"https:\/\/ranchosantana.com\/es\/el-rancho\/beaches\/","url":"https:\/\/ranchosantana.com\/es\/el-rancho\/beaches\/","name":"Las Cinco Playas | Rancho Santana","isPartOf":{"@id":"https:\/\/ranchosantana.com\/es\/#website"},"primaryImageOfPage":{"@id":"https:\/\/ranchosantana.com\/es\/el-rancho\/beaches\/#primaryimage"},"image":{"@id":"https:\/\/ranchosantana.com\/es\/el-rancho\/beaches\/#primaryimage"},"thumbnailUrl":"https:\/\/ranchosantana.com\/wp-content\/uploads\/2022\/11\/Playa-Escondida-Edit.jpg","datePublished":"2022-10-21T14:16:12+00:00","dateModified":"2023-05-15T07:23:47+00:00","breadcrumb":{"@id":"https:\/\/ranchosantana.com\/es\/el-rancho\/beaches\/#breadcrumb"},"inLanguage":"es","potentialAction":[{"@type":"ReadAction","target":["https:\/\/ranchosantana.com\/es\/el-rancho\/beaches\/"]}]},{"@type":"ImageObject","inLanguage":"es","@id":"https:\/\/ranchosantana.com\/es\/el-rancho\/beaches\/#primaryimage","url":"https:\/\/ranchosantana.com\/wp-content\/uploads\/2022\/11\/Playa-Escondida-Edit.jpg","contentUrl":"https:\/\/ranchosantana.com\/wp-content\/uploads\/2022\/11\/Playa-Escondida-Edit.jpg","width":1584,"height":1057,"caption":"Nicaragua playas"},{"@type":"BreadcrumbList","@id":"https:\/\/ranchosantana.com\/es\/el-rancho\/beaches\/#breadcrumb","itemListElement":[{"@type":"ListItem","position":1,"name":"Home","item":"https:\/\/ranchosantana.com\/es\/"},{"@type":"ListItem","position":2,"name":"El Rancho","item":"https:\/\/ranchosantana.com\/es\/el-rancho\/"},{"@type":"ListItem","position":3,"name":"Las Cinco Playas"}]},{"@type":"WebSite","@id":"https:\/\/ranchosantana.com\/es\/#website","url":"https:\/\/ranchosantana.com\/es\/","name":"Rancho Santana","description":"A Sprawling Coastal Escape","publisher":{"@id":"https:\/\/ranchosantana.com\/es\/#organization"},"potentialAction":[{"@type":"SearchAction","target":{"@type":"EntryPoint","urlTemplate":"https:\/\/ranchosantana.com\/es\/?s={search_term_string}"},"query-input":{"@type":"PropertyValueSpecification","valueRequired":true,"valueName":"search_term_string"}}],"inLanguage":"es"},{"@type":"Organization","@id":"https:\/\/ranchosantana.com\/es\/#organization","name":"Rancho Santana","url":"https:\/\/ranchosantana.com\/es\/","logo":{"@type":"ImageObject","inLanguage":"es","@id":"https:\/\/ranchosantana.com\/es\/#\/schema\/logo\/image\/","url":"https:\/\/ranchosantana.com\/wp-content\/uploads\/2023\/08\/logo-dark.png","contentUrl":"https:\/\/ranchosantana.com\/wp-content\/uploads\/2023\/08\/logo-dark.png","width":111,"height":56,"caption":"Rancho Santana"},"image":{"@id":"https:\/\/ranchosantana.com\/es\/#\/schema\/logo\/image\/"},"sameAs":["https:\/\/www.facebook.com\/RanchoSantana\/","https:\/\/www.instagram.com\/ranchosantana_nicaragua\/"]}]}},"_links":{"self":[{"href":"https:\/\/ranchosantana.com\/es\/wp-json\/wp\/v2\/pages\/2336","targetHints":{"allow":["GET"]}}],"collection":[{"href":"https:\/\/ranchosantana.com\/es\/wp-json\/wp\/v2\/pages"}],"about":[{"href":"https:\/\/ranchosantana.com\/es\/wp-json\/wp\/v2\/types\/page"}],"author":[{"embeddable":true,"href":"https:\/\/ranchosantana.com\/es\/wp-json\/wp\/v2\/users\/1"}],"replies":[{"embeddable":true,"href":"https:\/\/ranchosantana.com\/es\/wp-json\/wp\/v2\/comments?post=2336"}],"version-history":[{"count":0,"href":"https:\/\/ranchosantana.com\/es\/wp-json\/wp\/v2\/pages\/2336\/revisions"}],"up":[{"embeddable":true,"href":"https:\/\/ranchosantana.com\/es\/wp-json\/wp\/v2\/pages\/2310"}],"wp:featuredmedia":[{"embeddable":true,"href":"https:\/\/ranchosantana.com\/es\/wp-json\/wp\/v2\/media\/2288"}],"wp:attachment":[{"href":"https:\/\/ranchosantana.com\/es\/wp-json\/wp\/v2\/media?parent=2336"}],"curies":[{"name":"wp","href":"https:\/\/api.w.org\/{rel}","templated":true}]}}