{"id":2310,"date":"2022-10-07T12:12:27","date_gmt":"2022-10-07T12:12:27","guid":{"rendered":"https:\/\/dev.ranchosantana.com\/the-ranch\/"},"modified":"2026-04-15T14:45:50","modified_gmt":"2026-04-15T14:45:50","slug":"el-rancho","status":"publish","type":"page","link":"https:\/\/ranchosantana.com\/es\/el-rancho\/","title":{"rendered":"El Rancho"},"content":{"rendered":"\n<section id=\"block_0b42c83d0529d281af0dad2eec8a3dc7\" class=\"page-hero type-default \">\n    \n        \n    <div class=\"holder\">\n        <hgroup>\n            <h1>El Rancho<\/h1>\n<p><span style=\"font-weight: 400;\">Extendido a lo largo de 2,700 hect\u00e1reas frente al mar, Rancho Santana es un complejo tur\u00edstico y una comunidad residencial de categor\u00eda mundial con playas, rutas de senderismo, restaurantes de alta calidad, aventuras al aire libre, cenas dodo incluido, y un santuario de bienestar.<\/span><\/p>\n        <\/hgroup>\n        <ul class=\"hero-info\">\n                        <li><a href=\"tel:(310) 299-7550\"><span class=\"phone-label\">Tel\u00e9fono<\/span>(310) 299-7550<\/a><\/li>\n                    <\/ul>\n    <\/div>\n    \n        \n    <span class=\"media-overlay\"><\/span>\n        <div class=\"page-hero-background\">\n                <span style=\"background-image:url(https:\/\/ranchosantana.com\/wp-content\/uploads\/2022\/11\/DJI_0156-scaled.jpg)\"><\/span>\n            <\/div>\n    \n        \n<\/section>\n\n\n<section id=\"block_6c34a3579a55b0f7f7255139639ad99f\" class=\"content-editor-outer\">\n    \n    <div class=\"holder-wide\">\n        <article class=\"entry\">\n            <div class=\"acf-innerblocks-container\">\n\n<h2 class=\"wp-block-heading\" id=\"h-la-historia\">La Historia<\/h2>\n\n\n\n<p>Todo empez\u00f3 con seis amigos, un viaje inolvidable a Nicaragua y el sue\u00f1o de compartir con el mundo una propiedad entra\u00f1able. Mientras visitaban el pa\u00eds en 1997, los amigos conocieron al Sr. Granados, quien personalmente mostr\u00f3 al grupo un terreno que su familia ten\u00eda en venta. Mientras caminaban, escalaban y exploraban los accidentados 2,700 hect\u00e1reas, el Sr. Granados comparti\u00f3 su visi\u00f3n de lo que podr\u00eda llegar a ser la propiedad con una comunidad detr\u00e1s.<\/p>\n\n\n\n<p>As\u00ed, estos amigos formaron esa misma comunidad, comprando la propiedad y permaneciendo cerca del Sr. Granados y su familia mientras constru\u00edan casas para ellos y sus amigos. La infraestructura enseguida lleg\u00f3, incluyendo carreteras, sistemas de filtraci\u00f3n de agua y electricidad. Esto, a su vez, trajo consigo m\u00e1s viviendas, adem\u00e1s de casas club, restaurantes y establos. Con el tiempo, crearon El Inn &amp; Residencias, una experiencia de hotel boutique lujoso, para que el resto del mundo pudiera compartir la misma visi\u00f3n. En la actualidad, el \u00abResort de Rancho\u00bb es considerado por <em>Travel &amp; Leisure<\/em> como uno de los mejores hoteles del mundo. Aunque en su esencia sigue siendo una comunidad de amigos en continua evoluci\u00f3n.<\/p>\n\n<\/div>        <\/article>\n    <\/div>\n\n<\/section>\n\n\n\n<h4 class=\"wp-block-heading has-text-align-center\" id=\"h-descubra-la-historia-de-rancho-santana-con-nuestra-nueva-pelicula-cinematografica\">Descubra la historia de Rancho Santana con nuestra nueva pel\u00edcula cinematogr\u00e1fica<\/h4>\n\n\n\n<section id=\"block_ab29366b60c657c756f71409802e6b6c\" class=\"custom-video-outer\">\n    \n    <a href=\"https:\/\/www.youtube.com\/watch?v=hLpEaP7HbuM\" class=\"custom-video-popup popup-video\" aria-label=\"Custom Video\">\n        <span class=\"play-btn \"><span><\/span><\/span>\n        <span class=\"img-holder\" style=\"background-image:url(https:\/\/ranchosantana.com\/wp-content\/uploads\/2023\/08\/MicrosoftTeams-image-34-1.jpg)\"><\/span>\n    <\/a>\n    \n<\/section>\n\n\n\n<section id=\"block_48d7758a7bd19723afe2d1d0656053c9\" class=\"two-columns v2 reversed\">\n    <div class=\"holder\">\n        <div class=\"two-column-content\">\n            <article class=\"entry\">\n                <div class=\"acf-innerblocks-container\">\n\n<h2 class=\"wp-block-heading\" id=\"h-el-destino\">El Destino<\/h2>\n\n\n\n<p>El Rancho tiene una ubicaci\u00f3n privilegiada en la incomparable Costa Esmeralda de Nicaragua debido a su reputaci\u00f3n como destino para practicar el surf. Las monta\u00f1as colosales, las dunas de arena y los bosques tropicales secos tambi\u00e9n forman parte de este paisaje.<strong>&nbsp;<\/strong><\/p>\n\n\n\n<p><a href=\"https:\/\/ranchosantana.com\/es\/el-rancho\/el-destino\/\" data-type=\"page\" data-id=\"190\">Explorar el destino<\/a><\/p>\n\n<\/div>            <\/article>\n                            <figure class=\"animated\">\n                                        <span class=\"img-holder\" style=\"background-image:url(https:\/\/ranchosantana.com\/wp-content\/uploads\/2022\/11\/The-Destination-scaled.jpg)\"><\/span>\n                                    <\/figure>\n                    <\/div>\n    <\/div>\n<\/section>\n\n\n<section id=\"block_1e2f1f24297b9f03287cc17dd2de0ddf\" class=\"two-columns two-bird-illustration default\">\n    <div class=\"holder\">\n        <div class=\"two-column-content\">\n            <article class=\"entry\">\n                <div class=\"acf-innerblocks-container\">\n\n<h2 class=\"wp-block-heading\" id=\"h-las-cinco-playas\">Las Cinco Playas<\/h2>\n\n\n\n<p>La extensa propiedad del Rancho no tiene una, ni dos&#8230; sino cinco playas paradis\u00edacas. Imagina poder pasar de lunes a viernes en una playa diferente cada d\u00eda disfrutando del pa\u00edsaje, la arena y el sol. <\/p>\n\n\n\n<p><a href=\"https:\/\/ranchosantana.com\/es\/el-rancho\/beaches\/\" data-type=\"page\" data-id=\"195\">Explorar el destino<\/a><\/p>\n\n<\/div>            <\/article>\n                            <figure class=\"animated\">\n                                        <span class=\"img-holder\" style=\"background-image:url(https:\/\/ranchosantana.com\/wp-content\/uploads\/2022\/11\/5-Beaches.jpg)\"><\/span>\n                                    <\/figure>\n                    <\/div>\n    <\/div>\n<\/section>\n\n\n<section id=\"block_08cb10a697cf587e173b8344e03337f8\" class=\"two-columns reversed\">\n    <div class=\"holder\">\n        <div class=\"two-column-content\">\n            <article class=\"entry\">\n                <div class=\"acf-innerblocks-container\">\n\n<h2 class=\"wp-block-heading\" id=\"h-mapa-interactivo\">Mapa Interactivo<\/h2>\n\n\n\n<p>Descubra todo lo que El Rancho tiene para ofrecer con nuestro mapa interactivo.<\/p>\n\n\n\n<div class=\"wp-block-buttons is-layout-flex wp-block-buttons-is-layout-flex\">\n<div class=\"wp-block-button\"><a class=\"wp-block-button__link wp-element-button\" href=\"https:\/\/ranchosantana.com\/es\/mapa\/\">Leer m\u00e1s<\/a><\/div>\n<\/div>\n\n<\/div>            <\/article>\n                            <figure class=\"animated\">\n                                        <span class=\"img-holder\" style=\"background-image:url(https:\/\/ranchosantana.com\/wp-content\/uploads\/2024\/02\/Screen-Shot-2024-02-08-at-04.43.39.png)\"><\/span>\n                                    <\/figure>\n                    <\/div>\n    <\/div>\n<\/section>\n\n\n<section id=\"block_4b5e6b0f55c8a7f123bd0c3bb58c3c67\" class=\"two-columns default\">\n    <div class=\"holder\">\n        <div class=\"two-column-content\">\n            <article class=\"entry\">\n                <div class=\"acf-innerblocks-container\">\n\n<h2 class=\"wp-block-heading\" id=\"h-boutique-el-cedro\">Boutique El Cedro<\/h2>\n\n\n\n<p>Hemos capturado la esencia de El Rancho en una boutique llena de tesoros nicarag\u00fcenses y colaboraciones \u00fanicas.<\/p>\n\n\n\n<p><a href=\"https:\/\/ranchosantana.com\/es\/boutique-el-cedro\/\">Leer m\u00e1s<\/a><\/p>\n\n<\/div>            <\/article>\n                            <figure class=\"animated\">\n                                        <span class=\"img-holder\" style=\"background-image:url(https:\/\/ranchosantana.com\/wp-content\/uploads\/2023\/07\/DSC9966-1.jpg)\"><\/span>\n                                    <\/figure>\n                    <\/div>\n    <\/div>\n<\/section>\n\n\n<section id=\"block_558b6616507aeb3a6ae9abfa2a02e845\" class=\"content-editor-outer cta\">\n    \n    <div class=\"holder-wide\">\n        <article class=\"entry\">\n            <div class=\"acf-innerblocks-container\">\n\n<h2 class=\"wp-block-heading has-text-align-center\" id=\"h-recomendaciones\">Recomendaciones<\/h2>\n\n\n\n<p class=\"has-text-align-center\">La hospitalidad nicarag\u00fcense significa que estamos a tu disposici\u00f3n, incluso durante tu planificaci\u00f3n. Visita nuestra p\u00e1gina de Sugerencias \u00datiles para ver las preguntas m\u00e1s frecuentes sobre el destino y la propiedad.<\/p>\n\n\n\n<p class=\"has-text-align-center\"><a href=\"https:\/\/ranchosantana.com\/es\/el-rancho\/useful-tips\/\" data-type=\"page\" data-id=\"203\">Ver recomendaciones<\/a><\/p>\n\n<\/div>        <\/article>\n    <\/div>\n\n<\/section>\n","protected":false},"excerpt":{"rendered":"<p>Descubra la historia de Rancho Santana con nuestra nueva pel\u00edcula cinematogr\u00e1fica<\/p>\n","protected":false},"author":1,"featured_media":2179,"parent":0,"menu_order":10,"comment_status":"closed","ping_status":"closed","template":"","meta":{"_acf_changed":false,"inline_featured_image":false,"footnotes":""},"class_list":["post-2310","page","type-page","status-publish","has-post-thumbnail","hentry"],"acf":[],"yoast_head":"<!-- This site is optimized with the Yoast SEO Premium plugin v26.4 (Yoast SEO v26.4) - https:\/\/yoast.com\/wordpress\/plugins\/seo\/ -->\n<title>Rancho Santana | Resort de Lujo Frente al Mar en Nicaragua<\/title>\n<meta name=\"description\" content=\"Rancho Santana es un resort de clase mundial con playas, senderos para caminatas, excelentes restaurantes, aventuras al aire libre y un santuario de bienestar.\" \/>\n<meta name=\"robots\" content=\"index, follow, max-snippet:-1, max-image-preview:large, max-video-preview:-1\" \/>\n<link rel=\"canonical\" href=\"https:\/\/ranchosantana.com\/es\/el-rancho\/\" \/>\n<meta property=\"og:locale\" content=\"es_ES\" \/>\n<meta property=\"og:type\" content=\"article\" \/>\n<meta property=\"og:title\" content=\"El Rancho\" \/>\n<meta property=\"og:description\" content=\"Rancho Santana es un resort de clase mundial con playas, senderos para caminatas, excelentes restaurantes, aventuras al aire libre y un santuario de bienestar.\" \/>\n<meta property=\"og:url\" content=\"https:\/\/ranchosantana.com\/es\/el-rancho\/\" \/>\n<meta property=\"og:site_name\" content=\"Rancho Santana\" \/>\n<meta property=\"article:publisher\" content=\"https:\/\/www.facebook.com\/RanchoSantana\/\" \/>\n<meta property=\"article:modified_time\" content=\"2026-04-15T14:45:50+00:00\" \/>\n<meta property=\"og:image\" content=\"https:\/\/ranchosantana.com\/wp-content\/uploads\/2022\/11\/RanchoSantana_KubaOkon117P8A0382copy-scaled.jpg\" \/>\n\t<meta property=\"og:image:width\" content=\"2560\" \/>\n\t<meta property=\"og:image:height\" content=\"1707\" \/>\n\t<meta property=\"og:image:type\" content=\"image\/jpeg\" \/>\n<meta name=\"twitter:card\" content=\"summary_large_image\" \/>\n<meta name=\"twitter:label1\" content=\"Tiempo de lectura\" \/>\n\t<meta name=\"twitter:data1\" content=\"2 minutos\" \/>\n<script type=\"application\/ld+json\" class=\"yoast-schema-graph\">{\"@context\":\"https:\/\/schema.org\",\"@graph\":[{\"@type\":\"WebPage\",\"@id\":\"https:\/\/ranchosantana.com\/es\/el-rancho\/\",\"url\":\"https:\/\/ranchosantana.com\/es\/el-rancho\/\",\"name\":\"Rancho Santana | Resort de Lujo Frente al Mar en Nicaragua\",\"isPartOf\":{\"@id\":\"https:\/\/ranchosantana.com\/es\/#website\"},\"primaryImageOfPage\":{\"@id\":\"https:\/\/ranchosantana.com\/es\/el-rancho\/#primaryimage\"},\"image\":{\"@id\":\"https:\/\/ranchosantana.com\/es\/el-rancho\/#primaryimage\"},\"thumbnailUrl\":\"https:\/\/ranchosantana.com\/wp-content\/uploads\/2022\/11\/RanchoSantana_KubaOkon117P8A0382copy-scaled.jpg\",\"datePublished\":\"2022-10-07T12:12:27+00:00\",\"dateModified\":\"2026-04-15T14:45:50+00:00\",\"description\":\"Rancho Santana es un resort de clase mundial con playas, senderos para caminatas, excelentes restaurantes, aventuras al aire libre y un santuario de bienestar.\",\"breadcrumb\":{\"@id\":\"https:\/\/ranchosantana.com\/es\/el-rancho\/#breadcrumb\"},\"inLanguage\":\"es\",\"potentialAction\":[{\"@type\":\"ReadAction\",\"target\":[\"https:\/\/ranchosantana.com\/es\/el-rancho\/\"]}]},{\"@type\":\"ImageObject\",\"inLanguage\":\"es\",\"@id\":\"https:\/\/ranchosantana.com\/es\/el-rancho\/#primaryimage\",\"url\":\"https:\/\/ranchosantana.com\/wp-content\/uploads\/2022\/11\/RanchoSantana_KubaOkon117P8A0382copy-scaled.jpg\",\"contentUrl\":\"https:\/\/ranchosantana.com\/wp-content\/uploads\/2022\/11\/RanchoSantana_KubaOkon117P8A0382copy-scaled.jpg\",\"width\":2560,\"height\":1707,\"caption\":\"view of the clubhouse pool at rancho santana\"},{\"@type\":\"BreadcrumbList\",\"@id\":\"https:\/\/ranchosantana.com\/es\/el-rancho\/#breadcrumb\",\"itemListElement\":[{\"@type\":\"ListItem\",\"position\":1,\"name\":\"Home\",\"item\":\"https:\/\/ranchosantana.com\/es\/\"},{\"@type\":\"ListItem\",\"position\":2,\"name\":\"El Rancho\"}]},{\"@type\":\"WebSite\",\"@id\":\"https:\/\/ranchosantana.com\/es\/#website\",\"url\":\"https:\/\/ranchosantana.com\/es\/\",\"name\":\"Rancho Santana\",\"description\":\"A Sprawling Coastal Escape\",\"publisher\":{\"@id\":\"https:\/\/ranchosantana.com\/es\/#organization\"},\"potentialAction\":[{\"@type\":\"SearchAction\",\"target\":{\"@type\":\"EntryPoint\",\"urlTemplate\":\"https:\/\/ranchosantana.com\/es\/?s={search_term_string}\"},\"query-input\":{\"@type\":\"PropertyValueSpecification\",\"valueRequired\":true,\"valueName\":\"search_term_string\"}}],\"inLanguage\":\"es\"},{\"@type\":\"Organization\",\"@id\":\"https:\/\/ranchosantana.com\/es\/#organization\",\"name\":\"Rancho Santana\",\"url\":\"https:\/\/ranchosantana.com\/es\/\",\"logo\":{\"@type\":\"ImageObject\",\"inLanguage\":\"es\",\"@id\":\"https:\/\/ranchosantana.com\/es\/#\/schema\/logo\/image\/\",\"url\":\"https:\/\/ranchosantana.com\/wp-content\/uploads\/2023\/08\/logo-dark.png\",\"contentUrl\":\"https:\/\/ranchosantana.com\/wp-content\/uploads\/2023\/08\/logo-dark.png\",\"width\":111,\"height\":56,\"caption\":\"Rancho Santana\"},\"image\":{\"@id\":\"https:\/\/ranchosantana.com\/es\/#\/schema\/logo\/image\/\"},\"sameAs\":[\"https:\/\/www.facebook.com\/RanchoSantana\/\",\"https:\/\/www.instagram.com\/ranchosantana_nicaragua\/\"]}]}<\/script>\n<!-- \/ Yoast SEO Premium plugin. -->","yoast_head_json":{"title":"Rancho Santana | Resort de Lujo Frente al Mar en Nicaragua","description":"Rancho Santana es un resort de clase mundial con playas, senderos para caminatas, excelentes restaurantes, aventuras al aire libre y un santuario de bienestar.","robots":{"index":"index","follow":"follow","max-snippet":"max-snippet:-1","max-image-preview":"max-image-preview:large","max-video-preview":"max-video-preview:-1"},"canonical":"https:\/\/ranchosantana.com\/es\/el-rancho\/","og_locale":"es_ES","og_type":"article","og_title":"El Rancho","og_description":"Rancho Santana es un resort de clase mundial con playas, senderos para caminatas, excelentes restaurantes, aventuras al aire libre y un santuario de bienestar.","og_url":"https:\/\/ranchosantana.com\/es\/el-rancho\/","og_site_name":"Rancho Santana","article_publisher":"https:\/\/www.facebook.com\/RanchoSantana\/","article_modified_time":"2026-04-15T14:45:50+00:00","og_image":[{"width":2560,"height":1707,"url":"https:\/\/ranchosantana.com\/wp-content\/uploads\/2022\/11\/RanchoSantana_KubaOkon117P8A0382copy-scaled.jpg","type":"image\/jpeg"}],"twitter_card":"summary_large_image","twitter_misc":{"Tiempo de lectura":"2 minutos"},"schema":{"@context":"https:\/\/schema.org","@graph":[{"@type":"WebPage","@id":"https:\/\/ranchosantana.com\/es\/el-rancho\/","url":"https:\/\/ranchosantana.com\/es\/el-rancho\/","name":"Rancho Santana | Resort de Lujo Frente al Mar en Nicaragua","isPartOf":{"@id":"https:\/\/ranchosantana.com\/es\/#website"},"primaryImageOfPage":{"@id":"https:\/\/ranchosantana.com\/es\/el-rancho\/#primaryimage"},"image":{"@id":"https:\/\/ranchosantana.com\/es\/el-rancho\/#primaryimage"},"thumbnailUrl":"https:\/\/ranchosantana.com\/wp-content\/uploads\/2022\/11\/RanchoSantana_KubaOkon117P8A0382copy-scaled.jpg","datePublished":"2022-10-07T12:12:27+00:00","dateModified":"2026-04-15T14:45:50+00:00","description":"Rancho Santana es un resort de clase mundial con playas, senderos para caminatas, excelentes restaurantes, aventuras al aire libre y un santuario de bienestar.","breadcrumb":{"@id":"https:\/\/ranchosantana.com\/es\/el-rancho\/#breadcrumb"},"inLanguage":"es","potentialAction":[{"@type":"ReadAction","target":["https:\/\/ranchosantana.com\/es\/el-rancho\/"]}]},{"@type":"ImageObject","inLanguage":"es","@id":"https:\/\/ranchosantana.com\/es\/el-rancho\/#primaryimage","url":"https:\/\/ranchosantana.com\/wp-content\/uploads\/2022\/11\/RanchoSantana_KubaOkon117P8A0382copy-scaled.jpg","contentUrl":"https:\/\/ranchosantana.com\/wp-content\/uploads\/2022\/11\/RanchoSantana_KubaOkon117P8A0382copy-scaled.jpg","width":2560,"height":1707,"caption":"view of the clubhouse pool at rancho santana"},{"@type":"BreadcrumbList","@id":"https:\/\/ranchosantana.com\/es\/el-rancho\/#breadcrumb","itemListElement":[{"@type":"ListItem","position":1,"name":"Home","item":"https:\/\/ranchosantana.com\/es\/"},{"@type":"ListItem","position":2,"name":"El Rancho"}]},{"@type":"WebSite","@id":"https:\/\/ranchosantana.com\/es\/#website","url":"https:\/\/ranchosantana.com\/es\/","name":"Rancho Santana","description":"A Sprawling Coastal Escape","publisher":{"@id":"https:\/\/ranchosantana.com\/es\/#organization"},"potentialAction":[{"@type":"SearchAction","target":{"@type":"EntryPoint","urlTemplate":"https:\/\/ranchosantana.com\/es\/?s={search_term_string}"},"query-input":{"@type":"PropertyValueSpecification","valueRequired":true,"valueName":"search_term_string"}}],"inLanguage":"es"},{"@type":"Organization","@id":"https:\/\/ranchosantana.com\/es\/#organization","name":"Rancho Santana","url":"https:\/\/ranchosantana.com\/es\/","logo":{"@type":"ImageObject","inLanguage":"es","@id":"https:\/\/ranchosantana.com\/es\/#\/schema\/logo\/image\/","url":"https:\/\/ranchosantana.com\/wp-content\/uploads\/2023\/08\/logo-dark.png","contentUrl":"https:\/\/ranchosantana.com\/wp-content\/uploads\/2023\/08\/logo-dark.png","width":111,"height":56,"caption":"Rancho Santana"},"image":{"@id":"https:\/\/ranchosantana.com\/es\/#\/schema\/logo\/image\/"},"sameAs":["https:\/\/www.facebook.com\/RanchoSantana\/","https:\/\/www.instagram.com\/ranchosantana_nicaragua\/"]}]}},"_links":{"self":[{"href":"https:\/\/ranchosantana.com\/es\/wp-json\/wp\/v2\/pages\/2310","targetHints":{"allow":["GET"]}}],"collection":[{"href":"https:\/\/ranchosantana.com\/es\/wp-json\/wp\/v2\/pages"}],"about":[{"href":"https:\/\/ranchosantana.com\/es\/wp-json\/wp\/v2\/types\/page"}],"author":[{"embeddable":true,"href":"https:\/\/ranchosantana.com\/es\/wp-json\/wp\/v2\/users\/1"}],"replies":[{"embeddable":true,"href":"https:\/\/ranchosantana.com\/es\/wp-json\/wp\/v2\/comments?post=2310"}],"version-history":[{"count":3,"href":"https:\/\/ranchosantana.com\/es\/wp-json\/wp\/v2\/pages\/2310\/revisions"}],"predecessor-version":[{"id":40129,"href":"https:\/\/ranchosantana.com\/es\/wp-json\/wp\/v2\/pages\/2310\/revisions\/40129"}],"wp:featuredmedia":[{"embeddable":true,"href":"https:\/\/ranchosantana.com\/es\/wp-json\/wp\/v2\/media\/2179"}],"wp:attachment":[{"href":"https:\/\/ranchosantana.com\/es\/wp-json\/wp\/v2\/media?parent=2310"}],"curies":[{"name":"wp","href":"https:\/\/api.w.org\/{rel}","templated":true}]}}