{"id":15075,"date":"2023-11-22T01:53:09","date_gmt":"2023-11-22T01:53:09","guid":{"rendered":"https:\/\/ranchosantana.com\/?page_id=15075"},"modified":"2026-01-05T10:32:48","modified_gmt":"2026-01-05T10:32:48","slug":"boutique-el-cedro","status":"publish","type":"page","link":"https:\/\/ranchosantana.com\/es\/boutique-el-cedro\/","title":{"rendered":"Boutique El Cedro"},"content":{"rendered":"\n<section id=\"block_c0bae54f869fbc5344eaee44599bce6e\" class=\"page-hero type-default \">\n    \n        \n    <div class=\"holder\">\n        <hgroup>\n            <h1>Boutique El Cedro<\/h1>\n<p>Hemos capturado la esencia de El Rancho en una boutique llena de tesoros nicarag\u00fcenses y colaboraciones \u00fanicas.<\/p>\n        <\/hgroup>\n        <ul class=\"hero-info\">\n                        <li><a href=\"tel:(310) 299-7550\"><span class=\"phone-label\">Tel\u00e9fono<\/span>(310) 299-7550<\/a><\/li>\n                    <\/ul>\n    <\/div>\n    \n        \n    <span class=\"media-overlay\"><\/span>\n        <div class=\"page-hero-background\">\n                <span style=\"background-image:url(https:\/\/ranchosantana.com\/wp-content\/uploads\/2025\/05\/DSC09819-scaled.jpg)\"><\/span>\n            <\/div>\n    \n        \n<\/section>\n\n\n<section id=\"block_f5d0019e0e69976b73a4ee4b39daf0f4\" class=\"content-editor-outer\">\n    \n    <div class=\"holder-wide\">\n        <article class=\"entry\">\n            <div class=\"acf-innerblocks-container\">\n\n<h1 class=\"wp-block-heading has-text-align-center\" id=\"h-boutique-el-cedro\"><strong>Boutique El Cedro<\/strong><\/h1>\n\n\n\n<p><\/p>\n\n\n\n<p>Presentamos El Cedro, nuestra tienda en el resort que lleva el nombre de un \u00e1rbol centroamericano que encontrar\u00e1 creciendo aqu\u00ed en nuestros bosques. Asimismo, El Cedro se llena de productos locales, elaborados artesanalmente para ti. Explore art\u00edculos de cuero hechos a mano, ropa de resort de macram\u00e9, joyas, sombreros y m\u00e1s en una atm\u00f3sfera similar a la de un museo. Ubicado en El Inn, El Cedro le permite llevarse un pedazo de Nicaragua a casa.<\/p>\n\n\n\n<p><strong>Abierto todos los d\u00edas<\/strong>: 8 am \u2013 5 pm<\/p>\n\n\n\n<div class=\"wp-block-buttons is-layout-flex wp-block-buttons-is-layout-flex\">\n<div class=\"wp-block-button\"><a class=\"wp-block-button__link wp-element-button\" href=\"mailto:mjrobles@ranchosantana.com\" target=\"_blank\" rel=\"noreferrer noopener\">Cont\u00e1ctanos<\/a><\/div>\n<\/div>\n\n<\/div>        <\/article>\n    <\/div>\n\n<\/section>\n\n\n\n<section id=\"block_d5ed5a56fd8b82a6896c5ff301381aae\" class=\"image-gallery-outer\">\n    \n    <div class=\"holder-wide\">\n                            <ul class=\"horizontal-image-slider\">\n                                    <li>\n                        <figure>\n                            <span class=\"img-holder\" style=\"background-image: url(https:\/\/ranchosantana.com\/wp-content\/uploads\/2023\/07\/DSC0001-1-1.jpg);\"><\/span>\n                        <\/figure>\n                    <\/li>\n                                    <li>\n                        <figure>\n                            <span class=\"img-holder\" style=\"background-image: url(https:\/\/ranchosantana.com\/wp-content\/uploads\/2023\/09\/DSC9974.jpg);\"><\/span>\n                        <\/figure>\n                    <\/li>\n                                    <li>\n                        <figure>\n                            <span class=\"img-holder\" style=\"background-image: url(https:\/\/ranchosantana.com\/wp-content\/uploads\/2023\/07\/DSC9978-1.jpg);\"><\/span>\n                        <\/figure>\n                    <\/li>\n                                    <li>\n                        <figure>\n                            <span class=\"img-holder\" style=\"background-image: url(https:\/\/ranchosantana.com\/wp-content\/uploads\/2023\/09\/DSC0007.jpg);\"><\/span>\n                        <\/figure>\n                    <\/li>\n                                    <li>\n                        <figure>\n                            <span class=\"img-holder\" style=\"background-image: url(https:\/\/ranchosantana.com\/wp-content\/uploads\/2023\/09\/DSC9964.jpg);\"><\/span>\n                        <\/figure>\n                    <\/li>\n                                    <li>\n                        <figure>\n                            <span class=\"img-holder\" style=\"background-image: url(https:\/\/ranchosantana.com\/wp-content\/uploads\/2023\/07\/DSC9987-1.jpg);\"><\/span>\n                        <\/figure>\n                    <\/li>\n                            <\/ul>\n                <div class=\"progress\"><span><\/span><\/div>\n    <\/div>\n\n<\/section>\n\n\n\n<section id=\"block_f5d0019e0e69976b73a4ee4b39daf0f4\" class=\"content-editor-outer\">\n    \n    <div class=\"holder-wide\">\n        <article class=\"entry\">\n            <div class=\"acf-innerblocks-container\">\n\n<h2 class=\"wp-block-heading has-text-align-center\" id=\"h-colaboraciones-de-marca\"><strong>COLABORACIONES DE MARCA <\/strong><\/h2>\n\n\n\n<p><\/p>\n\n<\/div>        <\/article>\n    <\/div>\n\n<\/section>\n\n\n\n<section id=\"block_f5d0019e0e69976b73a4ee4b39daf0f4\" class=\"content-editor-outer\">\n    \n    <div class=\"holder-wide\">\n        <article class=\"entry\">\n            <div class=\"acf-innerblocks-container\">\n\n<h3 class=\"wp-block-heading has-text-align-left\" id=\"h-rancho-santana-x-cami-y-jax\">Rancho Santana x CAMI Y JAX<\/h3>\n\n\n\n<p>Estamos m\u00e1s que emocionados de revelar nuestra pieza de edici\u00f3n limitada creada en colaboraci\u00f3n con la marca de trajes de ba\u00f1o de lujo CAMI y JAX. Esta asociaci\u00f3n es un paso natural para dos marcas centradas en la aventura, las experiencias \u00fanicas y el lujo.<\/p>\n\n\n\n<p>Inspir\u00e1ndonos en los vivos colores presentes en el r\u00fastico encanto colonial de Rancho y en los ricos sabores nicarag\u00fcenses, hemos creado un tono exclusivo llamado Rancho Santana Red para el popular traje de ba\u00f1o Victoria. La belleza de este traje es su versatilidad: dress it up para una cena en uno de nuestros restaurantes junto al mar, o comb\u00ednalo con pantalones cortos para una aventura de senderismo.<\/p>\n\n\n\n<p>Consigue tu traje de ba\u00f1o Victoria de edici\u00f3n limitada en la web de CAMI y JAX o en el Surf Club en Los Perros. Visita nuestra nueva boutique, El Cedro, donde habr\u00e1 a\u00fan m\u00e1s trajes de CAMI y JAX disponibles.<\/p>\n\n\n\n<div class=\"wp-block-buttons is-layout-flex wp-block-buttons-is-layout-flex\">\n<div class=\"wp-block-button\"><a class=\"wp-block-button__link wp-element-button\" href=\"https:\/\/www.camiandjax.com\/collections\/cami-and-jax-x-rancho-santana\" target=\"_blank\" rel=\"noreferrer noopener\">Cont\u00e1ctanos<\/a><\/div>\n<\/div>\n\n<\/div>        <\/article>\n    <\/div>\n\n<\/section>\n\n\n\n<section id=\"block_533c1c183b5c1d98d1b358785edce359\" class=\"image-gallery-outer\">\n    \n    <div class=\"holder-wide\">\n                            <ul class=\"horizontal-image-slider\">\n                                    <li>\n                        <figure>\n                            <span class=\"img-holder\" style=\"background-image: url(https:\/\/ranchosantana.com\/wp-content\/uploads\/2023\/04\/DSC09763-copy-1-1024x683.jpg);\"><\/span>\n                        <\/figure>\n                    <\/li>\n                                    <li>\n                        <figure>\n                            <span class=\"img-holder\" style=\"background-image: url(https:\/\/ranchosantana.com\/wp-content\/uploads\/2023\/04\/DSC00310-1024x683.jpg);\"><\/span>\n                        <\/figure>\n                    <\/li>\n                                    <li>\n                        <figure>\n                            <span class=\"img-holder\" style=\"background-image: url(https:\/\/ranchosantana.com\/wp-content\/uploads\/2023\/04\/DSC09929-copy.jpg);\"><\/span>\n                        <\/figure>\n                    <\/li>\n                                    <li>\n                        <figure>\n                            <span class=\"img-holder\" style=\"background-image: url(https:\/\/ranchosantana.com\/wp-content\/uploads\/2023\/04\/DSC09446.jpg);\"><\/span>\n                        <\/figure>\n                    <\/li>\n                                    <li>\n                        <figure>\n                            <span class=\"img-holder\" style=\"background-image: url(https:\/\/ranchosantana.com\/wp-content\/uploads\/2023\/04\/DSC00223-1024x714.jpg);\"><\/span>\n                        <\/figure>\n                    <\/li>\n                                    <li>\n                        <figure>\n                            <span class=\"img-holder\" style=\"background-image: url(https:\/\/ranchosantana.com\/wp-content\/uploads\/2023\/04\/DSC08427-635x1024.jpg);\"><\/span>\n                        <\/figure>\n                    <\/li>\n                            <\/ul>\n                <div class=\"progress\"><span><\/span><\/div>\n    <\/div>\n\n<\/section>\n\n\n\n<section id=\"block_a768deb42948a9bd6c0c01ce6da6fa95\" class=\"two-columns default\">\n    <div class=\"holder\">\n        <div class=\"two-column-content\">\n            <article class=\"entry\">\n                <div class=\"acf-innerblocks-container\">\n\n<h2 class=\"wp-block-heading\" id=\"h-interesado-en-una-colaboracion-con-rancho-santana\">\u00bfInteresado en una colaboraci\u00f3n con Rancho Santana?<\/h2>\n\n\n\n<p>A nuestro equipo le encantar\u00eda conectarse con usted y discutir esta oportunidad con usted.<\/p>\n\n\n\n<div class=\"wp-block-buttons is-layout-flex wp-block-buttons-is-layout-flex\">\n<div class=\"wp-block-button\"><a class=\"wp-block-button__link wp-element-button\" href=\"mailto:mjrobles@ranchosantana.com\" target=\"_blank\" rel=\"noreferrer noopener\">Cont\u00e1ctanos<\/a><\/div>\n<\/div>\n\n<\/div>            <\/article>\n                            <figure class=\"animated\">\n                                        <span class=\"img-holder\" style=\"background-image:url(https:\/\/ranchosantana.com\/wp-content\/uploads\/2023\/04\/Camille-wearing-the-christy-top-2-1.jpg)\"><\/span>\n                                    <\/figure>\n                    <\/div>\n    <\/div>\n<\/section>","protected":false},"excerpt":{"rendered":"","protected":false},"author":4,"featured_media":32497,"parent":0,"menu_order":0,"comment_status":"closed","ping_status":"closed","template":"","meta":{"_acf_changed":false,"inline_featured_image":false,"footnotes":""},"class_list":["post-15075","page","type-page","status-publish","has-post-thumbnail","hentry"],"acf":[],"yoast_head":"<!-- This site is optimized with the Yoast SEO Premium plugin v26.4 (Yoast SEO v26.4) - https:\/\/yoast.com\/wordpress\/plugins\/seo\/ -->\n<title>Boutique El Cedro | Rancho Santana<\/title>\n<meta name=\"robots\" content=\"index, follow, max-snippet:-1, max-image-preview:large, max-video-preview:-1\" \/>\n<link rel=\"canonical\" href=\"https:\/\/ranchosantana.com\/es\/boutique-el-cedro\/\" \/>\n<meta property=\"og:locale\" content=\"es_ES\" \/>\n<meta property=\"og:type\" content=\"article\" \/>\n<meta property=\"og:title\" content=\"Boutique El Cedro\" \/>\n<meta property=\"og:url\" content=\"https:\/\/ranchosantana.com\/es\/boutique-el-cedro\/\" \/>\n<meta property=\"og:site_name\" content=\"Rancho Santana\" \/>\n<meta property=\"article:publisher\" content=\"https:\/\/www.facebook.com\/RanchoSantana\/\" \/>\n<meta property=\"article:modified_time\" content=\"2026-01-05T10:32:48+00:00\" \/>\n<meta property=\"og:image\" content=\"https:\/\/ranchosantana.com\/wp-content\/uploads\/2025\/05\/DSC09819-scaled.jpg\" \/>\n\t<meta property=\"og:image:width\" content=\"2560\" \/>\n\t<meta property=\"og:image:height\" content=\"1440\" \/>\n\t<meta property=\"og:image:type\" content=\"image\/jpeg\" \/>\n<meta name=\"twitter:card\" content=\"summary_large_image\" \/>\n<meta name=\"twitter:label1\" content=\"Tiempo de lectura\" \/>\n\t<meta name=\"twitter:data1\" content=\"2 minutos\" \/>\n<script type=\"application\/ld+json\" class=\"yoast-schema-graph\">{\"@context\":\"https:\/\/schema.org\",\"@graph\":[{\"@type\":\"WebPage\",\"@id\":\"https:\/\/ranchosantana.com\/es\/boutique-el-cedro\/\",\"url\":\"https:\/\/ranchosantana.com\/es\/boutique-el-cedro\/\",\"name\":\"Boutique El Cedro | Rancho Santana\",\"isPartOf\":{\"@id\":\"https:\/\/ranchosantana.com\/es\/#website\"},\"primaryImageOfPage\":{\"@id\":\"https:\/\/ranchosantana.com\/es\/boutique-el-cedro\/#primaryimage\"},\"image\":{\"@id\":\"https:\/\/ranchosantana.com\/es\/boutique-el-cedro\/#primaryimage\"},\"thumbnailUrl\":\"https:\/\/ranchosantana.com\/wp-content\/uploads\/2025\/05\/DSC09819-scaled.jpg\",\"datePublished\":\"2023-11-22T01:53:09+00:00\",\"dateModified\":\"2026-01-05T10:32:48+00:00\",\"breadcrumb\":{\"@id\":\"https:\/\/ranchosantana.com\/es\/boutique-el-cedro\/#breadcrumb\"},\"inLanguage\":\"es\",\"potentialAction\":[{\"@type\":\"ReadAction\",\"target\":[\"https:\/\/ranchosantana.com\/es\/boutique-el-cedro\/\"]}]},{\"@type\":\"ImageObject\",\"inLanguage\":\"es\",\"@id\":\"https:\/\/ranchosantana.com\/es\/boutique-el-cedro\/#primaryimage\",\"url\":\"https:\/\/ranchosantana.com\/wp-content\/uploads\/2025\/05\/DSC09819-scaled.jpg\",\"contentUrl\":\"https:\/\/ranchosantana.com\/wp-content\/uploads\/2025\/05\/DSC09819-scaled.jpg\",\"width\":2560,\"height\":1440,\"caption\":\"A colorful assortment of handcrafted ceramics by a Chorotegan artisan, including vases, bowls, and plates decorated with animal and nature motifs, displayed on a wooden table outdoors with lush greenery in the background.\"},{\"@type\":\"BreadcrumbList\",\"@id\":\"https:\/\/ranchosantana.com\/es\/boutique-el-cedro\/#breadcrumb\",\"itemListElement\":[{\"@type\":\"ListItem\",\"position\":1,\"name\":\"Home\",\"item\":\"https:\/\/ranchosantana.com\/es\/\"},{\"@type\":\"ListItem\",\"position\":2,\"name\":\"Boutique El Cedro\"}]},{\"@type\":\"WebSite\",\"@id\":\"https:\/\/ranchosantana.com\/es\/#website\",\"url\":\"https:\/\/ranchosantana.com\/es\/\",\"name\":\"Rancho Santana\",\"description\":\"A Sprawling Coastal Escape\",\"publisher\":{\"@id\":\"https:\/\/ranchosantana.com\/es\/#organization\"},\"potentialAction\":[{\"@type\":\"SearchAction\",\"target\":{\"@type\":\"EntryPoint\",\"urlTemplate\":\"https:\/\/ranchosantana.com\/es\/?s={search_term_string}\"},\"query-input\":{\"@type\":\"PropertyValueSpecification\",\"valueRequired\":true,\"valueName\":\"search_term_string\"}}],\"inLanguage\":\"es\"},{\"@type\":\"Organization\",\"@id\":\"https:\/\/ranchosantana.com\/es\/#organization\",\"name\":\"Rancho Santana\",\"url\":\"https:\/\/ranchosantana.com\/es\/\",\"logo\":{\"@type\":\"ImageObject\",\"inLanguage\":\"es\",\"@id\":\"https:\/\/ranchosantana.com\/es\/#\/schema\/logo\/image\/\",\"url\":\"https:\/\/ranchosantana.com\/wp-content\/uploads\/2023\/08\/logo-dark.png\",\"contentUrl\":\"https:\/\/ranchosantana.com\/wp-content\/uploads\/2023\/08\/logo-dark.png\",\"width\":111,\"height\":56,\"caption\":\"Rancho Santana\"},\"image\":{\"@id\":\"https:\/\/ranchosantana.com\/es\/#\/schema\/logo\/image\/\"},\"sameAs\":[\"https:\/\/www.facebook.com\/RanchoSantana\/\",\"https:\/\/www.instagram.com\/ranchosantana_nicaragua\/\"]}]}<\/script>\n<!-- \/ Yoast SEO Premium plugin. -->","yoast_head_json":{"title":"Boutique El Cedro | Rancho Santana","robots":{"index":"index","follow":"follow","max-snippet":"max-snippet:-1","max-image-preview":"max-image-preview:large","max-video-preview":"max-video-preview:-1"},"canonical":"https:\/\/ranchosantana.com\/es\/boutique-el-cedro\/","og_locale":"es_ES","og_type":"article","og_title":"Boutique El Cedro","og_url":"https:\/\/ranchosantana.com\/es\/boutique-el-cedro\/","og_site_name":"Rancho Santana","article_publisher":"https:\/\/www.facebook.com\/RanchoSantana\/","article_modified_time":"2026-01-05T10:32:48+00:00","og_image":[{"width":2560,"height":1440,"url":"https:\/\/ranchosantana.com\/wp-content\/uploads\/2025\/05\/DSC09819-scaled.jpg","type":"image\/jpeg"}],"twitter_card":"summary_large_image","twitter_misc":{"Tiempo de lectura":"2 minutos"},"schema":{"@context":"https:\/\/schema.org","@graph":[{"@type":"WebPage","@id":"https:\/\/ranchosantana.com\/es\/boutique-el-cedro\/","url":"https:\/\/ranchosantana.com\/es\/boutique-el-cedro\/","name":"Boutique El Cedro | Rancho Santana","isPartOf":{"@id":"https:\/\/ranchosantana.com\/es\/#website"},"primaryImageOfPage":{"@id":"https:\/\/ranchosantana.com\/es\/boutique-el-cedro\/#primaryimage"},"image":{"@id":"https:\/\/ranchosantana.com\/es\/boutique-el-cedro\/#primaryimage"},"thumbnailUrl":"https:\/\/ranchosantana.com\/wp-content\/uploads\/2025\/05\/DSC09819-scaled.jpg","datePublished":"2023-11-22T01:53:09+00:00","dateModified":"2026-01-05T10:32:48+00:00","breadcrumb":{"@id":"https:\/\/ranchosantana.com\/es\/boutique-el-cedro\/#breadcrumb"},"inLanguage":"es","potentialAction":[{"@type":"ReadAction","target":["https:\/\/ranchosantana.com\/es\/boutique-el-cedro\/"]}]},{"@type":"ImageObject","inLanguage":"es","@id":"https:\/\/ranchosantana.com\/es\/boutique-el-cedro\/#primaryimage","url":"https:\/\/ranchosantana.com\/wp-content\/uploads\/2025\/05\/DSC09819-scaled.jpg","contentUrl":"https:\/\/ranchosantana.com\/wp-content\/uploads\/2025\/05\/DSC09819-scaled.jpg","width":2560,"height":1440,"caption":"A colorful assortment of handcrafted ceramics by a Chorotegan artisan, including vases, bowls, and plates decorated with animal and nature motifs, displayed on a wooden table outdoors with lush greenery in the background."},{"@type":"BreadcrumbList","@id":"https:\/\/ranchosantana.com\/es\/boutique-el-cedro\/#breadcrumb","itemListElement":[{"@type":"ListItem","position":1,"name":"Home","item":"https:\/\/ranchosantana.com\/es\/"},{"@type":"ListItem","position":2,"name":"Boutique El Cedro"}]},{"@type":"WebSite","@id":"https:\/\/ranchosantana.com\/es\/#website","url":"https:\/\/ranchosantana.com\/es\/","name":"Rancho Santana","description":"A Sprawling Coastal Escape","publisher":{"@id":"https:\/\/ranchosantana.com\/es\/#organization"},"potentialAction":[{"@type":"SearchAction","target":{"@type":"EntryPoint","urlTemplate":"https:\/\/ranchosantana.com\/es\/?s={search_term_string}"},"query-input":{"@type":"PropertyValueSpecification","valueRequired":true,"valueName":"search_term_string"}}],"inLanguage":"es"},{"@type":"Organization","@id":"https:\/\/ranchosantana.com\/es\/#organization","name":"Rancho Santana","url":"https:\/\/ranchosantana.com\/es\/","logo":{"@type":"ImageObject","inLanguage":"es","@id":"https:\/\/ranchosantana.com\/es\/#\/schema\/logo\/image\/","url":"https:\/\/ranchosantana.com\/wp-content\/uploads\/2023\/08\/logo-dark.png","contentUrl":"https:\/\/ranchosantana.com\/wp-content\/uploads\/2023\/08\/logo-dark.png","width":111,"height":56,"caption":"Rancho Santana"},"image":{"@id":"https:\/\/ranchosantana.com\/es\/#\/schema\/logo\/image\/"},"sameAs":["https:\/\/www.facebook.com\/RanchoSantana\/","https:\/\/www.instagram.com\/ranchosantana_nicaragua\/"]}]}},"_links":{"self":[{"href":"https:\/\/ranchosantana.com\/es\/wp-json\/wp\/v2\/pages\/15075","targetHints":{"allow":["GET"]}}],"collection":[{"href":"https:\/\/ranchosantana.com\/es\/wp-json\/wp\/v2\/pages"}],"about":[{"href":"https:\/\/ranchosantana.com\/es\/wp-json\/wp\/v2\/types\/page"}],"author":[{"embeddable":true,"href":"https:\/\/ranchosantana.com\/es\/wp-json\/wp\/v2\/users\/4"}],"replies":[{"embeddable":true,"href":"https:\/\/ranchosantana.com\/es\/wp-json\/wp\/v2\/comments?post=15075"}],"version-history":[{"count":1,"href":"https:\/\/ranchosantana.com\/es\/wp-json\/wp\/v2\/pages\/15075\/revisions"}],"predecessor-version":[{"id":37009,"href":"https:\/\/ranchosantana.com\/es\/wp-json\/wp\/v2\/pages\/15075\/revisions\/37009"}],"wp:featuredmedia":[{"embeddable":true,"href":"https:\/\/ranchosantana.com\/es\/wp-json\/wp\/v2\/media\/32497"}],"wp:attachment":[{"href":"https:\/\/ranchosantana.com\/es\/wp-json\/wp\/v2\/media?parent=15075"}],"curies":[{"name":"wp","href":"https:\/\/api.w.org\/{rel}","templated":true}]}}